{"id":247,"date":"2019-05-13T14:23:34","date_gmt":"2019-05-13T12:23:34","guid":{"rendered":"https:\/\/kunden.ak86.de\/walnut\/references\/"},"modified":"2019-05-13T14:23:34","modified_gmt":"2019-05-13T12:23:34","slug":"references","status":"publish","type":"page","link":"https:\/\/walnutcareers.de\/en\/references\/","title":{"rendered":"References"},"content":{"rendered":"<div class=\"wpb-content-wrapper\"><p>[vc_row][vc_column][vc_column_text]<\/p>\n<h1>Actual<\/h1>\n<h1>References<\/h1>\n<p>&nbsp;[\/vc_column_text][\/vc_column][\/vc_row][vc_row][vc_column width=&#8221;1\/2&#8243;][vc_column_text]<\/p>\n<h2>CEO<\/h2>\n<p>Gesch\u00e4ftsf\u00fchrer, Feinkosthandel, Baden-W\u00fcrttemberg<br \/>\nGesch\u00e4ftsf\u00fchrer, Gourmet Restaurant, Nordrhein-Westfalen<br \/>\nHoteldirektor, Hotel 4*s, Bayern<\/p>\n<h2>K\u00fcchenchef<\/h2>\n<p>Chef de Cuisine, Gourmet Restaurant, Nordrhein-Westfalen<br \/>\nChef de Cuisine, Hotel 4*s, Bayern<br \/>\nChef de Cuisine, Hotel 5*, Rheinland-Pfalz<br \/>\nExecutive Chef, Hotel &amp; Gourmet Restaurant, Mecklenburg-Vorpommern<\/p>\n<h2>Management<\/h2>\n<p>F&amp;B Manager, Hotel 5*s, Baden-W\u00fcrttemberg<br \/>\nF&amp;B Manager, Hotel 5*s, Nordrhein-Westfalen<br \/>\nAssistant F&amp;B Manger, Hotel 5*, Rheinland-Pfalz<br \/>\nFront Office Manager, hotel 5*, Hessen[\/vc_column_text][\/vc_column][vc_column width=&#8221;1\/2&#8243;][vc_column_text]<\/p>\n<h2>Kitchen<\/h2>\n<p>Souschef, Gourmte Restaurant, Baden-W\u00fcrttemberg<br \/>\nHead Patissier, Gourmet Restaurant, Bayern<br \/>\nSouschef, Gourmet Restaurant, Nordrhein-Westfalen<br \/>\nChef de Partie, Gourmet Restaurant, Berlin<br \/>\nChef Patissier, Hotel 5*, Nordrhein-Westfalen<\/p>\n<h2>Service<\/h2>\n<p>Sommelier, Gourmet Restaurant, Nordrhein-Westfalen<br \/>\nSommelier, Gourmet Restaurant, Rheinland Pfalz<br \/>\nRestaurantleiter, Gourmet Restaurant, Bayern<br \/>\nSommelier, Hotel 5*, Frankfurt[\/vc_column_text][\/vc_column][\/vc_row]<\/p>\n<\/div>","protected":false},"excerpt":{"rendered":"<p>[vc_row][vc_column][vc_column_text] Actual References &nbsp;[\/vc_column_text][\/vc_column][\/vc_row][vc_row][vc_column width=&#8221;1\/2&#8243;][vc_column_text] CEO Gesch\u00e4ftsf\u00fchrer, Feinkosthandel, Baden-W\u00fcrttemberg Gesch\u00e4ftsf\u00fchrer, Gourmet Restaurant, Nordrhein-Westfalen Hoteldirektor, Hotel 4*s, Bayern K\u00fcchenchef Chef de Cuisine, Gourmet Restaurant, Nordrhein-Westfalen Chef de Cuisine, Hotel 4*s, Bayern Chef de Cuisine, Hotel 5*, Rheinland-Pfalz Executive Chef, Hotel &amp; Gourmet Restaurant, Mecklenburg-Vorpommern Management F&amp;B Manager, Hotel 5*s, Baden-W\u00fcrttemberg F&amp;B Manager, Hotel 5*s, Nordrhein-Westfalen Assistant &hellip; <\/p>\n<p class=\"link-more\"><a href=\"https:\/\/walnutcareers.de\/en\/references\/\" class=\"more-link\">Continue reading<span class=\"screen-reader-text\"> &#8220;References&#8221;<\/span><\/a><\/p>\n","protected":false},"author":1,"featured_media":0,"parent":0,"menu_order":0,"comment_status":"closed","ping_status":"closed","template":"","meta":{"_acf_changed":false,"footnotes":""},"class_list":["post-247","page","type-page","status-publish","hentry"],"acf":[],"yoast_head":"<!-- This site is optimized with the Yoast SEO plugin v27.4 - https:\/\/yoast.com\/product\/yoast-seo-wordpress\/ -->\n<title>References - Walnut Careers<\/title>\n<meta name=\"robots\" content=\"index, follow, max-snippet:-1, max-image-preview:large, max-video-preview:-1\" \/>\n<link rel=\"canonical\" href=\"https:\/\/walnutcareers.de\/en\/references\/\" \/>\n<meta property=\"og:locale\" content=\"en_US\" \/>\n<meta property=\"og:type\" content=\"article\" \/>\n<meta property=\"og:title\" content=\"References - Walnut Careers\" \/>\n<meta property=\"og:description\" content=\"[vc_row][vc_column][vc_column_text] Actual References &nbsp;[\/vc_column_text][\/vc_column][\/vc_row][vc_row][vc_column width=&#8221;1\/2&#8243;][vc_column_text] CEO Gesch\u00e4ftsf\u00fchrer, Feinkosthandel, Baden-W\u00fcrttemberg Gesch\u00e4ftsf\u00fchrer, Gourmet Restaurant, Nordrhein-Westfalen Hoteldirektor, Hotel 4*s, Bayern K\u00fcchenchef Chef de Cuisine, Gourmet Restaurant, Nordrhein-Westfalen Chef de Cuisine, Hotel 4*s, Bayern Chef de Cuisine, Hotel 5*, Rheinland-Pfalz Executive Chef, Hotel &amp; Gourmet Restaurant, Mecklenburg-Vorpommern Management F&amp;B Manager, Hotel 5*s, Baden-W\u00fcrttemberg F&amp;B Manager, Hotel 5*s, Nordrhein-Westfalen Assistant &hellip; Continue reading &quot;References&quot;\" \/>\n<meta property=\"og:url\" content=\"https:\/\/walnutcareers.de\/en\/references\/\" \/>\n<meta property=\"og:site_name\" content=\"Walnut Careers\" \/>\n<meta property=\"article:publisher\" content=\"https:\/\/www.facebook.com\/Walnutcareers.de\/\" \/>\n<meta property=\"og:image\" content=\"https:\/\/walnutcareers.de\/wp-content\/uploads\/2019\/06\/DSC_0036-1200x1192.jpg\" \/>\n\t<meta property=\"og:image:width\" content=\"1200\" \/>\n\t<meta property=\"og:image:height\" content=\"1192\" \/>\n\t<meta property=\"og:image:type\" content=\"image\/jpeg\" \/>\n<meta name=\"twitter:card\" content=\"summary_large_image\" \/>\n<meta name=\"twitter:label1\" content=\"Est. reading time\" \/>\n\t<meta name=\"twitter:data1\" content=\"1 minute\" \/>\n<script type=\"application\/ld+json\" class=\"yoast-schema-graph\">{\"@context\":\"https:\\\/\\\/schema.org\",\"@graph\":[{\"@type\":\"WebPage\",\"@id\":\"https:\\\/\\\/walnutcareers.de\\\/en\\\/references\\\/\",\"url\":\"https:\\\/\\\/walnutcareers.de\\\/en\\\/references\\\/\",\"name\":\"References - Walnut Careers\",\"isPartOf\":{\"@id\":\"https:\\\/\\\/walnutcareers.de\\\/en\\\/#website\"},\"datePublished\":\"2019-05-13T12:23:34+00:00\",\"breadcrumb\":{\"@id\":\"https:\\\/\\\/walnutcareers.de\\\/en\\\/references\\\/#breadcrumb\"},\"inLanguage\":\"en-US\",\"potentialAction\":[{\"@type\":\"ReadAction\",\"target\":[\"https:\\\/\\\/walnutcareers.de\\\/en\\\/references\\\/\"]}]},{\"@type\":\"BreadcrumbList\",\"@id\":\"https:\\\/\\\/walnutcareers.de\\\/en\\\/references\\\/#breadcrumb\",\"itemListElement\":[{\"@type\":\"ListItem\",\"position\":1,\"name\":\"Startseite\",\"item\":\"https:\\\/\\\/walnutcareers.de\\\/en\\\/welcome\\\/\"},{\"@type\":\"ListItem\",\"position\":2,\"name\":\"References\"}]},{\"@type\":\"WebSite\",\"@id\":\"https:\\\/\\\/walnutcareers.de\\\/en\\\/#website\",\"url\":\"https:\\\/\\\/walnutcareers.de\\\/en\\\/\",\"name\":\"Walnut Careers\",\"description\":\"Headhunters for culinary art\",\"publisher\":{\"@id\":\"https:\\\/\\\/walnutcareers.de\\\/en\\\/#organization\"},\"potentialAction\":[{\"@type\":\"SearchAction\",\"target\":{\"@type\":\"EntryPoint\",\"urlTemplate\":\"https:\\\/\\\/walnutcareers.de\\\/en\\\/?s={search_term_string}\"},\"query-input\":{\"@type\":\"PropertyValueSpecification\",\"valueRequired\":true,\"valueName\":\"search_term_string\"}}],\"inLanguage\":\"en-US\"},{\"@type\":\"Organization\",\"@id\":\"https:\\\/\\\/walnutcareers.de\\\/en\\\/#organization\",\"name\":\"Walnut Careers\",\"url\":\"https:\\\/\\\/walnutcareers.de\\\/en\\\/\",\"logo\":{\"@type\":\"ImageObject\",\"inLanguage\":\"en-US\",\"@id\":\"https:\\\/\\\/walnutcareers.de\\\/en\\\/#\\\/schema\\\/logo\\\/image\\\/\",\"url\":\"http:\\\/\\\/s1035819369.online.de\\\/wordpress\\\/wp-content\\\/uploads\\\/2019\\\/06\\\/WC-Careers-Logo_ohne.png\",\"contentUrl\":\"http:\\\/\\\/s1035819369.online.de\\\/wordpress\\\/wp-content\\\/uploads\\\/2019\\\/06\\\/WC-Careers-Logo_ohne.png\",\"width\":3700,\"height\":937,\"caption\":\"Walnut Careers\"},\"image\":{\"@id\":\"https:\\\/\\\/walnutcareers.de\\\/en\\\/#\\\/schema\\\/logo\\\/image\\\/\"},\"sameAs\":[\"https:\\\/\\\/www.facebook.com\\\/Walnutcareers.de\\\/\",\"https:\\\/\\\/www.instagram.com\\\/walnutcareers\\\/\",\"https:\\\/\\\/www.linkedin.com\\\/company\\\/6389122\\\/\",\"https:\\\/\\\/www.youtube.com\\\/channel\\\/UCeAT3ngrHea58yEp5hPf4cQ?view_as=subscriber\"]}]}<\/script>\n<!-- \/ Yoast SEO plugin. -->","yoast_head_json":{"title":"References - Walnut Careers","robots":{"index":"index","follow":"follow","max-snippet":"max-snippet:-1","max-image-preview":"max-image-preview:large","max-video-preview":"max-video-preview:-1"},"canonical":"https:\/\/walnutcareers.de\/en\/references\/","og_locale":"en_US","og_type":"article","og_title":"References - Walnut Careers","og_description":"[vc_row][vc_column][vc_column_text] Actual References &nbsp;[\/vc_column_text][\/vc_column][\/vc_row][vc_row][vc_column width=&#8221;1\/2&#8243;][vc_column_text] CEO Gesch\u00e4ftsf\u00fchrer, Feinkosthandel, Baden-W\u00fcrttemberg Gesch\u00e4ftsf\u00fchrer, Gourmet Restaurant, Nordrhein-Westfalen Hoteldirektor, Hotel 4*s, Bayern K\u00fcchenchef Chef de Cuisine, Gourmet Restaurant, Nordrhein-Westfalen Chef de Cuisine, Hotel 4*s, Bayern Chef de Cuisine, Hotel 5*, Rheinland-Pfalz Executive Chef, Hotel &amp; Gourmet Restaurant, Mecklenburg-Vorpommern Management F&amp;B Manager, Hotel 5*s, Baden-W\u00fcrttemberg F&amp;B Manager, Hotel 5*s, Nordrhein-Westfalen Assistant &hellip; Continue reading \"References\"","og_url":"https:\/\/walnutcareers.de\/en\/references\/","og_site_name":"Walnut Careers","article_publisher":"https:\/\/www.facebook.com\/Walnutcareers.de\/","og_image":[{"width":1200,"height":1192,"url":"https:\/\/walnutcareers.de\/wp-content\/uploads\/2019\/06\/DSC_0036-1200x1192.jpg","type":"image\/jpeg"}],"twitter_card":"summary_large_image","twitter_misc":{"Est. reading time":"1 minute"},"schema":{"@context":"https:\/\/schema.org","@graph":[{"@type":"WebPage","@id":"https:\/\/walnutcareers.de\/en\/references\/","url":"https:\/\/walnutcareers.de\/en\/references\/","name":"References - Walnut Careers","isPartOf":{"@id":"https:\/\/walnutcareers.de\/en\/#website"},"datePublished":"2019-05-13T12:23:34+00:00","breadcrumb":{"@id":"https:\/\/walnutcareers.de\/en\/references\/#breadcrumb"},"inLanguage":"en-US","potentialAction":[{"@type":"ReadAction","target":["https:\/\/walnutcareers.de\/en\/references\/"]}]},{"@type":"BreadcrumbList","@id":"https:\/\/walnutcareers.de\/en\/references\/#breadcrumb","itemListElement":[{"@type":"ListItem","position":1,"name":"Startseite","item":"https:\/\/walnutcareers.de\/en\/welcome\/"},{"@type":"ListItem","position":2,"name":"References"}]},{"@type":"WebSite","@id":"https:\/\/walnutcareers.de\/en\/#website","url":"https:\/\/walnutcareers.de\/en\/","name":"Walnut Careers","description":"Headhunters for culinary art","publisher":{"@id":"https:\/\/walnutcareers.de\/en\/#organization"},"potentialAction":[{"@type":"SearchAction","target":{"@type":"EntryPoint","urlTemplate":"https:\/\/walnutcareers.de\/en\/?s={search_term_string}"},"query-input":{"@type":"PropertyValueSpecification","valueRequired":true,"valueName":"search_term_string"}}],"inLanguage":"en-US"},{"@type":"Organization","@id":"https:\/\/walnutcareers.de\/en\/#organization","name":"Walnut Careers","url":"https:\/\/walnutcareers.de\/en\/","logo":{"@type":"ImageObject","inLanguage":"en-US","@id":"https:\/\/walnutcareers.de\/en\/#\/schema\/logo\/image\/","url":"http:\/\/s1035819369.online.de\/wordpress\/wp-content\/uploads\/2019\/06\/WC-Careers-Logo_ohne.png","contentUrl":"http:\/\/s1035819369.online.de\/wordpress\/wp-content\/uploads\/2019\/06\/WC-Careers-Logo_ohne.png","width":3700,"height":937,"caption":"Walnut Careers"},"image":{"@id":"https:\/\/walnutcareers.de\/en\/#\/schema\/logo\/image\/"},"sameAs":["https:\/\/www.facebook.com\/Walnutcareers.de\/","https:\/\/www.instagram.com\/walnutcareers\/","https:\/\/www.linkedin.com\/company\/6389122\/","https:\/\/www.youtube.com\/channel\/UCeAT3ngrHea58yEp5hPf4cQ?view_as=subscriber"]}]}},"_links":{"self":[{"href":"https:\/\/walnutcareers.de\/en\/wp-json\/wp\/v2\/pages\/247","targetHints":{"allow":["GET"]}}],"collection":[{"href":"https:\/\/walnutcareers.de\/en\/wp-json\/wp\/v2\/pages"}],"about":[{"href":"https:\/\/walnutcareers.de\/en\/wp-json\/wp\/v2\/types\/page"}],"author":[{"embeddable":true,"href":"https:\/\/walnutcareers.de\/en\/wp-json\/wp\/v2\/users\/1"}],"replies":[{"embeddable":true,"href":"https:\/\/walnutcareers.de\/en\/wp-json\/wp\/v2\/comments?post=247"}],"version-history":[{"count":1,"href":"https:\/\/walnutcareers.de\/en\/wp-json\/wp\/v2\/pages\/247\/revisions"}],"predecessor-version":[{"id":248,"href":"https:\/\/walnutcareers.de\/en\/wp-json\/wp\/v2\/pages\/247\/revisions\/248"}],"wp:attachment":[{"href":"https:\/\/walnutcareers.de\/en\/wp-json\/wp\/v2\/media?parent=247"}],"curies":[{"name":"wp","href":"https:\/\/api.w.org\/{rel}","templated":true}]}}