{"id":2357,"date":"2023-11-20T09:34:08","date_gmt":"2023-11-20T08:34:08","guid":{"rendered":"https:\/\/walnutcareers.de\/nous\/"},"modified":"2026-04-15T12:18:04","modified_gmt":"2026-04-15T10:18:04","slug":"nous","status":"publish","type":"page","link":"https:\/\/walnutcareers.de\/fr\/nous\/","title":{"rendered":"Nous"},"content":{"rendered":"<div class=\"wpb-content-wrapper\"><p>[vc_row][vc_column][vc_column_text css=\u00a0\u00bb\u00a0\u00bb]<\/p>\n<h1 style=\"text-align: center;\">Carri\u00e8res de la noix<\/h1>\n<p>[\/vc_column_text][vc_column_text css=\u00a0\u00bb\u00a0\u00bb]<\/p>\n<h2>\u00ab\u00a0Nous ne travaillons que pour des restaurants gastronomiques et des h\u00f4tels de luxe. Ni plus ni moins\u00a0\u00bb.<\/h2>\n<h4 style=\"text-align: right;\">Patrick Nottebaum<\/h4>\n<p>[\/vc_column_text][\/vc_column][\/vc_row][vc_row][vc_column][vc_column_text css=\u00a0\u00bb\u00a0\u00bb]<\/p>\n<h4 class=\"font-claude-response-body break-words whitespace-normal leading-[1.7]\">Ce que<strong> nous sommes<\/strong><\/h4>\n<p class=\"font-claude-response-body break-words whitespace-normal leading-[1.7]\">Une boutique. Pas une agence qui fait tout pour tout le monde. Nous avons d\u00e9cid\u00e9 en 2014 de ne travailler que pour les meilleurs. C&rsquo;est une d\u00e9cision que nous prenons chaque jour.   <\/p>\n<h4 class=\"font-claude-response-body break-words whitespace-normal leading-[1.7]\"><strong>Ce qui nous motive<\/strong><\/h4>\n<p class=\"font-claude-response-body break-words whitespace-normal leading-[1.7]\">La conviction que la bonne personne dans la bonne position changera une entreprise. Pas un peu. Fondamentalement.  <\/p>\n<p class=\"font-claude-response-body break-words whitespace-normal leading-[1.7]\">Nous connectons les talents avec les meilleures maisons d&rsquo;Europe. De mani\u00e8re pr\u00e9cise. En toute discr\u00e9tion. Avec une r\u00e9elle compr\u00e9hension des deux parties.   <\/p>\n<h4 class=\"font-claude-response-body break-words whitespace-normal leading-[1.7]\">Ce qui<strong> nous diff\u00e9rencie<\/strong><\/h4>\n<p class=\"font-claude-response-body break-words whitespace-normal leading-[1.7]\">Nous connaissons ce secteur de l&rsquo;int\u00e9rieur. Pas dans des pr\u00e9sentations ou des \u00e9tudes de march\u00e9, mais apr\u00e8s des ann\u00e9es pass\u00e9es dans les meilleures entreprises d&rsquo;Europe. Cette connaissance ne s&rsquo;ach\u00e8te pas. Elle s&rsquo;est d\u00e9velopp\u00e9e.   <\/p>\n<p class=\"font-claude-response-body break-words whitespace-normal leading-[1.7]\">Notre r\u00e9seau est notre capital. Curat\u00e9, personnel, r\u00e9el. Chaque lien a une histoire.  <\/p>\n<h4 class=\"font-claude-response-body break-words whitespace-normal leading-[1.7]\">O\u00f9<strong> nous travaillons<\/strong><\/h4>\n<p class=\"font-claude-response-body break-words whitespace-normal leading-[1.7]\">Allemagne, Suisse, Autriche, Belgique, Pays-Bas. Et au-del\u00e0. <\/p>\n<p>[\/vc_column_text][\/vc_column][\/vc_row]<\/p>\n<\/div>","protected":false},"excerpt":{"rendered":"<p>[vc_row][vc_column][vc_column_text css=\u00a0\u00bb\u00a0\u00bb] Carri\u00e8res de la noix [\/vc_column_text][vc_column_text css=\u00a0\u00bb\u00a0\u00bb] \u00ab\u00a0Nous ne travaillons que pour des restaurants gastronomiques et des h\u00f4tels de luxe. Ni plus ni moins\u00a0\u00bb. Patrick Nottebaum [\/vc_column_text][\/vc_column][\/vc_row][vc_row][vc_column][vc_column_text css=\u00a0\u00bb\u00a0\u00bb] Ce que nous sommes Une boutique. Pas une agence qui fait tout pour tout le monde. Nous avons d\u00e9cid\u00e9 en 2014 de ne travailler que pour &hellip; <\/p>\n<p class=\"link-more\"><a href=\"https:\/\/walnutcareers.de\/fr\/nous\/\" class=\"more-link\">Continue reading<span class=\"screen-reader-text\"> \u00ab\u00a0Nous\u00a0\u00bb<\/span><\/a><\/p>\n","protected":false},"author":1,"featured_media":0,"parent":0,"menu_order":0,"comment_status":"closed","ping_status":"closed","template":"","meta":{"_acf_changed":false,"footnotes":""},"class_list":["post-2357","page","type-page","status-publish","hentry"],"acf":[],"yoast_head":"<!-- This site is optimized with the Yoast SEO plugin v27.4 - https:\/\/yoast.com\/product\/yoast-seo-wordpress\/ -->\n<title>Nous - Walnut Careers<\/title>\n<meta name=\"description\" content=\"Walnut Careers est un cabinet de recrutement mondial sp\u00e9cialis\u00e9 dans la gastronomie, l&#039;h\u00f4tellerie de luxe et l&#039;industrie de la restauration.\" \/>\n<meta name=\"robots\" content=\"index, follow, max-snippet:-1, max-image-preview:large, max-video-preview:-1\" \/>\n<link rel=\"canonical\" href=\"https:\/\/walnutcareers.de\/fr\/nous\/\" \/>\n<meta property=\"og:locale\" content=\"fr_FR\" \/>\n<meta property=\"og:type\" content=\"article\" \/>\n<meta property=\"og:title\" content=\"Nous - Walnut Careers\" \/>\n<meta property=\"og:description\" content=\"Walnut Careers est un cabinet de recrutement mondial sp\u00e9cialis\u00e9 dans la gastronomie, l&#039;h\u00f4tellerie de luxe et l&#039;industrie de la restauration.\" \/>\n<meta property=\"og:url\" content=\"https:\/\/walnutcareers.de\/fr\/nous\/\" \/>\n<meta property=\"og:site_name\" content=\"Walnut Careers\" \/>\n<meta property=\"article:publisher\" content=\"https:\/\/www.facebook.com\/Walnutcareers.de\/\" \/>\n<meta property=\"article:modified_time\" content=\"2026-04-15T10:18:04+00:00\" \/>\n<meta property=\"og:image\" content=\"https:\/\/walnutcareers.de\/wp-content\/uploads\/2019\/06\/DSC_0036-1200x1192.jpg\" \/>\n\t<meta property=\"og:image:width\" content=\"1200\" \/>\n\t<meta property=\"og:image:height\" content=\"1192\" \/>\n\t<meta property=\"og:image:type\" content=\"image\/jpeg\" \/>\n<meta name=\"twitter:card\" content=\"summary_large_image\" \/>\n<meta name=\"twitter:label1\" content=\"Dur\u00e9e de lecture estim\u00e9e\" \/>\n\t<meta name=\"twitter:data1\" content=\"1 minute\" \/>\n<script type=\"application\/ld+json\" class=\"yoast-schema-graph\">{\"@context\":\"https:\\\/\\\/schema.org\",\"@graph\":[{\"@type\":\"WebPage\",\"@id\":\"https:\\\/\\\/walnutcareers.de\\\/fr\\\/nous\\\/\",\"url\":\"https:\\\/\\\/walnutcareers.de\\\/fr\\\/nous\\\/\",\"name\":\"Nous - Walnut Careers\",\"isPartOf\":{\"@id\":\"https:\\\/\\\/walnutcareers.de\\\/fr\\\/#website\"},\"datePublished\":\"2023-11-20T08:34:08+00:00\",\"dateModified\":\"2026-04-15T10:18:04+00:00\",\"description\":\"Walnut Careers est un cabinet de recrutement mondial sp\u00e9cialis\u00e9 dans la gastronomie, l'h\u00f4tellerie de luxe et l'industrie de la restauration.\",\"breadcrumb\":{\"@id\":\"https:\\\/\\\/walnutcareers.de\\\/fr\\\/nous\\\/#breadcrumb\"},\"inLanguage\":\"fr-FR\",\"potentialAction\":[{\"@type\":\"ReadAction\",\"target\":[\"https:\\\/\\\/walnutcareers.de\\\/fr\\\/nous\\\/\"]}]},{\"@type\":\"BreadcrumbList\",\"@id\":\"https:\\\/\\\/walnutcareers.de\\\/fr\\\/nous\\\/#breadcrumb\",\"itemListElement\":[{\"@type\":\"ListItem\",\"position\":1,\"name\":\"Startseite\",\"item\":\"https:\\\/\\\/walnutcareers.de\\\/fr\\\/bienvenue\\\/\"},{\"@type\":\"ListItem\",\"position\":2,\"name\":\"Nous\"}]},{\"@type\":\"WebSite\",\"@id\":\"https:\\\/\\\/walnutcareers.de\\\/fr\\\/#website\",\"url\":\"https:\\\/\\\/walnutcareers.de\\\/fr\\\/\",\"name\":\"Walnut Careers\",\"description\":\"Headhunters for culinary art\",\"publisher\":{\"@id\":\"https:\\\/\\\/walnutcareers.de\\\/fr\\\/#organization\"},\"potentialAction\":[{\"@type\":\"SearchAction\",\"target\":{\"@type\":\"EntryPoint\",\"urlTemplate\":\"https:\\\/\\\/walnutcareers.de\\\/fr\\\/?s={search_term_string}\"},\"query-input\":{\"@type\":\"PropertyValueSpecification\",\"valueRequired\":true,\"valueName\":\"search_term_string\"}}],\"inLanguage\":\"fr-FR\"},{\"@type\":\"Organization\",\"@id\":\"https:\\\/\\\/walnutcareers.de\\\/fr\\\/#organization\",\"name\":\"Walnut Careers\",\"url\":\"https:\\\/\\\/walnutcareers.de\\\/fr\\\/\",\"logo\":{\"@type\":\"ImageObject\",\"inLanguage\":\"fr-FR\",\"@id\":\"https:\\\/\\\/walnutcareers.de\\\/fr\\\/#\\\/schema\\\/logo\\\/image\\\/\",\"url\":\"http:\\\/\\\/s1035819369.online.de\\\/wordpress\\\/wp-content\\\/uploads\\\/2019\\\/06\\\/WC-Careers-Logo_ohne.png\",\"contentUrl\":\"http:\\\/\\\/s1035819369.online.de\\\/wordpress\\\/wp-content\\\/uploads\\\/2019\\\/06\\\/WC-Careers-Logo_ohne.png\",\"width\":3700,\"height\":937,\"caption\":\"Walnut Careers\"},\"image\":{\"@id\":\"https:\\\/\\\/walnutcareers.de\\\/fr\\\/#\\\/schema\\\/logo\\\/image\\\/\"},\"sameAs\":[\"https:\\\/\\\/www.facebook.com\\\/Walnutcareers.de\\\/\",\"https:\\\/\\\/www.instagram.com\\\/walnutcareers\\\/\",\"https:\\\/\\\/www.linkedin.com\\\/company\\\/6389122\\\/\",\"https:\\\/\\\/www.youtube.com\\\/channel\\\/UCeAT3ngrHea58yEp5hPf4cQ?view_as=subscriber\"]}]}<\/script>\n<!-- \/ Yoast SEO plugin. -->","yoast_head_json":{"title":"Nous - Walnut Careers","description":"Walnut Careers est un cabinet de recrutement mondial sp\u00e9cialis\u00e9 dans la gastronomie, l'h\u00f4tellerie de luxe et l'industrie de la restauration.","robots":{"index":"index","follow":"follow","max-snippet":"max-snippet:-1","max-image-preview":"max-image-preview:large","max-video-preview":"max-video-preview:-1"},"canonical":"https:\/\/walnutcareers.de\/fr\/nous\/","og_locale":"fr_FR","og_type":"article","og_title":"Nous - Walnut Careers","og_description":"Walnut Careers est un cabinet de recrutement mondial sp\u00e9cialis\u00e9 dans la gastronomie, l'h\u00f4tellerie de luxe et l'industrie de la restauration.","og_url":"https:\/\/walnutcareers.de\/fr\/nous\/","og_site_name":"Walnut Careers","article_publisher":"https:\/\/www.facebook.com\/Walnutcareers.de\/","article_modified_time":"2026-04-15T10:18:04+00:00","og_image":[{"width":1200,"height":1192,"url":"https:\/\/walnutcareers.de\/wp-content\/uploads\/2019\/06\/DSC_0036-1200x1192.jpg","type":"image\/jpeg"}],"twitter_card":"summary_large_image","twitter_misc":{"Dur\u00e9e de lecture estim\u00e9e":"1 minute"},"schema":{"@context":"https:\/\/schema.org","@graph":[{"@type":"WebPage","@id":"https:\/\/walnutcareers.de\/fr\/nous\/","url":"https:\/\/walnutcareers.de\/fr\/nous\/","name":"Nous - Walnut Careers","isPartOf":{"@id":"https:\/\/walnutcareers.de\/fr\/#website"},"datePublished":"2023-11-20T08:34:08+00:00","dateModified":"2026-04-15T10:18:04+00:00","description":"Walnut Careers est un cabinet de recrutement mondial sp\u00e9cialis\u00e9 dans la gastronomie, l'h\u00f4tellerie de luxe et l'industrie de la restauration.","breadcrumb":{"@id":"https:\/\/walnutcareers.de\/fr\/nous\/#breadcrumb"},"inLanguage":"fr-FR","potentialAction":[{"@type":"ReadAction","target":["https:\/\/walnutcareers.de\/fr\/nous\/"]}]},{"@type":"BreadcrumbList","@id":"https:\/\/walnutcareers.de\/fr\/nous\/#breadcrumb","itemListElement":[{"@type":"ListItem","position":1,"name":"Startseite","item":"https:\/\/walnutcareers.de\/fr\/bienvenue\/"},{"@type":"ListItem","position":2,"name":"Nous"}]},{"@type":"WebSite","@id":"https:\/\/walnutcareers.de\/fr\/#website","url":"https:\/\/walnutcareers.de\/fr\/","name":"Walnut Careers","description":"Headhunters for culinary art","publisher":{"@id":"https:\/\/walnutcareers.de\/fr\/#organization"},"potentialAction":[{"@type":"SearchAction","target":{"@type":"EntryPoint","urlTemplate":"https:\/\/walnutcareers.de\/fr\/?s={search_term_string}"},"query-input":{"@type":"PropertyValueSpecification","valueRequired":true,"valueName":"search_term_string"}}],"inLanguage":"fr-FR"},{"@type":"Organization","@id":"https:\/\/walnutcareers.de\/fr\/#organization","name":"Walnut Careers","url":"https:\/\/walnutcareers.de\/fr\/","logo":{"@type":"ImageObject","inLanguage":"fr-FR","@id":"https:\/\/walnutcareers.de\/fr\/#\/schema\/logo\/image\/","url":"http:\/\/s1035819369.online.de\/wordpress\/wp-content\/uploads\/2019\/06\/WC-Careers-Logo_ohne.png","contentUrl":"http:\/\/s1035819369.online.de\/wordpress\/wp-content\/uploads\/2019\/06\/WC-Careers-Logo_ohne.png","width":3700,"height":937,"caption":"Walnut Careers"},"image":{"@id":"https:\/\/walnutcareers.de\/fr\/#\/schema\/logo\/image\/"},"sameAs":["https:\/\/www.facebook.com\/Walnutcareers.de\/","https:\/\/www.instagram.com\/walnutcareers\/","https:\/\/www.linkedin.com\/company\/6389122\/","https:\/\/www.youtube.com\/channel\/UCeAT3ngrHea58yEp5hPf4cQ?view_as=subscriber"]}]}},"_links":{"self":[{"href":"https:\/\/walnutcareers.de\/fr\/wp-json\/wp\/v2\/pages\/2357","targetHints":{"allow":["GET"]}}],"collection":[{"href":"https:\/\/walnutcareers.de\/fr\/wp-json\/wp\/v2\/pages"}],"about":[{"href":"https:\/\/walnutcareers.de\/fr\/wp-json\/wp\/v2\/types\/page"}],"author":[{"embeddable":true,"href":"https:\/\/walnutcareers.de\/fr\/wp-json\/wp\/v2\/users\/1"}],"replies":[{"embeddable":true,"href":"https:\/\/walnutcareers.de\/fr\/wp-json\/wp\/v2\/comments?post=2357"}],"version-history":[{"count":5,"href":"https:\/\/walnutcareers.de\/fr\/wp-json\/wp\/v2\/pages\/2357\/revisions"}],"predecessor-version":[{"id":3904,"href":"https:\/\/walnutcareers.de\/fr\/wp-json\/wp\/v2\/pages\/2357\/revisions\/3904"}],"wp:attachment":[{"href":"https:\/\/walnutcareers.de\/fr\/wp-json\/wp\/v2\/media?parent=2357"}],"curies":[{"name":"wp","href":"https:\/\/api.w.org\/{rel}","templated":true}]}}