{"id":2358,"date":"2023-11-20T09:34:09","date_gmt":"2023-11-20T08:34:09","guid":{"rendered":"https:\/\/walnutcareers.de\/bienvenue\/"},"modified":"2026-04-15T11:53:36","modified_gmt":"2026-04-15T09:53:36","slug":"bienvenue","status":"publish","type":"page","link":"https:\/\/walnutcareers.de\/fr\/","title":{"rendered":"Carri\u00e8res de la noix"},"content":{"rendered":"<div class=\"wpb-content-wrapper\"><p>[vc_row][vc_column][vc_column_text]<\/p>\n<h3 style=\"text-align: center;\"><strong>\u00ab\u00a0NOUS TRAVAILLONS UNIQUEMENT POUR DES RESTAURANTS GASTRONOMIQUES ET DES H\u00d4TELS DE LUXE.<\/strong><br \/>\n<strong>NI PLUS NI MOINS\u00a0\u00bb.<\/strong><\/h3>\n<p>[\/vc_column_text][vc_column_text css=\u00a0\u00bb\u00a0\u00bb]<\/p>\n<p style=\"text-align: right;\">Patrick Nottebaum<\/p>\n<p>[\/vc_column_text][vc_empty_space][\/vc_column][\/vc_row][vc_row][vc_column][vc_column_text css=\u00a0\u00bb\u00a0\u00bb]<\/p>\n<h1 style=\"text-align: center;\">Carri\u00e8res de la noix<\/h1>\n<p>[\/vc_column_text][vc_row_inner][vc_column_inner width=\u00a0\u00bb1\/2&Prime;][vc_column_text css=\u00a0\u00bb\u00a0\u00bb]<\/p>\n<p class=\"font-claude-response-body break-words whitespace-normal leading-[1.7]\">Walnut Careers a \u00e9t\u00e9 cr\u00e9\u00e9 en 2014 par Patrick Nottebaum. Non pas parce que le march\u00e9 en avait besoin, mais parce qu&rsquo;il savait qu&rsquo;il pouvait faire mieux. Mieux que les portails. Mieux que les agences qui recrutent aujourd&rsquo;hui dans la restauration fine et demain dans la logistique.   <\/p>\n<p class=\"font-claude-response-body break-words whitespace-normal leading-[1.7]\">Nous sommes une boutique. Petite, sp\u00e9cialis\u00e9e, et parmi les meilleures en Europe. Ce n&rsquo;est pas un hasard. C&rsquo;est un choix.   <\/p>\n<p>[\/vc_column_text][\/vc_column_inner][vc_column_inner width=\u00a0\u00bb1\/2&Prime;][vc_column_text css=\u00a0\u00bb\u00a0\u00bb]<\/p>\n<div class=\"page\" title=\"Page 1\">\n<div class=\"section\">\n<div class=\"layoutArea\">\n<div class=\"column\">\n<p class=\"font-claude-response-body break-words whitespace-normal leading-[1.7]\">Derri\u00e8re Walnut se trouve une \u00e9quipe qui ne conna\u00eet pas seulement le secteur, mais qui l&rsquo;aime. Nous savons ce qui diff\u00e9rencie un grand ma\u00eetre d&rsquo;un bon. Pourquoi le meilleur cuisinier n&rsquo;est pas toujours le meilleur chef. Et quand un talent est pr\u00eat \u00e0 passer \u00e0 l&rsquo;\u00e9tape suivante.   <\/p>\n<p class=\"font-claude-response-body break-words whitespace-normal leading-[1.7]\">Nous sommes suffisamment petits pour conna\u00eetre tout le monde personnellement. Et suffisamment bien pour \u00eatre pr\u00e9sent partout. <\/p>\n<\/div>\n<\/div>\n<\/div>\n<\/div>\n<p>[\/vc_column_text][\/vc_column_inner][\/vc_row_inner][\/vc_column][\/vc_row]<\/p>\n<\/div>","protected":false},"excerpt":{"rendered":"<p>[vc_row][vc_column][vc_column_text] \u00ab\u00a0NOUS TRAVAILLONS UNIQUEMENT POUR DES RESTAURANTS GASTRONOMIQUES ET DES H\u00d4TELS DE LUXE. NI PLUS NI MOINS\u00a0\u00bb. [\/vc_column_text][vc_column_text css=\u00a0\u00bb\u00a0\u00bb] Patrick Nottebaum [\/vc_column_text][vc_empty_space][\/vc_column][\/vc_row][vc_row][vc_column][vc_column_text css=\u00a0\u00bb\u00a0\u00bb] Carri\u00e8res de la noix [\/vc_column_text][vc_row_inner][vc_column_inner width=\u00a0\u00bb1\/2&Prime;][vc_column_text css=\u00a0\u00bb\u00a0\u00bb] Walnut Careers a \u00e9t\u00e9 cr\u00e9\u00e9 en 2014 par Patrick Nottebaum. Non pas parce que le march\u00e9 en avait besoin, mais parce qu&rsquo;il savait qu&rsquo;il pouvait &hellip; <\/p>\n<p class=\"link-more\"><a href=\"https:\/\/walnutcareers.de\/fr\/\" class=\"more-link\">Continue reading<span class=\"screen-reader-text\"> \u00ab\u00a0Carri\u00e8res de la noix\u00a0\u00bb<\/span><\/a><\/p>\n","protected":false},"author":1,"featured_media":0,"parent":0,"menu_order":0,"comment_status":"closed","ping_status":"open","template":"","meta":{"_acf_changed":false,"footnotes":""},"class_list":["post-2358","page","type-page","status-publish","hentry"],"acf":[],"yoast_head":"<!-- This site is optimized with the Yoast SEO plugin v27.4 - https:\/\/yoast.com\/product\/yoast-seo-wordpress\/ -->\n<title>- Walnut Careers - Chasseur de t\u00eates<\/title>\n<meta name=\"description\" content=\"Recrutement, conseil et location pour l&#039;h\u00f4tellerie de luxe et la restauration fine. Nous trouvons des talents et assurons votre succ\u00e8s sur le march\u00e9. De mani\u00e8re directe. Honn\u00eate. Discret.\" \/>\n<meta name=\"robots\" content=\"index, follow, max-snippet:-1, max-image-preview:large, max-video-preview:-1\" \/>\n<link rel=\"canonical\" href=\"https:\/\/walnutcareers.de\/fr\/\" \/>\n<meta property=\"og:locale\" content=\"fr_FR\" \/>\n<meta property=\"og:type\" content=\"article\" \/>\n<meta property=\"og:title\" content=\"- Walnut Careers - Chasseur de t\u00eates\" \/>\n<meta property=\"og:description\" content=\"Recrutement, conseil et location pour l&#039;h\u00f4tellerie de luxe et la restauration fine. Nous trouvons des talents et assurons votre succ\u00e8s sur le march\u00e9. De mani\u00e8re directe. Honn\u00eate. Discret.\" \/>\n<meta property=\"og:url\" content=\"https:\/\/walnutcareers.de\/fr\/\" \/>\n<meta property=\"og:site_name\" content=\"Walnut Careers\" \/>\n<meta property=\"article:publisher\" content=\"https:\/\/www.facebook.com\/Walnutcareers.de\/\" \/>\n<meta property=\"article:modified_time\" content=\"2026-04-15T09:53:36+00:00\" \/>\n<meta property=\"og:image\" content=\"https:\/\/walnutcareers.de\/wp-content\/uploads\/2019\/06\/DSC_0036-1200x1192.jpg\" \/>\n\t<meta property=\"og:image:width\" content=\"1200\" \/>\n\t<meta property=\"og:image:height\" content=\"1192\" \/>\n\t<meta property=\"og:image:type\" content=\"image\/jpeg\" \/>\n<meta name=\"twitter:card\" content=\"summary_large_image\" \/>\n<meta name=\"twitter:label1\" content=\"Dur\u00e9e de lecture estim\u00e9e\" \/>\n\t<meta name=\"twitter:data1\" content=\"1 minute\" \/>\n<script type=\"application\/ld+json\" class=\"yoast-schema-graph\">{\"@context\":\"https:\\\/\\\/schema.org\",\"@graph\":[{\"@type\":\"WebPage\",\"@id\":\"https:\\\/\\\/walnutcareers.de\\\/fr\\\/\",\"url\":\"https:\\\/\\\/walnutcareers.de\\\/fr\\\/\",\"name\":\"- Walnut Careers - Chasseur de t\u00eates\",\"isPartOf\":{\"@id\":\"https:\\\/\\\/walnutcareers.de\\\/fr\\\/#website\"},\"datePublished\":\"2023-11-20T08:34:09+00:00\",\"dateModified\":\"2026-04-15T09:53:36+00:00\",\"description\":\"Recrutement, conseil et location pour l'h\u00f4tellerie de luxe et la restauration fine. Nous trouvons des talents et assurons votre succ\u00e8s sur le march\u00e9. De mani\u00e8re directe. Honn\u00eate. Discret.\",\"breadcrumb\":{\"@id\":\"https:\\\/\\\/walnutcareers.de\\\/fr\\\/#breadcrumb\"},\"inLanguage\":\"fr-FR\",\"potentialAction\":[{\"@type\":\"ReadAction\",\"target\":[\"https:\\\/\\\/walnutcareers.de\\\/fr\\\/\"]}]},{\"@type\":\"BreadcrumbList\",\"@id\":\"https:\\\/\\\/walnutcareers.de\\\/fr\\\/#breadcrumb\",\"itemListElement\":[{\"@type\":\"ListItem\",\"position\":1,\"name\":\"Startseite\",\"item\":\"https:\\\/\\\/walnutcareers.de\\\/fr\\\/bienvenue\\\/\"},{\"@type\":\"ListItem\",\"position\":2,\"name\":\"Carri\u00e8res de la noix\"}]},{\"@type\":\"WebSite\",\"@id\":\"https:\\\/\\\/walnutcareers.de\\\/fr\\\/#website\",\"url\":\"https:\\\/\\\/walnutcareers.de\\\/fr\\\/\",\"name\":\"Walnut Careers\",\"description\":\"Headhunters for culinary art\",\"publisher\":{\"@id\":\"https:\\\/\\\/walnutcareers.de\\\/fr\\\/#organization\"},\"potentialAction\":[{\"@type\":\"SearchAction\",\"target\":{\"@type\":\"EntryPoint\",\"urlTemplate\":\"https:\\\/\\\/walnutcareers.de\\\/fr\\\/?s={search_term_string}\"},\"query-input\":{\"@type\":\"PropertyValueSpecification\",\"valueRequired\":true,\"valueName\":\"search_term_string\"}}],\"inLanguage\":\"fr-FR\"},{\"@type\":\"Organization\",\"@id\":\"https:\\\/\\\/walnutcareers.de\\\/fr\\\/#organization\",\"name\":\"Walnut Careers\",\"url\":\"https:\\\/\\\/walnutcareers.de\\\/fr\\\/\",\"logo\":{\"@type\":\"ImageObject\",\"inLanguage\":\"fr-FR\",\"@id\":\"https:\\\/\\\/walnutcareers.de\\\/fr\\\/#\\\/schema\\\/logo\\\/image\\\/\",\"url\":\"http:\\\/\\\/s1035819369.online.de\\\/wordpress\\\/wp-content\\\/uploads\\\/2019\\\/06\\\/WC-Careers-Logo_ohne.png\",\"contentUrl\":\"http:\\\/\\\/s1035819369.online.de\\\/wordpress\\\/wp-content\\\/uploads\\\/2019\\\/06\\\/WC-Careers-Logo_ohne.png\",\"width\":3700,\"height\":937,\"caption\":\"Walnut Careers\"},\"image\":{\"@id\":\"https:\\\/\\\/walnutcareers.de\\\/fr\\\/#\\\/schema\\\/logo\\\/image\\\/\"},\"sameAs\":[\"https:\\\/\\\/www.facebook.com\\\/Walnutcareers.de\\\/\",\"https:\\\/\\\/www.instagram.com\\\/walnutcareers\\\/\",\"https:\\\/\\\/www.linkedin.com\\\/company\\\/6389122\\\/\",\"https:\\\/\\\/www.youtube.com\\\/channel\\\/UCeAT3ngrHea58yEp5hPf4cQ?view_as=subscriber\"]}]}<\/script>\n<!-- \/ Yoast SEO plugin. -->","yoast_head_json":{"title":"- Walnut Careers - Chasseur de t\u00eates","description":"Recrutement, conseil et location pour l'h\u00f4tellerie de luxe et la restauration fine. Nous trouvons des talents et assurons votre succ\u00e8s sur le march\u00e9. De mani\u00e8re directe. Honn\u00eate. Discret.","robots":{"index":"index","follow":"follow","max-snippet":"max-snippet:-1","max-image-preview":"max-image-preview:large","max-video-preview":"max-video-preview:-1"},"canonical":"https:\/\/walnutcareers.de\/fr\/","og_locale":"fr_FR","og_type":"article","og_title":"- Walnut Careers - Chasseur de t\u00eates","og_description":"Recrutement, conseil et location pour l'h\u00f4tellerie de luxe et la restauration fine. Nous trouvons des talents et assurons votre succ\u00e8s sur le march\u00e9. De mani\u00e8re directe. Honn\u00eate. Discret.","og_url":"https:\/\/walnutcareers.de\/fr\/","og_site_name":"Walnut Careers","article_publisher":"https:\/\/www.facebook.com\/Walnutcareers.de\/","article_modified_time":"2026-04-15T09:53:36+00:00","og_image":[{"width":1200,"height":1192,"url":"https:\/\/walnutcareers.de\/wp-content\/uploads\/2019\/06\/DSC_0036-1200x1192.jpg","type":"image\/jpeg"}],"twitter_card":"summary_large_image","twitter_misc":{"Dur\u00e9e de lecture estim\u00e9e":"1 minute"},"schema":{"@context":"https:\/\/schema.org","@graph":[{"@type":"WebPage","@id":"https:\/\/walnutcareers.de\/fr\/","url":"https:\/\/walnutcareers.de\/fr\/","name":"- Walnut Careers - Chasseur de t\u00eates","isPartOf":{"@id":"https:\/\/walnutcareers.de\/fr\/#website"},"datePublished":"2023-11-20T08:34:09+00:00","dateModified":"2026-04-15T09:53:36+00:00","description":"Recrutement, conseil et location pour l'h\u00f4tellerie de luxe et la restauration fine. Nous trouvons des talents et assurons votre succ\u00e8s sur le march\u00e9. De mani\u00e8re directe. Honn\u00eate. Discret.","breadcrumb":{"@id":"https:\/\/walnutcareers.de\/fr\/#breadcrumb"},"inLanguage":"fr-FR","potentialAction":[{"@type":"ReadAction","target":["https:\/\/walnutcareers.de\/fr\/"]}]},{"@type":"BreadcrumbList","@id":"https:\/\/walnutcareers.de\/fr\/#breadcrumb","itemListElement":[{"@type":"ListItem","position":1,"name":"Startseite","item":"https:\/\/walnutcareers.de\/fr\/bienvenue\/"},{"@type":"ListItem","position":2,"name":"Carri\u00e8res de la noix"}]},{"@type":"WebSite","@id":"https:\/\/walnutcareers.de\/fr\/#website","url":"https:\/\/walnutcareers.de\/fr\/","name":"Walnut Careers","description":"Headhunters for culinary art","publisher":{"@id":"https:\/\/walnutcareers.de\/fr\/#organization"},"potentialAction":[{"@type":"SearchAction","target":{"@type":"EntryPoint","urlTemplate":"https:\/\/walnutcareers.de\/fr\/?s={search_term_string}"},"query-input":{"@type":"PropertyValueSpecification","valueRequired":true,"valueName":"search_term_string"}}],"inLanguage":"fr-FR"},{"@type":"Organization","@id":"https:\/\/walnutcareers.de\/fr\/#organization","name":"Walnut Careers","url":"https:\/\/walnutcareers.de\/fr\/","logo":{"@type":"ImageObject","inLanguage":"fr-FR","@id":"https:\/\/walnutcareers.de\/fr\/#\/schema\/logo\/image\/","url":"http:\/\/s1035819369.online.de\/wordpress\/wp-content\/uploads\/2019\/06\/WC-Careers-Logo_ohne.png","contentUrl":"http:\/\/s1035819369.online.de\/wordpress\/wp-content\/uploads\/2019\/06\/WC-Careers-Logo_ohne.png","width":3700,"height":937,"caption":"Walnut Careers"},"image":{"@id":"https:\/\/walnutcareers.de\/fr\/#\/schema\/logo\/image\/"},"sameAs":["https:\/\/www.facebook.com\/Walnutcareers.de\/","https:\/\/www.instagram.com\/walnutcareers\/","https:\/\/www.linkedin.com\/company\/6389122\/","https:\/\/www.youtube.com\/channel\/UCeAT3ngrHea58yEp5hPf4cQ?view_as=subscriber"]}]}},"_links":{"self":[{"href":"https:\/\/walnutcareers.de\/fr\/wp-json\/wp\/v2\/pages\/2358","targetHints":{"allow":["GET"]}}],"collection":[{"href":"https:\/\/walnutcareers.de\/fr\/wp-json\/wp\/v2\/pages"}],"about":[{"href":"https:\/\/walnutcareers.de\/fr\/wp-json\/wp\/v2\/types\/page"}],"author":[{"embeddable":true,"href":"https:\/\/walnutcareers.de\/fr\/wp-json\/wp\/v2\/users\/1"}],"replies":[{"embeddable":true,"href":"https:\/\/walnutcareers.de\/fr\/wp-json\/wp\/v2\/comments?post=2358"}],"version-history":[{"count":25,"href":"https:\/\/walnutcareers.de\/fr\/wp-json\/wp\/v2\/pages\/2358\/revisions"}],"predecessor-version":[{"id":3890,"href":"https:\/\/walnutcareers.de\/fr\/wp-json\/wp\/v2\/pages\/2358\/revisions\/3890"}],"wp:attachment":[{"href":"https:\/\/walnutcareers.de\/fr\/wp-json\/wp\/v2\/media?parent=2358"}],"curies":[{"name":"wp","href":"https:\/\/api.w.org\/{rel}","templated":true}]}}