{"id":2364,"date":"2023-11-20T09:34:13","date_gmt":"2023-11-20T08:34:13","guid":{"rendered":"https:\/\/walnutcareers.de\/candidature-spontanee\/"},"modified":"2023-11-20T09:34:17","modified_gmt":"2023-11-20T08:34:17","slug":"candidature-spontanee","status":"publish","type":"page","link":"https:\/\/walnutcareers.de\/fr\/tu\/candidature-spontanee\/","title":{"rendered":"Candidature spontan\u00e9e"},"content":{"rendered":"<h1>Vous ne trouvez pas de travail qui vous convient ?<\/h1>\n<h2>Postuler maintenant de mani\u00e8re spontan\u00e9e<\/h2>\n<p>En tant que chasseurs de t\u00eates, nous agissons en grande partie en arri\u00e8re-plan. Nous pourvoyons \u00e9galement des postes qui ne sont pas communiqu\u00e9s publiquement. Accorde-nous ta confiance et envoie-nous ta candidature spontan\u00e9e. Nous pourrons alors te prendre en consid\u00e9ration pour ces emplois.<\/p>\n\n<div class=\"wpcf7 no-js\" id=\"wpcf7-f2539-o1\" lang=\"fr-FR\" dir=\"ltr\" data-wpcf7-id=\"2539\">\n<div class=\"screen-reader-response\"><p role=\"status\" aria-live=\"polite\" aria-atomic=\"true\"><\/p> <ul><\/ul><\/div>\n<form action=\"\/fr\/wp-json\/wp\/v2\/pages\/2364#wpcf7-f2539-o1\" method=\"post\" class=\"wpcf7-form init\" aria-label=\"Formulaire de contact\" novalidate=\"novalidate\" data-status=\"init\">\n<fieldset class=\"hidden-fields-container\"><input type=\"hidden\" name=\"_wpcf7\" value=\"2539\" \/><input type=\"hidden\" name=\"_wpcf7_version\" value=\"6.1.5\" \/><input type=\"hidden\" name=\"_wpcf7_locale\" value=\"fr_FR\" \/><input type=\"hidden\" name=\"_wpcf7_unit_tag\" value=\"wpcf7-f2539-o1\" \/><input type=\"hidden\" name=\"_wpcf7_container_post\" value=\"0\" \/><input type=\"hidden\" name=\"_wpcf7_posted_data_hash\" value=\"\" \/><input type=\"hidden\" name=\"_wpcf7cf_hidden_group_fields\" value=\"[]\" \/><input type=\"hidden\" name=\"_wpcf7cf_hidden_groups\" value=\"[]\" \/><input type=\"hidden\" name=\"_wpcf7cf_visible_groups\" value=\"[]\" \/><input type=\"hidden\" name=\"_wpcf7cf_repeaters\" value=\"[]\" \/><input type=\"hidden\" name=\"_wpcf7cf_steps\" value=\"{}\" \/><input type=\"hidden\" name=\"_wpcf7cf_options\" value=\"{&quot;form_id&quot;:2539,&quot;conditions&quot;:[],&quot;settings&quot;:{&quot;animation&quot;:&quot;yes&quot;,&quot;animation_intime&quot;:200,&quot;animation_outtime&quot;:200,&quot;conditions_ui&quot;:&quot;normal&quot;,&quot;notice_dismissed&quot;:false,&quot;notice_dismissed_rollback-cf7-5.6.4&quot;:true,&quot;notice_dismissed_rollback-cf7-5.7.2&quot;:true,&quot;notice_dismissed_rollback-cf7-5.7.5.1&quot;:true,&quot;notice_dismissed_rollback-cf7-5.7.6&quot;:true,&quot;notice_dismissed_rollback-cf7-5.8&quot;:true,&quot;notice_dismissed_rollback-cf7-6.0.1&quot;:true,&quot;notice_dismissed_rollback-cf7-6.1.4&quot;:true}}\" \/><input type=\"hidden\" name=\"_wpcf7dtx_version\" value=\"5.0.5\" \/>\n<\/fieldset>\n<div class=\"row gap\">\n\t<div class=\"col-12\">\n\t\t<h3>Candidature\n\t\t<\/h3>\n\t\t<p>Ici, tu peux nous faire parvenir ton dossier de candidature. Remplis simplement le formulaire et nous te contacterons dans les 24 heures.\n\t\t<\/p>\n\t<\/div>\n<\/div>\n<div class=\"row gap\">\n\t<div class=\"col-12\">\n\t\t<div class=\"form-group\">\n\t\t\t<p><label>Candidature en tant que<\/label><span class=\"wpcf7-form-control-wrap stelle\" data-name=\"stelle\"><input type=\"text\" name=\"stelle\" class=\"wpcf7-form-control wpcf7-text wpcf7dtx wpcf7dtx-text form-control disabled\" aria-invalid=\"false\" value=\"Candidature spontan\u00e9e\"><\/span>\n\t\t\t<\/p>\n\t\t<\/div>\n\t<\/div>\n\t<div class=\"col-12 col-md-6\">\n\t\t<div class=\"form-group\">\n\t\t\t<p><label>Nom*<\/label><span class=\"wpcf7-form-control-wrap\" data-name=\"familienname\"><input size=\"40\" maxlength=\"400\" class=\"wpcf7-form-control wpcf7-text wpcf7-validates-as-required form-control\" aria-required=\"true\" aria-invalid=\"false\" value=\"\" type=\"text\" name=\"familienname\" \/><\/span>\n\t\t\t<\/p>\n\t\t<\/div>\n\t<\/div>\n\t<div class=\"col-12 col-md-6\">\n\t\t<div class=\"form-group\">\n\t\t\t<p><label>Pr\u00e9nom*<\/label><span class=\"wpcf7-form-control-wrap\" data-name=\"vorname\"><input size=\"40\" maxlength=\"400\" class=\"wpcf7-form-control wpcf7-text wpcf7-validates-as-required form-control\" aria-required=\"true\" aria-invalid=\"false\" value=\"\" type=\"text\" name=\"vorname\" \/><\/span>\n\t\t\t<\/p>\n\t\t<\/div>\n\t<\/div>\n\t<div class=\"col-12 col-md-6\">\n\t\t<div class=\"form-group\">\n\t\t\t<p><label>Rue \/ num\u00e9ro<\/label><span class=\"wpcf7-form-control-wrap\" data-name=\"adresse\"><input size=\"40\" maxlength=\"400\" class=\"wpcf7-form-control wpcf7-text form-control\" aria-invalid=\"false\" value=\"\" type=\"text\" name=\"adresse\" \/><\/span>\n\t\t\t<\/p>\n\t\t<\/div>\n\t<\/div>\n\t<div class=\"col-12 col-md-6\">\n\t\t<div class=\"form-group\">\n\t\t\t<p><label>Ligne d'adresse 2<\/label><span class=\"wpcf7-form-control-wrap\" data-name=\"adresse2\"><input size=\"40\" maxlength=\"400\" class=\"wpcf7-form-control wpcf7-text form-control\" aria-invalid=\"false\" value=\"\" type=\"text\" name=\"adresse2\" \/><\/span>\n\t\t\t<\/p>\n\t\t<\/div>\n\t<\/div>\n\t<div class=\"col-12 col-md-6\">\n\t\t<div class=\"form-group\">\n\t\t\t<p><label>CODE POSTAL<\/label><span class=\"wpcf7-form-control-wrap\" data-name=\"PLZ\"><input size=\"40\" maxlength=\"400\" class=\"wpcf7-form-control wpcf7-text form-control\" aria-invalid=\"false\" value=\"\" type=\"text\" name=\"PLZ\" \/><\/span>\n\t\t\t<\/p>\n\t\t<\/div>\n\t<\/div>\n\t<div class=\"col-12 col-md-6\">\n\t\t<div class=\"form-group\">\n\t\t\t<p><label>Lieu<\/label><span class=\"wpcf7-form-control-wrap\" data-name=\"ort\"><input size=\"40\" maxlength=\"400\" class=\"wpcf7-form-control wpcf7-text form-control\" aria-invalid=\"false\" value=\"\" type=\"text\" name=\"ort\" \/><\/span>\n\t\t\t<\/p>\n\t\t<\/div>\n\t<\/div>\n\t<div class=\"col-12 col-md-6\">\n\t\t<div class=\"form-group\">\n\t\t\t<p><label>\u00c9tat f\u00e9d\u00e9ral<\/label><span class=\"wpcf7-form-control-wrap\" data-name=\"bundesland\"><input size=\"40\" maxlength=\"400\" class=\"wpcf7-form-control wpcf7-text form-control\" aria-invalid=\"false\" value=\"\" type=\"text\" name=\"bundesland\" \/><\/span>\n\t\t\t<\/p>\n\t\t<\/div>\n\t<\/div>\n\t<div class=\"col-12 col-md-6\">\n\t\t<div class=\"form-group\">\n\t\t\t<p><label>Pays<\/label><span class=\"wpcf7-form-control-wrap\" data-name=\"land\"><input size=\"40\" maxlength=\"400\" class=\"wpcf7-form-control wpcf7-text form-control\" aria-invalid=\"false\" value=\"\" type=\"text\" name=\"land\" \/><\/span>\n\t\t\t<\/p>\n\t\t<\/div>\n\t<\/div>\n\t<div class=\"col-12 col-md-6\">\n\t\t<div class=\"form-group\">\n\t\t\t<p><label>Indicatif*<\/label><span class=\"wpcf7-form-control-wrap\" data-name=\"vorwahl\"><select class=\"wpcf7-form-control wpcf7-select wpcf7-validates-as-required form-control\" aria-required=\"true\" aria-invalid=\"false\" name=\"vorwahl\"><option value=\"\">+49<\/option><option value=\"+43\">+43<\/option><option value=\"+41\">+41<\/option><option value=\"+32\">+32<\/option><option value=\"+359\">+359<\/option><option value=\"+385\">+385<\/option><option value=\"+357\">+357<\/option><option value=\"+420\">+420<\/option><option value=\"+45\">+45<\/option><option value=\"+372\">+372<\/option><option value=\"+358\">+358<\/option><option value=\"+33\">+33<\/option><option value=\"+30\">+30<\/option><option value=\"+36\">+36<\/option><option value=\"+353\">+353<\/option><option value=\"+39\">+39<\/option><option value=\"+371\">+371<\/option><option value=\"+370\">+370<\/option><option value=\"+352\">+352<\/option><option value=\"+356\">+356<\/option><option value=\"+31\">+31<\/option><option value=\"+48\">+48<\/option><option value=\"+351\">+351<\/option><option value=\"+40\">+40<\/option><option value=\"+421\">+421<\/option><option value=\"+386\">+386<\/option><option value=\"+34\">+34<\/option><option value=\"+46\">+46<\/option><option value=\"+47\">+47<\/option><option value=\"+354\">+354<\/option><option value=\"+423\">+423<\/option><option value=\"+1\">+1<\/option><option value=\"+971\">+971<\/option><option value=\"+974\">+974<\/option><option value=\"+91\">+91<\/option><option value=\"+92\">+92<\/option><\/select><\/span>\n\t\t\t<\/p>\n\t\t<\/div>\n\t<\/div>\n\t<div class=\"col-12 col-md-6\">\n\t\t<div class=\"form-group\">\n\t\t\t<p><label>Num\u00e9ro de t\u00e9l\u00e9phone mobile*.<\/label><span class=\"wpcf7-form-control-wrap\" data-name=\"mobilfunknummer\"><input size=\"40\" maxlength=\"400\" class=\"wpcf7-form-control wpcf7-tel wpcf7-validates-as-required wpcf7-text wpcf7-validates-as-tel form-control\" aria-required=\"true\" aria-invalid=\"false\" value=\"\" type=\"tel\" name=\"mobilfunknummer\" \/><\/span>\n\t\t\t<\/p>\n\t\t<\/div>\n\t<\/div>\n\t<div class=\"col-12 col-md-6\">\n\t\t<div class=\"form-group\">\n\t\t\t<p><label>E-mail*<\/label><span class=\"wpcf7-form-control-wrap\" data-name=\"E-Mail\"><input size=\"40\" maxlength=\"400\" class=\"wpcf7-form-control wpcf7-email wpcf7-validates-as-required wpcf7-text wpcf7-validates-as-email form-control\" aria-required=\"true\" aria-invalid=\"false\" value=\"\" type=\"email\" name=\"E-Mail\" \/><\/span>\n\t\t\t<\/p>\n\t\t<\/div>\n\t<\/div>\n<\/div>\n<div class=\"row gap\">\n\t<div class=\"col-12\">\n\t\t<div class=\"form-group\">\n\t\t\t<p><label>Dossier de candidature* (lettre de motivation, CV, dipl\u00f4mes, certificats, autres)<\/label><span class=\"wpcf7-form-control-wrap\" data-name=\"upload-file-727\"><input size=\"40\" class=\"wpcf7-form-control wpcf7-drag-n-drop-file d-none\" aria-required=\"true\" aria-invalid=\"false\" type=\"file\" multiple=\"multiple\" data-name=\"upload-file-727\" data-type=\"jpeg|jpg|png|pdf|doc|docx|ppt|pages|odt|numbers\" data-min=\"1\" data-max=\"10\" data-id=\"2539\" data-version=\"free version 1.3.9.2\" accept=\".jpeg, .jpg, .png, .pdf, .doc, .docx, .ppt, .pages, .odt, .numbers\" \/><\/span>\n\t\t\t<\/p>\n\t\t<\/div>\n\t<\/div>\n<\/div>\n<div class=\"row gap\">\n\t<div class=\"col-12\">\n\t\t<div class=\"form-group\">\n\t\t\t<p><label>Comment avez-vous connu Walnut Careers ?<\/label><br \/>\n<span class=\"wpcf7-form-control-wrap\" data-name=\"checkbox-890\"><span class=\"wpcf7-form-control wpcf7-checkbox\"><span class=\"wpcf7-list-item first\"><input type=\"checkbox\" name=\"checkbox-890[]\" value=\"Facebook\" \/><span class=\"wpcf7-list-item-label\">Facebook<\/span><\/span><span class=\"wpcf7-list-item\"><input type=\"checkbox\" name=\"checkbox-890[]\" value=\"Instagram\" \/><span class=\"wpcf7-list-item-label\">Instagram<\/span><\/span><span class=\"wpcf7-list-item\"><input type=\"checkbox\" name=\"checkbox-890[]\" value=\"AI Agent\" \/><span class=\"wpcf7-list-item-label\">AI Agent<\/span><\/span><span class=\"wpcf7-list-item\"><input type=\"checkbox\" name=\"checkbox-890[]\" value=\"Amis\" \/><span class=\"wpcf7-list-item-label\">Amis<\/span><\/span><span class=\"wpcf7-list-item\"><input type=\"checkbox\" name=\"checkbox-890[]\" value=\"LinkedIn\" \/><span class=\"wpcf7-list-item-label\">LinkedIn<\/span><\/span><span class=\"wpcf7-list-item last\"><input type=\"checkbox\" name=\"checkbox-890[]\" value=\"Google\" \/><span class=\"wpcf7-list-item-label\">Google<\/span><\/span><\/span><\/span>\n\t\t\t<\/p>\n\t\t<\/div>\n\t<\/div>\n<\/div>\n<div class=\"row\">\n\t<div class=\"col-12\">\n\t\t<p><span id=\"wpcf7-69e8b5fada3b2-wrapper\" class=\"wpcf7-form-control-wrap autresInfos-wrap\" style=\"display:none !important; visibility:hidden !important;\"><label for=\"wpcf7-69e8b5fada3b2-field\" class=\"hp-message\">Veuillez laisser ce champ vide.<\/label><input id=\"wpcf7-69e8b5fada3b2-field\"  class=\"wpcf7-form-control wpcf7-text form-control\" type=\"text\" name=\"autresInfos\" value=\"\" size=\"40\" tabindex=\"-1\" autocomplete=\"new-password\" \/><\/span>\n\t\t<\/p>\n\t<\/div>\n\t<div class=\"col-12\">\n\t\t<div class=\"form-group\">\n\t\t\t<p><label>Ton message pour nous*<\/label><span class=\"wpcf7-form-control-wrap\" data-name=\"anliegen\"><textarea cols=\"40\" rows=\"10\" maxlength=\"2000\" class=\"wpcf7-form-control wpcf7-textarea wpcf7-validates-as-required form-control\" aria-required=\"true\" aria-invalid=\"false\" name=\"anliegen\"><\/textarea><\/span>\n\t\t\t<\/p>\n\t\t<\/div>\n\t<\/div>\n\t<div class=\"col-12 small small-gap\">\n\t\t<p>*Champs obligatoires\n\t\t<\/p>\n\t<\/div>\n\t<div class=\"col-12 small\">\n\t\t<div class=\"p\">\n\t\t\t<p><span class=\"wpcf7-form-control-wrap\" data-name=\"checkbox-2842831789\"><span class=\"wpcf7-form-control wpcf7-checkbox wpcf7-validates-as-required\"><span class=\"wpcf7-list-item first last\"><label><input type=\"checkbox\" name=\"checkbox-2842831789[]\" value=\"Je suis d&#039;accord avec le RGPD et la BDSG!**\" \/><span class=\"wpcf7-list-item-label\">Je suis d&#039;accord avec le RGPD et la BDSG!**<\/span><\/label><\/span><\/span><\/span>\n\t\t\t<\/p>\n\t\t<\/div>\n\t<\/div>\n\t<div class=\"col-12 gap small\">\n\t\t<p>** Nous traitons et stockons vos donn\u00e9es uniquement dans le but de vous contacter et de faire des affaires.<br \/>\nVous pouvez vous opposer \u00e0 tout moment au stockage de vos donn\u00e9es personnelles en envoyant un e-mail \u00e0 <a style=\"text-decoration:underline\" href=\"mailto:info@walnutcareers.de\">info@walnutcareers.de<\/a>. Dans ce cas, nous supprimerons imm\u00e9diatement les donn\u00e9es enregistr\u00e9es \u00e0 votre sujet \u00e0 l'adresse<br \/>\ndans les d\u00e9lais impartis, \u00e0 moins que des d\u00e9lais de conservation l\u00e9gaux ne doivent \u00eatre respect\u00e9s. Pour plus d'informations sur<br \/>\net sur les autres droits dont vous disposez pour prot\u00e9ger vos donn\u00e9es, veuillez consulter notre <a href=\"#\" style=\"text-decoration:underline\">politique de confidentialit\u00e9<\/a>.\n\t\t<\/p>\n\t<\/div>\n<\/div>\n<div class=\"row gap\">\n\t<div class=\"col-12\">\n\t\t<div class=\"form-group\">\n\t\t\t<p class=\"small\"><strong>Nous ne pouvons actuellement pas traiter les candidatures sans permis de travail europ\u00e9en.<\/strong>\n\t\t\t<\/p>\n\t\t\t<p><span class=\"wpcf7-form-control-wrap eu-erlaubnis\"><br \/>\n<span class=\"wpcf7-form-control-wrap\" data-name=\"eu-erlaubnis\"><span class=\"wpcf7-form-control wpcf7-checkbox\"><span class=\"wpcf7-list-item first last\"><label><input type=\"checkbox\" name=\"eu-erlaubnis[]\" value=\"Oui, je confirme que je dispose d&#039;un permis de travail europ\u00e9en valide.\" \/><span class=\"wpcf7-list-item-label\">Oui, je confirme que je dispose d&#039;un permis de travail europ\u00e9en valide.<\/span><\/label><\/span><\/span><\/span><br \/>\n<\/span>\n\t\t\t<\/p>\n\t\t<\/div>\n\t<\/div>\n\t<div class=\"col-12 col-md-6\">\n\t\t<p><input class=\"wpcf7-form-control wpcf7-submit has-spinner btn btn-default btn-block\" type=\"submit\" value=\"Postuler maintenant\" \/>\n\t\t<\/p>\n\t<\/div>\n<\/div><div class=\"wpcf7-response-output\" aria-hidden=\"true\"><\/div>\n<\/form>\n<\/div>\n\n","protected":false},"excerpt":{"rendered":"<p>Vous ne trouvez pas de travail qui vous convient ? Postuler maintenant de mani\u00e8re spontan\u00e9e En tant que chasseurs de t\u00eates, nous agissons en grande partie en arri\u00e8re-plan. Nous pourvoyons \u00e9galement des postes qui ne sont pas communiqu\u00e9s publiquement. Accorde-nous ta confiance et envoie-nous ta candidature spontan\u00e9e. Nous pourrons alors te prendre en consid\u00e9ration pour &hellip; <\/p>\n<p class=\"link-more\"><a href=\"https:\/\/walnutcareers.de\/fr\/tu\/candidature-spontanee\/\" class=\"more-link\">Continue reading<span class=\"screen-reader-text\"> \u00ab\u00a0Candidature spontan\u00e9e\u00a0\u00bb<\/span><\/a><\/p>\n","protected":false},"author":1,"featured_media":0,"parent":2369,"menu_order":0,"comment_status":"closed","ping_status":"closed","template":"","meta":{"_acf_changed":false,"footnotes":""},"class_list":["post-2364","page","type-page","status-publish","hentry"],"acf":[],"yoast_head":"<!-- This site is optimized with the Yoast SEO plugin v27.4 - https:\/\/yoast.com\/product\/yoast-seo-wordpress\/ -->\n<title>Candidature spontan\u00e9e - Walnut Careers<\/title>\n<meta name=\"description\" content=\"Postulez de mani\u00e8re spontan\u00e9e. Une fois dans le Talent Pool, nous pouvons te contacter directement s&#039;il y a quelque chose qui te convient.\" \/>\n<meta name=\"robots\" content=\"index, follow, max-snippet:-1, max-image-preview:large, max-video-preview:-1\" \/>\n<link rel=\"canonical\" href=\"https:\/\/walnutcareers.de\/fr\/tu\/candidature-spontanee\/\" \/>\n<meta property=\"og:locale\" content=\"fr_FR\" \/>\n<meta property=\"og:type\" content=\"article\" \/>\n<meta property=\"og:title\" content=\"Candidature spontan\u00e9e - Walnut Careers\" \/>\n<meta property=\"og:description\" content=\"Postulez de mani\u00e8re spontan\u00e9e. Une fois dans le Talent Pool, nous pouvons te contacter directement s&#039;il y a quelque chose qui te convient.\" \/>\n<meta property=\"og:url\" content=\"https:\/\/walnutcareers.de\/fr\/tu\/candidature-spontanee\/\" \/>\n<meta property=\"og:site_name\" content=\"Walnut Careers\" \/>\n<meta property=\"article:publisher\" content=\"https:\/\/www.facebook.com\/Walnutcareers.de\/\" \/>\n<meta property=\"article:modified_time\" content=\"2023-11-20T08:34:17+00:00\" \/>\n<meta property=\"og:image\" content=\"https:\/\/walnutcareers.de\/wp-content\/uploads\/2019\/06\/DSC_0036-1200x1192.jpg\" \/>\n\t<meta property=\"og:image:width\" content=\"1200\" \/>\n\t<meta property=\"og:image:height\" content=\"1192\" \/>\n\t<meta property=\"og:image:type\" content=\"image\/jpeg\" \/>\n<meta name=\"twitter:card\" content=\"summary_large_image\" \/>\n<script type=\"application\/ld+json\" class=\"yoast-schema-graph\">{\"@context\":\"https:\\\/\\\/schema.org\",\"@graph\":[{\"@type\":\"WebPage\",\"@id\":\"https:\\\/\\\/walnutcareers.de\\\/fr\\\/tu\\\/candidature-spontanee\\\/\",\"url\":\"https:\\\/\\\/walnutcareers.de\\\/fr\\\/tu\\\/candidature-spontanee\\\/\",\"name\":\"Candidature spontan\u00e9e - Walnut Careers\",\"isPartOf\":{\"@id\":\"https:\\\/\\\/walnutcareers.de\\\/fr\\\/#website\"},\"datePublished\":\"2023-11-20T08:34:13+00:00\",\"dateModified\":\"2023-11-20T08:34:17+00:00\",\"description\":\"Postulez de mani\u00e8re spontan\u00e9e. Une fois dans le Talent Pool, nous pouvons te contacter directement s'il y a quelque chose qui te convient.\",\"breadcrumb\":{\"@id\":\"https:\\\/\\\/walnutcareers.de\\\/fr\\\/tu\\\/candidature-spontanee\\\/#breadcrumb\"},\"inLanguage\":\"fr-FR\",\"potentialAction\":[{\"@type\":\"ReadAction\",\"target\":[\"https:\\\/\\\/walnutcareers.de\\\/fr\\\/tu\\\/candidature-spontanee\\\/\"]}]},{\"@type\":\"BreadcrumbList\",\"@id\":\"https:\\\/\\\/walnutcareers.de\\\/fr\\\/tu\\\/candidature-spontanee\\\/#breadcrumb\",\"itemListElement\":[{\"@type\":\"ListItem\",\"position\":1,\"name\":\"Startseite\",\"item\":\"https:\\\/\\\/walnutcareers.de\\\/fr\\\/bienvenue\\\/\"},{\"@type\":\"ListItem\",\"position\":2,\"name\":\"Talent\",\"item\":\"https:\\\/\\\/walnutcareers.de\\\/fr\\\/tu\\\/\"},{\"@type\":\"ListItem\",\"position\":3,\"name\":\"Candidature spontan\u00e9e\"}]},{\"@type\":\"WebSite\",\"@id\":\"https:\\\/\\\/walnutcareers.de\\\/fr\\\/#website\",\"url\":\"https:\\\/\\\/walnutcareers.de\\\/fr\\\/\",\"name\":\"Walnut Careers\",\"description\":\"Headhunters for culinary art\",\"publisher\":{\"@id\":\"https:\\\/\\\/walnutcareers.de\\\/fr\\\/#organization\"},\"potentialAction\":[{\"@type\":\"SearchAction\",\"target\":{\"@type\":\"EntryPoint\",\"urlTemplate\":\"https:\\\/\\\/walnutcareers.de\\\/fr\\\/?s={search_term_string}\"},\"query-input\":{\"@type\":\"PropertyValueSpecification\",\"valueRequired\":true,\"valueName\":\"search_term_string\"}}],\"inLanguage\":\"fr-FR\"},{\"@type\":\"Organization\",\"@id\":\"https:\\\/\\\/walnutcareers.de\\\/fr\\\/#organization\",\"name\":\"Walnut Careers\",\"url\":\"https:\\\/\\\/walnutcareers.de\\\/fr\\\/\",\"logo\":{\"@type\":\"ImageObject\",\"inLanguage\":\"fr-FR\",\"@id\":\"https:\\\/\\\/walnutcareers.de\\\/fr\\\/#\\\/schema\\\/logo\\\/image\\\/\",\"url\":\"http:\\\/\\\/s1035819369.online.de\\\/wordpress\\\/wp-content\\\/uploads\\\/2019\\\/06\\\/WC-Careers-Logo_ohne.png\",\"contentUrl\":\"http:\\\/\\\/s1035819369.online.de\\\/wordpress\\\/wp-content\\\/uploads\\\/2019\\\/06\\\/WC-Careers-Logo_ohne.png\",\"width\":3700,\"height\":937,\"caption\":\"Walnut Careers\"},\"image\":{\"@id\":\"https:\\\/\\\/walnutcareers.de\\\/fr\\\/#\\\/schema\\\/logo\\\/image\\\/\"},\"sameAs\":[\"https:\\\/\\\/www.facebook.com\\\/Walnutcareers.de\\\/\",\"https:\\\/\\\/www.instagram.com\\\/walnutcareers\\\/\",\"https:\\\/\\\/www.linkedin.com\\\/company\\\/6389122\\\/\",\"https:\\\/\\\/www.youtube.com\\\/channel\\\/UCeAT3ngrHea58yEp5hPf4cQ?view_as=subscriber\"]}]}<\/script>\n<!-- \/ Yoast SEO plugin. -->","yoast_head_json":{"title":"Candidature spontan\u00e9e - Walnut Careers","description":"Postulez de mani\u00e8re spontan\u00e9e. Une fois dans le Talent Pool, nous pouvons te contacter directement s'il y a quelque chose qui te convient.","robots":{"index":"index","follow":"follow","max-snippet":"max-snippet:-1","max-image-preview":"max-image-preview:large","max-video-preview":"max-video-preview:-1"},"canonical":"https:\/\/walnutcareers.de\/fr\/tu\/candidature-spontanee\/","og_locale":"fr_FR","og_type":"article","og_title":"Candidature spontan\u00e9e - Walnut Careers","og_description":"Postulez de mani\u00e8re spontan\u00e9e. Une fois dans le Talent Pool, nous pouvons te contacter directement s'il y a quelque chose qui te convient.","og_url":"https:\/\/walnutcareers.de\/fr\/tu\/candidature-spontanee\/","og_site_name":"Walnut Careers","article_publisher":"https:\/\/www.facebook.com\/Walnutcareers.de\/","article_modified_time":"2023-11-20T08:34:17+00:00","og_image":[{"width":1200,"height":1192,"url":"https:\/\/walnutcareers.de\/wp-content\/uploads\/2019\/06\/DSC_0036-1200x1192.jpg","type":"image\/jpeg"}],"twitter_card":"summary_large_image","schema":{"@context":"https:\/\/schema.org","@graph":[{"@type":"WebPage","@id":"https:\/\/walnutcareers.de\/fr\/tu\/candidature-spontanee\/","url":"https:\/\/walnutcareers.de\/fr\/tu\/candidature-spontanee\/","name":"Candidature spontan\u00e9e - Walnut Careers","isPartOf":{"@id":"https:\/\/walnutcareers.de\/fr\/#website"},"datePublished":"2023-11-20T08:34:13+00:00","dateModified":"2023-11-20T08:34:17+00:00","description":"Postulez de mani\u00e8re spontan\u00e9e. Une fois dans le Talent Pool, nous pouvons te contacter directement s'il y a quelque chose qui te convient.","breadcrumb":{"@id":"https:\/\/walnutcareers.de\/fr\/tu\/candidature-spontanee\/#breadcrumb"},"inLanguage":"fr-FR","potentialAction":[{"@type":"ReadAction","target":["https:\/\/walnutcareers.de\/fr\/tu\/candidature-spontanee\/"]}]},{"@type":"BreadcrumbList","@id":"https:\/\/walnutcareers.de\/fr\/tu\/candidature-spontanee\/#breadcrumb","itemListElement":[{"@type":"ListItem","position":1,"name":"Startseite","item":"https:\/\/walnutcareers.de\/fr\/bienvenue\/"},{"@type":"ListItem","position":2,"name":"Talent","item":"https:\/\/walnutcareers.de\/fr\/tu\/"},{"@type":"ListItem","position":3,"name":"Candidature spontan\u00e9e"}]},{"@type":"WebSite","@id":"https:\/\/walnutcareers.de\/fr\/#website","url":"https:\/\/walnutcareers.de\/fr\/","name":"Walnut Careers","description":"Headhunters for culinary art","publisher":{"@id":"https:\/\/walnutcareers.de\/fr\/#organization"},"potentialAction":[{"@type":"SearchAction","target":{"@type":"EntryPoint","urlTemplate":"https:\/\/walnutcareers.de\/fr\/?s={search_term_string}"},"query-input":{"@type":"PropertyValueSpecification","valueRequired":true,"valueName":"search_term_string"}}],"inLanguage":"fr-FR"},{"@type":"Organization","@id":"https:\/\/walnutcareers.de\/fr\/#organization","name":"Walnut Careers","url":"https:\/\/walnutcareers.de\/fr\/","logo":{"@type":"ImageObject","inLanguage":"fr-FR","@id":"https:\/\/walnutcareers.de\/fr\/#\/schema\/logo\/image\/","url":"http:\/\/s1035819369.online.de\/wordpress\/wp-content\/uploads\/2019\/06\/WC-Careers-Logo_ohne.png","contentUrl":"http:\/\/s1035819369.online.de\/wordpress\/wp-content\/uploads\/2019\/06\/WC-Careers-Logo_ohne.png","width":3700,"height":937,"caption":"Walnut Careers"},"image":{"@id":"https:\/\/walnutcareers.de\/fr\/#\/schema\/logo\/image\/"},"sameAs":["https:\/\/www.facebook.com\/Walnutcareers.de\/","https:\/\/www.instagram.com\/walnutcareers\/","https:\/\/www.linkedin.com\/company\/6389122\/","https:\/\/www.youtube.com\/channel\/UCeAT3ngrHea58yEp5hPf4cQ?view_as=subscriber"]}]}},"_links":{"self":[{"href":"https:\/\/walnutcareers.de\/fr\/wp-json\/wp\/v2\/pages\/2364","targetHints":{"allow":["GET"]}}],"collection":[{"href":"https:\/\/walnutcareers.de\/fr\/wp-json\/wp\/v2\/pages"}],"about":[{"href":"https:\/\/walnutcareers.de\/fr\/wp-json\/wp\/v2\/types\/page"}],"author":[{"embeddable":true,"href":"https:\/\/walnutcareers.de\/fr\/wp-json\/wp\/v2\/users\/1"}],"replies":[{"embeddable":true,"href":"https:\/\/walnutcareers.de\/fr\/wp-json\/wp\/v2\/comments?post=2364"}],"version-history":[{"count":1,"href":"https:\/\/walnutcareers.de\/fr\/wp-json\/wp\/v2\/pages\/2364\/revisions"}],"predecessor-version":[{"id":2367,"href":"https:\/\/walnutcareers.de\/fr\/wp-json\/wp\/v2\/pages\/2364\/revisions\/2367"}],"up":[{"embeddable":true,"href":"https:\/\/walnutcareers.de\/fr\/wp-json\/wp\/v2\/pages\/2369"}],"wp:attachment":[{"href":"https:\/\/walnutcareers.de\/fr\/wp-json\/wp\/v2\/media?parent=2364"}],"curies":[{"name":"wp","href":"https:\/\/api.w.org\/{rel}","templated":true}]}}