{"id":2365,"date":"2023-11-20T09:34:13","date_gmt":"2023-11-20T08:34:13","guid":{"rendered":"https:\/\/walnutcareers.de\/que-fait-un-chef-de-rang\/"},"modified":"2023-11-20T09:34:28","modified_gmt":"2023-11-20T08:34:28","slug":"que-fait-un-chef-de-rang","status":"publish","type":"page","link":"https:\/\/walnutcareers.de\/fr\/que-fait-un-chef-de-rang\/","title":{"rendered":"Que fait un chef de rang ?"},"content":{"rendered":"<div class=\"wpb-content-wrapper\"><p>[vc_row][vc_column][vc_column_text]<\/p>\n<h1><strong>QUE FAIT UN CHEF DE RANG ?<\/strong><\/h1>\n<p>En tant que chef de rang dans un restaurant gastronomique, on est responsable de la gestion d&rsquo;un groupe de serveurs. Le service est surveill\u00e9, les clients doivent \u00eatre satisfaits et les tables doivent \u00eatre servies correctement. Pour s&rsquo;assurer que le service se d\u00e9roule sans accroc, il faut travailler en \u00e9troite collaboration avec le <a href=\"http:\/\/s1035819369.online.de\/wordpress\/was-macht-ein-restaurantleiter\/\">directeur du restaurant<\/a> et le <a href=\"http:\/\/s1035819369.online.de\/wordpress\/was-macht-ein-sommelier\/\">sommelier<\/a>. De m\u00eame, il est responsable de veiller \u00e0 ce que les <a href=\"http:\/\/s1035819369.online.de\/wordpress\/was-macht-ein-commis-de-rang\/\">commis de rang<\/a> ex\u00e9cutent leurs t\u00e2ches conform\u00e9ment aux normes du restaurant.[\/vc_column_text][\/vc_column][\/vc_row][vc_row][vc_column width=\u00a0\u00bb1\/2&Prime;][vc_column_text]<\/p>\n<h3><b>QUELLES SONT TES T\u00c2CHES EN TANT QUE CHEF DE RANG ?<\/b><\/h3>\n<p>En tant que chef de rang dans un restaurant \u00e9toil\u00e9, tu es responsable d&rsquo;un service sans faille. Tu supervises le service et veilles \u00e0 ce que les clients soient satisfaits. Ton r\u00f4le est de veiller \u00e0 ce que toutes les tables soient servies correctement. Tu travailles en \u00e9troite collaboration avec le <a href=\"http:\/\/s1035819369.online.de\/wordpress\/was-macht-ein-restaurantleiter\/\">directeur du restaurant<\/a> et le <a href=\"http:\/\/s1035819369.online.de\/wordpress\/was-macht-ein-sommelier\/\">sommelier<\/a> afin d&rsquo;assurer le bon d\u00e9roulement du service et de satisfaire les clients. Tu d\u00e9finis des normes de service et tu en assures le suivi. En outre, tu es responsable de l&rsquo;initiation et de la formation des <a href=\"http:\/\/s1035819369.online.de\/wordpress\/was-macht-ein-demichef-de-rang\/\">chefs de rang<\/a>. En outre, tu garantis que la zone de service est propre et ordonn\u00e9e et que la facturation des clients se fait correctement. Tu seras \u00e9ventuellement aussi responsable de l&rsquo;organisation d&rsquo;\u00e9v\u00e9nements sp\u00e9ciaux dans le restaurant \u00e9toil\u00e9.[\/vc_column_text][\/vc_column][vc_column width=\u00a0\u00bb1\/2&Prime;][vc_column_text]<\/p>\n<h3><b>QUAND PUIS-JE DEVENIR CHEF DE RANG ?<\/b><\/h3>\n<p>Il n&rsquo;y a pas d&rsquo;exigences pr\u00e9cises quant au moment o\u00f9 l&rsquo;on peut devenir chef de rang. En r\u00e8gle g\u00e9n\u00e9rale, ce poste requiert toutefois quelques ann\u00e9es d&rsquo;exp\u00e9rience dans la restauration et une solide formation de sp\u00e9cialiste en restauration ou en h\u00f4tellerie. Pour devenir chef de rang, tu dois \u00eatre exp\u00e9riment\u00e9 dans le contact avec les clients, avoir de bonnes qualit\u00e9s de leadership et \u00eatre capable de diriger une \u00e9quipe avec succ\u00e8s. Il est \u00e9galement important que tu aies des connaissances dans des domaines tels que le service, l&rsquo;\u0153nologie et la composition des menus.<\/p>\n<p>Il est important de souligner qu&rsquo;il n&rsquo;y a pas de r\u00e8gles fixes concernant le moment o\u00f9 l&rsquo;on peut devenir chef de rang. Certaines personnes deviennent chef de rang plus t\u00f4t, tandis que d&rsquo;autres ont besoin de plus de temps pour acqu\u00e9rir les comp\u00e9tences et l&rsquo;exp\u00e9rience n\u00e9cessaires.[\/vc_column_text][\/vc_column][\/vc_row][vc_row][vc_column width=\u00a0\u00bb1\/2&Prime;][vc_column_text]<\/p>\n<h3><b>QUEL EST LE SALAIRE D&rsquo;UN CHEF DE RANG ?<\/b><\/h3>\n<p>Le salaire d&rsquo;un chef de rang en Suisse et le salaire d&rsquo;un chef de rang en Allemagne d\u00e9pendent de nombreux facteurs tels que la taille du restaurant, l&#8217;emplacement, l&rsquo;exp\u00e9rience de l&#8217;employ\u00e9 et la situation \u00e9conomique g\u00e9n\u00e9rale. En Allemagne, le salaire moyen d&rsquo;un chef de rang est d&rsquo;environ 30.000 \u00e0 40.000 euros par an. Le Le salaire d&rsquo;une h\u00f4tesse d&rsquo;accueil peut varier en fonction de la r\u00e9gion et du type de restaurant. En outre, les chefs de rang peuvent recevoir des pourboires qui peuvent augmenter le salaire.[\/vc_column_text][\/vc_column][vc_column width=\u00a0\u00bb1\/2&Prime;][vc_column_text]<\/p>\n<h3><b>O\u00d9 PUIS-JE TROUVER UN EMPLOI ?<\/b><\/h3>\n<p>Walnut Careers est un recruteur sp\u00e9cialis\u00e9 dans le recrutement de personnel qualifi\u00e9 pour les restaurants gastronomiques. Notre service personnalis\u00e9 aide les clients \u00e0 trouver les meilleurs talents pour leurs restaurants \u00e9toil\u00e9s. Si tu cherches un emploi de chef de rang, contacte-nous et fais-nous part de ton int\u00e9r\u00eat pour un tel poste. Walnut Careers te propose des offres d&#8217;emploi adapt\u00e9es \u00e0 tes besoins sp\u00e9cifiques et t&rsquo;aide \u00e0 postuler et \u00e0 te pr\u00e9parer \u00e0 l&rsquo;entretien d&#8217;embauche.[\/vc_column_text][\/vc_column][\/vc_row][vc_row][vc_column]                        <div class=\"row\">\n                            <div class=\"col-12 gap\">\n                    \n\n<div class=\"jobinner\">\n    <div class=\"row gap\">\n        <div class=\"col-12\">\n            <a style=\"display: block;\" href=\"https:\/\/walnutcareers.de\/fr\/jobs\/directeur-de-restaurant-gn-paderborn\/\" target=\"_blank\">\n                <h3>Directeur de restaurant (gn) Paderborn<\/h3>\n                Le restaurant a pour devise \"Lecker und schlotzig\" et combine une cuisine \u00e9toil\u00e9e de haut niveau avec une agr\u00e9able d\u00e9contraction. L'\u00e9quipe est \u00e9galement chaleureuse et...            <\/a>\n        <\/div>\n    <\/div>\n            <div class=\"row infos small-gap\">\n            <div class=\"col-12\">\n                                    <div class=\"jobdetail cat\">\n                        <i class=\"far fa-utensils\"><\/i> Service                    <\/div>\n                                                    <div class=\"jobdetail location\">\n                        <p class=\"d-none\">object(WP_Term)#34968 (10) {\n  [\"term_id\"]=>\n  int(207)\n  [\"name\"]=>\n  string(28) \"Rh\u00e9nanie-du-Nord-Westphalie\"\n  [\"slug\"]=>\n  string(27) \"rhenanie-du-nord-westphalie\"\n  [\"term_group\"]=>\n  int(0)\n  [\"term_taxonomy_id\"]=>\n  int(207)\n  [\"taxonomy\"]=>\n  string(6) \"region\"\n  [\"description\"]=>\n  string(0) \"\"\n  [\"parent\"]=>\n  int(190)\n  [\"count\"]=>\n  int(23)\n  [\"filter\"]=>\n  string(3) \"raw\"\n}\n<\/p>\n                        <i class=\"far fa-map-marker-alt\"><\/i> Allemagne, Rh\u00e9nanie-du-Nord-Westphalie                    <\/div>\n                                                    <div class=\"jobdetail type\">\n                        <i class=\"far fa-star  \"><\/i> Restaurant 1 \u00e9toile                    <\/div>\n                            <\/div>\n        <\/div>\n        <div class=\"row actions \">\n        <div class=\"col-12\">\n            <a href=\"#\" class=\"direktbewerben directbtn\" id=\"directbtn-2365\" data-id=\"2365\"\n               data-toggle=\"\"\n               data-target=\"\">Postuler <i\n                        class=\"fa fa-angle-right\"><\/i><\/a>\n            <a href=\"https:\/\/walnutcareers.de\/fr\/jobs\/directeur-de-restaurant-gn-paderborn\/\" class=\"readmore\" target=\"_blank\">en savoir plus <i\n                        class=\"fa fa-angle-right\"><\/i><\/a>\n                    <\/div>\n    <\/div>\n<\/div>\n                <\/div>\n                            <div class=\"col-12 gap\">\n                    \n\n<div class=\"jobinner\">\n    <div class=\"row gap\">\n        <div class=\"col-12\">\n            <a style=\"display: block;\" href=\"https:\/\/walnutcareers.de\/fr\/jobs\/chef-patissier-gn-mer-baltique\/\" target=\"_blank\">\n                <h3>Chef P\u00e2tissier (gn) Mer Baltique<\/h3>\n                \n\n\n\n\nCet h\u00f4tel d'une cinquantaine de chambres est situ\u00e9 directement au bord de la mer Baltique. L'espace F&amp;B, qui se compose de deux restaurants, est g\u00e9r\u00e9...            <\/a>\n        <\/div>\n    <\/div>\n            <div class=\"row infos small-gap\">\n            <div class=\"col-12\">\n                                    <div class=\"jobdetail cat\">\n                        <i class=\"far fa-knife-kitchen\"><\/i> Cuisine                    <\/div>\n                                                    <div class=\"jobdetail location\">\n                        <p class=\"d-none\">object(WP_Term)#33989 (10) {\n  [\"term_id\"]=>\n  int(201)\n  [\"name\"]=>\n  string(18) \"Schleswig-Holstein\"\n  [\"slug\"]=>\n  string(21) \"schleswig-holstein-fr\"\n  [\"term_group\"]=>\n  int(0)\n  [\"term_taxonomy_id\"]=>\n  int(201)\n  [\"taxonomy\"]=>\n  string(6) \"region\"\n  [\"description\"]=>\n  string(0) \"\"\n  [\"parent\"]=>\n  int(190)\n  [\"count\"]=>\n  int(16)\n  [\"filter\"]=>\n  string(3) \"raw\"\n}\n<\/p>\n                        <i class=\"far fa-map-marker-alt\"><\/i> Allemagne, Schleswig-Holstein                    <\/div>\n                                            <\/div>\n        <\/div>\n        <div class=\"row actions \">\n        <div class=\"col-12\">\n            <a href=\"#\" class=\"direktbewerben directbtn\" id=\"directbtn-2365\" data-id=\"2365\"\n               data-toggle=\"\"\n               data-target=\"\">Postuler <i\n                        class=\"fa fa-angle-right\"><\/i><\/a>\n            <a href=\"https:\/\/walnutcareers.de\/fr\/jobs\/chef-patissier-gn-mer-baltique\/\" class=\"readmore\" target=\"_blank\">en savoir plus <i\n                        class=\"fa fa-angle-right\"><\/i><\/a>\n                    <\/div>\n    <\/div>\n<\/div>\n                <\/div>\n                            <div class=\"col-12 gap\">\n                    \n\n<div class=\"jobinner\">\n    <div class=\"row gap\">\n        <div class=\"col-12\">\n            <a style=\"display: block;\" href=\"https:\/\/walnutcareers.de\/fr\/jobs\/chef-de-cuisine-gn-development-munich\/\" target=\"_blank\">\n                <h3>Chef de Cuisine (gn) Development Munich<\/h3>\n                Cet h\u00f4tel cinq \u00e9toiles exceptionnel, situ\u00e9 au c\u0153ur de Munich, attire des voyageurs exigeants du monde entier. En bref, cet h\u00f4tel renomm\u00e9 est synonyme d'\u00e9l\u00e9gance,...            <\/a>\n        <\/div>\n    <\/div>\n            <div class=\"row infos small-gap\">\n            <div class=\"col-12\">\n                                                    <div class=\"jobdetail location\">\n                        <p class=\"d-none\">object(WP_Term)#33989 (10) {\n  [\"term_id\"]=>\n  int(188)\n  [\"name\"]=>\n  string(8) \"Bavi\u00e8re\"\n  [\"slug\"]=>\n  string(7) \"baviere\"\n  [\"term_group\"]=>\n  int(0)\n  [\"term_taxonomy_id\"]=>\n  int(188)\n  [\"taxonomy\"]=>\n  string(6) \"region\"\n  [\"description\"]=>\n  string(0) \"\"\n  [\"parent\"]=>\n  int(190)\n  [\"count\"]=>\n  int(62)\n  [\"filter\"]=>\n  string(3) \"raw\"\n}\n<\/p>\n                        <i class=\"far fa-map-marker-alt\"><\/i> Bavi\u00e8re                    <\/div>\n                                                    <div class=\"jobdetail type\">\n                        <i class=\"far fa-h\u00f4tel\"><\/i> H\u00f4tel de luxe                    <\/div>\n                            <\/div>\n        <\/div>\n        <div class=\"row actions \">\n        <div class=\"col-12\">\n            <a href=\"#\" class=\"direktbewerben directbtn\" id=\"directbtn-2365\" data-id=\"2365\"\n               data-toggle=\"\"\n               data-target=\"\">Postuler <i\n                        class=\"fa fa-angle-right\"><\/i><\/a>\n            <a href=\"https:\/\/walnutcareers.de\/fr\/jobs\/chef-de-cuisine-gn-development-munich\/\" class=\"readmore\" target=\"_blank\">en savoir plus <i\n                        class=\"fa fa-angle-right\"><\/i><\/a>\n                    <\/div>\n    <\/div>\n<\/div>\n                <\/div>\n                            <div class=\"col-12 gap\">\n                    \n\n<div class=\"jobinner\">\n    <div class=\"row gap\">\n        <div class=\"col-12\">\n            <a style=\"display: block;\" href=\"https:\/\/walnutcareers.de\/fr\/jobs\/suppleant-directeur-de-restaurant-gn-tegernsee\/\" target=\"_blank\">\n                <h3>Suppl\u00e9ant Directeur de restaurant (gn) Tegernsee<\/h3>\n                Notre client est un restaurant nouvellement ouvert avec des ambitions. La petite \u00e9quipe de 3 personnes au service fournit un service de classe mondiale. Pour...            <\/a>\n        <\/div>\n    <\/div>\n            <div class=\"row infos small-gap\">\n            <div class=\"col-12\">\n                                    <div class=\"jobdetail cat\">\n                        <i class=\"far fa-utensils\"><\/i> Service                    <\/div>\n                                                    <div class=\"jobdetail location\">\n                        <p class=\"d-none\">object(WP_Term)#33992 (10) {\n  [\"term_id\"]=>\n  int(188)\n  [\"name\"]=>\n  string(8) \"Bavi\u00e8re\"\n  [\"slug\"]=>\n  string(7) \"baviere\"\n  [\"term_group\"]=>\n  int(0)\n  [\"term_taxonomy_id\"]=>\n  int(188)\n  [\"taxonomy\"]=>\n  string(6) \"region\"\n  [\"description\"]=>\n  string(0) \"\"\n  [\"parent\"]=>\n  int(190)\n  [\"count\"]=>\n  int(62)\n  [\"filter\"]=>\n  string(3) \"raw\"\n}\n<\/p>\n                        <i class=\"far fa-map-marker-alt\"><\/i> Allemagne, Bavi\u00e8re                    <\/div>\n                                            <\/div>\n        <\/div>\n        <div class=\"row actions \">\n        <div class=\"col-12\">\n            <a href=\"#\" class=\"direktbewerben directbtn\" id=\"directbtn-2365\" data-id=\"2365\"\n               data-toggle=\"\"\n               data-target=\"\">Postuler <i\n                        class=\"fa fa-angle-right\"><\/i><\/a>\n            <a href=\"https:\/\/walnutcareers.de\/fr\/jobs\/suppleant-directeur-de-restaurant-gn-tegernsee\/\" class=\"readmore\" target=\"_blank\">en savoir plus <i\n                        class=\"fa fa-angle-right\"><\/i><\/a>\n                    <\/div>\n    <\/div>\n<\/div>\n                <\/div>\n                            <div class=\"col-12 gap\">\n                    \n\n<div class=\"jobinner\">\n    <div class=\"row gap\">\n        <div class=\"col-12\">\n            <a style=\"display: block;\" href=\"https:\/\/walnutcareers.de\/fr\/jobs\/assistant-fb-gn-hotel-de-luxe-a-munich\/\" target=\"_blank\">\n                <h3>Assistant F&amp;B (gn) H\u00f4tel de luxe \u00e0 Munich<\/h3>\n                Un h\u00f4tel de luxe prim\u00e9 dans le sud de l'Allemagne, qui se distingue par son excellente gastronomie avec plusieurs restaurants, bars et espaces \u00e9v\u00e9nementiels autonomes....            <\/a>\n        <\/div>\n    <\/div>\n            <div class=\"row infos small-gap\">\n            <div class=\"col-12\">\n                                    <div class=\"jobdetail cat\">\n                        <i class=\"far \"><\/i> F&amp;B                    <\/div>\n                                                    <div class=\"jobdetail location\">\n                        <p class=\"d-none\">object(WP_Term)#33992 (10) {\n  [\"term_id\"]=>\n  int(188)\n  [\"name\"]=>\n  string(8) \"Bavi\u00e8re\"\n  [\"slug\"]=>\n  string(7) \"baviere\"\n  [\"term_group\"]=>\n  int(0)\n  [\"term_taxonomy_id\"]=>\n  int(188)\n  [\"taxonomy\"]=>\n  string(6) \"region\"\n  [\"description\"]=>\n  string(0) \"\"\n  [\"parent\"]=>\n  int(190)\n  [\"count\"]=>\n  int(62)\n  [\"filter\"]=>\n  string(3) \"raw\"\n}\n<\/p>\n                        <i class=\"far fa-map-marker-alt\"><\/i> Allemagne, Bavi\u00e8re                    <\/div>\n                                                    <div class=\"jobdetail type\">\n                        <i class=\"far fa-h\u00f4tel\"><\/i> H\u00f4tel de luxe                    <\/div>\n                            <\/div>\n        <\/div>\n        <div class=\"row actions \">\n        <div class=\"col-12\">\n            <a href=\"#\" class=\"direktbewerben directbtn\" id=\"directbtn-2365\" data-id=\"2365\"\n               data-toggle=\"\"\n               data-target=\"\">Postuler <i\n                        class=\"fa fa-angle-right\"><\/i><\/a>\n            <a href=\"https:\/\/walnutcareers.de\/fr\/jobs\/assistant-fb-gn-hotel-de-luxe-a-munich\/\" class=\"readmore\" target=\"_blank\">en savoir plus <i\n                        class=\"fa fa-angle-right\"><\/i><\/a>\n                    <\/div>\n    <\/div>\n<\/div>\n                <\/div>\n                            [\/vc_column][\/vc_row]<\/p>\n<\/div>","protected":false},"excerpt":{"rendered":"<p>[vc_row][vc_column][vc_column_text] QUE FAIT UN CHEF DE RANG ? En tant que chef de rang dans un restaurant gastronomique, on est responsable de la gestion d&rsquo;un groupe de serveurs. Le service est surveill\u00e9, les clients doivent \u00eatre satisfaits et les tables doivent \u00eatre servies correctement. Pour s&rsquo;assurer que le service se d\u00e9roule sans accroc, il faut &hellip; <\/p>\n<p class=\"link-more\"><a href=\"https:\/\/walnutcareers.de\/fr\/jobs\/assistant-fb-gn-hotel-de-luxe-a-munich\/\" class=\"more-link\">Continue reading<span class=\"screen-reader-text\"> \u00ab\u00a0Assistant F&amp;B (gn) H\u00f4tel de luxe \u00e0 Munich\u00a0\u00bb<\/span><\/a><\/p>\n","protected":false},"author":3,"featured_media":0,"parent":0,"menu_order":0,"comment_status":"closed","ping_status":"closed","template":"","meta":{"_acf_changed":false,"footnotes":""},"class_list":["post-2365","page","type-page","status-publish","hentry"],"acf":[],"yoast_head":"<!-- This site is optimized with the Yoast SEO plugin v27.4 - https:\/\/yoast.com\/product\/yoast-seo-wordpress\/ -->\n<title>Que fait un chef de rang ? - Walnut Careers<\/title>\n<meta name=\"description\" content=\"Apprenez-en plus sur les t\u00e2ches d&#039;un chef de rang dans un restaurant gastronomique et sur la mani\u00e8re d&#039;assurer le bon d\u00e9roulement du service.\" \/>\n<meta name=\"robots\" content=\"index, follow, max-snippet:-1, max-image-preview:large, max-video-preview:-1\" \/>\n<link rel=\"canonical\" href=\"https:\/\/walnutcareers.de\/fr\/que-fait-un-chef-de-rang\/\" \/>\n<meta property=\"og:locale\" content=\"fr_FR\" \/>\n<meta property=\"og:type\" content=\"article\" \/>\n<meta property=\"og:title\" content=\"Que fait un chef de rang ? - Walnut Careers\" \/>\n<meta property=\"og:description\" content=\"Apprenez-en plus sur les t\u00e2ches d&#039;un chef de rang dans un restaurant gastronomique et sur la mani\u00e8re d&#039;assurer le bon d\u00e9roulement du service.\" \/>\n<meta property=\"og:url\" content=\"https:\/\/walnutcareers.de\/fr\/que-fait-un-chef-de-rang\/\" \/>\n<meta property=\"og:site_name\" content=\"Walnut Careers\" \/>\n<meta property=\"article:publisher\" content=\"https:\/\/www.facebook.com\/Walnutcareers.de\/\" \/>\n<meta property=\"article:modified_time\" content=\"2023-11-20T08:34:28+00:00\" \/>\n<meta property=\"og:image\" content=\"https:\/\/walnutcareers.de\/wp-content\/uploads\/2019\/06\/DSC_0036-1200x1192.jpg\" \/>\n\t<meta property=\"og:image:width\" content=\"1200\" \/>\n\t<meta property=\"og:image:height\" content=\"1192\" \/>\n\t<meta property=\"og:image:type\" content=\"image\/jpeg\" \/>\n<meta name=\"twitter:card\" content=\"summary_large_image\" \/>\n<meta name=\"twitter:label1\" content=\"Dur\u00e9e de lecture estim\u00e9e\" \/>\n\t<meta name=\"twitter:data1\" content=\"3 minutes\" \/>\n<script type=\"application\/ld+json\" class=\"yoast-schema-graph\">{\"@context\":\"https:\\\/\\\/schema.org\",\"@graph\":[{\"@type\":\"WebPage\",\"@id\":\"https:\\\/\\\/walnutcareers.de\\\/fr\\\/que-fait-un-chef-de-rang\\\/\",\"url\":\"https:\\\/\\\/walnutcareers.de\\\/fr\\\/que-fait-un-chef-de-rang\\\/\",\"name\":\"Que fait un chef de rang ? - Walnut Careers\",\"isPartOf\":{\"@id\":\"https:\\\/\\\/walnutcareers.de\\\/fr\\\/#website\"},\"datePublished\":\"2023-11-20T08:34:13+00:00\",\"dateModified\":\"2023-11-20T08:34:28+00:00\",\"description\":\"Apprenez-en plus sur les t\u00e2ches d'un chef de rang dans un restaurant gastronomique et sur la mani\u00e8re d'assurer le bon d\u00e9roulement du service.\",\"breadcrumb\":{\"@id\":\"https:\\\/\\\/walnutcareers.de\\\/fr\\\/que-fait-un-chef-de-rang\\\/#breadcrumb\"},\"inLanguage\":\"fr-FR\",\"potentialAction\":[{\"@type\":\"ReadAction\",\"target\":[\"https:\\\/\\\/walnutcareers.de\\\/fr\\\/que-fait-un-chef-de-rang\\\/\"]}]},{\"@type\":\"BreadcrumbList\",\"@id\":\"https:\\\/\\\/walnutcareers.de\\\/fr\\\/que-fait-un-chef-de-rang\\\/#breadcrumb\",\"itemListElement\":[{\"@type\":\"ListItem\",\"position\":1,\"name\":\"Startseite\",\"item\":\"https:\\\/\\\/walnutcareers.de\\\/fr\\\/bienvenue\\\/\"},{\"@type\":\"ListItem\",\"position\":2,\"name\":\"Que fait un chef de rang ?\"}]},{\"@type\":\"WebSite\",\"@id\":\"https:\\\/\\\/walnutcareers.de\\\/fr\\\/#website\",\"url\":\"https:\\\/\\\/walnutcareers.de\\\/fr\\\/\",\"name\":\"Walnut Careers\",\"description\":\"Headhunters for culinary art\",\"publisher\":{\"@id\":\"https:\\\/\\\/walnutcareers.de\\\/fr\\\/#organization\"},\"potentialAction\":[{\"@type\":\"SearchAction\",\"target\":{\"@type\":\"EntryPoint\",\"urlTemplate\":\"https:\\\/\\\/walnutcareers.de\\\/fr\\\/?s={search_term_string}\"},\"query-input\":{\"@type\":\"PropertyValueSpecification\",\"valueRequired\":true,\"valueName\":\"search_term_string\"}}],\"inLanguage\":\"fr-FR\"},{\"@type\":\"Organization\",\"@id\":\"https:\\\/\\\/walnutcareers.de\\\/fr\\\/#organization\",\"name\":\"Walnut Careers\",\"url\":\"https:\\\/\\\/walnutcareers.de\\\/fr\\\/\",\"logo\":{\"@type\":\"ImageObject\",\"inLanguage\":\"fr-FR\",\"@id\":\"https:\\\/\\\/walnutcareers.de\\\/fr\\\/#\\\/schema\\\/logo\\\/image\\\/\",\"url\":\"http:\\\/\\\/s1035819369.online.de\\\/wordpress\\\/wp-content\\\/uploads\\\/2019\\\/06\\\/WC-Careers-Logo_ohne.png\",\"contentUrl\":\"http:\\\/\\\/s1035819369.online.de\\\/wordpress\\\/wp-content\\\/uploads\\\/2019\\\/06\\\/WC-Careers-Logo_ohne.png\",\"width\":3700,\"height\":937,\"caption\":\"Walnut Careers\"},\"image\":{\"@id\":\"https:\\\/\\\/walnutcareers.de\\\/fr\\\/#\\\/schema\\\/logo\\\/image\\\/\"},\"sameAs\":[\"https:\\\/\\\/www.facebook.com\\\/Walnutcareers.de\\\/\",\"https:\\\/\\\/www.instagram.com\\\/walnutcareers\\\/\",\"https:\\\/\\\/www.linkedin.com\\\/company\\\/6389122\\\/\",\"https:\\\/\\\/www.youtube.com\\\/channel\\\/UCeAT3ngrHea58yEp5hPf4cQ?view_as=subscriber\"]}]}<\/script>\n<!-- \/ Yoast SEO plugin. -->","yoast_head_json":{"title":"Que fait un chef de rang ? - Walnut Careers","description":"Apprenez-en plus sur les t\u00e2ches d'un chef de rang dans un restaurant gastronomique et sur la mani\u00e8re d'assurer le bon d\u00e9roulement du service.","robots":{"index":"index","follow":"follow","max-snippet":"max-snippet:-1","max-image-preview":"max-image-preview:large","max-video-preview":"max-video-preview:-1"},"canonical":"https:\/\/walnutcareers.de\/fr\/que-fait-un-chef-de-rang\/","og_locale":"fr_FR","og_type":"article","og_title":"Que fait un chef de rang ? - Walnut Careers","og_description":"Apprenez-en plus sur les t\u00e2ches d'un chef de rang dans un restaurant gastronomique et sur la mani\u00e8re d'assurer le bon d\u00e9roulement du service.","og_url":"https:\/\/walnutcareers.de\/fr\/que-fait-un-chef-de-rang\/","og_site_name":"Walnut Careers","article_publisher":"https:\/\/www.facebook.com\/Walnutcareers.de\/","article_modified_time":"2023-11-20T08:34:28+00:00","og_image":[{"width":1200,"height":1192,"url":"https:\/\/walnutcareers.de\/wp-content\/uploads\/2019\/06\/DSC_0036-1200x1192.jpg","type":"image\/jpeg"}],"twitter_card":"summary_large_image","twitter_misc":{"Dur\u00e9e de lecture estim\u00e9e":"3 minutes"},"schema":{"@context":"https:\/\/schema.org","@graph":[{"@type":"WebPage","@id":"https:\/\/walnutcareers.de\/fr\/que-fait-un-chef-de-rang\/","url":"https:\/\/walnutcareers.de\/fr\/que-fait-un-chef-de-rang\/","name":"Que fait un chef de rang ? - Walnut Careers","isPartOf":{"@id":"https:\/\/walnutcareers.de\/fr\/#website"},"datePublished":"2023-11-20T08:34:13+00:00","dateModified":"2023-11-20T08:34:28+00:00","description":"Apprenez-en plus sur les t\u00e2ches d'un chef de rang dans un restaurant gastronomique et sur la mani\u00e8re d'assurer le bon d\u00e9roulement du service.","breadcrumb":{"@id":"https:\/\/walnutcareers.de\/fr\/que-fait-un-chef-de-rang\/#breadcrumb"},"inLanguage":"fr-FR","potentialAction":[{"@type":"ReadAction","target":["https:\/\/walnutcareers.de\/fr\/que-fait-un-chef-de-rang\/"]}]},{"@type":"BreadcrumbList","@id":"https:\/\/walnutcareers.de\/fr\/que-fait-un-chef-de-rang\/#breadcrumb","itemListElement":[{"@type":"ListItem","position":1,"name":"Startseite","item":"https:\/\/walnutcareers.de\/fr\/bienvenue\/"},{"@type":"ListItem","position":2,"name":"Que fait un chef de rang ?"}]},{"@type":"WebSite","@id":"https:\/\/walnutcareers.de\/fr\/#website","url":"https:\/\/walnutcareers.de\/fr\/","name":"Walnut Careers","description":"Headhunters for culinary art","publisher":{"@id":"https:\/\/walnutcareers.de\/fr\/#organization"},"potentialAction":[{"@type":"SearchAction","target":{"@type":"EntryPoint","urlTemplate":"https:\/\/walnutcareers.de\/fr\/?s={search_term_string}"},"query-input":{"@type":"PropertyValueSpecification","valueRequired":true,"valueName":"search_term_string"}}],"inLanguage":"fr-FR"},{"@type":"Organization","@id":"https:\/\/walnutcareers.de\/fr\/#organization","name":"Walnut Careers","url":"https:\/\/walnutcareers.de\/fr\/","logo":{"@type":"ImageObject","inLanguage":"fr-FR","@id":"https:\/\/walnutcareers.de\/fr\/#\/schema\/logo\/image\/","url":"http:\/\/s1035819369.online.de\/wordpress\/wp-content\/uploads\/2019\/06\/WC-Careers-Logo_ohne.png","contentUrl":"http:\/\/s1035819369.online.de\/wordpress\/wp-content\/uploads\/2019\/06\/WC-Careers-Logo_ohne.png","width":3700,"height":937,"caption":"Walnut Careers"},"image":{"@id":"https:\/\/walnutcareers.de\/fr\/#\/schema\/logo\/image\/"},"sameAs":["https:\/\/www.facebook.com\/Walnutcareers.de\/","https:\/\/www.instagram.com\/walnutcareers\/","https:\/\/www.linkedin.com\/company\/6389122\/","https:\/\/www.youtube.com\/channel\/UCeAT3ngrHea58yEp5hPf4cQ?view_as=subscriber"]}]}},"_links":{"self":[{"href":"https:\/\/walnutcareers.de\/fr\/wp-json\/wp\/v2\/pages\/2365","targetHints":{"allow":["GET"]}}],"collection":[{"href":"https:\/\/walnutcareers.de\/fr\/wp-json\/wp\/v2\/pages"}],"about":[{"href":"https:\/\/walnutcareers.de\/fr\/wp-json\/wp\/v2\/types\/page"}],"author":[{"embeddable":true,"href":"https:\/\/walnutcareers.de\/fr\/wp-json\/wp\/v2\/users\/3"}],"replies":[{"embeddable":true,"href":"https:\/\/walnutcareers.de\/fr\/wp-json\/wp\/v2\/comments?post=2365"}],"version-history":[{"count":10,"href":"https:\/\/walnutcareers.de\/fr\/wp-json\/wp\/v2\/pages\/2365\/revisions"}],"predecessor-version":[{"id":2404,"href":"https:\/\/walnutcareers.de\/fr\/wp-json\/wp\/v2\/pages\/2365\/revisions\/2404"}],"wp:attachment":[{"href":"https:\/\/walnutcareers.de\/fr\/wp-json\/wp\/v2\/media?parent=2365"}],"curies":[{"name":"wp","href":"https:\/\/api.w.org\/{rel}","templated":true}]}}