{"id":2366,"date":"2023-11-20T09:34:14","date_gmt":"2023-11-20T08:34:14","guid":{"rendered":"https:\/\/walnutcareers.de\/equipe\/"},"modified":"2023-11-20T09:34:27","modified_gmt":"2023-11-20T08:34:27","slug":"equipe","status":"publish","type":"page","link":"https:\/\/walnutcareers.de\/fr\/equipe\/","title":{"rendered":"\u00c9quipe"},"content":{"rendered":"<div class=\"wpb-content-wrapper\"><p>[vc_row][vc_column][vc_column_text]<\/p>\n<h1 style=\"text-align: center;\">Nous sommes Walnut Careers<\/h1>\n<p>[\/vc_column_text][\/vc_column][\/vc_row][vc_row][vc_column][vc_column_text]<\/p>\n<h2>Recruteur FACT SHEET &#8211; Walnut Careers<\/h2>\n<p>Walnut Careers est un recruteur paneurop\u00e9en sp\u00e9cialis\u00e9 dans l&rsquo;h\u00f4tellerie de luxe et la gastronomie. En tant que premier chasseur de t\u00eates pour la gastronomie \u00e9toil\u00e9e, Patrick Nottebaum a fond\u00e9 l&rsquo;entreprise en 2014 en Allemagne et l&rsquo;a d\u00e9velopp\u00e9e depuis pour en faire la r\u00e9f\u00e9rence dans le secteur. Walnut Careers met en relation les talents avec les meilleurs restaurants et h\u00f4tels de luxe du Guide Michelin en Europe.[\/vc_column_text][\/vc_column][\/vc_row][vc_row][vc_column][vc_column_text]<\/p>\n<h2>COMP\u00c9TENCE NUM\u00c9RIQUE<\/h2>\n<p>Le recrutement et l&rsquo;occupation de postes vacants dans la restauration de haut niveau constituent la comp\u00e9tence principale de l&rsquo;entreprise. Pour ce faire, l&rsquo;entreprise mise sur le savoir-faire technique et le recrutement num\u00e9rique par approche directe. Pour ses donneurs d&rsquo;ordre, Walnut Careers mise sur un conseil global et sur la compr\u00e9hension des exigences tr\u00e8s complexes acquise au fil des ann\u00e9es.<span class=\"Apple-converted-space\"> <\/span><\/p>\n<p>Gr\u00e2ce au <a href=\"http:\/\/s1035819369.online.de\/wordpress\/fr\/candidature-spontanee\/\">contact<\/a> \u00e9troit avec les talents et \u00e0 l&rsquo;\u00e9change permanent, Walnut Careers peut s&rsquo;appuyer sur un vaste pool de personnalit\u00e9s extraordinaires.<\/p>\n<p>Pour nos talents, nous sommes des coachs, des sparring-partners &#8211; nous ouvrons des portes. Dans ce contexte, le conseil aux <a href=\"http:\/\/s1035819369.online.de\/wordpress\/fr\/tu\/\">talents<\/a> est toujours un investissement de notre part. Pour la r\u00e9ussite de nos talents, nous faisons le grand \u00e9cart.<span class=\"Apple-converted-space\"> <\/span>[\/vc_column_text][\/vc_column][\/vc_row]<\/p>\n<\/div>","protected":false},"excerpt":{"rendered":"<p>[vc_row][vc_column][vc_column_text] Nous sommes Walnut Careers [\/vc_column_text][\/vc_column][\/vc_row][vc_row][vc_column][vc_column_text] Recruteur FACT SHEET &#8211; Walnut Careers Walnut Careers est un recruteur paneurop\u00e9en sp\u00e9cialis\u00e9 dans l&rsquo;h\u00f4tellerie de luxe et la gastronomie. En tant que premier chasseur de t\u00eates pour la gastronomie \u00e9toil\u00e9e, Patrick Nottebaum a fond\u00e9 l&rsquo;entreprise en 2014 en Allemagne et l&rsquo;a d\u00e9velopp\u00e9e depuis pour en faire la r\u00e9f\u00e9rence &hellip; <\/p>\n<p class=\"link-more\"><a href=\"https:\/\/walnutcareers.de\/fr\/equipe\/\" class=\"more-link\">Continue reading<span class=\"screen-reader-text\"> \u00ab\u00a0\u00c9quipe\u00a0\u00bb<\/span><\/a><\/p>\n","protected":false},"author":1,"featured_media":2791,"parent":0,"menu_order":0,"comment_status":"closed","ping_status":"closed","template":"page-team.php","meta":{"_acf_changed":false,"footnotes":""},"class_list":["post-2366","page","type-page","status-publish","has-post-thumbnail","hentry"],"acf":[],"yoast_head":"<!-- This site is optimized with the Yoast SEO plugin v27.4 - https:\/\/yoast.com\/product\/yoast-seo-wordpress\/ -->\n<title>\u00c9quipe - Walnut Careers<\/title>\n<meta name=\"description\" content=\"Walnut Careers - Recruteur pour les restaurants gastronomiques. Notre \u00e9quipe est compos\u00e9e de Pia Sophie Schmidt, Sarah Bonacker, Verena et Patrick Nottebaum.\" \/>\n<meta name=\"robots\" content=\"index, follow, max-snippet:-1, max-image-preview:large, max-video-preview:-1\" \/>\n<link rel=\"canonical\" href=\"https:\/\/walnutcareers.de\/fr\/equipe\/\" \/>\n<meta property=\"og:locale\" content=\"fr_FR\" \/>\n<meta property=\"og:type\" content=\"article\" \/>\n<meta property=\"og:title\" content=\"\u00c9quipe - Walnut Careers\" \/>\n<meta property=\"og:description\" content=\"Walnut Careers - Recruteur pour les restaurants gastronomiques. Notre \u00e9quipe est compos\u00e9e de Pia Sophie Schmidt, Sarah Bonacker, Verena et Patrick Nottebaum.\" \/>\n<meta property=\"og:url\" content=\"https:\/\/walnutcareers.de\/fr\/equipe\/\" \/>\n<meta property=\"og:site_name\" content=\"Walnut Careers\" \/>\n<meta property=\"article:publisher\" content=\"https:\/\/www.facebook.com\/Walnutcareers.de\/\" \/>\n<meta property=\"article:modified_time\" content=\"2023-11-20T08:34:27+00:00\" \/>\n<meta property=\"og:image\" content=\"https:\/\/walnutcareers.de\/wp-content\/uploads\/2023\/01\/221102_Walnut_Careers1558_web.jpg\" \/>\n\t<meta property=\"og:image:width\" content=\"2048\" \/>\n\t<meta property=\"og:image:height\" content=\"1365\" \/>\n\t<meta property=\"og:image:type\" content=\"image\/jpeg\" \/>\n<meta name=\"twitter:card\" content=\"summary_large_image\" \/>\n<meta name=\"twitter:label1\" content=\"Dur\u00e9e de lecture estim\u00e9e\" \/>\n\t<meta name=\"twitter:data1\" content=\"1 minute\" \/>\n<script type=\"application\/ld+json\" class=\"yoast-schema-graph\">{\"@context\":\"https:\\\/\\\/schema.org\",\"@graph\":[{\"@type\":\"WebPage\",\"@id\":\"https:\\\/\\\/walnutcareers.de\\\/fr\\\/equipe\\\/\",\"url\":\"https:\\\/\\\/walnutcareers.de\\\/fr\\\/equipe\\\/\",\"name\":\"\u00c9quipe - Walnut Careers\",\"isPartOf\":{\"@id\":\"https:\\\/\\\/walnutcareers.de\\\/fr\\\/#website\"},\"primaryImageOfPage\":{\"@id\":\"https:\\\/\\\/walnutcareers.de\\\/fr\\\/equipe\\\/#primaryimage\"},\"image\":{\"@id\":\"https:\\\/\\\/walnutcareers.de\\\/fr\\\/equipe\\\/#primaryimage\"},\"thumbnailUrl\":\"https:\\\/\\\/walnutcareers.de\\\/wp-content\\\/uploads\\\/2023\\\/01\\\/221102_Walnut_Careers1558_web.jpg\",\"datePublished\":\"2023-11-20T08:34:14+00:00\",\"dateModified\":\"2023-11-20T08:34:27+00:00\",\"description\":\"Walnut Careers - Recruteur pour les restaurants gastronomiques. Notre \u00e9quipe est compos\u00e9e de Pia Sophie Schmidt, Sarah Bonacker, Verena et Patrick Nottebaum.\",\"breadcrumb\":{\"@id\":\"https:\\\/\\\/walnutcareers.de\\\/fr\\\/equipe\\\/#breadcrumb\"},\"inLanguage\":\"fr-FR\",\"potentialAction\":[{\"@type\":\"ReadAction\",\"target\":[\"https:\\\/\\\/walnutcareers.de\\\/fr\\\/equipe\\\/\"]}]},{\"@type\":\"ImageObject\",\"inLanguage\":\"fr-FR\",\"@id\":\"https:\\\/\\\/walnutcareers.de\\\/fr\\\/equipe\\\/#primaryimage\",\"url\":\"https:\\\/\\\/walnutcareers.de\\\/wp-content\\\/uploads\\\/2023\\\/01\\\/221102_Walnut_Careers1558_web.jpg\",\"contentUrl\":\"https:\\\/\\\/walnutcareers.de\\\/wp-content\\\/uploads\\\/2023\\\/01\\\/221102_Walnut_Careers1558_web.jpg\",\"width\":2048,\"height\":1365},{\"@type\":\"BreadcrumbList\",\"@id\":\"https:\\\/\\\/walnutcareers.de\\\/fr\\\/equipe\\\/#breadcrumb\",\"itemListElement\":[{\"@type\":\"ListItem\",\"position\":1,\"name\":\"Startseite\",\"item\":\"https:\\\/\\\/walnutcareers.de\\\/fr\\\/bienvenue\\\/\"},{\"@type\":\"ListItem\",\"position\":2,\"name\":\"\u00c9quipe\"}]},{\"@type\":\"WebSite\",\"@id\":\"https:\\\/\\\/walnutcareers.de\\\/fr\\\/#website\",\"url\":\"https:\\\/\\\/walnutcareers.de\\\/fr\\\/\",\"name\":\"Walnut Careers\",\"description\":\"Headhunters for culinary art\",\"publisher\":{\"@id\":\"https:\\\/\\\/walnutcareers.de\\\/fr\\\/#organization\"},\"potentialAction\":[{\"@type\":\"SearchAction\",\"target\":{\"@type\":\"EntryPoint\",\"urlTemplate\":\"https:\\\/\\\/walnutcareers.de\\\/fr\\\/?s={search_term_string}\"},\"query-input\":{\"@type\":\"PropertyValueSpecification\",\"valueRequired\":true,\"valueName\":\"search_term_string\"}}],\"inLanguage\":\"fr-FR\"},{\"@type\":\"Organization\",\"@id\":\"https:\\\/\\\/walnutcareers.de\\\/fr\\\/#organization\",\"name\":\"Walnut Careers\",\"url\":\"https:\\\/\\\/walnutcareers.de\\\/fr\\\/\",\"logo\":{\"@type\":\"ImageObject\",\"inLanguage\":\"fr-FR\",\"@id\":\"https:\\\/\\\/walnutcareers.de\\\/fr\\\/#\\\/schema\\\/logo\\\/image\\\/\",\"url\":\"http:\\\/\\\/s1035819369.online.de\\\/wordpress\\\/wp-content\\\/uploads\\\/2019\\\/06\\\/WC-Careers-Logo_ohne.png\",\"contentUrl\":\"http:\\\/\\\/s1035819369.online.de\\\/wordpress\\\/wp-content\\\/uploads\\\/2019\\\/06\\\/WC-Careers-Logo_ohne.png\",\"width\":3700,\"height\":937,\"caption\":\"Walnut Careers\"},\"image\":{\"@id\":\"https:\\\/\\\/walnutcareers.de\\\/fr\\\/#\\\/schema\\\/logo\\\/image\\\/\"},\"sameAs\":[\"https:\\\/\\\/www.facebook.com\\\/Walnutcareers.de\\\/\",\"https:\\\/\\\/www.instagram.com\\\/walnutcareers\\\/\",\"https:\\\/\\\/www.linkedin.com\\\/company\\\/6389122\\\/\",\"https:\\\/\\\/www.youtube.com\\\/channel\\\/UCeAT3ngrHea58yEp5hPf4cQ?view_as=subscriber\"]}]}<\/script>\n<!-- \/ Yoast SEO plugin. -->","yoast_head_json":{"title":"\u00c9quipe - Walnut Careers","description":"Walnut Careers - Recruteur pour les restaurants gastronomiques. Notre \u00e9quipe est compos\u00e9e de Pia Sophie Schmidt, Sarah Bonacker, Verena et Patrick Nottebaum.","robots":{"index":"index","follow":"follow","max-snippet":"max-snippet:-1","max-image-preview":"max-image-preview:large","max-video-preview":"max-video-preview:-1"},"canonical":"https:\/\/walnutcareers.de\/fr\/equipe\/","og_locale":"fr_FR","og_type":"article","og_title":"\u00c9quipe - Walnut Careers","og_description":"Walnut Careers - Recruteur pour les restaurants gastronomiques. Notre \u00e9quipe est compos\u00e9e de Pia Sophie Schmidt, Sarah Bonacker, Verena et Patrick Nottebaum.","og_url":"https:\/\/walnutcareers.de\/fr\/equipe\/","og_site_name":"Walnut Careers","article_publisher":"https:\/\/www.facebook.com\/Walnutcareers.de\/","article_modified_time":"2023-11-20T08:34:27+00:00","og_image":[{"width":2048,"height":1365,"url":"https:\/\/walnutcareers.de\/wp-content\/uploads\/2023\/01\/221102_Walnut_Careers1558_web.jpg","type":"image\/jpeg"}],"twitter_card":"summary_large_image","twitter_misc":{"Dur\u00e9e de lecture estim\u00e9e":"1 minute"},"schema":{"@context":"https:\/\/schema.org","@graph":[{"@type":"WebPage","@id":"https:\/\/walnutcareers.de\/fr\/equipe\/","url":"https:\/\/walnutcareers.de\/fr\/equipe\/","name":"\u00c9quipe - Walnut Careers","isPartOf":{"@id":"https:\/\/walnutcareers.de\/fr\/#website"},"primaryImageOfPage":{"@id":"https:\/\/walnutcareers.de\/fr\/equipe\/#primaryimage"},"image":{"@id":"https:\/\/walnutcareers.de\/fr\/equipe\/#primaryimage"},"thumbnailUrl":"https:\/\/walnutcareers.de\/wp-content\/uploads\/2023\/01\/221102_Walnut_Careers1558_web.jpg","datePublished":"2023-11-20T08:34:14+00:00","dateModified":"2023-11-20T08:34:27+00:00","description":"Walnut Careers - Recruteur pour les restaurants gastronomiques. Notre \u00e9quipe est compos\u00e9e de Pia Sophie Schmidt, Sarah Bonacker, Verena et Patrick Nottebaum.","breadcrumb":{"@id":"https:\/\/walnutcareers.de\/fr\/equipe\/#breadcrumb"},"inLanguage":"fr-FR","potentialAction":[{"@type":"ReadAction","target":["https:\/\/walnutcareers.de\/fr\/equipe\/"]}]},{"@type":"ImageObject","inLanguage":"fr-FR","@id":"https:\/\/walnutcareers.de\/fr\/equipe\/#primaryimage","url":"https:\/\/walnutcareers.de\/wp-content\/uploads\/2023\/01\/221102_Walnut_Careers1558_web.jpg","contentUrl":"https:\/\/walnutcareers.de\/wp-content\/uploads\/2023\/01\/221102_Walnut_Careers1558_web.jpg","width":2048,"height":1365},{"@type":"BreadcrumbList","@id":"https:\/\/walnutcareers.de\/fr\/equipe\/#breadcrumb","itemListElement":[{"@type":"ListItem","position":1,"name":"Startseite","item":"https:\/\/walnutcareers.de\/fr\/bienvenue\/"},{"@type":"ListItem","position":2,"name":"\u00c9quipe"}]},{"@type":"WebSite","@id":"https:\/\/walnutcareers.de\/fr\/#website","url":"https:\/\/walnutcareers.de\/fr\/","name":"Walnut Careers","description":"Headhunters for culinary art","publisher":{"@id":"https:\/\/walnutcareers.de\/fr\/#organization"},"potentialAction":[{"@type":"SearchAction","target":{"@type":"EntryPoint","urlTemplate":"https:\/\/walnutcareers.de\/fr\/?s={search_term_string}"},"query-input":{"@type":"PropertyValueSpecification","valueRequired":true,"valueName":"search_term_string"}}],"inLanguage":"fr-FR"},{"@type":"Organization","@id":"https:\/\/walnutcareers.de\/fr\/#organization","name":"Walnut Careers","url":"https:\/\/walnutcareers.de\/fr\/","logo":{"@type":"ImageObject","inLanguage":"fr-FR","@id":"https:\/\/walnutcareers.de\/fr\/#\/schema\/logo\/image\/","url":"http:\/\/s1035819369.online.de\/wordpress\/wp-content\/uploads\/2019\/06\/WC-Careers-Logo_ohne.png","contentUrl":"http:\/\/s1035819369.online.de\/wordpress\/wp-content\/uploads\/2019\/06\/WC-Careers-Logo_ohne.png","width":3700,"height":937,"caption":"Walnut Careers"},"image":{"@id":"https:\/\/walnutcareers.de\/fr\/#\/schema\/logo\/image\/"},"sameAs":["https:\/\/www.facebook.com\/Walnutcareers.de\/","https:\/\/www.instagram.com\/walnutcareers\/","https:\/\/www.linkedin.com\/company\/6389122\/","https:\/\/www.youtube.com\/channel\/UCeAT3ngrHea58yEp5hPf4cQ?view_as=subscriber"]}]}},"_links":{"self":[{"href":"https:\/\/walnutcareers.de\/fr\/wp-json\/wp\/v2\/pages\/2366","targetHints":{"allow":["GET"]}}],"collection":[{"href":"https:\/\/walnutcareers.de\/fr\/wp-json\/wp\/v2\/pages"}],"about":[{"href":"https:\/\/walnutcareers.de\/fr\/wp-json\/wp\/v2\/types\/page"}],"author":[{"embeddable":true,"href":"https:\/\/walnutcareers.de\/fr\/wp-json\/wp\/v2\/users\/1"}],"replies":[{"embeddable":true,"href":"https:\/\/walnutcareers.de\/fr\/wp-json\/wp\/v2\/comments?post=2366"}],"version-history":[{"count":10,"href":"https:\/\/walnutcareers.de\/fr\/wp-json\/wp\/v2\/pages\/2366\/revisions"}],"predecessor-version":[{"id":2401,"href":"https:\/\/walnutcareers.de\/fr\/wp-json\/wp\/v2\/pages\/2366\/revisions\/2401"}],"wp:featuredmedia":[{"embeddable":true,"href":"https:\/\/walnutcareers.de\/fr\/wp-json\/wp\/v2\/media\/2791"}],"wp:attachment":[{"href":"https:\/\/walnutcareers.de\/fr\/wp-json\/wp\/v2\/media?parent=2366"}],"curies":[{"name":"wp","href":"https:\/\/api.w.org\/{rel}","templated":true}]}}