{"id":2374,"date":"2023-11-20T09:34:17","date_gmt":"2023-11-20T08:34:17","guid":{"rendered":"https:\/\/walnutcareers.de\/mentions-legales\/"},"modified":"2023-11-20T09:34:27","modified_gmt":"2023-11-20T08:34:27","slug":"mentions-legales","status":"publish","type":"page","link":"https:\/\/walnutcareers.de\/fr\/mentions-legales\/","title":{"rendered":"Mentions l\u00e9gales"},"content":{"rendered":"<div class=\"wpb-content-wrapper\"><p>[vc_row][vc_column][vc_column_text]<span style=\"letter-spacing: 0px; font-size: 14px; color: #454545;\">Mentions l\u00e9gales<\/span><\/p>\n<p><span style=\"letter-spacing: 0px; font-size: 14px; color: #454545;\"><b>Informations selon \u00a7 5 TMG :<\/b><\/span><\/p>\n<p><span style=\"letter-spacing: 0px; font-size: 14px; color: #454545;\">Walnut Careers e.K.<br \/>\nSternstra\u00dfe 49<br \/>\n<\/span><span style=\"color: #454545; font-size: 14px; letter-spacing: 0px;\">D-40479 D\u00fcsseldorf<\/span><\/p>\n<p><span style=\"letter-spacing: 0px; font-size: 14px; color: #454545;\"><b>Contact :<\/b><\/span><\/p>\n<p><span style=\"letter-spacing: 0px; font-size: 14px; color: #454545;\">T\u00e9l\u00e9phone : +49 175 449 771 8<br \/>\n<\/span><span style=\"letter-spacing: 0px; font-size: 14px; color: #454545;\">Courrier \u00e9lectronique : <a title=\"contact@walnutcareers.de\" href=\"mailto:contact@walnutcareers.de\">contact@walnutcareers.de<\/a><\/span><\/p>\n<p><span style=\"font-size: 14px;\"><span style=\"color: #454545;\"><br \/>\n  <b>Num\u00e9ro de TVA intracommunautaire :<\/b><br \/>\n<\/span><span style=\"color: #454545;\">DE297584244<br \/>\n HRA<strong>:<\/strong> 27168<\/span><\/span><\/p>\n<p><span style=\"letter-spacing: 0px; font-size: 14px; color: #454545;\"><b>Responsable du contenu conform\u00e9ment au \u00a7 55 al. 2 RStV :<\/b><\/span><\/p>\n<p><span style=\"letter-spacing: 0px; font-size: 14px; color: #454545;\">Patrick Nottebaum<br \/>\nRue de l&rsquo;\u00c9toile 49<br \/>\n40479 D\u00fcsseldorf<\/span><\/p>\n<p><span style=\"letter-spacing: 0px; font-size: 14px; color: #454545;\"><b>Indication des sources des images et graphiques utilis\u00e9s :<\/b><\/span><\/p>\n<p><a title=\"www.shutterstock.com\" href=\"http:\/\/www.shutterstock.com\" target=\"_blank\" rel=\"noopener noreferrer\"><span style=\"font-size: 14px; color: #454545;\">www.Shutterstock.com<\/span><\/a><\/p>\n<p><a href=\"http:\/\/www.unsplash.com\"><span style=\"font-size: 14px;\">www.unsplash.com<\/span><\/a><span style=\"font-size: 14px;\"> <\/span><\/p>\n<p><span style=\"letter-spacing: 0px; font-size: 14px; color: #454545;\">Source : <a class=\"\" href=\"http:\/\/www.e-recht24.de\/\" target=\"_top\" rel=\"noopener noreferrer\"><br \/>\n  <span style=\"color: #454545;\"><br \/>\n    <i>http:\/\/www.e-recht24.de<\/i><br \/>\n  <\/span><br \/>\n<\/a><\/span><\/p>\n<p><span style=\"letter-spacing: 0px; font-size: 14px; color: #454545;\">Clause de non-responsabilit\u00e9 (Disclaimer)<\/span><\/p>\n<p><span style=\"letter-spacing: 0px; font-size: 14px; color: #454545;\"><b>Responsabilit\u00e9 du contenu<\/b><\/span><\/p>\n<p><span style=\"letter-spacing: 0px; font-size: 14px; color: #454545;\">En tant que prestataire de services, nous sommes tenus, conform\u00e9ment au \u00a7 7 al.1 TMG pour ses propres contenus sur ces pages selon les lois g\u00e9n\u00e9rales. Selon les \u00a7\u00a7 8 \u00e0 10 de la loi allemande sur les m\u00e9dias \u00e9lectroniques (TMG), nous ne sommes toutefois pas tenus, en tant que prestataire de services, de surveiller les informations externes transmises ou enregistr\u00e9es ou de rechercher les circonstances qui indiquent une activit\u00e9 ill\u00e9gale. Les obligations de supprimer ou de bloquer l&rsquo;utilisation d&rsquo;informations conform\u00e9ment aux lois g\u00e9n\u00e9rales restent inchang\u00e9es. Une responsabilit\u00e9 \u00e0 cet \u00e9gard n&rsquo;est toutefois possible qu&rsquo;\u00e0 partir du moment o\u00f9 une violation concr\u00e8te de la loi est connue. D\u00e8s que nous aurons connaissance de telles violations, nous retirerons imm\u00e9diatement ces contenus.<\/span><\/p>\n<p><span style=\"letter-spacing: 0px; font-size: 14px; color: #454545;\"><b>Responsabilit\u00e9 pour les liens<\/b><\/span><\/p>\n<p><span style=\"letter-spacing: 0px; font-size: 14px; color: #454545;\">Notre offre contient des liens vers des sites web externes de tiers, sur le contenu desquels nous n&rsquo;avons aucune influence. C&rsquo;est pourquoi nous ne pouvons pas non plus nous porter garants de ces contenus \u00e9trangers. Le fournisseur ou l&rsquo;exploitant des pages li\u00e9es est toujours responsable du contenu de ces pages. Les pages li\u00e9es ont \u00e9t\u00e9 v\u00e9rifi\u00e9es au moment de la cr\u00e9ation du lien afin de s&rsquo;assurer qu&rsquo;elles n&rsquo;enfreignaient pas la loi. Aucun contenu ill\u00e9gal n&rsquo;a \u00e9t\u00e9 identifi\u00e9 au moment de la cr\u00e9ation des liens. Un contr\u00f4le permanent du contenu des pages li\u00e9es n&rsquo;est toutefois pas exigible sans indices concrets d&rsquo;une violation de la loi. D\u00e8s que nous aurons connaissance de violations de la loi, nous supprimerons imm\u00e9diatement de tels liens.<\/span><\/p>\n<p><span style=\"letter-spacing: 0px; font-size: 14px; color: #454545;\"><b>Droit d&rsquo;auteur<\/b><\/span><\/p>\n<p><span style=\"letter-spacing: 0px; font-size: 14px; color: #454545;\">Les contenus et \u0153uvres cr\u00e9\u00e9s par les exploitants de ces pages sont soumis au droit d&rsquo;auteur allemand. La reproduction, le traitement, la diffusion et toute forme d&rsquo;exploitation en dehors des limites du droit d&rsquo;auteur requi\u00e8rent l&rsquo;accord \u00e9crit de l&rsquo;auteur ou du cr\u00e9ateur concern\u00e9. Les t\u00e9l\u00e9chargements et les copies de cette page ne sont autoris\u00e9s que pour un usage priv\u00e9 et non commercial. Dans la mesure o\u00f9 les contenus de ce site n&rsquo;ont pas \u00e9t\u00e9 cr\u00e9\u00e9s par l&rsquo;exploitant, les droits d&rsquo;auteur de tiers sont respect\u00e9s. En particulier, les contenus de tiers sont identifi\u00e9s comme tels. Si vous deviez n\u00e9anmoins constater une violation des droits d&rsquo;auteur, nous vous prions de nous en informer. D\u00e8s que nous aurons connaissance d&rsquo;une violation de la loi, nous supprimerons imm\u00e9diatement de tels contenus.<\/span><\/p>\n<p><span style=\"letter-spacing: 0px; font-size: 14px; color: #454545;\"> <\/span>[\/vc_column_text][\/vc_column][\/vc_row]<\/p>\n<\/div>","protected":false},"excerpt":{"rendered":"<p>[vc_row][vc_column][vc_column_text]Mentions l\u00e9gales Informations selon \u00a7 5 TMG : Walnut Careers e.K. Sternstra\u00dfe 49 D-40479 D\u00fcsseldorf Contact : T\u00e9l\u00e9phone : +49 175 449 771 8 Courrier \u00e9lectronique : contact@walnutcareers.de Num\u00e9ro de TVA intracommunautaire : DE297584244 HRA: 27168 Responsable du contenu conform\u00e9ment au \u00a7 55 al. 2 RStV : Patrick Nottebaum Rue de l&rsquo;\u00c9toile 49 40479 D\u00fcsseldorf &hellip; <\/p>\n<p class=\"link-more\"><a href=\"https:\/\/walnutcareers.de\/fr\/mentions-legales\/\" class=\"more-link\">Continue reading<span class=\"screen-reader-text\"> \u00ab\u00a0Mentions l\u00e9gales\u00a0\u00bb<\/span><\/a><\/p>\n","protected":false},"author":1,"featured_media":0,"parent":0,"menu_order":0,"comment_status":"closed","ping_status":"closed","template":"","meta":{"_acf_changed":false,"footnotes":""},"class_list":["post-2374","page","type-page","status-publish","hentry"],"acf":[],"yoast_head":"<!-- This site is optimized with the Yoast SEO plugin v27.4 - https:\/\/yoast.com\/product\/yoast-seo-wordpress\/ -->\n<title>Mentions l\u00e9gales - Walnut Careers<\/title>\n<meta name=\"robots\" content=\"index, follow, max-snippet:-1, max-image-preview:large, max-video-preview:-1\" \/>\n<link rel=\"canonical\" href=\"https:\/\/walnutcareers.de\/fr\/mentions-legales\/\" \/>\n<meta property=\"og:locale\" content=\"fr_FR\" \/>\n<meta property=\"og:type\" content=\"article\" \/>\n<meta property=\"og:title\" content=\"Mentions l\u00e9gales - Walnut Careers\" \/>\n<meta property=\"og:description\" content=\"[vc_row][vc_column][vc_column_text]Mentions l\u00e9gales Informations selon \u00a7 5 TMG : Walnut Careers e.K. Sternstra\u00dfe 49 D-40479 D\u00fcsseldorf Contact : T\u00e9l\u00e9phone : +49 175 449 771 8 Courrier \u00e9lectronique : contact@walnutcareers.de Num\u00e9ro de TVA intracommunautaire : DE297584244 HRA: 27168 Responsable du contenu conform\u00e9ment au \u00a7 55 al. 2 RStV : Patrick Nottebaum Rue de l&rsquo;\u00c9toile 49 40479 D\u00fcsseldorf &hellip; Continue reading &quot;Mentions l\u00e9gales&quot;\" \/>\n<meta property=\"og:url\" content=\"https:\/\/walnutcareers.de\/fr\/mentions-legales\/\" \/>\n<meta property=\"og:site_name\" content=\"Walnut Careers\" \/>\n<meta property=\"article:publisher\" content=\"https:\/\/www.facebook.com\/Walnutcareers.de\/\" \/>\n<meta property=\"article:modified_time\" content=\"2023-11-20T08:34:27+00:00\" \/>\n<meta property=\"og:image\" content=\"https:\/\/walnutcareers.de\/wp-content\/uploads\/2019\/06\/DSC_0036-1200x1192.jpg\" \/>\n\t<meta property=\"og:image:width\" content=\"1200\" \/>\n\t<meta property=\"og:image:height\" content=\"1192\" \/>\n\t<meta property=\"og:image:type\" content=\"image\/jpeg\" \/>\n<meta name=\"twitter:card\" content=\"summary_large_image\" \/>\n<meta name=\"twitter:label1\" content=\"Dur\u00e9e de lecture estim\u00e9e\" \/>\n\t<meta name=\"twitter:data1\" content=\"2 minutes\" \/>\n<script type=\"application\/ld+json\" class=\"yoast-schema-graph\">{\"@context\":\"https:\\\/\\\/schema.org\",\"@graph\":[{\"@type\":\"WebPage\",\"@id\":\"https:\\\/\\\/walnutcareers.de\\\/fr\\\/mentions-legales\\\/\",\"url\":\"https:\\\/\\\/walnutcareers.de\\\/fr\\\/mentions-legales\\\/\",\"name\":\"Mentions l\u00e9gales - Walnut Careers\",\"isPartOf\":{\"@id\":\"https:\\\/\\\/walnutcareers.de\\\/fr\\\/#website\"},\"datePublished\":\"2023-11-20T08:34:17+00:00\",\"dateModified\":\"2023-11-20T08:34:27+00:00\",\"breadcrumb\":{\"@id\":\"https:\\\/\\\/walnutcareers.de\\\/fr\\\/mentions-legales\\\/#breadcrumb\"},\"inLanguage\":\"fr-FR\",\"potentialAction\":[{\"@type\":\"ReadAction\",\"target\":[\"https:\\\/\\\/walnutcareers.de\\\/fr\\\/mentions-legales\\\/\"]}]},{\"@type\":\"BreadcrumbList\",\"@id\":\"https:\\\/\\\/walnutcareers.de\\\/fr\\\/mentions-legales\\\/#breadcrumb\",\"itemListElement\":[{\"@type\":\"ListItem\",\"position\":1,\"name\":\"Startseite\",\"item\":\"https:\\\/\\\/walnutcareers.de\\\/fr\\\/bienvenue\\\/\"},{\"@type\":\"ListItem\",\"position\":2,\"name\":\"Mentions l\u00e9gales\"}]},{\"@type\":\"WebSite\",\"@id\":\"https:\\\/\\\/walnutcareers.de\\\/fr\\\/#website\",\"url\":\"https:\\\/\\\/walnutcareers.de\\\/fr\\\/\",\"name\":\"Walnut Careers\",\"description\":\"Headhunters for culinary art\",\"publisher\":{\"@id\":\"https:\\\/\\\/walnutcareers.de\\\/fr\\\/#organization\"},\"potentialAction\":[{\"@type\":\"SearchAction\",\"target\":{\"@type\":\"EntryPoint\",\"urlTemplate\":\"https:\\\/\\\/walnutcareers.de\\\/fr\\\/?s={search_term_string}\"},\"query-input\":{\"@type\":\"PropertyValueSpecification\",\"valueRequired\":true,\"valueName\":\"search_term_string\"}}],\"inLanguage\":\"fr-FR\"},{\"@type\":\"Organization\",\"@id\":\"https:\\\/\\\/walnutcareers.de\\\/fr\\\/#organization\",\"name\":\"Walnut Careers\",\"url\":\"https:\\\/\\\/walnutcareers.de\\\/fr\\\/\",\"logo\":{\"@type\":\"ImageObject\",\"inLanguage\":\"fr-FR\",\"@id\":\"https:\\\/\\\/walnutcareers.de\\\/fr\\\/#\\\/schema\\\/logo\\\/image\\\/\",\"url\":\"http:\\\/\\\/s1035819369.online.de\\\/wordpress\\\/wp-content\\\/uploads\\\/2019\\\/06\\\/WC-Careers-Logo_ohne.png\",\"contentUrl\":\"http:\\\/\\\/s1035819369.online.de\\\/wordpress\\\/wp-content\\\/uploads\\\/2019\\\/06\\\/WC-Careers-Logo_ohne.png\",\"width\":3700,\"height\":937,\"caption\":\"Walnut Careers\"},\"image\":{\"@id\":\"https:\\\/\\\/walnutcareers.de\\\/fr\\\/#\\\/schema\\\/logo\\\/image\\\/\"},\"sameAs\":[\"https:\\\/\\\/www.facebook.com\\\/Walnutcareers.de\\\/\",\"https:\\\/\\\/www.instagram.com\\\/walnutcareers\\\/\",\"https:\\\/\\\/www.linkedin.com\\\/company\\\/6389122\\\/\",\"https:\\\/\\\/www.youtube.com\\\/channel\\\/UCeAT3ngrHea58yEp5hPf4cQ?view_as=subscriber\"]}]}<\/script>\n<!-- \/ Yoast SEO plugin. -->","yoast_head_json":{"title":"Mentions l\u00e9gales - Walnut Careers","robots":{"index":"index","follow":"follow","max-snippet":"max-snippet:-1","max-image-preview":"max-image-preview:large","max-video-preview":"max-video-preview:-1"},"canonical":"https:\/\/walnutcareers.de\/fr\/mentions-legales\/","og_locale":"fr_FR","og_type":"article","og_title":"Mentions l\u00e9gales - Walnut Careers","og_description":"[vc_row][vc_column][vc_column_text]Mentions l\u00e9gales Informations selon \u00a7 5 TMG : Walnut Careers e.K. Sternstra\u00dfe 49 D-40479 D\u00fcsseldorf Contact : T\u00e9l\u00e9phone : +49 175 449 771 8 Courrier \u00e9lectronique : contact@walnutcareers.de Num\u00e9ro de TVA intracommunautaire : DE297584244 HRA: 27168 Responsable du contenu conform\u00e9ment au \u00a7 55 al. 2 RStV : Patrick Nottebaum Rue de l&rsquo;\u00c9toile 49 40479 D\u00fcsseldorf &hellip; Continue reading \"Mentions l\u00e9gales\"","og_url":"https:\/\/walnutcareers.de\/fr\/mentions-legales\/","og_site_name":"Walnut Careers","article_publisher":"https:\/\/www.facebook.com\/Walnutcareers.de\/","article_modified_time":"2023-11-20T08:34:27+00:00","og_image":[{"width":1200,"height":1192,"url":"https:\/\/walnutcareers.de\/wp-content\/uploads\/2019\/06\/DSC_0036-1200x1192.jpg","type":"image\/jpeg"}],"twitter_card":"summary_large_image","twitter_misc":{"Dur\u00e9e de lecture estim\u00e9e":"2 minutes"},"schema":{"@context":"https:\/\/schema.org","@graph":[{"@type":"WebPage","@id":"https:\/\/walnutcareers.de\/fr\/mentions-legales\/","url":"https:\/\/walnutcareers.de\/fr\/mentions-legales\/","name":"Mentions l\u00e9gales - Walnut Careers","isPartOf":{"@id":"https:\/\/walnutcareers.de\/fr\/#website"},"datePublished":"2023-11-20T08:34:17+00:00","dateModified":"2023-11-20T08:34:27+00:00","breadcrumb":{"@id":"https:\/\/walnutcareers.de\/fr\/mentions-legales\/#breadcrumb"},"inLanguage":"fr-FR","potentialAction":[{"@type":"ReadAction","target":["https:\/\/walnutcareers.de\/fr\/mentions-legales\/"]}]},{"@type":"BreadcrumbList","@id":"https:\/\/walnutcareers.de\/fr\/mentions-legales\/#breadcrumb","itemListElement":[{"@type":"ListItem","position":1,"name":"Startseite","item":"https:\/\/walnutcareers.de\/fr\/bienvenue\/"},{"@type":"ListItem","position":2,"name":"Mentions l\u00e9gales"}]},{"@type":"WebSite","@id":"https:\/\/walnutcareers.de\/fr\/#website","url":"https:\/\/walnutcareers.de\/fr\/","name":"Walnut Careers","description":"Headhunters for culinary art","publisher":{"@id":"https:\/\/walnutcareers.de\/fr\/#organization"},"potentialAction":[{"@type":"SearchAction","target":{"@type":"EntryPoint","urlTemplate":"https:\/\/walnutcareers.de\/fr\/?s={search_term_string}"},"query-input":{"@type":"PropertyValueSpecification","valueRequired":true,"valueName":"search_term_string"}}],"inLanguage":"fr-FR"},{"@type":"Organization","@id":"https:\/\/walnutcareers.de\/fr\/#organization","name":"Walnut Careers","url":"https:\/\/walnutcareers.de\/fr\/","logo":{"@type":"ImageObject","inLanguage":"fr-FR","@id":"https:\/\/walnutcareers.de\/fr\/#\/schema\/logo\/image\/","url":"http:\/\/s1035819369.online.de\/wordpress\/wp-content\/uploads\/2019\/06\/WC-Careers-Logo_ohne.png","contentUrl":"http:\/\/s1035819369.online.de\/wordpress\/wp-content\/uploads\/2019\/06\/WC-Careers-Logo_ohne.png","width":3700,"height":937,"caption":"Walnut Careers"},"image":{"@id":"https:\/\/walnutcareers.de\/fr\/#\/schema\/logo\/image\/"},"sameAs":["https:\/\/www.facebook.com\/Walnutcareers.de\/","https:\/\/www.instagram.com\/walnutcareers\/","https:\/\/www.linkedin.com\/company\/6389122\/","https:\/\/www.youtube.com\/channel\/UCeAT3ngrHea58yEp5hPf4cQ?view_as=subscriber"]}]}},"_links":{"self":[{"href":"https:\/\/walnutcareers.de\/fr\/wp-json\/wp\/v2\/pages\/2374","targetHints":{"allow":["GET"]}}],"collection":[{"href":"https:\/\/walnutcareers.de\/fr\/wp-json\/wp\/v2\/pages"}],"about":[{"href":"https:\/\/walnutcareers.de\/fr\/wp-json\/wp\/v2\/types\/page"}],"author":[{"embeddable":true,"href":"https:\/\/walnutcareers.de\/fr\/wp-json\/wp\/v2\/users\/1"}],"replies":[{"embeddable":true,"href":"https:\/\/walnutcareers.de\/fr\/wp-json\/wp\/v2\/comments?post=2374"}],"version-history":[{"count":1,"href":"https:\/\/walnutcareers.de\/fr\/wp-json\/wp\/v2\/pages\/2374\/revisions"}],"predecessor-version":[{"id":2381,"href":"https:\/\/walnutcareers.de\/fr\/wp-json\/wp\/v2\/pages\/2374\/revisions\/2381"}],"wp:attachment":[{"href":"https:\/\/walnutcareers.de\/fr\/wp-json\/wp\/v2\/media?parent=2374"}],"curies":[{"name":"wp","href":"https:\/\/api.w.org\/{rel}","templated":true}]}}