{"id":2382,"date":"2023-11-20T09:34:19","date_gmt":"2023-11-20T08:34:19","guid":{"rendered":"https:\/\/walnutcareers.de\/conditions-generales-de-vente\/"},"modified":"2023-11-20T09:34:19","modified_gmt":"2023-11-20T08:34:19","slug":"conditions-generales-de-vente","status":"publish","type":"page","link":"https:\/\/walnutcareers.de\/fr\/conditions-generales-de-vente\/","title":{"rendered":"CONDITIONS G\u00c9N\u00c9RALES DE VENTE"},"content":{"rendered":"<h1>Conditions g\u00e9n\u00e9rales de vente<\/h1>\n<p><strong>Conditions g\u00e9n\u00e9rales de vente et de contrat<\/strong><\/p>\n<p>Conditions g\u00e9n\u00e9rales de vente de Walnut Careers e.K., dont le si\u00e8ge est situ\u00e9 Sternstrasse 49, 40479 D\u00fcsseldorf, Allemagne. Appel\u00e9 bri\u00e8vement Walnut dans le texte du contrat.<\/p>\n<p>Mise \u00e0 jour : 15.06.2018<\/p>\n<p><strong>1.1 Base du contrat<\/strong><\/p>\n<p>Walnut est une agence de recrutement dont la mission est d&rsquo;effectuer des placements de personnel entre les donneurs d&rsquo;ordre et les talents. L&rsquo;objectif de cette activit\u00e9 est d&rsquo;\u00e9tablir des relations de travail avec des travailleurs salari\u00e9s et des clients de Walnut. L&rsquo;objet est le simple courtage, mais pas la conclusion de contrats au nom du donneur d&rsquo;ordre.<\/p>\n<p><strong>1.2 Partenaires contractuels<\/strong><\/p>\n<p>Le contrat de prestation de services est conclu entre Walnut et le client.<\/p>\n<p><strong>1.3 Type et \u00e9tendue du service<\/strong><\/p>\n<p>L&rsquo;objet du contrat de service est l&rsquo;acquisition, l&rsquo;\u00e9valuation et la pr\u00e9s\u00e9lection de talents en tenant compte du profil d&rsquo;exigences du client.<\/p>\n<p><strong>2.1 Passation de la commande<\/strong><\/p>\n<p>Le mandant donne un ordre de m\u00e9diation par \u00e9crit, par voie num\u00e9rique ou par t\u00e9l\u00e9phone. Le contrat de service est valid\u00e9 par une reconnaissance \u00e9crite.<\/p>\n<p><strong>2.2 Dispense de contrat<\/strong><\/p>\n<p>Un mandant peut \u00e0 tout moment r\u00e9voquer le mandat qui lui a \u00e9t\u00e9 confi\u00e9. La r\u00e9siliation est gratuite tant que Walnut n&rsquo;a pas engag\u00e9 de frais pour l&rsquo;obtention sous forme de temps de travail, de d\u00e9placements, de frais, d&rsquo;annonces ou autres. Les co\u00fbts r\u00e9ellement encourus sont calcul\u00e9s de mani\u00e8re transparente. Walnut se r\u00e9serve le droit de se retirer \u00e9galement d&rsquo;une commande.<\/p>\n<p><strong>3.1 Ex\u00e9cution du contrat<\/strong><\/p>\n<p>La mission de placement est consid\u00e9r\u00e9e comme accomplie lorsqu&rsquo;un contrat d&#8217;embauche \u00e0 dur\u00e9e d\u00e9termin\u00e9e ou ind\u00e9termin\u00e9e est conclu entre le talent et le client. La date de d\u00e9but de la relation de travail n&rsquo;a pas d&rsquo;importance pour l&rsquo;ex\u00e9cution du contrat. La commission de placement est \u00e9galement due si le contrat de travail est conclu jusqu&rsquo;\u00e0 dix-huit mois apr\u00e8s la pr\u00e9sentation du talent ou si le talent est r\u00e9embauch\u00e9 \u00e0 une date ult\u00e9rieure apr\u00e8s la fin de la relation de travail pendant la p\u00e9riode d&rsquo;essai.<\/p>\n<p><strong>3.2 Dur\u00e9e de la garantie<\/strong><\/p>\n<p>La p\u00e9riode de garantie valable pour le contrat de placement est de 3 mois pour les contrats annuels ou \u00e0 dur\u00e9e ind\u00e9termin\u00e9e, et de 14 jours pour les contrats saisonniers \u00e0 dur\u00e9e d\u00e9termin\u00e9e ; elle n&rsquo;est pas li\u00e9e \u00e0 la p\u00e9riode d&rsquo;essai pr\u00e9vue par le droit du travail ou la loi. La p\u00e9riode de garantie commence \u00e0 la date de d\u00e9but du travail d\u00e9finie dans le contrat de travail.<\/p>\n<p><strong>3.3 Garantie de placement<\/strong><\/p>\n<p>Si un talent plac\u00e9 d\u00e9missionne pendant la p\u00e9riode de garantie, Walnut garantit un remplacement unique et gratuit du poste. Ceci est valable \u00e0 condition que la commission d&rsquo;agence due ait d\u00e9j\u00e0 \u00e9t\u00e9 enti\u00e8rement pay\u00e9e. Si la r\u00e9siliation du talent est bas\u00e9e sur des infractions l\u00e9gales de la part du client ou de l&rsquo;un de ses collaborateurs, le droit au remplacement est annul\u00e9 sans que cela n&rsquo;affecte le droit aux honoraires de Walnut. S&rsquo;il est prouv\u00e9 que Walnut n&rsquo;est pas en mesure de fournir un talent de remplacement ad\u00e9quat, le donneur d&rsquo;ordre re\u00e7oit un cr\u00e9dit \u00e0 hauteur de 70 % du montant convenu de la commande.<\/p>\n<p><strong>4.1 Droit \u00e0 la commission de placement<\/strong><\/p>\n<p>D\u00e8s que le contrat est ex\u00e9cut\u00e9, il donne droit \u00e0 une commission de vente. Si le contrat d&rsquo;engagement est conclu \u00e0 des conditions diff\u00e9rentes de celles propos\u00e9es ou si le talent propos\u00e9 est affect\u00e9 \u00e0 un poste diff\u00e9rent du profil requis, cela n&rsquo;affecte pas le droit aux honoraires de Walnut.<\/p>\n<p><strong>4.2 \u00c9ch\u00e9ances et d\u00e9lai de paiement<\/strong><\/p>\n<p>Le client s&rsquo;engage \u00e0 communiquer \u00e0 Walnut la conclusion d&rsquo;un contrat d&rsquo;engagement avec un talent propos\u00e9 par Walnut dans un d\u00e9lai d&rsquo;une semaine apr\u00e8s la conclusion du contrat. La facturation a lieu imm\u00e9diatement apr\u00e8s la conclusion du contrat d&rsquo;engagement. Tous les prix et commissions de courtage s&rsquo;entendent nets, hors taxes. de la TVA l\u00e9gale et doivent \u00eatre r\u00e9gl\u00e9s imm\u00e9diatement apr\u00e8s l&rsquo;\u00e9tablissement de la facture, sans aucune d\u00e9duction.<\/p>\n<p><strong>5) Clause de non-responsabilit\u00e9<\/strong><\/p>\n<p>Les informations fournies par Walnut sur un talent sont bas\u00e9es sur les renseignements fournis par le talent, ou par des tiers. Walnut ne peut donc pas garantir l&rsquo;exactitude et l&rsquo;exhaustivit\u00e9 des informations fournies, ni l&rsquo;aptitude professionnelle, physique ou psychique du talent. En principe, Walnut n&rsquo;est pas responsable des dommages caus\u00e9s par un talent dans le cadre de son activit\u00e9. Les droits de recours ou d&rsquo;indemnisation du client sont exclus. Walnut ne peut pas non plus garantir qu&rsquo;un talent propos\u00e9 ne sera pas plac\u00e9 ailleurs ou qu&rsquo;il ne prendra pas une autre d\u00e9cision.<\/p>\n<p><strong>6. protection des donn\u00e9es<\/strong><\/p>\n<p>Le client est tenu de traiter toutes les connaissances acquises dans le cadre du pr\u00e9sent contrat de mani\u00e8re confidentielle et, en particulier, de ne pas divulguer \u00e0 des tiers les informations qui lui ont \u00e9t\u00e9 transmises. Si le donneur d&rsquo;ordre enfreint cette r\u00e8gle et que le tiers conclut ensuite un contrat avec le talent propos\u00e9 par Walnut, le donneur d&rsquo;ordre est redevable de la commission comme s&rsquo;il avait lui-m\u00eame conclu ce contrat. Les documents, analogiques ou num\u00e9riques, des talents refus\u00e9s ou annul\u00e9s doivent \u00eatre renvoy\u00e9s dans leur int\u00e9gralit\u00e9 ou d\u00e9truits.<\/p>\n<p><strong>7. dispositions finales<\/strong><\/p>\n<p>Les pr\u00e9sentes CGV r\u00e9gissent la collaboration obligatoire entre Walnut et son client. Tout accord d\u00e9rogeant aux pr\u00e9sentes CGV doit \u00eatre conclu par \u00e9crit. Si une ou plusieurs dispositions des pr\u00e9sentes conditions g\u00e9n\u00e9rales devaient \u00eatre invalid\u00e9es en vertu de dispositions l\u00e9gales, les dispositions restantes continueraient \u00e0 s&rsquo;appliquer. La disposition invalide doit \u00eatre remplac\u00e9e par une disposition licite qui se rapproche de son sens. Les pr\u00e9sentes CGV perdent leur validit\u00e9 d\u00e8s la parution de nouvelles CGV. Les contrats conclus sont soumis au droit allemand. Le tribunal comp\u00e9tent et le lieu d&rsquo;ex\u00e9cution pour les deux parties dans le cadre de ce contrat est le si\u00e8ge de Walnut.<\/p>\n","protected":false},"excerpt":{"rendered":"<p>Conditions g\u00e9n\u00e9rales de vente Conditions g\u00e9n\u00e9rales de vente et de contrat Conditions g\u00e9n\u00e9rales de vente de Walnut Careers e.K., dont le si\u00e8ge est situ\u00e9 Sternstrasse 49, 40479 D\u00fcsseldorf, Allemagne. Appel\u00e9 bri\u00e8vement Walnut dans le texte du contrat. Mise \u00e0 jour : 15.06.2018 1.1 Base du contrat Walnut est une agence de recrutement dont la mission &hellip; <\/p>\n<p class=\"link-more\"><a href=\"https:\/\/walnutcareers.de\/fr\/conditions-generales-de-vente\/\" class=\"more-link\">Continue reading<span class=\"screen-reader-text\"> \u00ab\u00a0CONDITIONS G\u00c9N\u00c9RALES DE VENTE\u00a0\u00bb<\/span><\/a><\/p>\n","protected":false},"author":1,"featured_media":0,"parent":0,"menu_order":0,"comment_status":"closed","ping_status":"closed","template":"","meta":{"_acf_changed":false,"footnotes":""},"class_list":["post-2382","page","type-page","status-publish","hentry"],"acf":[],"yoast_head":"<!-- This site is optimized with the Yoast SEO plugin v27.4 - https:\/\/yoast.com\/product\/yoast-seo-wordpress\/ -->\n<title>CONDITIONS G\u00c9N\u00c9RALES DE VENTE - Walnut Careers<\/title>\n<meta name=\"robots\" content=\"index, follow, max-snippet:-1, max-image-preview:large, max-video-preview:-1\" \/>\n<link rel=\"canonical\" href=\"https:\/\/walnutcareers.de\/fr\/conditions-generales-de-vente\/\" \/>\n<meta property=\"og:locale\" content=\"fr_FR\" \/>\n<meta property=\"og:type\" content=\"article\" \/>\n<meta property=\"og:title\" content=\"CONDITIONS G\u00c9N\u00c9RALES DE VENTE - Walnut Careers\" \/>\n<meta property=\"og:description\" content=\"Conditions g\u00e9n\u00e9rales de vente Conditions g\u00e9n\u00e9rales de vente et de contrat Conditions g\u00e9n\u00e9rales de vente de Walnut Careers e.K., dont le si\u00e8ge est situ\u00e9 Sternstrasse 49, 40479 D\u00fcsseldorf, Allemagne. Appel\u00e9 bri\u00e8vement Walnut dans le texte du contrat. Mise \u00e0 jour : 15.06.2018 1.1 Base du contrat Walnut est une agence de recrutement dont la mission &hellip; Continue reading &quot;CONDITIONS G\u00c9N\u00c9RALES DE VENTE&quot;\" \/>\n<meta property=\"og:url\" content=\"https:\/\/walnutcareers.de\/fr\/conditions-generales-de-vente\/\" \/>\n<meta property=\"og:site_name\" content=\"Walnut Careers\" \/>\n<meta property=\"article:publisher\" content=\"https:\/\/www.facebook.com\/Walnutcareers.de\/\" \/>\n<meta property=\"og:image\" content=\"https:\/\/walnutcareers.de\/wp-content\/uploads\/2019\/06\/DSC_0036-1200x1192.jpg\" \/>\n\t<meta property=\"og:image:width\" content=\"1200\" \/>\n\t<meta property=\"og:image:height\" content=\"1192\" \/>\n\t<meta property=\"og:image:type\" content=\"image\/jpeg\" \/>\n<meta name=\"twitter:card\" content=\"summary_large_image\" \/>\n<meta name=\"twitter:label1\" content=\"Dur\u00e9e de lecture estim\u00e9e\" \/>\n\t<meta name=\"twitter:data1\" content=\"5 minutes\" \/>\n<script type=\"application\/ld+json\" class=\"yoast-schema-graph\">{\"@context\":\"https:\\\/\\\/schema.org\",\"@graph\":[{\"@type\":\"WebPage\",\"@id\":\"https:\\\/\\\/walnutcareers.de\\\/fr\\\/conditions-generales-de-vente\\\/\",\"url\":\"https:\\\/\\\/walnutcareers.de\\\/fr\\\/conditions-generales-de-vente\\\/\",\"name\":\"CONDITIONS G\u00c9N\u00c9RALES DE VENTE - Walnut Careers\",\"isPartOf\":{\"@id\":\"https:\\\/\\\/walnutcareers.de\\\/fr\\\/#website\"},\"datePublished\":\"2023-11-20T08:34:19+00:00\",\"breadcrumb\":{\"@id\":\"https:\\\/\\\/walnutcareers.de\\\/fr\\\/conditions-generales-de-vente\\\/#breadcrumb\"},\"inLanguage\":\"fr-FR\",\"potentialAction\":[{\"@type\":\"ReadAction\",\"target\":[\"https:\\\/\\\/walnutcareers.de\\\/fr\\\/conditions-generales-de-vente\\\/\"]}]},{\"@type\":\"BreadcrumbList\",\"@id\":\"https:\\\/\\\/walnutcareers.de\\\/fr\\\/conditions-generales-de-vente\\\/#breadcrumb\",\"itemListElement\":[{\"@type\":\"ListItem\",\"position\":1,\"name\":\"Startseite\",\"item\":\"https:\\\/\\\/walnutcareers.de\\\/fr\\\/bienvenue\\\/\"},{\"@type\":\"ListItem\",\"position\":2,\"name\":\"CONDITIONS G\u00c9N\u00c9RALES DE VENTE\"}]},{\"@type\":\"WebSite\",\"@id\":\"https:\\\/\\\/walnutcareers.de\\\/fr\\\/#website\",\"url\":\"https:\\\/\\\/walnutcareers.de\\\/fr\\\/\",\"name\":\"Walnut Careers\",\"description\":\"Headhunters for culinary art\",\"publisher\":{\"@id\":\"https:\\\/\\\/walnutcareers.de\\\/fr\\\/#organization\"},\"potentialAction\":[{\"@type\":\"SearchAction\",\"target\":{\"@type\":\"EntryPoint\",\"urlTemplate\":\"https:\\\/\\\/walnutcareers.de\\\/fr\\\/?s={search_term_string}\"},\"query-input\":{\"@type\":\"PropertyValueSpecification\",\"valueRequired\":true,\"valueName\":\"search_term_string\"}}],\"inLanguage\":\"fr-FR\"},{\"@type\":\"Organization\",\"@id\":\"https:\\\/\\\/walnutcareers.de\\\/fr\\\/#organization\",\"name\":\"Walnut Careers\",\"url\":\"https:\\\/\\\/walnutcareers.de\\\/fr\\\/\",\"logo\":{\"@type\":\"ImageObject\",\"inLanguage\":\"fr-FR\",\"@id\":\"https:\\\/\\\/walnutcareers.de\\\/fr\\\/#\\\/schema\\\/logo\\\/image\\\/\",\"url\":\"http:\\\/\\\/s1035819369.online.de\\\/wordpress\\\/wp-content\\\/uploads\\\/2019\\\/06\\\/WC-Careers-Logo_ohne.png\",\"contentUrl\":\"http:\\\/\\\/s1035819369.online.de\\\/wordpress\\\/wp-content\\\/uploads\\\/2019\\\/06\\\/WC-Careers-Logo_ohne.png\",\"width\":3700,\"height\":937,\"caption\":\"Walnut Careers\"},\"image\":{\"@id\":\"https:\\\/\\\/walnutcareers.de\\\/fr\\\/#\\\/schema\\\/logo\\\/image\\\/\"},\"sameAs\":[\"https:\\\/\\\/www.facebook.com\\\/Walnutcareers.de\\\/\",\"https:\\\/\\\/www.instagram.com\\\/walnutcareers\\\/\",\"https:\\\/\\\/www.linkedin.com\\\/company\\\/6389122\\\/\",\"https:\\\/\\\/www.youtube.com\\\/channel\\\/UCeAT3ngrHea58yEp5hPf4cQ?view_as=subscriber\"]}]}<\/script>\n<!-- \/ Yoast SEO plugin. -->","yoast_head_json":{"title":"CONDITIONS G\u00c9N\u00c9RALES DE VENTE - Walnut Careers","robots":{"index":"index","follow":"follow","max-snippet":"max-snippet:-1","max-image-preview":"max-image-preview:large","max-video-preview":"max-video-preview:-1"},"canonical":"https:\/\/walnutcareers.de\/fr\/conditions-generales-de-vente\/","og_locale":"fr_FR","og_type":"article","og_title":"CONDITIONS G\u00c9N\u00c9RALES DE VENTE - Walnut Careers","og_description":"Conditions g\u00e9n\u00e9rales de vente Conditions g\u00e9n\u00e9rales de vente et de contrat Conditions g\u00e9n\u00e9rales de vente de Walnut Careers e.K., dont le si\u00e8ge est situ\u00e9 Sternstrasse 49, 40479 D\u00fcsseldorf, Allemagne. Appel\u00e9 bri\u00e8vement Walnut dans le texte du contrat. Mise \u00e0 jour : 15.06.2018 1.1 Base du contrat Walnut est une agence de recrutement dont la mission &hellip; Continue reading \"CONDITIONS G\u00c9N\u00c9RALES DE VENTE\"","og_url":"https:\/\/walnutcareers.de\/fr\/conditions-generales-de-vente\/","og_site_name":"Walnut Careers","article_publisher":"https:\/\/www.facebook.com\/Walnutcareers.de\/","og_image":[{"width":1200,"height":1192,"url":"https:\/\/walnutcareers.de\/wp-content\/uploads\/2019\/06\/DSC_0036-1200x1192.jpg","type":"image\/jpeg"}],"twitter_card":"summary_large_image","twitter_misc":{"Dur\u00e9e de lecture estim\u00e9e":"5 minutes"},"schema":{"@context":"https:\/\/schema.org","@graph":[{"@type":"WebPage","@id":"https:\/\/walnutcareers.de\/fr\/conditions-generales-de-vente\/","url":"https:\/\/walnutcareers.de\/fr\/conditions-generales-de-vente\/","name":"CONDITIONS G\u00c9N\u00c9RALES DE VENTE - Walnut Careers","isPartOf":{"@id":"https:\/\/walnutcareers.de\/fr\/#website"},"datePublished":"2023-11-20T08:34:19+00:00","breadcrumb":{"@id":"https:\/\/walnutcareers.de\/fr\/conditions-generales-de-vente\/#breadcrumb"},"inLanguage":"fr-FR","potentialAction":[{"@type":"ReadAction","target":["https:\/\/walnutcareers.de\/fr\/conditions-generales-de-vente\/"]}]},{"@type":"BreadcrumbList","@id":"https:\/\/walnutcareers.de\/fr\/conditions-generales-de-vente\/#breadcrumb","itemListElement":[{"@type":"ListItem","position":1,"name":"Startseite","item":"https:\/\/walnutcareers.de\/fr\/bienvenue\/"},{"@type":"ListItem","position":2,"name":"CONDITIONS G\u00c9N\u00c9RALES DE VENTE"}]},{"@type":"WebSite","@id":"https:\/\/walnutcareers.de\/fr\/#website","url":"https:\/\/walnutcareers.de\/fr\/","name":"Walnut Careers","description":"Headhunters for culinary art","publisher":{"@id":"https:\/\/walnutcareers.de\/fr\/#organization"},"potentialAction":[{"@type":"SearchAction","target":{"@type":"EntryPoint","urlTemplate":"https:\/\/walnutcareers.de\/fr\/?s={search_term_string}"},"query-input":{"@type":"PropertyValueSpecification","valueRequired":true,"valueName":"search_term_string"}}],"inLanguage":"fr-FR"},{"@type":"Organization","@id":"https:\/\/walnutcareers.de\/fr\/#organization","name":"Walnut Careers","url":"https:\/\/walnutcareers.de\/fr\/","logo":{"@type":"ImageObject","inLanguage":"fr-FR","@id":"https:\/\/walnutcareers.de\/fr\/#\/schema\/logo\/image\/","url":"http:\/\/s1035819369.online.de\/wordpress\/wp-content\/uploads\/2019\/06\/WC-Careers-Logo_ohne.png","contentUrl":"http:\/\/s1035819369.online.de\/wordpress\/wp-content\/uploads\/2019\/06\/WC-Careers-Logo_ohne.png","width":3700,"height":937,"caption":"Walnut Careers"},"image":{"@id":"https:\/\/walnutcareers.de\/fr\/#\/schema\/logo\/image\/"},"sameAs":["https:\/\/www.facebook.com\/Walnutcareers.de\/","https:\/\/www.instagram.com\/walnutcareers\/","https:\/\/www.linkedin.com\/company\/6389122\/","https:\/\/www.youtube.com\/channel\/UCeAT3ngrHea58yEp5hPf4cQ?view_as=subscriber"]}]}},"_links":{"self":[{"href":"https:\/\/walnutcareers.de\/fr\/wp-json\/wp\/v2\/pages\/2382","targetHints":{"allow":["GET"]}}],"collection":[{"href":"https:\/\/walnutcareers.de\/fr\/wp-json\/wp\/v2\/pages"}],"about":[{"href":"https:\/\/walnutcareers.de\/fr\/wp-json\/wp\/v2\/types\/page"}],"author":[{"embeddable":true,"href":"https:\/\/walnutcareers.de\/fr\/wp-json\/wp\/v2\/users\/1"}],"replies":[{"embeddable":true,"href":"https:\/\/walnutcareers.de\/fr\/wp-json\/wp\/v2\/comments?post=2382"}],"version-history":[{"count":0,"href":"https:\/\/walnutcareers.de\/fr\/wp-json\/wp\/v2\/pages\/2382\/revisions"}],"wp:attachment":[{"href":"https:\/\/walnutcareers.de\/fr\/wp-json\/wp\/v2\/media?parent=2382"}],"curies":[{"name":"wp","href":"https:\/\/api.w.org\/{rel}","templated":true}]}}