{"id":2383,"date":"2023-11-20T09:34:19","date_gmt":"2023-11-20T08:34:19","guid":{"rendered":"https:\/\/walnutcareers.de\/devenir-directeur-de-restaurant\/"},"modified":"2026-02-05T15:11:27","modified_gmt":"2026-02-05T14:11:27","slug":"devenir-directeur-de-restaurant","status":"publish","type":"page","link":"https:\/\/walnutcareers.de\/fr\/devenir-directeur-de-restaurant\/","title":{"rendered":"Devenir directeur de restaurant"},"content":{"rendered":"<div class=\"wpb-content-wrapper\"><p>[vc_row][vc_column][vc_column_text]<\/p>\n<h1>DEVENIR DIRECTEUR DE RESTAURANT &#8211; QUELLES SONT LES T\u00c2CHES ET LES POSSIBILIT\u00c9S DE R\u00c9MUN\u00c9RATION ?<\/h1>\n<p>Tu t&rsquo;es engag\u00e9 comme <a href=\"http:\/\/s1035819369.online.de\/wordpress\/was-macht-ein-chef-de-rang\/\">chef de rang<\/a>, dans le meilleur des cas comme   <a href=\"http:\/\/s1035819369.online.de\/wordpress\/was-macht-ein-stellv-restaurantleiter\/\">Suppl\u00e9ant Directeur du restaurant<\/a>  prouv\u00e9. Tu as acquis suffisamment d&rsquo;exp\u00e9rience, tu as surmont\u00e9 des crises, tu as assum\u00e9 des responsabilit\u00e9s de direction et tu as appris \u00e0 coordonner plut\u00f4t qu&rsquo;\u00e0 tout faire toi-m\u00eame ! Tes comp\u00e9tences ne se limitaient pas \u00e0 la gestion op\u00e9rationnelle des clients, mais comprenaient \u00e9galement le travail sur ordinateur. F\u00e9licitations, tu es donc pr\u00eat \u00e0 \u00eatre au premier rang en tant que directeur de restaurant.[\/vc_column_text][\/vc_column][\/vc_row][vc_row][vc_column width=\u00a0\u00bb1\/2&Prime;][vc_column_text]<\/p>\n<h2><b>QUELLES SONT TES T\u00c2CHES ?<\/b><\/h2>\n<p>En plus de ton r\u00f4le d&rsquo;h\u00f4te dans le service op\u00e9rationnel, tu soutiens tes coll\u00e8gues dans leurs t\u00e2ches quotidiennes. Tu es un mentor pour l&rsquo;\u00e9quipe et un interlocuteur pour le client. Les t\u00e2ches comprennent en outre la coordination de ton \u00e9quipe, l&rsquo;\u00e9tablissement du tableau de service, la planification des cong\u00e9s ainsi que les r\u00e9unions pr\u00e9-shift. La gestion des conflits et des plaintes fait \u00e9galement partie de tes t\u00e2ches et, selon la structure de l&rsquo;entreprise, les achats et le contr\u00f4le de la qualit\u00e9.<span class=\"Apple-converted-space\"> <\/span>[\/vc_column_text][\/vc_column][vc_column width=\u00a0\u00bb1\/2&Prime;][vc_column_text]<\/p>\n<h2><b>QUAND PUIS-JE DEVENIR DIRECTEUR DE RESTAURANT ?<\/b><\/h2>\n<p>Plusieurs ann\u00e9es d&rsquo;exp\u00e9rience professionnelle dans le service op\u00e9rationnel aux clients sont requises.<span class=\"Apple-converted-space\">  De m\u00eame, tu dois d\u00e9j\u00e0 avoir pris en charge la r\u00e9partition et la coordination du personnel. Gestion des plaintes et s\u00e9curit\u00e9 face aux clients et aux coll\u00e8gues &#8211; il s&rsquo;agit aussi de montrer l&rsquo;exemple. Ne faites pas le pas trop vite.  <\/span>[\/vc_column_text][\/vc_column][\/vc_row][vc_row][vc_column width=\u00a0\u00bb1\/2&Prime;][vc_column_text css=\u00a0\u00bb\u00a0\u00bb]<\/p>\n<h2><b>COMBIEN GAGNE UN DIRECTEUR DE RESTAURANT ?<\/b><\/h2>\n<p>Le salaire d\u00e9pend de nombreux facteurs. Si tu commences comme responsable de restaurant, l&rsquo;exp\u00e9rience professionnelle est un crit\u00e8re tr\u00e8s important. Les t\u00e2ches que tu as accomplies jusqu&rsquo;\u00e0 pr\u00e9sent dans le cadre du service quotidien doivent \u00eatre adapt\u00e9es et tu dois \u00eatre en mesure de r\u00e9partir les <a href=\"http:\/\/s1035819369.online.de\/wordpress\/was-macht-ein-chef-de-rang\/\">chefs de rang<\/a> ou <a href=\"http:\/\/s1035819369.online.de\/wordpress\/was-macht-ein-demichef-de-rang\/\">les demi-chefs de rang<\/a>. La taille de l&rsquo;\u00e9tablissement, le niveau de la cuisine, le nombre de clients ainsi que, bien entendu, le Land (diff\u00e9rents tarifs) tombent sous ces conditions. La fourchette de salaire est d&rsquo;environ 3.500,00 EUR &#8211; 5.500,00 EUR brut par mois.<span class=\"Apple-converted-space\"> <\/span>[\/vc_column_text][\/vc_column][vc_column width=\u00a0\u00bb1\/2&Prime;][vc_column_text]<\/p>\n<h2><b>O\u00d9 PUIS-JE TROUVER UN EMPLOI ?<\/b><\/h2>\n<p>L&rsquo;h\u00f4te. Tu r\u00e9fl\u00e9chis et pr\u00e9sentes le restaurant. Dans chaque restaurant, il y a toujours quelqu&rsquo;un qui porte le chapeau. Tu veux jouer ce r\u00f4le ? Alors parlons de tes qualifications.<\/p>\n<p>Walnut Careers t&rsquo;accompagne dans la planification de ta carri\u00e8re et te propose chaque jour de nouveaux postes dans la restauration gastronomique et l&rsquo;h\u00f4tellerie de luxe.[\/vc_column_text][\/vc_column][\/vc_row][vc_row][vc_column]                        <div class=\"row\">\n                            <div class=\"col-12 gap\">\n                    \n\n<div class=\"jobinner\">\n    <div class=\"row gap\">\n        <div class=\"col-12\">\n            <a style=\"display: block;\" href=\"https:\/\/walnutcareers.de\/fr\/jobs\/restaurant-manager-gn-gourmet-antwerpen\/\" target=\"_blank\">\n                <h3>Restaurant Manager (gn) Gourmet Antwerpen<\/h3>\n                Un restaurant gastronomique exclusif b\u00e9n\u00e9ficiant d'un emplacement spectaculaire au c\u0153ur d'Anvers, situ\u00e9 dans les \u00e9tages sup\u00e9rieurs d'un b\u00e2timent culturel prestigieux et offrant une vue incomparable...            <\/a>\n        <\/div>\n    <\/div>\n            <div class=\"row infos small-gap\">\n            <div class=\"col-12\">\n                                    <div class=\"jobdetail cat\">\n                        <i class=\"far fa-utensils\"><\/i> Service                    <\/div>\n                                                    <div class=\"jobdetail location\">\n                        <p class=\"d-none\">object(WP_Term)#34941 (10) {\n  [\"term_id\"]=>\n  int(203)\n  [\"name\"]=>\n  string(8) \"Belgique\"\n  [\"slug\"]=>\n  string(8) \"belgique\"\n  [\"term_group\"]=>\n  int(0)\n  [\"term_taxonomy_id\"]=>\n  int(203)\n  [\"taxonomy\"]=>\n  string(6) \"region\"\n  [\"description\"]=>\n  string(0) \"\"\n  [\"parent\"]=>\n  int(0)\n  [\"count\"]=>\n  int(7)\n  [\"filter\"]=>\n  string(3) \"raw\"\n}\n<\/p>\n                        <i class=\"far fa-map-marker-alt\"><\/i> Anvers, Belgique                    <\/div>\n                                                    <div class=\"jobdetail type\">\n                        <i class=\"far fa-stars\"><\/i> Restaurant 3 \u00e9toiles                    <\/div>\n                            <\/div>\n        <\/div>\n        <div class=\"row actions \">\n        <div class=\"col-12\">\n            <a href=\"#\" class=\"direktbewerben directbtn\" id=\"directbtn-2383\" data-id=\"2383\"\n               data-toggle=\"\"\n               data-target=\"\">Postuler <i\n                        class=\"fa fa-angle-right\"><\/i><\/a>\n            <a href=\"https:\/\/walnutcareers.de\/fr\/jobs\/restaurant-manager-gn-gourmet-antwerpen\/\" class=\"readmore\" target=\"_blank\">en savoir plus <i\n                        class=\"fa fa-angle-right\"><\/i><\/a>\n                    <\/div>\n    <\/div>\n<\/div>\n                <\/div>\n                            <div class=\"col-12 gap\">\n                    \n\n<div class=\"jobinner\">\n    <div class=\"row gap\">\n        <div class=\"col-12\">\n            <a style=\"display: block;\" href=\"https:\/\/walnutcareers.de\/fr\/jobs\/assistant-barman-gn-hambourg\/\" target=\"_blank\">\n                <h3>Sommelier (gn) Hambourg<\/h3>\n                Un restaurant renomm\u00e9 et prim\u00e9 \u00e0 Hambourg, connu pour son excellente cuisine cr\u00e9ative, son service chaleureux et son bar de premi\u00e8re classe. Un lieu qui...            <\/a>\n        <\/div>\n    <\/div>\n            <div class=\"row infos small-gap\">\n            <div class=\"col-12\">\n                                    <div class=\"jobdetail cat\">\n                        <i class=\"far fa-utensils\"><\/i> Service                    <\/div>\n                                                    <div class=\"jobdetail location\">\n                        <p class=\"d-none\">object(WP_Term)#33981 (10) {\n  [\"term_id\"]=>\n  int(229)\n  [\"name\"]=>\n  string(8) \"Hambourg\"\n  [\"slug\"]=>\n  string(8) \"hambourg\"\n  [\"term_group\"]=>\n  int(0)\n  [\"term_taxonomy_id\"]=>\n  int(229)\n  [\"taxonomy\"]=>\n  string(6) \"region\"\n  [\"description\"]=>\n  string(0) \"\"\n  [\"parent\"]=>\n  int(190)\n  [\"count\"]=>\n  int(6)\n  [\"filter\"]=>\n  string(3) \"raw\"\n}\n<\/p>\n                        <i class=\"far fa-map-marker-alt\"><\/i> Hambourg                    <\/div>\n                                            <\/div>\n        <\/div>\n        <div class=\"row actions \">\n        <div class=\"col-12\">\n            <a href=\"#\" class=\"direktbewerben directbtn\" id=\"directbtn-2383\" data-id=\"2383\"\n               data-toggle=\"\"\n               data-target=\"\">Postuler <i\n                        class=\"fa fa-angle-right\"><\/i><\/a>\n            <a href=\"https:\/\/walnutcareers.de\/fr\/jobs\/assistant-barman-gn-hambourg\/\" class=\"readmore\" target=\"_blank\">en savoir plus <i\n                        class=\"fa fa-angle-right\"><\/i><\/a>\n                    <\/div>\n    <\/div>\n<\/div>\n                <\/div>\n                            <div class=\"col-12 gap\">\n                    \n\n<div class=\"jobinner\">\n    <div class=\"row gap\">\n        <div class=\"col-12\">\n            <a style=\"display: block;\" href=\"https:\/\/walnutcareers.de\/fr\/jobs\/chef-de-partie-gn-hotel-de-luxe-munich\/\" target=\"_blank\">\n                <h3>Chef de partie (gn) H\u00f4tel de luxe Munich<\/h3>\n                Un h\u00f4tel cinq \u00e9toiles renomm\u00e9, proposant des concepts gastronomiques vari\u00e9s, recherche des professionnels motiv\u00e9s pour son service de cuisine \u00e9largi dans une m\u00e9tropole importante du...            <\/a>\n        <\/div>\n    <\/div>\n            <div class=\"row infos small-gap\">\n            <div class=\"col-12\">\n                                    <div class=\"jobdetail cat\">\n                        <i class=\"far fa-knife-kitchen\"><\/i> Cuisine                    <\/div>\n                                                    <div class=\"jobdetail location\">\n                        <p class=\"d-none\">object(WP_Term)#33981 (10) {\n  [\"term_id\"]=>\n  int(188)\n  [\"name\"]=>\n  string(8) \"Bavi\u00e8re\"\n  [\"slug\"]=>\n  string(7) \"baviere\"\n  [\"term_group\"]=>\n  int(0)\n  [\"term_taxonomy_id\"]=>\n  int(188)\n  [\"taxonomy\"]=>\n  string(6) \"region\"\n  [\"description\"]=>\n  string(0) \"\"\n  [\"parent\"]=>\n  int(190)\n  [\"count\"]=>\n  int(62)\n  [\"filter\"]=>\n  string(3) \"raw\"\n}\n<\/p>\n                        <i class=\"far fa-map-marker-alt\"><\/i> Allemagne, Bavi\u00e8re                    <\/div>\n                                                    <div class=\"jobdetail type\">\n                        <i class=\"far fa-h\u00f4tel\"><\/i> H\u00f4tel de luxe                    <\/div>\n                            <\/div>\n        <\/div>\n        <div class=\"row actions \">\n        <div class=\"col-12\">\n            <a href=\"#\" class=\"direktbewerben directbtn\" id=\"directbtn-2383\" data-id=\"2383\"\n               data-toggle=\"\"\n               data-target=\"\">Postuler <i\n                        class=\"fa fa-angle-right\"><\/i><\/a>\n            <a href=\"https:\/\/walnutcareers.de\/fr\/jobs\/chef-de-partie-gn-hotel-de-luxe-munich\/\" class=\"readmore\" target=\"_blank\">en savoir plus <i\n                        class=\"fa fa-angle-right\"><\/i><\/a>\n                    <\/div>\n    <\/div>\n<\/div>\n                <\/div>\n                            <div class=\"col-12 gap\">\n                    \n\n<div class=\"jobinner\">\n    <div class=\"row gap\">\n        <div class=\"col-12\">\n            <a style=\"display: block;\" href=\"https:\/\/walnutcareers.de\/fr\/jobs\/restaurant-manager-gn-gourmet-haut-palatinat\/\" target=\"_blank\">\n                <h3>Restaurant Manager (gn) Gourmet Haut-Palatinat<\/h3>\n                Un restaurant 2 \u00e9toiles exclusif situ\u00e9 dans une r\u00e9gion prestigieuse d'Allemagne, synonyme des plus hautes exigences culinaires et de la qualit\u00e9 de service la plus...            <\/a>\n        <\/div>\n    <\/div>\n            <div class=\"row infos small-gap\">\n            <div class=\"col-12\">\n                                    <div class=\"jobdetail cat\">\n                        <i class=\"far fa-utensils\"><\/i> Service                    <\/div>\n                                                    <div class=\"jobdetail location\">\n                        <p class=\"d-none\">object(WP_Term)#33988 (10) {\n  [\"term_id\"]=>\n  int(188)\n  [\"name\"]=>\n  string(8) \"Bavi\u00e8re\"\n  [\"slug\"]=>\n  string(7) \"baviere\"\n  [\"term_group\"]=>\n  int(0)\n  [\"term_taxonomy_id\"]=>\n  int(188)\n  [\"taxonomy\"]=>\n  string(6) \"region\"\n  [\"description\"]=>\n  string(0) \"\"\n  [\"parent\"]=>\n  int(190)\n  [\"count\"]=>\n  int(62)\n  [\"filter\"]=>\n  string(3) \"raw\"\n}\n<\/p>\n                        <i class=\"far fa-map-marker-alt\"><\/i> Allemagne, Bavi\u00e8re                    <\/div>\n                                                    <div class=\"jobdetail type\">\n                        <i class=\"far fa-stars\"><\/i> Restaurant 2 \u00e9toiles                    <\/div>\n                            <\/div>\n        <\/div>\n        <div class=\"row actions \">\n        <div class=\"col-12\">\n            <a href=\"#\" class=\"direktbewerben directbtn\" id=\"directbtn-2383\" data-id=\"2383\"\n               data-toggle=\"\"\n               data-target=\"\">Postuler <i\n                        class=\"fa fa-angle-right\"><\/i><\/a>\n            <a href=\"https:\/\/walnutcareers.de\/fr\/jobs\/restaurant-manager-gn-gourmet-haut-palatinat\/\" class=\"readmore\" target=\"_blank\">en savoir plus <i\n                        class=\"fa fa-angle-right\"><\/i><\/a>\n                    <\/div>\n    <\/div>\n<\/div>\n                <\/div>\n                            <div class=\"col-12 gap\">\n                    \n\n<div class=\"jobinner\">\n    <div class=\"row gap\">\n        <div class=\"col-12\">\n            <a style=\"display: block;\" href=\"https:\/\/walnutcareers.de\/fr\/jobs\/commercial-gn-fine-food-frankfurt\/\" target=\"_blank\">\n                <h3>Commercial (gn) Fine Food Frankfurt<\/h3>\n                Notre client est une entreprise dynamique et ind\u00e9pendante dans le segment haut de gamme de la fine food et des sp\u00e9cialit\u00e9s culinaires. En se concentrant...            <\/a>\n        <\/div>\n    <\/div>\n            <div class=\"row infos small-gap\">\n            <div class=\"col-12\">\n                                    <div class=\"jobdetail cat\">\n                        <i class=\"far fa-industry-alt\"><\/i> Distribution\/ Industrie                    <\/div>\n                                                    <div class=\"jobdetail location\">\n                        <p class=\"d-none\">object(WP_Term)#33989 (10) {\n  [\"term_id\"]=>\n  int(199)\n  [\"name\"]=>\n  string(5) \"Hesse\"\n  [\"slug\"]=>\n  string(8) \"hesse-fr\"\n  [\"term_group\"]=>\n  int(0)\n  [\"term_taxonomy_id\"]=>\n  int(199)\n  [\"taxonomy\"]=>\n  string(6) \"region\"\n  [\"description\"]=>\n  string(0) \"\"\n  [\"parent\"]=>\n  int(190)\n  [\"count\"]=>\n  int(18)\n  [\"filter\"]=>\n  string(3) \"raw\"\n}\n<\/p>\n                        <i class=\"far fa-map-marker-alt\"><\/i> Allemagne, Hesse                    <\/div>\n                                                    <div class=\"jobdetail type\">\n                        <i class=\"far fa-industry-alt\"><\/i> Industrie                    <\/div>\n                            <\/div>\n        <\/div>\n        <div class=\"row actions \">\n        <div class=\"col-12\">\n            <a href=\"#\" class=\"direktbewerben directbtn\" id=\"directbtn-2383\" data-id=\"2383\"\n               data-toggle=\"\"\n               data-target=\"\">Postuler <i\n                        class=\"fa fa-angle-right\"><\/i><\/a>\n            <a href=\"https:\/\/walnutcareers.de\/fr\/jobs\/commercial-gn-fine-food-frankfurt\/\" class=\"readmore\" target=\"_blank\">en savoir plus <i\n                        class=\"fa fa-angle-right\"><\/i><\/a>\n                    <\/div>\n    <\/div>\n<\/div>\n                <\/div>\n                            [\/vc_column][\/vc_row]<\/p>\n<\/div>","protected":false},"excerpt":{"rendered":"<p>[vc_row][vc_column][vc_column_text] DEVENIR DIRECTEUR DE RESTAURANT &#8211; QUELLES SONT LES T\u00c2CHES ET LES POSSIBILIT\u00c9S DE R\u00c9MUN\u00c9RATION ? Tu t&rsquo;es engag\u00e9 comme chef de rang, dans le meilleur des cas comme Suppl\u00e9ant Directeur du restaurant prouv\u00e9. Tu as acquis suffisamment d&rsquo;exp\u00e9rience, tu as surmont\u00e9 des crises, tu as assum\u00e9 des responsabilit\u00e9s de direction et tu as appris &hellip; <\/p>\n<p class=\"link-more\"><a href=\"https:\/\/walnutcareers.de\/fr\/jobs\/commercial-gn-fine-food-frankfurt\/\" class=\"more-link\">Continue reading<span class=\"screen-reader-text\"> \u00ab\u00a0Commercial (gn) Fine Food Frankfurt\u00a0\u00bb<\/span><\/a><\/p>\n","protected":false},"author":3,"featured_media":0,"parent":0,"menu_order":0,"comment_status":"closed","ping_status":"closed","template":"","meta":{"_acf_changed":false,"footnotes":""},"class_list":["post-2383","page","type-page","status-publish","hentry"],"acf":[],"yoast_head":"<!-- This site is optimized with the Yoast SEO plugin v27.4 - https:\/\/yoast.com\/product\/yoast-seo-wordpress\/ -->\n<title>Devenir directeur de restaurant - Walnut Careers<\/title>\n<meta name=\"description\" content=\"Devenir directeur de restaurant ? Apprenez-en plus sur le r\u00f4le du directeur de restaurant, les exigences et les possibilit\u00e9s de r\u00e9mun\u00e9ration.\" \/>\n<meta name=\"robots\" content=\"index, follow, max-snippet:-1, max-image-preview:large, max-video-preview:-1\" \/>\n<link rel=\"canonical\" href=\"https:\/\/walnutcareers.de\/fr\/devenir-directeur-de-restaurant\/\" \/>\n<meta property=\"og:locale\" content=\"fr_FR\" \/>\n<meta property=\"og:type\" content=\"article\" \/>\n<meta property=\"og:title\" content=\"Devenir directeur de restaurant - Walnut Careers\" \/>\n<meta property=\"og:description\" content=\"Devenir directeur de restaurant ? Apprenez-en plus sur le r\u00f4le du directeur de restaurant, les exigences et les possibilit\u00e9s de r\u00e9mun\u00e9ration.\" \/>\n<meta property=\"og:url\" content=\"https:\/\/walnutcareers.de\/fr\/devenir-directeur-de-restaurant\/\" \/>\n<meta property=\"og:site_name\" content=\"Walnut Careers\" \/>\n<meta property=\"article:publisher\" content=\"https:\/\/www.facebook.com\/Walnutcareers.de\/\" \/>\n<meta property=\"article:modified_time\" content=\"2026-02-05T14:11:27+00:00\" \/>\n<meta property=\"og:image\" content=\"https:\/\/walnutcareers.de\/wp-content\/uploads\/2019\/06\/DSC_0036-1200x1192.jpg\" \/>\n\t<meta property=\"og:image:width\" content=\"1200\" \/>\n\t<meta property=\"og:image:height\" content=\"1192\" \/>\n\t<meta property=\"og:image:type\" content=\"image\/jpeg\" \/>\n<meta name=\"twitter:card\" content=\"summary_large_image\" \/>\n<meta name=\"twitter:label1\" content=\"Dur\u00e9e de lecture estim\u00e9e\" \/>\n\t<meta name=\"twitter:data1\" content=\"3 minutes\" \/>\n<script type=\"application\/ld+json\" class=\"yoast-schema-graph\">{\"@context\":\"https:\\\/\\\/schema.org\",\"@graph\":[{\"@type\":\"WebPage\",\"@id\":\"https:\\\/\\\/walnutcareers.de\\\/fr\\\/devenir-directeur-de-restaurant\\\/\",\"url\":\"https:\\\/\\\/walnutcareers.de\\\/fr\\\/devenir-directeur-de-restaurant\\\/\",\"name\":\"Devenir directeur de restaurant - Walnut Careers\",\"isPartOf\":{\"@id\":\"https:\\\/\\\/walnutcareers.de\\\/fr\\\/#website\"},\"datePublished\":\"2023-11-20T08:34:19+00:00\",\"dateModified\":\"2026-02-05T14:11:27+00:00\",\"description\":\"Devenir directeur de restaurant ? Apprenez-en plus sur le r\u00f4le du directeur de restaurant, les exigences et les possibilit\u00e9s de r\u00e9mun\u00e9ration.\",\"breadcrumb\":{\"@id\":\"https:\\\/\\\/walnutcareers.de\\\/fr\\\/devenir-directeur-de-restaurant\\\/#breadcrumb\"},\"inLanguage\":\"fr-FR\",\"potentialAction\":[{\"@type\":\"ReadAction\",\"target\":[\"https:\\\/\\\/walnutcareers.de\\\/fr\\\/devenir-directeur-de-restaurant\\\/\"]}]},{\"@type\":\"BreadcrumbList\",\"@id\":\"https:\\\/\\\/walnutcareers.de\\\/fr\\\/devenir-directeur-de-restaurant\\\/#breadcrumb\",\"itemListElement\":[{\"@type\":\"ListItem\",\"position\":1,\"name\":\"Startseite\",\"item\":\"https:\\\/\\\/walnutcareers.de\\\/fr\\\/bienvenue\\\/\"},{\"@type\":\"ListItem\",\"position\":2,\"name\":\"Devenir directeur de restaurant\"}]},{\"@type\":\"WebSite\",\"@id\":\"https:\\\/\\\/walnutcareers.de\\\/fr\\\/#website\",\"url\":\"https:\\\/\\\/walnutcareers.de\\\/fr\\\/\",\"name\":\"Walnut Careers\",\"description\":\"Headhunters for culinary art\",\"publisher\":{\"@id\":\"https:\\\/\\\/walnutcareers.de\\\/fr\\\/#organization\"},\"potentialAction\":[{\"@type\":\"SearchAction\",\"target\":{\"@type\":\"EntryPoint\",\"urlTemplate\":\"https:\\\/\\\/walnutcareers.de\\\/fr\\\/?s={search_term_string}\"},\"query-input\":{\"@type\":\"PropertyValueSpecification\",\"valueRequired\":true,\"valueName\":\"search_term_string\"}}],\"inLanguage\":\"fr-FR\"},{\"@type\":\"Organization\",\"@id\":\"https:\\\/\\\/walnutcareers.de\\\/fr\\\/#organization\",\"name\":\"Walnut Careers\",\"url\":\"https:\\\/\\\/walnutcareers.de\\\/fr\\\/\",\"logo\":{\"@type\":\"ImageObject\",\"inLanguage\":\"fr-FR\",\"@id\":\"https:\\\/\\\/walnutcareers.de\\\/fr\\\/#\\\/schema\\\/logo\\\/image\\\/\",\"url\":\"http:\\\/\\\/s1035819369.online.de\\\/wordpress\\\/wp-content\\\/uploads\\\/2019\\\/06\\\/WC-Careers-Logo_ohne.png\",\"contentUrl\":\"http:\\\/\\\/s1035819369.online.de\\\/wordpress\\\/wp-content\\\/uploads\\\/2019\\\/06\\\/WC-Careers-Logo_ohne.png\",\"width\":3700,\"height\":937,\"caption\":\"Walnut Careers\"},\"image\":{\"@id\":\"https:\\\/\\\/walnutcareers.de\\\/fr\\\/#\\\/schema\\\/logo\\\/image\\\/\"},\"sameAs\":[\"https:\\\/\\\/www.facebook.com\\\/Walnutcareers.de\\\/\",\"https:\\\/\\\/www.instagram.com\\\/walnutcareers\\\/\",\"https:\\\/\\\/www.linkedin.com\\\/company\\\/6389122\\\/\",\"https:\\\/\\\/www.youtube.com\\\/channel\\\/UCeAT3ngrHea58yEp5hPf4cQ?view_as=subscriber\"]}]}<\/script>\n<!-- \/ Yoast SEO plugin. -->","yoast_head_json":{"title":"Devenir directeur de restaurant - Walnut Careers","description":"Devenir directeur de restaurant ? Apprenez-en plus sur le r\u00f4le du directeur de restaurant, les exigences et les possibilit\u00e9s de r\u00e9mun\u00e9ration.","robots":{"index":"index","follow":"follow","max-snippet":"max-snippet:-1","max-image-preview":"max-image-preview:large","max-video-preview":"max-video-preview:-1"},"canonical":"https:\/\/walnutcareers.de\/fr\/devenir-directeur-de-restaurant\/","og_locale":"fr_FR","og_type":"article","og_title":"Devenir directeur de restaurant - Walnut Careers","og_description":"Devenir directeur de restaurant ? Apprenez-en plus sur le r\u00f4le du directeur de restaurant, les exigences et les possibilit\u00e9s de r\u00e9mun\u00e9ration.","og_url":"https:\/\/walnutcareers.de\/fr\/devenir-directeur-de-restaurant\/","og_site_name":"Walnut Careers","article_publisher":"https:\/\/www.facebook.com\/Walnutcareers.de\/","article_modified_time":"2026-02-05T14:11:27+00:00","og_image":[{"width":1200,"height":1192,"url":"https:\/\/walnutcareers.de\/wp-content\/uploads\/2019\/06\/DSC_0036-1200x1192.jpg","type":"image\/jpeg"}],"twitter_card":"summary_large_image","twitter_misc":{"Dur\u00e9e de lecture estim\u00e9e":"3 minutes"},"schema":{"@context":"https:\/\/schema.org","@graph":[{"@type":"WebPage","@id":"https:\/\/walnutcareers.de\/fr\/devenir-directeur-de-restaurant\/","url":"https:\/\/walnutcareers.de\/fr\/devenir-directeur-de-restaurant\/","name":"Devenir directeur de restaurant - Walnut Careers","isPartOf":{"@id":"https:\/\/walnutcareers.de\/fr\/#website"},"datePublished":"2023-11-20T08:34:19+00:00","dateModified":"2026-02-05T14:11:27+00:00","description":"Devenir directeur de restaurant ? Apprenez-en plus sur le r\u00f4le du directeur de restaurant, les exigences et les possibilit\u00e9s de r\u00e9mun\u00e9ration.","breadcrumb":{"@id":"https:\/\/walnutcareers.de\/fr\/devenir-directeur-de-restaurant\/#breadcrumb"},"inLanguage":"fr-FR","potentialAction":[{"@type":"ReadAction","target":["https:\/\/walnutcareers.de\/fr\/devenir-directeur-de-restaurant\/"]}]},{"@type":"BreadcrumbList","@id":"https:\/\/walnutcareers.de\/fr\/devenir-directeur-de-restaurant\/#breadcrumb","itemListElement":[{"@type":"ListItem","position":1,"name":"Startseite","item":"https:\/\/walnutcareers.de\/fr\/bienvenue\/"},{"@type":"ListItem","position":2,"name":"Devenir directeur de restaurant"}]},{"@type":"WebSite","@id":"https:\/\/walnutcareers.de\/fr\/#website","url":"https:\/\/walnutcareers.de\/fr\/","name":"Walnut Careers","description":"Headhunters for culinary art","publisher":{"@id":"https:\/\/walnutcareers.de\/fr\/#organization"},"potentialAction":[{"@type":"SearchAction","target":{"@type":"EntryPoint","urlTemplate":"https:\/\/walnutcareers.de\/fr\/?s={search_term_string}"},"query-input":{"@type":"PropertyValueSpecification","valueRequired":true,"valueName":"search_term_string"}}],"inLanguage":"fr-FR"},{"@type":"Organization","@id":"https:\/\/walnutcareers.de\/fr\/#organization","name":"Walnut Careers","url":"https:\/\/walnutcareers.de\/fr\/","logo":{"@type":"ImageObject","inLanguage":"fr-FR","@id":"https:\/\/walnutcareers.de\/fr\/#\/schema\/logo\/image\/","url":"http:\/\/s1035819369.online.de\/wordpress\/wp-content\/uploads\/2019\/06\/WC-Careers-Logo_ohne.png","contentUrl":"http:\/\/s1035819369.online.de\/wordpress\/wp-content\/uploads\/2019\/06\/WC-Careers-Logo_ohne.png","width":3700,"height":937,"caption":"Walnut Careers"},"image":{"@id":"https:\/\/walnutcareers.de\/fr\/#\/schema\/logo\/image\/"},"sameAs":["https:\/\/www.facebook.com\/Walnutcareers.de\/","https:\/\/www.instagram.com\/walnutcareers\/","https:\/\/www.linkedin.com\/company\/6389122\/","https:\/\/www.youtube.com\/channel\/UCeAT3ngrHea58yEp5hPf4cQ?view_as=subscriber"]}]}},"_links":{"self":[{"href":"https:\/\/walnutcareers.de\/fr\/wp-json\/wp\/v2\/pages\/2383","targetHints":{"allow":["GET"]}}],"collection":[{"href":"https:\/\/walnutcareers.de\/fr\/wp-json\/wp\/v2\/pages"}],"about":[{"href":"https:\/\/walnutcareers.de\/fr\/wp-json\/wp\/v2\/types\/page"}],"author":[{"embeddable":true,"href":"https:\/\/walnutcareers.de\/fr\/wp-json\/wp\/v2\/users\/3"}],"replies":[{"embeddable":true,"href":"https:\/\/walnutcareers.de\/fr\/wp-json\/wp\/v2\/comments?post=2383"}],"version-history":[{"count":3,"href":"https:\/\/walnutcareers.de\/fr\/wp-json\/wp\/v2\/pages\/2383\/revisions"}],"predecessor-version":[{"id":3549,"href":"https:\/\/walnutcareers.de\/fr\/wp-json\/wp\/v2\/pages\/2383\/revisions\/3549"}],"wp:attachment":[{"href":"https:\/\/walnutcareers.de\/fr\/wp-json\/wp\/v2\/media?parent=2383"}],"curies":[{"name":"wp","href":"https:\/\/api.w.org\/{rel}","templated":true}]}}