{"id":2389,"date":"2023-11-20T09:34:22","date_gmt":"2023-11-20T08:34:22","guid":{"rendered":"https:\/\/walnutcareers.de\/que-fait-un-commis-de-rang\/"},"modified":"2023-11-20T09:34:27","modified_gmt":"2023-11-20T08:34:27","slug":"que-fait-un-commis-de-rang","status":"publish","type":"page","link":"https:\/\/walnutcareers.de\/fr\/que-fait-un-commis-de-rang\/","title":{"rendered":"Que fait un commis de rang ?"},"content":{"rendered":"<div class=\"wpb-content-wrapper\"><p>[vc_row][vc_column][vc_column_text]<\/p>\n<h1><strong>QUE FAIT UN COMMIS DE RANG ?<\/strong><\/h1>\n<p>Un commis de rang est un poste d&rsquo;entr\u00e9e dans le domaine de la gestion d&rsquo;un h\u00f4tel ou d&rsquo;un restaurant. Les t\u00e2ches principales d&rsquo;un commis de rang comprennent la pr\u00e9paration et la pr\u00e9sentation des plats et des boissons, le remplissage des buffets, la mise en place et le d\u00e9barrassage des tables, ainsi que le soutien de l&rsquo;\u00e9quipe de service, \u00e0 savoir le <a href=\"http:\/\/s1035819369.online.de\/wordpress\/fr\/que-fait-un-chef-de-rang\/\">chef de rang<\/a> et le <a href=\"http:\/\/s1035819369.online.de\/wordpress\/was-macht-ein-demichef-de-rang\/\">demi-chef de rang<\/a>. Il s&rsquo;agit d&rsquo;un poste important, car l&rsquo;engagement et la performance d&rsquo;un commis de rang ont une influence directe sur le succ\u00e8s et la satisfaction des clients.[\/vc_column_text][\/vc_column][\/vc_row][vc_row][vc_column width=\u00a0\u00bb1\/2&Prime;][vc_column_text]<\/p>\n<h2><b>QUELLES SONT TES T\u00c2CHES ?<\/b><\/h2>\n<p>Un commis de rang est un poste important dans la gestion d&rsquo;un h\u00f4tel ou d&rsquo;un restaurant. Dans un restaurant gastronomique, les t\u00e2ches d&rsquo;un commis de rang sont plus compl\u00e8tes et plus exigeantes, car les normes de qualit\u00e9 \u00e9lev\u00e9es du restaurant doivent \u00eatre prises en compte. Un commis de rang est responsable de la mise en place et du d\u00e9barrassage des tables, du service pr\u00e9cis et \u00e9l\u00e9gant des plats et des boissons, ainsi que de la participation \u00e0 la conception et \u00e0 la pr\u00e9sentation des cartes des plats et des boissons.<\/p>\n<p>Un commis de rang doit \u00e9galement participer \u00e0 l&rsquo;organisation et \u00e0 la r\u00e9alisation d&rsquo;\u00e9v\u00e9nements dans le restaurant et veiller \u00e0 ce que des normes d&rsquo;hygi\u00e8ne \u00e9lev\u00e9es soient respect\u00e9es. Il est important que la qualit\u00e9 et la pr\u00e9sentation des aliments et des boissons soient constamment surveill\u00e9es et contr\u00f4l\u00e9es.<\/p>\n<p>Dans l&rsquo;ensemble, un commis de rang dans un restaurant gastronomique est responsable du bon d\u00e9roulement des op\u00e9rations du restaurant et d&rsquo;une exp\u00e9rience de premi\u00e8re classe pour les clients. La performance et l&rsquo;engagement d&rsquo;un commis de rang ont une influence directe sur le succ\u00e8s du restaurant et la satisfaction des clients.[\/vc_column_text][\/vc_column][vc_column width=\u00a0\u00bb1\/2&Prime;][vc_column_text]<\/p>\n<h2><b>QUAND PUIS-JE DEVENIR COMMIS DE RANG ?<\/b><\/h2>\n<p>Tout d&rsquo;abord, tu devrais envisager de suivre une formation compl\u00e8te dans le domaine de la gestion d&rsquo;h\u00f4tels et de restaurants. Ici, tu peux te sp\u00e9cialiser dans ton r\u00f4le de commis de rang et acqu\u00e9rir une pr\u00e9cieuse exp\u00e9rience pratique.<\/p>\n<p>Deuxi\u00e8mement, il peut \u00e9galement \u00eatre utile de travailler dans diff\u00e9rents restaurants en tant que stagiaire ou \u00e0 temps partiel. Tu peux y acqu\u00e9rir une compr\u00e9hension du d\u00e9roulement de la journ\u00e9e et des exigences d&rsquo;un restaurant et nouer de pr\u00e9cieux contacts.<\/p>\n<p>Troisi\u00e8mement, tu devrais te familiariser avec le secteur de la gastronomie et ses normes de qualit\u00e9 \u00e9lev\u00e9es. Convaincs-toi que tu es pr\u00eat \u00e0 travailler dur et \u00e0 te former en permanence pour am\u00e9liorer tes comp\u00e9tences et tes connaissances.<\/p>\n<p>En travaillant dur, en te formant et en t&rsquo;investissant, tu peux atteindre ton objectif de devenir commis de rang dans un restaurant gastronomique. N&rsquo;oublie pas que cela demande du temps et des efforts, mais avec la bonne attitude et la volont\u00e9 d&rsquo;apprendre, tu peux construire une carri\u00e8re r\u00e9ussie dans ce domaine.[\/vc_column_text][\/vc_column][\/vc_row][vc_row][vc_column width=\u00a0\u00bb1\/2&Prime;][vc_column_text]<\/p>\n<h2><b>COMBIEN GAGNE UN COMMIS DE RANG ?<\/b><\/h2>\n<p>Le salaire d\u00e9pend de nombreux facteurs. Si tu commences comme commis, l&rsquo;exp\u00e9rience professionnelle ne joue pas encore un r\u00f4le aussi important. Le lieu o\u00f9 tu as fait ta formation et la mani\u00e8re dont tu l&rsquo;as termin\u00e9e peuvent \u00eatre d\u00e9terminants. La taille de l&rsquo;\u00e9tablissement, le niveau de la cuisine, le nombre de clients ainsi que, bien entendu, le Land (diff\u00e9rents tarifs) tombent sous ces conditions. La fourchette de salaire est d&rsquo;environ 1.400,00 EUR &#8211; 1.800,00 EUR brut par mois.<span class=\"Apple-converted-space\"> <\/span>[\/vc_column_text][\/vc_column][vc_column width=\u00a0\u00bb1\/2&Prime;][vc_column_text]<\/p>\n<h2><b>O\u00d9 PUIS-JE TROUVER UN EMPLOI ?<\/b><\/h2>\n<p>La force d&rsquo;une cha\u00eene d\u00e9pend de celle de son maillon le plus faible.<span class=\"Apple-converted-space\">  <\/span>Le commis de rang est n\u00e9cessaire dans tous les restaurants.<span class=\"Apple-converted-space\"> <\/span><\/p>\n<p>Walnut Careers t&rsquo;accompagne dans la planification de ta carri\u00e8re et te propose chaque jour de nouveaux postes dans la restauration gastronomique et l&rsquo;h\u00f4tellerie de luxe.<span class=\"Apple-converted-space\"> <\/span>[\/vc_column_text][\/vc_column][\/vc_row][vc_row][vc_column]                        <div class=\"row\">\n                            <div class=\"col-12 gap\">\n                    \n\n<div class=\"jobinner\">\n    <div class=\"row gap\">\n        <div class=\"col-12\">\n            <a style=\"display: block;\" href=\"https:\/\/walnutcareers.de\/fr\/jobs\/sous-chef-gn-bad-neuenahr\/\" target=\"_blank\">\n                <h3>Sous-chef (gn) Bad Neuenahr<\/h3>\n                Tradition et modernit\u00e9, combin\u00e9es en un seul concept. Le projet est situ\u00e9 dans la r\u00e9gion viticole de l'Ahr et est super bien desservi. L'\u00e9quipe y...            <\/a>\n        <\/div>\n    <\/div>\n            <div class=\"row infos small-gap\">\n            <div class=\"col-12\">\n                                    <div class=\"jobdetail cat\">\n                        <i class=\"far fa-knife-kitchen\"><\/i> Cuisine                    <\/div>\n                                                    <div class=\"jobdetail location\">\n                        <p class=\"d-none\">object(WP_Term)#34086 (10) {\n  [\"term_id\"]=>\n  int(192)\n  [\"name\"]=>\n  string(19) \"Rh\u00e9nanie-Palatinat\"\n  [\"slug\"]=>\n  string(18) \"rhenanie-palatinat\"\n  [\"term_group\"]=>\n  int(0)\n  [\"term_taxonomy_id\"]=>\n  int(191)\n  [\"taxonomy\"]=>\n  string(6) \"region\"\n  [\"description\"]=>\n  string(0) \"\"\n  [\"parent\"]=>\n  int(190)\n  [\"count\"]=>\n  int(25)\n  [\"filter\"]=>\n  string(3) \"raw\"\n}\n<\/p>\n                        <i class=\"far fa-map-marker-alt\"><\/i> Rh\u00e9nanie-Palatinat                    <\/div>\n                                                    <div class=\"jobdetail type\">\n                        <i class=\"far fa-star  \"><\/i> Restaurant 1 \u00e9toile                    <\/div>\n                            <\/div>\n        <\/div>\n        <div class=\"row actions \">\n        <div class=\"col-12\">\n            <a href=\"#\" class=\"direktbewerben directbtn\" id=\"directbtn-2389\" data-id=\"2389\"\n               data-toggle=\"\"\n               data-target=\"\">Postuler <i\n                        class=\"fa fa-angle-right\"><\/i><\/a>\n            <a href=\"https:\/\/walnutcareers.de\/fr\/jobs\/sous-chef-gn-bad-neuenahr\/\" class=\"readmore\" target=\"_blank\">en savoir plus <i\n                        class=\"fa fa-angle-right\"><\/i><\/a>\n                    <\/div>\n    <\/div>\n<\/div>\n                <\/div>\n                            <div class=\"col-12 gap\">\n                    \n\n<div class=\"jobinner\">\n    <div class=\"row gap\">\n        <div class=\"col-12\">\n            <a style=\"display: block;\" href=\"https:\/\/walnutcareers.de\/fr\/jobs\/chef-de-rang-gn-hesse-du-nord\/\" target=\"_blank\">\n                <h3>Chef de rang (gn) Hesse du Nord<\/h3>\n                Notre client est un \u00e9tablissement Relais &amp; Ch\u00e2teaux d'environ 60 chambres. Nous recherchons actuellement un chef de rang pour notre restaurant r\u00e9compens\u00e9 par un Bib...            <\/a>\n        <\/div>\n    <\/div>\n            <div class=\"row infos small-gap\">\n            <div class=\"col-12\">\n                                    <div class=\"jobdetail cat\">\n                        <i class=\"far fa-utensils\"><\/i> Service                    <\/div>\n                                                    <div class=\"jobdetail location\">\n                        <p class=\"d-none\">object(WP_Term)#33990 (10) {\n  [\"term_id\"]=>\n  int(199)\n  [\"name\"]=>\n  string(5) \"Hesse\"\n  [\"slug\"]=>\n  string(8) \"hesse-fr\"\n  [\"term_group\"]=>\n  int(0)\n  [\"term_taxonomy_id\"]=>\n  int(199)\n  [\"taxonomy\"]=>\n  string(6) \"region\"\n  [\"description\"]=>\n  string(0) \"\"\n  [\"parent\"]=>\n  int(190)\n  [\"count\"]=>\n  int(18)\n  [\"filter\"]=>\n  string(3) \"raw\"\n}\n<\/p>\n                        <i class=\"far fa-map-marker-alt\"><\/i> Hesse                    <\/div>\n                                            <\/div>\n        <\/div>\n        <div class=\"row actions \">\n        <div class=\"col-12\">\n            <a href=\"#\" class=\"direktbewerben directbtn\" id=\"directbtn-2389\" data-id=\"2389\"\n               data-toggle=\"\"\n               data-target=\"\">Postuler <i\n                        class=\"fa fa-angle-right\"><\/i><\/a>\n            <a href=\"https:\/\/walnutcareers.de\/fr\/jobs\/chef-de-rang-gn-hesse-du-nord\/\" class=\"readmore\" target=\"_blank\">en savoir plus <i\n                        class=\"fa fa-angle-right\"><\/i><\/a>\n                    <\/div>\n    <\/div>\n<\/div>\n                <\/div>\n                            <div class=\"col-12 gap\">\n                    \n\n<div class=\"jobinner\">\n    <div class=\"row gap\">\n        <div class=\"col-12\">\n            <a style=\"display: block;\" href=\"https:\/\/walnutcareers.de\/fr\/jobs\/sous-chef-gn-gourmet-paris\/\" target=\"_blank\">\n                <h3>Sous-chef (gn) Gourmet Paris<\/h3>\n                Un restaurant gastronomique renomm\u00e9 \u00e0 Paris, connu pour sa cuisine exquise et son excellent service ainsi que son concept exceptionnel, recherche un sous-chef enthousiaste pour...            <\/a>\n        <\/div>\n    <\/div>\n            <div class=\"row infos small-gap\">\n            <div class=\"col-12\">\n                                    <div class=\"jobdetail cat\">\n                        <i class=\"far fa-knife-kitchen\"><\/i> Cuisine                    <\/div>\n                                                    <div class=\"jobdetail location\">\n                        <p class=\"d-none\">object(WP_Term)#33990 (10) {\n  [\"term_id\"]=>\n  int(290)\n  [\"name\"]=>\n  string(5) \"Paris\"\n  [\"slug\"]=>\n  string(8) \"paris-fr\"\n  [\"term_group\"]=>\n  int(0)\n  [\"term_taxonomy_id\"]=>\n  int(290)\n  [\"taxonomy\"]=>\n  string(6) \"region\"\n  [\"description\"]=>\n  string(0) \"\"\n  [\"parent\"]=>\n  int(214)\n  [\"count\"]=>\n  int(1)\n  [\"filter\"]=>\n  string(3) \"raw\"\n}\n<\/p>\n                        <i class=\"far fa-map-marker-alt\"><\/i> France, Paris                    <\/div>\n                                            <\/div>\n        <\/div>\n        <div class=\"row actions \">\n        <div class=\"col-12\">\n            <a href=\"#\" class=\"direktbewerben directbtn\" id=\"directbtn-2389\" data-id=\"2389\"\n               data-toggle=\"\"\n               data-target=\"\">Postuler <i\n                        class=\"fa fa-angle-right\"><\/i><\/a>\n            <a href=\"https:\/\/walnutcareers.de\/fr\/jobs\/sous-chef-gn-gourmet-paris\/\" class=\"readmore\" target=\"_blank\">en savoir plus <i\n                        class=\"fa fa-angle-right\"><\/i><\/a>\n                    <\/div>\n    <\/div>\n<\/div>\n                <\/div>\n                            <div class=\"col-12 gap\">\n                    \n\n<div class=\"jobinner\">\n    <div class=\"row gap\">\n        <div class=\"col-12\">\n            <a style=\"display: block;\" href=\"https:\/\/walnutcareers.de\/fr\/jobs\/chef-de-cuisine-gn-bistro-sylt\/\" target=\"_blank\">\n                <h3>Chef de cuisine (gn) Bistro Sylt<\/h3>\n                Un restaurant exclusif et r\u00e9put\u00e9 de l'\u00eele de Sylt recherche un chef de cuisine enthousiaste pour renforcer son \u00e9quipe. L'\u00e9tablissement est r\u00e9put\u00e9 pour sa cuisine...            <\/a>\n        <\/div>\n    <\/div>\n            <div class=\"row infos small-gap\">\n            <div class=\"col-12\">\n                                    <div class=\"jobdetail cat\">\n                        <i class=\"far fa-knife-kitchen\"><\/i> Cuisine                    <\/div>\n                                                    <div class=\"jobdetail location\">\n                        <p class=\"d-none\">object(WP_Term)#33990 (10) {\n  [\"term_id\"]=>\n  int(201)\n  [\"name\"]=>\n  string(18) \"Schleswig-Holstein\"\n  [\"slug\"]=>\n  string(21) \"schleswig-holstein-fr\"\n  [\"term_group\"]=>\n  int(0)\n  [\"term_taxonomy_id\"]=>\n  int(201)\n  [\"taxonomy\"]=>\n  string(6) \"region\"\n  [\"description\"]=>\n  string(0) \"\"\n  [\"parent\"]=>\n  int(190)\n  [\"count\"]=>\n  int(16)\n  [\"filter\"]=>\n  string(3) \"raw\"\n}\n<\/p>\n                        <i class=\"far fa-map-marker-alt\"><\/i> Allemagne, Schleswig-Holstein                    <\/div>\n                                                    <div class=\"jobdetail type\">\n                        <i class=\"far fa-utensils-alt\"><\/i> Restaurant \u00e0 la carte                    <\/div>\n                            <\/div>\n        <\/div>\n        <div class=\"row actions \">\n        <div class=\"col-12\">\n            <a href=\"#\" class=\"direktbewerben directbtn\" id=\"directbtn-2389\" data-id=\"2389\"\n               data-toggle=\"\"\n               data-target=\"\">Postuler <i\n                        class=\"fa fa-angle-right\"><\/i><\/a>\n            <a href=\"https:\/\/walnutcareers.de\/fr\/jobs\/chef-de-cuisine-gn-bistro-sylt\/\" class=\"readmore\" target=\"_blank\">en savoir plus <i\n                        class=\"fa fa-angle-right\"><\/i><\/a>\n                    <\/div>\n    <\/div>\n<\/div>\n                <\/div>\n                            <div class=\"col-12 gap\">\n                    \n\n<div class=\"jobinner\">\n    <div class=\"row gap\">\n        <div class=\"col-12\">\n            <a style=\"display: block;\" href=\"https:\/\/walnutcareers.de\/fr\/jobs\/lobby-service-manager-gn-hotel-de-luxe-zurich\/\" target=\"_blank\">\n                <h3>Lobby Service Manager (gn) H\u00f4tel de luxe Zurich<\/h3>\n                En collaboration avec notre partenaire SDI Human Resources, nous recherchons un h\u00f4tel de luxe 5 \u00e9toiles dans la r\u00e9gion de Zurich, connu pour son luxe,...            <\/a>\n        <\/div>\n    <\/div>\n            <div class=\"row infos small-gap\">\n            <div class=\"col-12\">\n                                                    <div class=\"jobdetail location\">\n                        <p class=\"d-none\">object(WP_Term)#34001 (10) {\n  [\"term_id\"]=>\n  int(225)\n  [\"name\"]=>\n  string(6) \"Zurich\"\n  [\"slug\"]=>\n  string(9) \"zurich-fr\"\n  [\"term_group\"]=>\n  int(0)\n  [\"term_taxonomy_id\"]=>\n  int(225)\n  [\"taxonomy\"]=>\n  string(6) \"region\"\n  [\"description\"]=>\n  string(0) \"\"\n  [\"parent\"]=>\n  int(195)\n  [\"count\"]=>\n  int(5)\n  [\"filter\"]=>\n  string(3) \"raw\"\n}\n<\/p>\n                        <i class=\"far fa-map-marker-alt\"><\/i> Suisse, Zurich                    <\/div>\n                                                    <div class=\"jobdetail type\">\n                        <i class=\"far fa-h\u00f4tel\"><\/i> H\u00f4tel de luxe                    <\/div>\n                            <\/div>\n        <\/div>\n        <div class=\"row actions \">\n        <div class=\"col-12\">\n            <a href=\"#\" class=\"direktbewerben directbtn\" id=\"directbtn-2389\" data-id=\"2389\"\n               data-toggle=\"\"\n               data-target=\"\">Postuler <i\n                        class=\"fa fa-angle-right\"><\/i><\/a>\n            <a href=\"https:\/\/walnutcareers.de\/fr\/jobs\/lobby-service-manager-gn-hotel-de-luxe-zurich\/\" class=\"readmore\" target=\"_blank\">en savoir plus <i\n                        class=\"fa fa-angle-right\"><\/i><\/a>\n                    <\/div>\n    <\/div>\n<\/div>\n                <\/div>\n                            [\/vc_column][\/vc_row]<\/p>\n<\/div>","protected":false},"excerpt":{"rendered":"<p>[vc_row][vc_column][vc_column_text] QUE FAIT UN COMMIS DE RANG ? Un commis de rang est un poste d&rsquo;entr\u00e9e dans le domaine de la gestion d&rsquo;un h\u00f4tel ou d&rsquo;un restaurant. Les t\u00e2ches principales d&rsquo;un commis de rang comprennent la pr\u00e9paration et la pr\u00e9sentation des plats et des boissons, le remplissage des buffets, la mise en place et le &hellip; <\/p>\n<p class=\"link-more\"><a href=\"https:\/\/walnutcareers.de\/fr\/jobs\/lobby-service-manager-gn-hotel-de-luxe-zurich\/\" class=\"more-link\">Continue reading<span class=\"screen-reader-text\"> \u00ab\u00a0Lobby Service Manager (gn) H\u00f4tel de luxe Zurich\u00a0\u00bb<\/span><\/a><\/p>\n","protected":false},"author":3,"featured_media":0,"parent":0,"menu_order":0,"comment_status":"closed","ping_status":"closed","template":"","meta":{"_acf_changed":false,"footnotes":""},"class_list":["post-2389","page","type-page","status-publish","hentry"],"acf":[],"yoast_head":"<!-- This site is optimized with the Yoast SEO plugin v27.4 - https:\/\/yoast.com\/product\/yoast-seo-wordpress\/ -->\n<title>Que fait un commis de rang ? - Walnut Careers<\/title>\n<meta name=\"description\" content=\"Un commis de rang est un employ\u00e9 de service. Il fait partie int\u00e9grante de l&#039;\u00e9quipe d&#039;un restaurant et assiste le chef de rang.\" \/>\n<meta name=\"robots\" content=\"index, follow, max-snippet:-1, max-image-preview:large, max-video-preview:-1\" \/>\n<link rel=\"canonical\" href=\"https:\/\/walnutcareers.de\/fr\/que-fait-un-commis-de-rang\/\" \/>\n<meta property=\"og:locale\" content=\"fr_FR\" \/>\n<meta property=\"og:type\" content=\"article\" \/>\n<meta property=\"og:title\" content=\"Que fait un commis de rang ? - Walnut Careers\" \/>\n<meta property=\"og:description\" content=\"Un commis de rang est un employ\u00e9 de service. Il fait partie int\u00e9grante de l&#039;\u00e9quipe d&#039;un restaurant et assiste le chef de rang.\" \/>\n<meta property=\"og:url\" content=\"https:\/\/walnutcareers.de\/fr\/que-fait-un-commis-de-rang\/\" \/>\n<meta property=\"og:site_name\" content=\"Walnut Careers\" \/>\n<meta property=\"article:publisher\" content=\"https:\/\/www.facebook.com\/Walnutcareers.de\/\" \/>\n<meta property=\"article:modified_time\" content=\"2023-11-20T08:34:27+00:00\" \/>\n<meta property=\"og:image\" content=\"https:\/\/walnutcareers.de\/wp-content\/uploads\/2019\/06\/DSC_0036-1200x1192.jpg\" \/>\n\t<meta property=\"og:image:width\" content=\"1200\" \/>\n\t<meta property=\"og:image:height\" content=\"1192\" \/>\n\t<meta property=\"og:image:type\" content=\"image\/jpeg\" \/>\n<meta name=\"twitter:card\" content=\"summary_large_image\" \/>\n<meta name=\"twitter:label1\" content=\"Dur\u00e9e de lecture estim\u00e9e\" \/>\n\t<meta name=\"twitter:data1\" content=\"4 minutes\" \/>\n<script type=\"application\/ld+json\" class=\"yoast-schema-graph\">{\"@context\":\"https:\\\/\\\/schema.org\",\"@graph\":[{\"@type\":\"WebPage\",\"@id\":\"https:\\\/\\\/walnutcareers.de\\\/fr\\\/que-fait-un-commis-de-rang\\\/\",\"url\":\"https:\\\/\\\/walnutcareers.de\\\/fr\\\/que-fait-un-commis-de-rang\\\/\",\"name\":\"Que fait un commis de rang ? - Walnut Careers\",\"isPartOf\":{\"@id\":\"https:\\\/\\\/walnutcareers.de\\\/fr\\\/#website\"},\"datePublished\":\"2023-11-20T08:34:22+00:00\",\"dateModified\":\"2023-11-20T08:34:27+00:00\",\"description\":\"Un commis de rang est un employ\u00e9 de service. Il fait partie int\u00e9grante de l'\u00e9quipe d'un restaurant et assiste le chef de rang.\",\"breadcrumb\":{\"@id\":\"https:\\\/\\\/walnutcareers.de\\\/fr\\\/que-fait-un-commis-de-rang\\\/#breadcrumb\"},\"inLanguage\":\"fr-FR\",\"potentialAction\":[{\"@type\":\"ReadAction\",\"target\":[\"https:\\\/\\\/walnutcareers.de\\\/fr\\\/que-fait-un-commis-de-rang\\\/\"]}]},{\"@type\":\"BreadcrumbList\",\"@id\":\"https:\\\/\\\/walnutcareers.de\\\/fr\\\/que-fait-un-commis-de-rang\\\/#breadcrumb\",\"itemListElement\":[{\"@type\":\"ListItem\",\"position\":1,\"name\":\"Startseite\",\"item\":\"https:\\\/\\\/walnutcareers.de\\\/fr\\\/bienvenue\\\/\"},{\"@type\":\"ListItem\",\"position\":2,\"name\":\"Que fait un commis de rang ?\"}]},{\"@type\":\"WebSite\",\"@id\":\"https:\\\/\\\/walnutcareers.de\\\/fr\\\/#website\",\"url\":\"https:\\\/\\\/walnutcareers.de\\\/fr\\\/\",\"name\":\"Walnut Careers\",\"description\":\"Headhunters for culinary art\",\"publisher\":{\"@id\":\"https:\\\/\\\/walnutcareers.de\\\/fr\\\/#organization\"},\"potentialAction\":[{\"@type\":\"SearchAction\",\"target\":{\"@type\":\"EntryPoint\",\"urlTemplate\":\"https:\\\/\\\/walnutcareers.de\\\/fr\\\/?s={search_term_string}\"},\"query-input\":{\"@type\":\"PropertyValueSpecification\",\"valueRequired\":true,\"valueName\":\"search_term_string\"}}],\"inLanguage\":\"fr-FR\"},{\"@type\":\"Organization\",\"@id\":\"https:\\\/\\\/walnutcareers.de\\\/fr\\\/#organization\",\"name\":\"Walnut Careers\",\"url\":\"https:\\\/\\\/walnutcareers.de\\\/fr\\\/\",\"logo\":{\"@type\":\"ImageObject\",\"inLanguage\":\"fr-FR\",\"@id\":\"https:\\\/\\\/walnutcareers.de\\\/fr\\\/#\\\/schema\\\/logo\\\/image\\\/\",\"url\":\"http:\\\/\\\/s1035819369.online.de\\\/wordpress\\\/wp-content\\\/uploads\\\/2019\\\/06\\\/WC-Careers-Logo_ohne.png\",\"contentUrl\":\"http:\\\/\\\/s1035819369.online.de\\\/wordpress\\\/wp-content\\\/uploads\\\/2019\\\/06\\\/WC-Careers-Logo_ohne.png\",\"width\":3700,\"height\":937,\"caption\":\"Walnut Careers\"},\"image\":{\"@id\":\"https:\\\/\\\/walnutcareers.de\\\/fr\\\/#\\\/schema\\\/logo\\\/image\\\/\"},\"sameAs\":[\"https:\\\/\\\/www.facebook.com\\\/Walnutcareers.de\\\/\",\"https:\\\/\\\/www.instagram.com\\\/walnutcareers\\\/\",\"https:\\\/\\\/www.linkedin.com\\\/company\\\/6389122\\\/\",\"https:\\\/\\\/www.youtube.com\\\/channel\\\/UCeAT3ngrHea58yEp5hPf4cQ?view_as=subscriber\"]}]}<\/script>\n<!-- \/ Yoast SEO plugin. -->","yoast_head_json":{"title":"Que fait un commis de rang ? - Walnut Careers","description":"Un commis de rang est un employ\u00e9 de service. Il fait partie int\u00e9grante de l'\u00e9quipe d'un restaurant et assiste le chef de rang.","robots":{"index":"index","follow":"follow","max-snippet":"max-snippet:-1","max-image-preview":"max-image-preview:large","max-video-preview":"max-video-preview:-1"},"canonical":"https:\/\/walnutcareers.de\/fr\/que-fait-un-commis-de-rang\/","og_locale":"fr_FR","og_type":"article","og_title":"Que fait un commis de rang ? - Walnut Careers","og_description":"Un commis de rang est un employ\u00e9 de service. Il fait partie int\u00e9grante de l'\u00e9quipe d'un restaurant et assiste le chef de rang.","og_url":"https:\/\/walnutcareers.de\/fr\/que-fait-un-commis-de-rang\/","og_site_name":"Walnut Careers","article_publisher":"https:\/\/www.facebook.com\/Walnutcareers.de\/","article_modified_time":"2023-11-20T08:34:27+00:00","og_image":[{"width":1200,"height":1192,"url":"https:\/\/walnutcareers.de\/wp-content\/uploads\/2019\/06\/DSC_0036-1200x1192.jpg","type":"image\/jpeg"}],"twitter_card":"summary_large_image","twitter_misc":{"Dur\u00e9e de lecture estim\u00e9e":"4 minutes"},"schema":{"@context":"https:\/\/schema.org","@graph":[{"@type":"WebPage","@id":"https:\/\/walnutcareers.de\/fr\/que-fait-un-commis-de-rang\/","url":"https:\/\/walnutcareers.de\/fr\/que-fait-un-commis-de-rang\/","name":"Que fait un commis de rang ? - Walnut Careers","isPartOf":{"@id":"https:\/\/walnutcareers.de\/fr\/#website"},"datePublished":"2023-11-20T08:34:22+00:00","dateModified":"2023-11-20T08:34:27+00:00","description":"Un commis de rang est un employ\u00e9 de service. Il fait partie int\u00e9grante de l'\u00e9quipe d'un restaurant et assiste le chef de rang.","breadcrumb":{"@id":"https:\/\/walnutcareers.de\/fr\/que-fait-un-commis-de-rang\/#breadcrumb"},"inLanguage":"fr-FR","potentialAction":[{"@type":"ReadAction","target":["https:\/\/walnutcareers.de\/fr\/que-fait-un-commis-de-rang\/"]}]},{"@type":"BreadcrumbList","@id":"https:\/\/walnutcareers.de\/fr\/que-fait-un-commis-de-rang\/#breadcrumb","itemListElement":[{"@type":"ListItem","position":1,"name":"Startseite","item":"https:\/\/walnutcareers.de\/fr\/bienvenue\/"},{"@type":"ListItem","position":2,"name":"Que fait un commis de rang ?"}]},{"@type":"WebSite","@id":"https:\/\/walnutcareers.de\/fr\/#website","url":"https:\/\/walnutcareers.de\/fr\/","name":"Walnut Careers","description":"Headhunters for culinary art","publisher":{"@id":"https:\/\/walnutcareers.de\/fr\/#organization"},"potentialAction":[{"@type":"SearchAction","target":{"@type":"EntryPoint","urlTemplate":"https:\/\/walnutcareers.de\/fr\/?s={search_term_string}"},"query-input":{"@type":"PropertyValueSpecification","valueRequired":true,"valueName":"search_term_string"}}],"inLanguage":"fr-FR"},{"@type":"Organization","@id":"https:\/\/walnutcareers.de\/fr\/#organization","name":"Walnut Careers","url":"https:\/\/walnutcareers.de\/fr\/","logo":{"@type":"ImageObject","inLanguage":"fr-FR","@id":"https:\/\/walnutcareers.de\/fr\/#\/schema\/logo\/image\/","url":"http:\/\/s1035819369.online.de\/wordpress\/wp-content\/uploads\/2019\/06\/WC-Careers-Logo_ohne.png","contentUrl":"http:\/\/s1035819369.online.de\/wordpress\/wp-content\/uploads\/2019\/06\/WC-Careers-Logo_ohne.png","width":3700,"height":937,"caption":"Walnut Careers"},"image":{"@id":"https:\/\/walnutcareers.de\/fr\/#\/schema\/logo\/image\/"},"sameAs":["https:\/\/www.facebook.com\/Walnutcareers.de\/","https:\/\/www.instagram.com\/walnutcareers\/","https:\/\/www.linkedin.com\/company\/6389122\/","https:\/\/www.youtube.com\/channel\/UCeAT3ngrHea58yEp5hPf4cQ?view_as=subscriber"]}]}},"_links":{"self":[{"href":"https:\/\/walnutcareers.de\/fr\/wp-json\/wp\/v2\/pages\/2389","targetHints":{"allow":["GET"]}}],"collection":[{"href":"https:\/\/walnutcareers.de\/fr\/wp-json\/wp\/v2\/pages"}],"about":[{"href":"https:\/\/walnutcareers.de\/fr\/wp-json\/wp\/v2\/types\/page"}],"author":[{"embeddable":true,"href":"https:\/\/walnutcareers.de\/fr\/wp-json\/wp\/v2\/users\/3"}],"replies":[{"embeddable":true,"href":"https:\/\/walnutcareers.de\/fr\/wp-json\/wp\/v2\/comments?post=2389"}],"version-history":[{"count":1,"href":"https:\/\/walnutcareers.de\/fr\/wp-json\/wp\/v2\/pages\/2389\/revisions"}],"predecessor-version":[{"id":2393,"href":"https:\/\/walnutcareers.de\/fr\/wp-json\/wp\/v2\/pages\/2389\/revisions\/2393"}],"wp:attachment":[{"href":"https:\/\/walnutcareers.de\/fr\/wp-json\/wp\/v2\/media?parent=2389"}],"curies":[{"name":"wp","href":"https:\/\/api.w.org\/{rel}","templated":true}]}}