{"id":2397,"date":"2023-11-20T09:34:25","date_gmt":"2023-11-20T08:34:25","guid":{"rendered":"https:\/\/walnutcareers.de\/que-fait-un-chef-de-rang-2\/"},"modified":"2023-11-20T09:34:27","modified_gmt":"2023-11-20T08:34:27","slug":"que-fait-un-chef-de-rang-2","status":"publish","type":"page","link":"https:\/\/walnutcareers.de\/fr\/que-fait-un-chef-de-rang-2\/","title":{"rendered":"Que fait un chef de rang ?"},"content":{"rendered":"<div class=\"wpb-content-wrapper\"><p>[vc_row][vc_column][vc_column_text]<\/p>\n<h1><strong>QUE FAIT UN CHEF DE RANG ?<\/strong><\/h1>\n<p>En tant que Demichef de Rang, tu as d\u00e9j\u00e0 fait tes preuves en tant que <a href=\"http:\/\/s1035819369.online.de\/wordpress\/fr\/que-fait-un-commis-de-rang\/\">Commis de Rang<\/a> et tu as consolid\u00e9 les skills des t\u00e2ches quotidiennes. Tu commences ainsi \u00e0 prendre des responsabilit\u00e9s et tu es activement engag\u00e9(e) dans le service aux clients.[\/vc_column_text][\/vc_column][\/vc_row][vc_row][vc_column width=\u00a0\u00bb1\/2&Prime;][vc_column_text]<\/p>\n<h2><b>QUELLES SONT TES T\u00c2CHES ?<\/b><\/h2>\n<p>En tant que demi-chef de rang, tu es maintenant sous la responsabilit\u00e9 du <a href=\"http:\/\/s1035819369.online.de\/wordpress\/fr\/que-fait-un-commis-de-rang\/\">commis de rang<\/a>. Tu couvres les arri\u00e8res de ton <a href=\"http:\/\/s1035819369.online.de\/wordpress\/fr\/que-fait-un-chef-de-rang\/\">chef de rang<\/a>. Tu le fais en effectuant les pr\u00e9paratifs quotidiens (mise en place, dressage des tables, etc.) de mani\u00e8re autonome et avec l&rsquo;aide du <a href=\"http:\/\/s1035819369.online.de\/wordpress\/fr\/que-fait-un-commis-de-rang\/\">Commis de Rang<\/a>. Au service, tu installes les clients \u00e0 leur table et leur sugg\u00e8res des plats et des vins. Tu sers des plats et des boissons, tu peux aussi trancher et flamber \u00e0 table. Pour soulager ton <a href=\"http:\/\/s1035819369.online.de\/wordpress\/fr\/que-fait-un-chef-de-rang\/\">chef de rang<\/a> du travail, tu contr\u00f4les et corriges les t\u00e2ches de ton <a href=\"http:\/\/s1035819369.online.de\/wordpress\/fr\/que-fait-un-commis-de-rang\/\">commis de rang<\/a> et des apprentis.[\/vc_column_text][\/vc_column][vc_column width=\u00a0\u00bb1\/2&Prime;][vc_column_text]<\/p>\n<h2><b>QUAND PUIS-JE DEVENIR CHEF DE RANG ?<\/b><\/h2>\n<p>Si tu aspires \u00e0 une carri\u00e8re de chef de rang, tu peux prendre quelques mesures pour atteindre tes objectifs. Commence par suivre une formation compl\u00e8te dans le domaine de la gestion d&rsquo;h\u00f4tels et de restaurants. Ici, tu peux te sp\u00e9cialiser dans ton r\u00f4le de chef de rang et acqu\u00e9rir une pr\u00e9cieuse exp\u00e9rience pratique. Travaille dans diff\u00e9rents restaurants afin d&rsquo;acqu\u00e9rir une compr\u00e9hension du d\u00e9roulement de la journ\u00e9e et des exigences. Convaincs-toi que tu es pr\u00eat \u00e0 travailler dur et \u00e0 te former en permanence.[\/vc_column_text][\/vc_column][\/vc_row][vc_row][vc_column width=\u00a0\u00bb1\/2&Prime;][vc_column_text]<\/p>\n<h2><b>COMBIEN GAGNE UN CHEF DE RANG ?<\/b><\/h2>\n<p>Le salaire d\u00e9pend de nombreux facteurs. Lorsque tu commences comme chef de rang, l&rsquo;exp\u00e9rience professionnelle commence \u00e0 jouer un r\u00f4le. Les t\u00e2ches que tu as accomplies jusqu&rsquo;\u00e0 pr\u00e9sent dans le cadre du service quotidien et les comp\u00e9tences que tu as acquises aupr\u00e8s des clients deviennent importantes. La taille de l&rsquo;\u00e9tablissement, le niveau de la cuisine, le nombre de clients ainsi que, bien entendu, le Land (diff\u00e9rents tarifs) tombent sous ces conditions. La fourchette de salaire est d&rsquo;environ 1.750,00 EUR &#8211; 2.200,00 EUR brut par mois.<span class=\"Apple-converted-space\"> <\/span>[\/vc_column_text][\/vc_column][vc_column width=\u00a0\u00bb1\/2&Prime;][vc_column_text]<\/p>\n<h2><b>O\u00d9 PUIS-JE TROUVER UN EMPLOI ?<\/b><\/h2>\n<p>Les bons chefs de rang sont appr\u00e9ci\u00e9s et recherch\u00e9s dans la haute gastronomie.<\/p>\n<p>Walnut Careers t&rsquo;accompagne dans la planification de ta carri\u00e8re et te propose chaque jour de nouveaux postes dans la restauration gastronomique et l&rsquo;h\u00f4tellerie de luxe.<span class=\"Apple-converted-space\"> <\/span>[\/vc_column_text][\/vc_column][\/vc_row][vc_row][vc_column]                        <div class=\"row\">\n                            <div class=\"col-12 gap\">\n                    \n\n<div class=\"jobinner\">\n    <div class=\"row gap\">\n        <div class=\"col-12\">\n            <a style=\"display: block;\" href=\"https:\/\/walnutcareers.de\/fr\/jobs\/chef-de-rang-gn-hesse-du-nord\/\" target=\"_blank\">\n                <h3>Chef de rang (gn) Hesse du Nord<\/h3>\n                Notre client est un \u00e9tablissement Relais &amp; Ch\u00e2teaux d'environ 60 chambres. Nous recherchons actuellement un chef de rang pour notre restaurant r\u00e9compens\u00e9 par un Bib...            <\/a>\n        <\/div>\n    <\/div>\n            <div class=\"row infos small-gap\">\n            <div class=\"col-12\">\n                                    <div class=\"jobdetail cat\">\n                        <i class=\"far fa-utensils\"><\/i> Service                    <\/div>\n                                                    <div class=\"jobdetail location\">\n                        <p class=\"d-none\">object(WP_Term)#34952 (10) {\n  [\"term_id\"]=>\n  int(199)\n  [\"name\"]=>\n  string(5) \"Hesse\"\n  [\"slug\"]=>\n  string(8) \"hesse-fr\"\n  [\"term_group\"]=>\n  int(0)\n  [\"term_taxonomy_id\"]=>\n  int(199)\n  [\"taxonomy\"]=>\n  string(6) \"region\"\n  [\"description\"]=>\n  string(0) \"\"\n  [\"parent\"]=>\n  int(190)\n  [\"count\"]=>\n  int(18)\n  [\"filter\"]=>\n  string(3) \"raw\"\n}\n<\/p>\n                        <i class=\"far fa-map-marker-alt\"><\/i> Hesse                    <\/div>\n                                            <\/div>\n        <\/div>\n        <div class=\"row actions \">\n        <div class=\"col-12\">\n            <a href=\"#\" class=\"direktbewerben directbtn\" id=\"directbtn-2397\" data-id=\"2397\"\n               data-toggle=\"\"\n               data-target=\"\">Postuler <i\n                        class=\"fa fa-angle-right\"><\/i><\/a>\n            <a href=\"https:\/\/walnutcareers.de\/fr\/jobs\/chef-de-rang-gn-hesse-du-nord\/\" class=\"readmore\" target=\"_blank\">en savoir plus <i\n                        class=\"fa fa-angle-right\"><\/i><\/a>\n                    <\/div>\n    <\/div>\n<\/div>\n                <\/div>\n                            <div class=\"col-12 gap\">\n                    \n\n<div class=\"jobinner\">\n    <div class=\"row gap\">\n        <div class=\"col-12\">\n            <a style=\"display: block;\" href=\"https:\/\/walnutcareers.de\/fr\/jobs\/candidature-spontanee-service-gn\/\" target=\"_blank\">\n                <h3>Candidature spontan\u00e9e Service (gn)<\/h3>\n                Tu ne trouves pas le poste qui te convient sur notre site ? Nous nous r\u00e9jouissons n\u00e9anmoins de recevoir ta candidature !\n\nEn tant que chasseurs...            <\/a>\n        <\/div>\n    <\/div>\n            <div class=\"row infos small-gap\">\n            <div class=\"col-12\">\n                                    <div class=\"jobdetail cat\">\n                        <i class=\"far fa-utensils\"><\/i> Service                    <\/div>\n                                                    <div class=\"jobdetail location\">\n                        <p class=\"d-none\">object(WP_Term)#33976 (10) {\n  [\"term_id\"]=>\n  int(195)\n  [\"name\"]=>\n  string(6) \"Suisse\"\n  [\"slug\"]=>\n  string(6) \"suisse\"\n  [\"term_group\"]=>\n  int(0)\n  [\"term_taxonomy_id\"]=>\n  int(195)\n  [\"taxonomy\"]=>\n  string(6) \"region\"\n  [\"description\"]=>\n  string(0) \"\"\n  [\"parent\"]=>\n  int(0)\n  [\"count\"]=>\n  int(18)\n  [\"filter\"]=>\n  string(3) \"raw\"\n}\n<\/p>\n                        <i class=\"far fa-map-marker-alt\"><\/i> Allemagne, Autriche, Belgique, France, Suisse                    <\/div>\n                                            <\/div>\n        <\/div>\n        <div class=\"row actions \">\n        <div class=\"col-12\">\n            <a href=\"#\" class=\"direktbewerben directbtn\" id=\"directbtn-2397\" data-id=\"2397\"\n               data-toggle=\"\"\n               data-target=\"\">Postuler <i\n                        class=\"fa fa-angle-right\"><\/i><\/a>\n            <a href=\"https:\/\/walnutcareers.de\/fr\/jobs\/candidature-spontanee-service-gn\/\" class=\"readmore\" target=\"_blank\">en savoir plus <i\n                        class=\"fa fa-angle-right\"><\/i><\/a>\n                    <\/div>\n    <\/div>\n<\/div>\n                <\/div>\n                            <div class=\"col-12 gap\">\n                    \n\n<div class=\"jobinner\">\n    <div class=\"row gap\">\n        <div class=\"col-12\">\n            <a style=\"display: block;\" href=\"https:\/\/walnutcareers.de\/fr\/jobs\/chef-de-rang-gn-tegernsee\/\" target=\"_blank\">\n                <h3>Chef de rang (gn) Tegernsee<\/h3>\n                Un luxueux h\u00f4tel 5 \u00e9toiles dans la r\u00e9gion de Tegernsee, qui se distingue par une hospitalit\u00e9 haut de gamme et une excellente cuisine. Le restaurant...            <\/a>\n        <\/div>\n    <\/div>\n            <div class=\"row infos small-gap\">\n            <div class=\"col-12\">\n                                    <div class=\"jobdetail cat\">\n                        <i class=\"far fa-utensils\"><\/i> Service                    <\/div>\n                                                    <div class=\"jobdetail location\">\n                        <p class=\"d-none\">object(WP_Term)#33976 (10) {\n  [\"term_id\"]=>\n  int(188)\n  [\"name\"]=>\n  string(8) \"Bavi\u00e8re\"\n  [\"slug\"]=>\n  string(7) \"baviere\"\n  [\"term_group\"]=>\n  int(0)\n  [\"term_taxonomy_id\"]=>\n  int(188)\n  [\"taxonomy\"]=>\n  string(6) \"region\"\n  [\"description\"]=>\n  string(0) \"\"\n  [\"parent\"]=>\n  int(190)\n  [\"count\"]=>\n  int(62)\n  [\"filter\"]=>\n  string(3) \"raw\"\n}\n<\/p>\n                        <i class=\"far fa-map-marker-alt\"><\/i> Allemagne, Bavi\u00e8re                    <\/div>\n                                            <\/div>\n        <\/div>\n        <div class=\"row actions \">\n        <div class=\"col-12\">\n            <a href=\"#\" class=\"direktbewerben directbtn\" id=\"directbtn-2397\" data-id=\"2397\"\n               data-toggle=\"\"\n               data-target=\"\">Postuler <i\n                        class=\"fa fa-angle-right\"><\/i><\/a>\n            <a href=\"https:\/\/walnutcareers.de\/fr\/jobs\/chef-de-rang-gn-tegernsee\/\" class=\"readmore\" target=\"_blank\">en savoir plus <i\n                        class=\"fa fa-angle-right\"><\/i><\/a>\n                    <\/div>\n    <\/div>\n<\/div>\n                <\/div>\n                            <div class=\"col-12 gap\">\n                    \n\n<div class=\"jobinner\">\n    <div class=\"row gap\">\n        <div class=\"col-12\">\n            <a style=\"display: block;\" href=\"https:\/\/walnutcareers.de\/fr\/jobs\/chef-de-rang-gn-gourmet-munich-2\/\" target=\"_blank\">\n                <h3>Chef de rang (gn) Gourmet Munich<\/h3>\n                Un nouveau concept de restaurant visionnaire \u00e0 l'une des adresses les plus spectaculaires de Munich.\nFaire partie d'une entreprise familiale r\u00e9put\u00e9e, forte de pr\u00e8s d'un si\u00e8cle...            <\/a>\n        <\/div>\n    <\/div>\n            <div class=\"row infos small-gap\">\n            <div class=\"col-12\">\n                                    <div class=\"jobdetail cat\">\n                        <i class=\"far fa-utensils\"><\/i> Service                    <\/div>\n                                                    <div class=\"jobdetail location\">\n                        <p class=\"d-none\">object(WP_Term)#33976 (10) {\n  [\"term_id\"]=>\n  int(188)\n  [\"name\"]=>\n  string(8) \"Bavi\u00e8re\"\n  [\"slug\"]=>\n  string(7) \"baviere\"\n  [\"term_group\"]=>\n  int(0)\n  [\"term_taxonomy_id\"]=>\n  int(188)\n  [\"taxonomy\"]=>\n  string(6) \"region\"\n  [\"description\"]=>\n  string(0) \"\"\n  [\"parent\"]=>\n  int(190)\n  [\"count\"]=>\n  int(62)\n  [\"filter\"]=>\n  string(3) \"raw\"\n}\n<\/p>\n                        <i class=\"far fa-map-marker-alt\"><\/i> Allemagne, Bavi\u00e8re                    <\/div>\n                                                    <div class=\"jobdetail type\">\n                        <i class=\"far fa-stars\"><\/i> Restaurant 2 \u00e9toiles                    <\/div>\n                            <\/div>\n        <\/div>\n        <div class=\"row actions \">\n        <div class=\"col-12\">\n            <a href=\"#\" class=\"direktbewerben directbtn\" id=\"directbtn-2397\" data-id=\"2397\"\n               data-toggle=\"\"\n               data-target=\"\">Postuler <i\n                        class=\"fa fa-angle-right\"><\/i><\/a>\n            <a href=\"https:\/\/walnutcareers.de\/fr\/jobs\/chef-de-rang-gn-gourmet-munich-2\/\" class=\"readmore\" target=\"_blank\">en savoir plus <i\n                        class=\"fa fa-angle-right\"><\/i><\/a>\n                    <\/div>\n    <\/div>\n<\/div>\n                <\/div>\n                            [\/vc_column][\/vc_row]<\/p>\n<\/div>","protected":false},"excerpt":{"rendered":"<p>[vc_row][vc_column][vc_column_text] QUE FAIT UN CHEF DE RANG ? En tant que Demichef de Rang, tu as d\u00e9j\u00e0 fait tes preuves en tant que Commis de Rang et tu as consolid\u00e9 les skills des t\u00e2ches quotidiennes. Tu commences ainsi \u00e0 prendre des responsabilit\u00e9s et tu es activement engag\u00e9(e) dans le service aux clients.[\/vc_column_text][\/vc_column][\/vc_row][vc_row][vc_column width=\u00a0\u00bb1\/2&Prime;][vc_column_text] QUELLES SONT &hellip; <\/p>\n<p class=\"link-more\"><a href=\"https:\/\/walnutcareers.de\/fr\/jobs\/chef-de-rang-gn-gourmet-munich-2\/\" class=\"more-link\">Continue reading<span class=\"screen-reader-text\"> \u00ab\u00a0Chef de rang (gn) Gourmet Munich\u00a0\u00bb<\/span><\/a><\/p>\n","protected":false},"author":3,"featured_media":0,"parent":0,"menu_order":0,"comment_status":"closed","ping_status":"closed","template":"","meta":{"_acf_changed":false,"footnotes":""},"class_list":["post-2397","page","type-page","status-publish","hentry"],"acf":[],"yoast_head":"<!-- This site is optimized with the Yoast SEO plugin v27.3 - https:\/\/yoast.com\/product\/yoast-seo-wordpress\/ -->\n<title>Que fait un chef de rang ? - Walnut Careers<\/title>\n<meta name=\"description\" content=\"Un commis de rang est un employ\u00e9 de service. Il fait partie int\u00e9grante de l&#039;\u00e9quipe d&#039;un restaurant et assiste le chef de rang.\" \/>\n<meta name=\"robots\" content=\"index, follow, max-snippet:-1, max-image-preview:large, max-video-preview:-1\" \/>\n<link rel=\"canonical\" href=\"https:\/\/walnutcareers.de\/fr\/que-fait-un-chef-de-rang-2\/\" \/>\n<meta property=\"og:locale\" content=\"fr_FR\" \/>\n<meta property=\"og:type\" content=\"article\" \/>\n<meta property=\"og:title\" content=\"Que fait un chef de rang ? - Walnut Careers\" \/>\n<meta property=\"og:description\" content=\"Un commis de rang est un employ\u00e9 de service. Il fait partie int\u00e9grante de l&#039;\u00e9quipe d&#039;un restaurant et assiste le chef de rang.\" \/>\n<meta property=\"og:url\" content=\"https:\/\/walnutcareers.de\/fr\/que-fait-un-chef-de-rang-2\/\" \/>\n<meta property=\"og:site_name\" content=\"Walnut Careers\" \/>\n<meta property=\"article:publisher\" content=\"https:\/\/www.facebook.com\/Walnutcareers.de\/\" \/>\n<meta property=\"article:modified_time\" content=\"2023-11-20T08:34:27+00:00\" \/>\n<meta property=\"og:image\" content=\"https:\/\/walnutcareers.de\/wp-content\/uploads\/2019\/06\/DSC_0036-1200x1192.jpg\" \/>\n\t<meta property=\"og:image:width\" content=\"1200\" \/>\n\t<meta property=\"og:image:height\" content=\"1192\" \/>\n\t<meta property=\"og:image:type\" content=\"image\/jpeg\" \/>\n<meta name=\"twitter:card\" content=\"summary_large_image\" \/>\n<meta name=\"twitter:label1\" content=\"Dur\u00e9e de lecture estim\u00e9e\" \/>\n\t<meta name=\"twitter:data1\" content=\"2 minutes\" \/>\n<script type=\"application\/ld+json\" class=\"yoast-schema-graph\">{\"@context\":\"https:\\\/\\\/schema.org\",\"@graph\":[{\"@type\":\"WebPage\",\"@id\":\"https:\\\/\\\/walnutcareers.de\\\/fr\\\/que-fait-un-chef-de-rang-2\\\/\",\"url\":\"https:\\\/\\\/walnutcareers.de\\\/fr\\\/que-fait-un-chef-de-rang-2\\\/\",\"name\":\"Que fait un chef de rang ? - Walnut Careers\",\"isPartOf\":{\"@id\":\"https:\\\/\\\/walnutcareers.de\\\/fr\\\/#website\"},\"datePublished\":\"2023-11-20T08:34:25+00:00\",\"dateModified\":\"2023-11-20T08:34:27+00:00\",\"description\":\"Un commis de rang est un employ\u00e9 de service. Il fait partie int\u00e9grante de l'\u00e9quipe d'un restaurant et assiste le chef de rang.\",\"breadcrumb\":{\"@id\":\"https:\\\/\\\/walnutcareers.de\\\/fr\\\/que-fait-un-chef-de-rang-2\\\/#breadcrumb\"},\"inLanguage\":\"fr-FR\",\"potentialAction\":[{\"@type\":\"ReadAction\",\"target\":[\"https:\\\/\\\/walnutcareers.de\\\/fr\\\/que-fait-un-chef-de-rang-2\\\/\"]}]},{\"@type\":\"BreadcrumbList\",\"@id\":\"https:\\\/\\\/walnutcareers.de\\\/fr\\\/que-fait-un-chef-de-rang-2\\\/#breadcrumb\",\"itemListElement\":[{\"@type\":\"ListItem\",\"position\":1,\"name\":\"Startseite\",\"item\":\"https:\\\/\\\/walnutcareers.de\\\/fr\\\/bienvenue\\\/\"},{\"@type\":\"ListItem\",\"position\":2,\"name\":\"Que fait un chef de rang ?\"}]},{\"@type\":\"WebSite\",\"@id\":\"https:\\\/\\\/walnutcareers.de\\\/fr\\\/#website\",\"url\":\"https:\\\/\\\/walnutcareers.de\\\/fr\\\/\",\"name\":\"Walnut Careers\",\"description\":\"Headhunters for culinary art\",\"publisher\":{\"@id\":\"https:\\\/\\\/walnutcareers.de\\\/fr\\\/#organization\"},\"potentialAction\":[{\"@type\":\"SearchAction\",\"target\":{\"@type\":\"EntryPoint\",\"urlTemplate\":\"https:\\\/\\\/walnutcareers.de\\\/fr\\\/?s={search_term_string}\"},\"query-input\":{\"@type\":\"PropertyValueSpecification\",\"valueRequired\":true,\"valueName\":\"search_term_string\"}}],\"inLanguage\":\"fr-FR\"},{\"@type\":\"Organization\",\"@id\":\"https:\\\/\\\/walnutcareers.de\\\/fr\\\/#organization\",\"name\":\"Walnut Careers\",\"url\":\"https:\\\/\\\/walnutcareers.de\\\/fr\\\/\",\"logo\":{\"@type\":\"ImageObject\",\"inLanguage\":\"fr-FR\",\"@id\":\"https:\\\/\\\/walnutcareers.de\\\/fr\\\/#\\\/schema\\\/logo\\\/image\\\/\",\"url\":\"http:\\\/\\\/s1035819369.online.de\\\/wordpress\\\/wp-content\\\/uploads\\\/2019\\\/06\\\/WC-Careers-Logo_ohne.png\",\"contentUrl\":\"http:\\\/\\\/s1035819369.online.de\\\/wordpress\\\/wp-content\\\/uploads\\\/2019\\\/06\\\/WC-Careers-Logo_ohne.png\",\"width\":3700,\"height\":937,\"caption\":\"Walnut Careers\"},\"image\":{\"@id\":\"https:\\\/\\\/walnutcareers.de\\\/fr\\\/#\\\/schema\\\/logo\\\/image\\\/\"},\"sameAs\":[\"https:\\\/\\\/www.facebook.com\\\/Walnutcareers.de\\\/\",\"https:\\\/\\\/www.instagram.com\\\/walnutcareers\\\/\",\"https:\\\/\\\/www.linkedin.com\\\/company\\\/6389122\\\/\",\"https:\\\/\\\/www.youtube.com\\\/channel\\\/UCeAT3ngrHea58yEp5hPf4cQ?view_as=subscriber\"]}]}<\/script>\n<!-- \/ Yoast SEO plugin. -->","yoast_head_json":{"title":"Que fait un chef de rang ? - Walnut Careers","description":"Un commis de rang est un employ\u00e9 de service. Il fait partie int\u00e9grante de l'\u00e9quipe d'un restaurant et assiste le chef de rang.","robots":{"index":"index","follow":"follow","max-snippet":"max-snippet:-1","max-image-preview":"max-image-preview:large","max-video-preview":"max-video-preview:-1"},"canonical":"https:\/\/walnutcareers.de\/fr\/que-fait-un-chef-de-rang-2\/","og_locale":"fr_FR","og_type":"article","og_title":"Que fait un chef de rang ? - Walnut Careers","og_description":"Un commis de rang est un employ\u00e9 de service. Il fait partie int\u00e9grante de l'\u00e9quipe d'un restaurant et assiste le chef de rang.","og_url":"https:\/\/walnutcareers.de\/fr\/que-fait-un-chef-de-rang-2\/","og_site_name":"Walnut Careers","article_publisher":"https:\/\/www.facebook.com\/Walnutcareers.de\/","article_modified_time":"2023-11-20T08:34:27+00:00","og_image":[{"width":1200,"height":1192,"url":"https:\/\/walnutcareers.de\/wp-content\/uploads\/2019\/06\/DSC_0036-1200x1192.jpg","type":"image\/jpeg"}],"twitter_card":"summary_large_image","twitter_misc":{"Dur\u00e9e de lecture estim\u00e9e":"2 minutes"},"schema":{"@context":"https:\/\/schema.org","@graph":[{"@type":"WebPage","@id":"https:\/\/walnutcareers.de\/fr\/que-fait-un-chef-de-rang-2\/","url":"https:\/\/walnutcareers.de\/fr\/que-fait-un-chef-de-rang-2\/","name":"Que fait un chef de rang ? - Walnut Careers","isPartOf":{"@id":"https:\/\/walnutcareers.de\/fr\/#website"},"datePublished":"2023-11-20T08:34:25+00:00","dateModified":"2023-11-20T08:34:27+00:00","description":"Un commis de rang est un employ\u00e9 de service. Il fait partie int\u00e9grante de l'\u00e9quipe d'un restaurant et assiste le chef de rang.","breadcrumb":{"@id":"https:\/\/walnutcareers.de\/fr\/que-fait-un-chef-de-rang-2\/#breadcrumb"},"inLanguage":"fr-FR","potentialAction":[{"@type":"ReadAction","target":["https:\/\/walnutcareers.de\/fr\/que-fait-un-chef-de-rang-2\/"]}]},{"@type":"BreadcrumbList","@id":"https:\/\/walnutcareers.de\/fr\/que-fait-un-chef-de-rang-2\/#breadcrumb","itemListElement":[{"@type":"ListItem","position":1,"name":"Startseite","item":"https:\/\/walnutcareers.de\/fr\/bienvenue\/"},{"@type":"ListItem","position":2,"name":"Que fait un chef de rang ?"}]},{"@type":"WebSite","@id":"https:\/\/walnutcareers.de\/fr\/#website","url":"https:\/\/walnutcareers.de\/fr\/","name":"Walnut Careers","description":"Headhunters for culinary art","publisher":{"@id":"https:\/\/walnutcareers.de\/fr\/#organization"},"potentialAction":[{"@type":"SearchAction","target":{"@type":"EntryPoint","urlTemplate":"https:\/\/walnutcareers.de\/fr\/?s={search_term_string}"},"query-input":{"@type":"PropertyValueSpecification","valueRequired":true,"valueName":"search_term_string"}}],"inLanguage":"fr-FR"},{"@type":"Organization","@id":"https:\/\/walnutcareers.de\/fr\/#organization","name":"Walnut Careers","url":"https:\/\/walnutcareers.de\/fr\/","logo":{"@type":"ImageObject","inLanguage":"fr-FR","@id":"https:\/\/walnutcareers.de\/fr\/#\/schema\/logo\/image\/","url":"http:\/\/s1035819369.online.de\/wordpress\/wp-content\/uploads\/2019\/06\/WC-Careers-Logo_ohne.png","contentUrl":"http:\/\/s1035819369.online.de\/wordpress\/wp-content\/uploads\/2019\/06\/WC-Careers-Logo_ohne.png","width":3700,"height":937,"caption":"Walnut Careers"},"image":{"@id":"https:\/\/walnutcareers.de\/fr\/#\/schema\/logo\/image\/"},"sameAs":["https:\/\/www.facebook.com\/Walnutcareers.de\/","https:\/\/www.instagram.com\/walnutcareers\/","https:\/\/www.linkedin.com\/company\/6389122\/","https:\/\/www.youtube.com\/channel\/UCeAT3ngrHea58yEp5hPf4cQ?view_as=subscriber"]}]}},"_links":{"self":[{"href":"https:\/\/walnutcareers.de\/fr\/wp-json\/wp\/v2\/pages\/2397","targetHints":{"allow":["GET"]}}],"collection":[{"href":"https:\/\/walnutcareers.de\/fr\/wp-json\/wp\/v2\/pages"}],"about":[{"href":"https:\/\/walnutcareers.de\/fr\/wp-json\/wp\/v2\/types\/page"}],"author":[{"embeddable":true,"href":"https:\/\/walnutcareers.de\/fr\/wp-json\/wp\/v2\/users\/3"}],"replies":[{"embeddable":true,"href":"https:\/\/walnutcareers.de\/fr\/wp-json\/wp\/v2\/comments?post=2397"}],"version-history":[{"count":1,"href":"https:\/\/walnutcareers.de\/fr\/wp-json\/wp\/v2\/pages\/2397\/revisions"}],"predecessor-version":[{"id":2402,"href":"https:\/\/walnutcareers.de\/fr\/wp-json\/wp\/v2\/pages\/2397\/revisions\/2402"}],"wp:attachment":[{"href":"https:\/\/walnutcareers.de\/fr\/wp-json\/wp\/v2\/media?parent=2397"}],"curies":[{"name":"wp","href":"https:\/\/api.w.org\/{rel}","templated":true}]}}