{"id":2407,"date":"2023-11-20T09:38:59","date_gmt":"2023-11-20T08:38:59","guid":{"rendered":"https:\/\/walnutcareers.de\/wine-spirit-education-trust-wset\/"},"modified":"2023-11-20T09:39:12","modified_gmt":"2023-11-20T08:39:12","slug":"wine-spirit-education-trust-wset","status":"publish","type":"page","link":"https:\/\/walnutcareers.de\/fr\/wine-spirit-education-trust-wset\/","title":{"rendered":"Wine &amp; Spirit Education Trust (WSET)"},"content":{"rendered":"<div class=\"wpb-content-wrapper\"><p>[vc_row][vc_column][vc_column_text]<\/p>\n<h1>Wine &amp; Spirit Education Trust (WSET)<\/h1>\n<p>Le Wine &amp; Spirit Education Trust (WSET) est une organisation mondialement reconnue qui se consacre \u00e0 la formation des professionnels du vin et des spiritueux. L&rsquo;objectif du WSET est d&rsquo;am\u00e9liorer les connaissances et les comp\u00e9tences des professionnels du secteur des vins et spiritueux et d&rsquo;accro\u00eetre ainsi la qualit\u00e9 de l&rsquo;ensemble du secteur. Le WSET propose une grande vari\u00e9t\u00e9 de cours, \u00e0 diff\u00e9rents niveaux, qui d\u00e9bouchent sur diff\u00e9rentes r\u00e9compenses.<\/p>\n<h3>Prix de niveau 1 en vins :<\/h3>\n<p>Le Level 1 Award in Wines est la premi\u00e8re \u00e9tape de la formation du WSET et convient aux d\u00e9butants dans le domaine du vin ou \u00e0 ceux qui souhaitent rafra\u00eechir leurs connaissances. Dans ce cours, les participants apprennent les bases de la culture de la vigne, de la vinification et des types de vin. \u00c0 la fin du cours, les participants doivent passer un examen pour obtenir le Level 1 Award in Wines.<\/p>\n<h3>Prix de niveau 2 en vins :<\/h3>\n<p>Le Level 2 Award in Wines est un cours fondamental pour les amateurs de vin comme pour les professionnels. Ce cours permet aux participants de d\u00e9couvrir les principales r\u00e9gions viticoles du monde, les types de vin et leurs diff\u00e9rences, ainsi que les bases de la viticulture et de la vinification. Le cours comprend \u00e9galement une d\u00e9gustation de diff\u00e9rents vins de diff\u00e9rentes r\u00e9gions. Une fois le cours termin\u00e9, les participants doivent passer un examen pour obtenir le Level 2 Award in Wines.<\/p>\n<h3>Prix de niveau 3 dans le domaine des vins :<\/h3>\n<p>Le Level 3 Award in Wines est un cours exigeant qui s&rsquo;adresse aux professionnels du vin ou aux amateurs de vin qui souhaitent approfondir leurs connaissances. Dans ce cours, les participants recevront des informations compl\u00e8tes sur les r\u00e9gions viticoles du monde, y compris leurs conditions climatiques et p\u00e9dologiques et leurs types de vin. Le cours comprend \u00e9galement une d\u00e9gustation approfondie de vins de diff\u00e9rentes r\u00e9gions. Les participants doivent passer un examen \u00e9crit complet et r\u00e9ussir un test de d\u00e9gustation pour obtenir le Level 3 Award in Wines.<\/p>\n<h3>Dipl\u00f4me en vins et spiritueux :<\/h3>\n<p>Le Diploma in Wines and Spirits est le dipl\u00f4me le plus \u00e9lev\u00e9 propos\u00e9 par le WSET. Ce cours s&rsquo;adresse aux professionnels du secteur des vins et spiritueux qui recherchent une formation exigeante et compl\u00e8te. De plus, il comprend une formation compl\u00e8te sur tous les aspects du domaine des vins et des spiritueux. Cela comprend les r\u00e9gions viticoles, les types de vin, la vinification, la d\u00e9gustation et le commerce du vin. Les participants doivent passer plusieurs examens, dont des \u00e9preuves \u00e9crites, des \u00e9preuves de d\u00e9gustation et un travail de recherche approfondi, afin d&rsquo;obtenir le dipl\u00f4me en Wines and Spirits.<\/p>\n<p>Les Awards du WSET offrent une formation compl\u00e8te et un certificat international tr\u00e8s appr\u00e9ci\u00e9 par les professionnels du secteur des vins et spiritueux.[\/vc_column_text][\/vc_column][\/vc_row][vc_row][vc_column]                        <div class=\"row\">\n                            <div class=\"col-12 gap\">\n                    \n\n<div class=\"jobinner\">\n    <div class=\"row gap\">\n        <div class=\"col-12\">\n            <a style=\"display: block;\" href=\"https:\/\/walnutcareers.de\/fr\/jobs\/candidature-spontanee-service-gn\/\" target=\"_blank\">\n                <h3>Candidature spontan\u00e9e Service (gn)<\/h3>\n                Tu ne trouves pas le poste qui te convient sur notre site ? Nous nous r\u00e9jouissons n\u00e9anmoins de recevoir ta candidature !\n\nEn tant que chasseurs...            <\/a>\n        <\/div>\n    <\/div>\n            <div class=\"row infos small-gap\">\n            <div class=\"col-12\">\n                                    <div class=\"jobdetail cat\">\n                        <i class=\"far fa-utensils\"><\/i> Service                    <\/div>\n                                                    <div class=\"jobdetail location\">\n                        <p class=\"d-none\">object(WP_Term)#34095 (10) {\n  [\"term_id\"]=>\n  int(195)\n  [\"name\"]=>\n  string(6) \"Suisse\"\n  [\"slug\"]=>\n  string(6) \"suisse\"\n  [\"term_group\"]=>\n  int(0)\n  [\"term_taxonomy_id\"]=>\n  int(195)\n  [\"taxonomy\"]=>\n  string(6) \"region\"\n  [\"description\"]=>\n  string(0) \"\"\n  [\"parent\"]=>\n  int(0)\n  [\"count\"]=>\n  int(18)\n  [\"filter\"]=>\n  string(3) \"raw\"\n}\n<\/p>\n                        <i class=\"far fa-map-marker-alt\"><\/i> Allemagne, Autriche, Belgique, France, Suisse                    <\/div>\n                                            <\/div>\n        <\/div>\n        <div class=\"row actions \">\n        <div class=\"col-12\">\n            <a href=\"#\" class=\"direktbewerben directbtn\" id=\"directbtn-2407\" data-id=\"2407\"\n               data-toggle=\"\"\n               data-target=\"\">Postuler <i\n                        class=\"fa fa-angle-right\"><\/i><\/a>\n            <a href=\"https:\/\/walnutcareers.de\/fr\/jobs\/candidature-spontanee-service-gn\/\" class=\"readmore\" target=\"_blank\">en savoir plus <i\n                        class=\"fa fa-angle-right\"><\/i><\/a>\n                    <\/div>\n    <\/div>\n<\/div>\n                <\/div>\n                            <div class=\"col-12 gap\">\n                    \n\n<div class=\"jobinner\">\n    <div class=\"row gap\">\n        <div class=\"col-12\">\n            <a style=\"display: block;\" href=\"https:\/\/walnutcareers.de\/fr\/jobs\/sommelier-gn-alpes-bavaroises\/\" target=\"_blank\">\n                <h3>Sommelier (gn) Alpes bavaroises<\/h3>\n                \n\n\n  L'un des meilleurs h\u00f4tels de luxe du monde recherche un sommelier (gn). Une attention particuli\u00e8re est accord\u00e9e au plaisir, au bien-\u00eatre et \u00e0...            <\/a>\n        <\/div>\n    <\/div>\n            <div class=\"row infos small-gap\">\n            <div class=\"col-12\">\n                                    <div class=\"jobdetail cat\">\n                        <i class=\"far fa-utensils\"><\/i> Service                    <\/div>\n                                                    <div class=\"jobdetail location\">\n                        <p class=\"d-none\">object(WP_Term)#34093 (10) {\n  [\"term_id\"]=>\n  int(188)\n  [\"name\"]=>\n  string(8) \"Bavi\u00e8re\"\n  [\"slug\"]=>\n  string(7) \"baviere\"\n  [\"term_group\"]=>\n  int(0)\n  [\"term_taxonomy_id\"]=>\n  int(188)\n  [\"taxonomy\"]=>\n  string(6) \"region\"\n  [\"description\"]=>\n  string(0) \"\"\n  [\"parent\"]=>\n  int(190)\n  [\"count\"]=>\n  int(62)\n  [\"filter\"]=>\n  string(3) \"raw\"\n}\n<\/p>\n                        <i class=\"far fa-map-marker-alt\"><\/i> Allemagne, Bavi\u00e8re                    <\/div>\n                                            <\/div>\n        <\/div>\n        <div class=\"row actions \">\n        <div class=\"col-12\">\n            <a href=\"#\" class=\"direktbewerben directbtn\" id=\"directbtn-2407\" data-id=\"2407\"\n               data-toggle=\"\"\n               data-target=\"\">Postuler <i\n                        class=\"fa fa-angle-right\"><\/i><\/a>\n            <a href=\"https:\/\/walnutcareers.de\/fr\/jobs\/sommelier-gn-alpes-bavaroises\/\" class=\"readmore\" target=\"_blank\">en savoir plus <i\n                        class=\"fa fa-angle-right\"><\/i><\/a>\n                    <\/div>\n    <\/div>\n<\/div>\n                <\/div>\n                            <div class=\"col-12 gap\">\n                    \n\n<div class=\"jobinner\">\n    <div class=\"row gap\">\n        <div class=\"col-12\">\n            <a style=\"display: block;\" href=\"https:\/\/walnutcareers.de\/fr\/jobs\/assistant-barman-gn-hambourg\/\" target=\"_blank\">\n                <h3>Sommelier (gn) Hambourg<\/h3>\n                Un restaurant renomm\u00e9 et prim\u00e9 \u00e0 Hambourg, connu pour son excellente cuisine cr\u00e9ative, son service chaleureux et son bar de premi\u00e8re classe. Un lieu qui...            <\/a>\n        <\/div>\n    <\/div>\n            <div class=\"row infos small-gap\">\n            <div class=\"col-12\">\n                                    <div class=\"jobdetail cat\">\n                        <i class=\"far fa-utensils\"><\/i> Service                    <\/div>\n                                                    <div class=\"jobdetail location\">\n                        <p class=\"d-none\">object(WP_Term)#34091 (10) {\n  [\"term_id\"]=>\n  int(229)\n  [\"name\"]=>\n  string(8) \"Hambourg\"\n  [\"slug\"]=>\n  string(8) \"hambourg\"\n  [\"term_group\"]=>\n  int(0)\n  [\"term_taxonomy_id\"]=>\n  int(229)\n  [\"taxonomy\"]=>\n  string(6) \"region\"\n  [\"description\"]=>\n  string(0) \"\"\n  [\"parent\"]=>\n  int(190)\n  [\"count\"]=>\n  int(6)\n  [\"filter\"]=>\n  string(3) \"raw\"\n}\n<\/p>\n                        <i class=\"far fa-map-marker-alt\"><\/i> Hambourg                    <\/div>\n                                            <\/div>\n        <\/div>\n        <div class=\"row actions \">\n        <div class=\"col-12\">\n            <a href=\"#\" class=\"direktbewerben directbtn\" id=\"directbtn-2407\" data-id=\"2407\"\n               data-toggle=\"\"\n               data-target=\"\">Postuler <i\n                        class=\"fa fa-angle-right\"><\/i><\/a>\n            <a href=\"https:\/\/walnutcareers.de\/fr\/jobs\/assistant-barman-gn-hambourg\/\" class=\"readmore\" target=\"_blank\">en savoir plus <i\n                        class=\"fa fa-angle-right\"><\/i><\/a>\n                    <\/div>\n    <\/div>\n<\/div>\n                <\/div>\n                            [\/vc_column][\/vc_row]<\/p>\n<\/div>","protected":false},"excerpt":{"rendered":"<p>[vc_row][vc_column][vc_column_text] Wine &amp; Spirit Education Trust (WSET) Le Wine &amp; Spirit Education Trust (WSET) est une organisation mondialement reconnue qui se consacre \u00e0 la formation des professionnels du vin et des spiritueux. L&rsquo;objectif du WSET est d&rsquo;am\u00e9liorer les connaissances et les comp\u00e9tences des professionnels du secteur des vins et spiritueux et d&rsquo;accro\u00eetre ainsi la qualit\u00e9 &hellip; <\/p>\n<p class=\"link-more\"><a href=\"https:\/\/walnutcareers.de\/fr\/jobs\/assistant-barman-gn-hambourg\/\" class=\"more-link\">Continue reading<span class=\"screen-reader-text\"> \u00ab\u00a0Sommelier (gn) Hambourg\u00a0\u00bb<\/span><\/a><\/p>\n","protected":false},"author":3,"featured_media":0,"parent":0,"menu_order":0,"comment_status":"closed","ping_status":"closed","template":"","meta":{"_acf_changed":false,"footnotes":""},"class_list":["post-2407","page","type-page","status-publish","hentry"],"acf":[],"yoast_head":"<!-- This site is optimized with the Yoast SEO plugin v27.4 - https:\/\/yoast.com\/product\/yoast-seo-wordpress\/ -->\n<title>Wine &amp; Spirit Education Trust (WSET) - Walnut Careers<\/title>\n<meta name=\"description\" content=\"Le Wine &amp; Spirit Education Trust (WSET) est une organisation mondialement reconnue qui se consacre \u00e0 la formation des professionnels du vin et des spiritueux.\" \/>\n<meta name=\"robots\" content=\"index, follow, max-snippet:-1, max-image-preview:large, max-video-preview:-1\" \/>\n<link rel=\"canonical\" href=\"https:\/\/walnutcareers.de\/fr\/wine-spirit-education-trust-wset\/\" \/>\n<meta property=\"og:locale\" content=\"fr_FR\" \/>\n<meta property=\"og:type\" content=\"article\" \/>\n<meta property=\"og:title\" content=\"Wine &amp; Spirit Education Trust (WSET) - Walnut Careers\" \/>\n<meta property=\"og:description\" content=\"Le Wine &amp; Spirit Education Trust (WSET) est une organisation mondialement reconnue qui se consacre \u00e0 la formation des professionnels du vin et des spiritueux.\" \/>\n<meta property=\"og:url\" content=\"https:\/\/walnutcareers.de\/fr\/wine-spirit-education-trust-wset\/\" \/>\n<meta property=\"og:site_name\" content=\"Walnut Careers\" \/>\n<meta property=\"article:publisher\" content=\"https:\/\/www.facebook.com\/Walnutcareers.de\/\" \/>\n<meta property=\"article:modified_time\" content=\"2023-11-20T08:39:12+00:00\" \/>\n<meta property=\"og:image\" content=\"https:\/\/walnutcareers.de\/wp-content\/uploads\/2019\/06\/DSC_0036-1200x1192.jpg\" \/>\n\t<meta property=\"og:image:width\" content=\"1200\" \/>\n\t<meta property=\"og:image:height\" content=\"1192\" \/>\n\t<meta property=\"og:image:type\" content=\"image\/jpeg\" \/>\n<meta name=\"twitter:card\" content=\"summary_large_image\" \/>\n<meta name=\"twitter:label1\" content=\"Dur\u00e9e de lecture estim\u00e9e\" \/>\n\t<meta name=\"twitter:data1\" content=\"3 minutes\" \/>\n<script type=\"application\/ld+json\" class=\"yoast-schema-graph\">{\"@context\":\"https:\\\/\\\/schema.org\",\"@graph\":[{\"@type\":\"WebPage\",\"@id\":\"https:\\\/\\\/walnutcareers.de\\\/fr\\\/wine-spirit-education-trust-wset\\\/\",\"url\":\"https:\\\/\\\/walnutcareers.de\\\/fr\\\/wine-spirit-education-trust-wset\\\/\",\"name\":\"Wine &amp; Spirit Education Trust (WSET) - Walnut Careers\",\"isPartOf\":{\"@id\":\"https:\\\/\\\/walnutcareers.de\\\/fr\\\/#website\"},\"datePublished\":\"2023-11-20T08:38:59+00:00\",\"dateModified\":\"2023-11-20T08:39:12+00:00\",\"description\":\"Le Wine & Spirit Education Trust (WSET) est une organisation mondialement reconnue qui se consacre \u00e0 la formation des professionnels du vin et des spiritueux.\",\"breadcrumb\":{\"@id\":\"https:\\\/\\\/walnutcareers.de\\\/fr\\\/wine-spirit-education-trust-wset\\\/#breadcrumb\"},\"inLanguage\":\"fr-FR\",\"potentialAction\":[{\"@type\":\"ReadAction\",\"target\":[\"https:\\\/\\\/walnutcareers.de\\\/fr\\\/wine-spirit-education-trust-wset\\\/\"]}]},{\"@type\":\"BreadcrumbList\",\"@id\":\"https:\\\/\\\/walnutcareers.de\\\/fr\\\/wine-spirit-education-trust-wset\\\/#breadcrumb\",\"itemListElement\":[{\"@type\":\"ListItem\",\"position\":1,\"name\":\"Startseite\",\"item\":\"https:\\\/\\\/walnutcareers.de\\\/fr\\\/bienvenue\\\/\"},{\"@type\":\"ListItem\",\"position\":2,\"name\":\"Wine &amp; Spirit Education Trust (WSET)\"}]},{\"@type\":\"WebSite\",\"@id\":\"https:\\\/\\\/walnutcareers.de\\\/fr\\\/#website\",\"url\":\"https:\\\/\\\/walnutcareers.de\\\/fr\\\/\",\"name\":\"Walnut Careers\",\"description\":\"Headhunters for culinary art\",\"publisher\":{\"@id\":\"https:\\\/\\\/walnutcareers.de\\\/fr\\\/#organization\"},\"potentialAction\":[{\"@type\":\"SearchAction\",\"target\":{\"@type\":\"EntryPoint\",\"urlTemplate\":\"https:\\\/\\\/walnutcareers.de\\\/fr\\\/?s={search_term_string}\"},\"query-input\":{\"@type\":\"PropertyValueSpecification\",\"valueRequired\":true,\"valueName\":\"search_term_string\"}}],\"inLanguage\":\"fr-FR\"},{\"@type\":\"Organization\",\"@id\":\"https:\\\/\\\/walnutcareers.de\\\/fr\\\/#organization\",\"name\":\"Walnut Careers\",\"url\":\"https:\\\/\\\/walnutcareers.de\\\/fr\\\/\",\"logo\":{\"@type\":\"ImageObject\",\"inLanguage\":\"fr-FR\",\"@id\":\"https:\\\/\\\/walnutcareers.de\\\/fr\\\/#\\\/schema\\\/logo\\\/image\\\/\",\"url\":\"http:\\\/\\\/s1035819369.online.de\\\/wordpress\\\/wp-content\\\/uploads\\\/2019\\\/06\\\/WC-Careers-Logo_ohne.png\",\"contentUrl\":\"http:\\\/\\\/s1035819369.online.de\\\/wordpress\\\/wp-content\\\/uploads\\\/2019\\\/06\\\/WC-Careers-Logo_ohne.png\",\"width\":3700,\"height\":937,\"caption\":\"Walnut Careers\"},\"image\":{\"@id\":\"https:\\\/\\\/walnutcareers.de\\\/fr\\\/#\\\/schema\\\/logo\\\/image\\\/\"},\"sameAs\":[\"https:\\\/\\\/www.facebook.com\\\/Walnutcareers.de\\\/\",\"https:\\\/\\\/www.instagram.com\\\/walnutcareers\\\/\",\"https:\\\/\\\/www.linkedin.com\\\/company\\\/6389122\\\/\",\"https:\\\/\\\/www.youtube.com\\\/channel\\\/UCeAT3ngrHea58yEp5hPf4cQ?view_as=subscriber\"]}]}<\/script>\n<!-- \/ Yoast SEO plugin. -->","yoast_head_json":{"title":"Wine &amp; Spirit Education Trust (WSET) - Walnut Careers","description":"Le Wine & Spirit Education Trust (WSET) est une organisation mondialement reconnue qui se consacre \u00e0 la formation des professionnels du vin et des spiritueux.","robots":{"index":"index","follow":"follow","max-snippet":"max-snippet:-1","max-image-preview":"max-image-preview:large","max-video-preview":"max-video-preview:-1"},"canonical":"https:\/\/walnutcareers.de\/fr\/wine-spirit-education-trust-wset\/","og_locale":"fr_FR","og_type":"article","og_title":"Wine &amp; Spirit Education Trust (WSET) - Walnut Careers","og_description":"Le Wine & Spirit Education Trust (WSET) est une organisation mondialement reconnue qui se consacre \u00e0 la formation des professionnels du vin et des spiritueux.","og_url":"https:\/\/walnutcareers.de\/fr\/wine-spirit-education-trust-wset\/","og_site_name":"Walnut Careers","article_publisher":"https:\/\/www.facebook.com\/Walnutcareers.de\/","article_modified_time":"2023-11-20T08:39:12+00:00","og_image":[{"width":1200,"height":1192,"url":"https:\/\/walnutcareers.de\/wp-content\/uploads\/2019\/06\/DSC_0036-1200x1192.jpg","type":"image\/jpeg"}],"twitter_card":"summary_large_image","twitter_misc":{"Dur\u00e9e de lecture estim\u00e9e":"3 minutes"},"schema":{"@context":"https:\/\/schema.org","@graph":[{"@type":"WebPage","@id":"https:\/\/walnutcareers.de\/fr\/wine-spirit-education-trust-wset\/","url":"https:\/\/walnutcareers.de\/fr\/wine-spirit-education-trust-wset\/","name":"Wine &amp; Spirit Education Trust (WSET) - Walnut Careers","isPartOf":{"@id":"https:\/\/walnutcareers.de\/fr\/#website"},"datePublished":"2023-11-20T08:38:59+00:00","dateModified":"2023-11-20T08:39:12+00:00","description":"Le Wine & Spirit Education Trust (WSET) est une organisation mondialement reconnue qui se consacre \u00e0 la formation des professionnels du vin et des spiritueux.","breadcrumb":{"@id":"https:\/\/walnutcareers.de\/fr\/wine-spirit-education-trust-wset\/#breadcrumb"},"inLanguage":"fr-FR","potentialAction":[{"@type":"ReadAction","target":["https:\/\/walnutcareers.de\/fr\/wine-spirit-education-trust-wset\/"]}]},{"@type":"BreadcrumbList","@id":"https:\/\/walnutcareers.de\/fr\/wine-spirit-education-trust-wset\/#breadcrumb","itemListElement":[{"@type":"ListItem","position":1,"name":"Startseite","item":"https:\/\/walnutcareers.de\/fr\/bienvenue\/"},{"@type":"ListItem","position":2,"name":"Wine &amp; Spirit Education Trust (WSET)"}]},{"@type":"WebSite","@id":"https:\/\/walnutcareers.de\/fr\/#website","url":"https:\/\/walnutcareers.de\/fr\/","name":"Walnut Careers","description":"Headhunters for culinary art","publisher":{"@id":"https:\/\/walnutcareers.de\/fr\/#organization"},"potentialAction":[{"@type":"SearchAction","target":{"@type":"EntryPoint","urlTemplate":"https:\/\/walnutcareers.de\/fr\/?s={search_term_string}"},"query-input":{"@type":"PropertyValueSpecification","valueRequired":true,"valueName":"search_term_string"}}],"inLanguage":"fr-FR"},{"@type":"Organization","@id":"https:\/\/walnutcareers.de\/fr\/#organization","name":"Walnut Careers","url":"https:\/\/walnutcareers.de\/fr\/","logo":{"@type":"ImageObject","inLanguage":"fr-FR","@id":"https:\/\/walnutcareers.de\/fr\/#\/schema\/logo\/image\/","url":"http:\/\/s1035819369.online.de\/wordpress\/wp-content\/uploads\/2019\/06\/WC-Careers-Logo_ohne.png","contentUrl":"http:\/\/s1035819369.online.de\/wordpress\/wp-content\/uploads\/2019\/06\/WC-Careers-Logo_ohne.png","width":3700,"height":937,"caption":"Walnut Careers"},"image":{"@id":"https:\/\/walnutcareers.de\/fr\/#\/schema\/logo\/image\/"},"sameAs":["https:\/\/www.facebook.com\/Walnutcareers.de\/","https:\/\/www.instagram.com\/walnutcareers\/","https:\/\/www.linkedin.com\/company\/6389122\/","https:\/\/www.youtube.com\/channel\/UCeAT3ngrHea58yEp5hPf4cQ?view_as=subscriber"]}]}},"_links":{"self":[{"href":"https:\/\/walnutcareers.de\/fr\/wp-json\/wp\/v2\/pages\/2407","targetHints":{"allow":["GET"]}}],"collection":[{"href":"https:\/\/walnutcareers.de\/fr\/wp-json\/wp\/v2\/pages"}],"about":[{"href":"https:\/\/walnutcareers.de\/fr\/wp-json\/wp\/v2\/types\/page"}],"author":[{"embeddable":true,"href":"https:\/\/walnutcareers.de\/fr\/wp-json\/wp\/v2\/users\/3"}],"replies":[{"embeddable":true,"href":"https:\/\/walnutcareers.de\/fr\/wp-json\/wp\/v2\/comments?post=2407"}],"version-history":[{"count":10,"href":"https:\/\/walnutcareers.de\/fr\/wp-json\/wp\/v2\/pages\/2407\/revisions"}],"predecessor-version":[{"id":2520,"href":"https:\/\/walnutcareers.de\/fr\/wp-json\/wp\/v2\/pages\/2407\/revisions\/2520"}],"wp:attachment":[{"href":"https:\/\/walnutcareers.de\/fr\/wp-json\/wp\/v2\/media?parent=2407"}],"curies":[{"name":"wp","href":"https:\/\/api.w.org\/{rel}","templated":true}]}}