{"id":2408,"date":"2023-11-20T09:38:59","date_gmt":"2023-11-20T08:38:59","guid":{"rendered":"https:\/\/walnutcareers.de\/que-fait-un-entremetteur\/"},"modified":"2023-11-20T09:39:16","modified_gmt":"2023-11-20T08:39:16","slug":"que-fait-un-entremetteur","status":"publish","type":"page","link":"https:\/\/walnutcareers.de\/fr\/que-fait-un-entremetteur\/","title":{"rendered":"Que fait un entremetteur ?"},"content":{"rendered":"<div class=\"wpb-content-wrapper\"><p>[vc_row][vc_column][vc_column_text]<\/p>\n<h2>QU&rsquo;EST-CE QU&rsquo;UN ENTREMETTEUR ?<\/h2>\n<p>Un entremetteur est un cuisinier qui se sp\u00e9cialise dans la pr\u00e9paration d&rsquo;accompagnements et d&rsquo;entr\u00e9es. Il travaille sous les ordres du chef de partie et est responsable de la pr\u00e9paration des accompagnements tels que les pommes de terre, le riz, les p\u00e2tes et les l\u00e9gumes. Il est \u00e9galement responsable de la pr\u00e9paration des entr\u00e9es comme les soupes, les salades et les canap\u00e9s.<\/p>\n<p>Un entremetteur doit conna\u00eetre diff\u00e9rentes m\u00e9thodes de pr\u00e9paration, comme la cuisson, la cuisson \u00e0 la vapeur, le r\u00f4tissage et la grillade, afin de pouvoir pr\u00e9parer des accompagnements et des entr\u00e9es d&rsquo;une qualit\u00e9 parfaite. Il doit \u00e9galement \u00eatre capable de travailler rapidement et avec pr\u00e9cision afin que les plats soient pr\u00eats \u00e0 temps pour la distribution.<\/p>\n<p>Il est \u00e9galement responsable de l&rsquo;organisation et de la supervision des travaux dans son service, ainsi que du respect des normes d&rsquo;hygi\u00e8ne et de l&rsquo;utilisation des ingr\u00e9dients de mani\u00e8re efficace.<\/p>\n<p>Un entremetteur doit \u00e9galement avoir les comp\u00e9tences et l&rsquo;exp\u00e9rience n\u00e9cessaires pour faire preuve de cr\u00e9ativit\u00e9 et trouver de nouvelles id\u00e9es d&rsquo;accompagnements et d&rsquo;entr\u00e9es afin d&rsquo;enrichir le menu du restaurant et de ravir les clients.[\/vc_column_text][\/vc_column][\/vc_row][vc_row][vc_column][vc_column_text]<\/p>\n<h2>QUELS SONT LES POSTES DANS LA CUISINE ?<\/h2>\n<p>Dans une cuisine professionnelle, les cuisiniers exp\u00e9riment\u00e9s occupent diff\u00e9rents postes afin d&rsquo;organiser les op\u00e9rations quotidiennes et de s&rsquo;assurer que les clients sont impressionn\u00e9s par la qualit\u00e9 des plats et du service. Le <a href=\"http:\/\/s1035819369.online.de\/wordpress\/was-macht-ein-kuechenchef\/\">chef de cuisine<\/a> dirige la direction g\u00e9n\u00e9rale de la cuisine, le sous-chef soutient le travail du chef de cuisine, le chef de partie dirige un poste sp\u00e9cifique comme par exemple <a href=\"http:\/\/s1035819369.online.de\/wordpress\/was-macht-ein-gardemanger\/\">le gardemanger<\/a>, le poissonnier, le saucier, le p\u00e2tissier et le r\u00f4tisseur. Le chef tourneur surveille et coordonne les travaux dans diff\u00e9rentes stations. Chaque poste a ses propres responsabilit\u00e9s et t\u00e2ches qui contribuent au bon fonctionnement de la cuisine.[\/vc_column_text][\/vc_column][\/vc_row][vc_row][vc_column]                        <div class=\"row\">\n                            <div class=\"col-12 gap\">\n                    \n\n<div class=\"jobinner\">\n    <div class=\"row gap\">\n        <div class=\"col-12\">\n            <a style=\"display: block;\" href=\"https:\/\/walnutcareers.de\/fr\/jobs\/candidature-spontanee-service-gn\/\" target=\"_blank\">\n                <h3>Candidature spontan\u00e9e Service (gn)<\/h3>\n                Tu ne trouves pas le poste qui te convient sur notre site ? Nous nous r\u00e9jouissons n\u00e9anmoins de recevoir ta candidature !\n\nEn tant que chasseurs...            <\/a>\n        <\/div>\n    <\/div>\n            <div class=\"row infos small-gap\">\n            <div class=\"col-12\">\n                                    <div class=\"jobdetail cat\">\n                        <i class=\"far fa-utensils\"><\/i> Service                    <\/div>\n                                                    <div class=\"jobdetail location\">\n                        <p class=\"d-none\">object(WP_Term)#34098 (10) {\n  [\"term_id\"]=>\n  int(195)\n  [\"name\"]=>\n  string(6) \"Suisse\"\n  [\"slug\"]=>\n  string(6) \"suisse\"\n  [\"term_group\"]=>\n  int(0)\n  [\"term_taxonomy_id\"]=>\n  int(195)\n  [\"taxonomy\"]=>\n  string(6) \"region\"\n  [\"description\"]=>\n  string(0) \"\"\n  [\"parent\"]=>\n  int(0)\n  [\"count\"]=>\n  int(18)\n  [\"filter\"]=>\n  string(3) \"raw\"\n}\n<\/p>\n                        <i class=\"far fa-map-marker-alt\"><\/i> Allemagne, Autriche, Belgique, France, Suisse                    <\/div>\n                                            <\/div>\n        <\/div>\n        <div class=\"row actions \">\n        <div class=\"col-12\">\n            <a href=\"#\" class=\"direktbewerben directbtn\" id=\"directbtn-2408\" data-id=\"2408\"\n               data-toggle=\"\"\n               data-target=\"\">Postuler <i\n                        class=\"fa fa-angle-right\"><\/i><\/a>\n            <a href=\"https:\/\/walnutcareers.de\/fr\/jobs\/candidature-spontanee-service-gn\/\" class=\"readmore\" target=\"_blank\">en savoir plus <i\n                        class=\"fa fa-angle-right\"><\/i><\/a>\n                    <\/div>\n    <\/div>\n<\/div>\n                <\/div>\n                            <div class=\"col-12 gap\">\n                    \n\n<div class=\"jobinner\">\n    <div class=\"row gap\">\n        <div class=\"col-12\">\n            <a style=\"display: block;\" href=\"https:\/\/walnutcareers.de\/fr\/jobs\/chef-executif-gn-luxury-hotel-gstaad\/\" target=\"_blank\">\n                <h3>Chef ex\u00e9cutif (gn) Luxury Hotel Gstaad<\/h3>\n                En collaboration avec notre partenaire, SDI Human Resources, nous recherchons un h\u00f4tel de luxe exclusif dans les Alpes suisses. L'h\u00f4tel combine plus de 100 ans...            <\/a>\n        <\/div>\n    <\/div>\n            <div class=\"row infos small-gap\">\n            <div class=\"col-12\">\n                                                    <div class=\"jobdetail location\">\n                        <p class=\"d-none\">object(WP_Term)#34095 (10) {\n  [\"term_id\"]=>\n  int(195)\n  [\"name\"]=>\n  string(6) \"Suisse\"\n  [\"slug\"]=>\n  string(6) \"suisse\"\n  [\"term_group\"]=>\n  int(0)\n  [\"term_taxonomy_id\"]=>\n  int(195)\n  [\"taxonomy\"]=>\n  string(6) \"region\"\n  [\"description\"]=>\n  string(0) \"\"\n  [\"parent\"]=>\n  int(0)\n  [\"count\"]=>\n  int(18)\n  [\"filter\"]=>\n  string(3) \"raw\"\n}\n<\/p>\n                        <i class=\"far fa-map-marker-alt\"><\/i> Berne, Suisse                    <\/div>\n                                                    <div class=\"jobdetail type\">\n                        <i class=\"far fa-h\u00f4tel\"><\/i> H\u00f4tel de luxe                    <\/div>\n                            <\/div>\n        <\/div>\n        <div class=\"row actions \">\n        <div class=\"col-12\">\n            <a href=\"#\" class=\"direktbewerben directbtn\" id=\"directbtn-2408\" data-id=\"2408\"\n               data-toggle=\"\"\n               data-target=\"\">Postuler <i\n                        class=\"fa fa-angle-right\"><\/i><\/a>\n            <a href=\"https:\/\/walnutcareers.de\/fr\/jobs\/chef-executif-gn-luxury-hotel-gstaad\/\" class=\"readmore\" target=\"_blank\">en savoir plus <i\n                        class=\"fa fa-angle-right\"><\/i><\/a>\n                    <\/div>\n    <\/div>\n<\/div>\n                <\/div>\n                            <div class=\"col-12 gap\">\n                    \n\n<div class=\"jobinner\">\n    <div class=\"row gap\">\n        <div class=\"col-12\">\n            <a style=\"display: block;\" href=\"https:\/\/walnutcareers.de\/fr\/jobs\/chef-de-cuisine-gn-vip-catering\/\" target=\"_blank\">\n                <h3>Chef de cuisine (gn) VIP Catering<\/h3>\n                Une entreprise de restauration haut de gamme de premier plan dont le si\u00e8ge social est en Bavi\u00e8re et qui est r\u00e9put\u00e9e dans toute l'Europe pour...            <\/a>\n        <\/div>\n    <\/div>\n            <div class=\"row infos small-gap\">\n            <div class=\"col-12\">\n                                    <div class=\"jobdetail cat\">\n                        <i class=\"far fa-knife-kitchen\"><\/i> Cuisine                    <\/div>\n                                                                    <div class=\"jobdetail type\">\n                        <i class=\"far \"><\/i> Restauration                    <\/div>\n                            <\/div>\n        <\/div>\n        <div class=\"row actions \">\n        <div class=\"col-12\">\n            <a href=\"#\" class=\"direktbewerben directbtn\" id=\"directbtn-2408\" data-id=\"2408\"\n               data-toggle=\"\"\n               data-target=\"\">Postuler <i\n                        class=\"fa fa-angle-right\"><\/i><\/a>\n            <a href=\"https:\/\/walnutcareers.de\/fr\/jobs\/chef-de-cuisine-gn-vip-catering\/\" class=\"readmore\" target=\"_blank\">en savoir plus <i\n                        class=\"fa fa-angle-right\"><\/i><\/a>\n                    <\/div>\n    <\/div>\n<\/div>\n                <\/div>\n                            <div class=\"col-12 gap\">\n                    \n\n<div class=\"jobinner\">\n    <div class=\"row gap\">\n        <div class=\"col-12\">\n            <a style=\"display: block;\" href=\"https:\/\/walnutcareers.de\/fr\/jobs\/commercial-gn-fine-food-frankfurt\/\" target=\"_blank\">\n                <h3>Commercial (gn) Fine Food Frankfurt<\/h3>\n                Notre client est une entreprise dynamique et ind\u00e9pendante dans le segment haut de gamme de la fine food et des sp\u00e9cialit\u00e9s culinaires. En se concentrant...            <\/a>\n        <\/div>\n    <\/div>\n            <div class=\"row infos small-gap\">\n            <div class=\"col-12\">\n                                    <div class=\"jobdetail cat\">\n                        <i class=\"far fa-industry-alt\"><\/i> Distribution\/ Industrie                    <\/div>\n                                                    <div class=\"jobdetail location\">\n                        <p class=\"d-none\">object(WP_Term)#34086 (10) {\n  [\"term_id\"]=>\n  int(199)\n  [\"name\"]=>\n  string(5) \"Hesse\"\n  [\"slug\"]=>\n  string(8) \"hesse-fr\"\n  [\"term_group\"]=>\n  int(0)\n  [\"term_taxonomy_id\"]=>\n  int(199)\n  [\"taxonomy\"]=>\n  string(6) \"region\"\n  [\"description\"]=>\n  string(0) \"\"\n  [\"parent\"]=>\n  int(190)\n  [\"count\"]=>\n  int(18)\n  [\"filter\"]=>\n  string(3) \"raw\"\n}\n<\/p>\n                        <i class=\"far fa-map-marker-alt\"><\/i> Allemagne, Hesse                    <\/div>\n                                                    <div class=\"jobdetail type\">\n                        <i class=\"far fa-industry-alt\"><\/i> Industrie                    <\/div>\n                            <\/div>\n        <\/div>\n        <div class=\"row actions \">\n        <div class=\"col-12\">\n            <a href=\"#\" class=\"direktbewerben directbtn\" id=\"directbtn-2408\" data-id=\"2408\"\n               data-toggle=\"\"\n               data-target=\"\">Postuler <i\n                        class=\"fa fa-angle-right\"><\/i><\/a>\n            <a href=\"https:\/\/walnutcareers.de\/fr\/jobs\/commercial-gn-fine-food-frankfurt\/\" class=\"readmore\" target=\"_blank\">en savoir plus <i\n                        class=\"fa fa-angle-right\"><\/i><\/a>\n                    <\/div>\n    <\/div>\n<\/div>\n                <\/div>\n                            <div class=\"col-12 gap\">\n                    \n\n<div class=\"jobinner\">\n    <div class=\"row gap\">\n        <div class=\"col-12\">\n            <a style=\"display: block;\" href=\"https:\/\/walnutcareers.de\/fr\/jobs\/assistant-fb-gn-hotel-de-luxe-a-munich\/\" target=\"_blank\">\n                <h3>Assistant F&amp;B (gn) H\u00f4tel de luxe \u00e0 Munich<\/h3>\n                Un h\u00f4tel de luxe prim\u00e9 dans le sud de l'Allemagne, qui se distingue par son excellente gastronomie avec plusieurs restaurants, bars et espaces \u00e9v\u00e9nementiels autonomes....            <\/a>\n        <\/div>\n    <\/div>\n            <div class=\"row infos small-gap\">\n            <div class=\"col-12\">\n                                    <div class=\"jobdetail cat\">\n                        <i class=\"far \"><\/i> F&amp;B                    <\/div>\n                                                    <div class=\"jobdetail location\">\n                        <p class=\"d-none\">object(WP_Term)#34095 (10) {\n  [\"term_id\"]=>\n  int(188)\n  [\"name\"]=>\n  string(8) \"Bavi\u00e8re\"\n  [\"slug\"]=>\n  string(7) \"baviere\"\n  [\"term_group\"]=>\n  int(0)\n  [\"term_taxonomy_id\"]=>\n  int(188)\n  [\"taxonomy\"]=>\n  string(6) \"region\"\n  [\"description\"]=>\n  string(0) \"\"\n  [\"parent\"]=>\n  int(190)\n  [\"count\"]=>\n  int(62)\n  [\"filter\"]=>\n  string(3) \"raw\"\n}\n<\/p>\n                        <i class=\"far fa-map-marker-alt\"><\/i> Allemagne, Bavi\u00e8re                    <\/div>\n                                                    <div class=\"jobdetail type\">\n                        <i class=\"far fa-h\u00f4tel\"><\/i> H\u00f4tel de luxe                    <\/div>\n                            <\/div>\n        <\/div>\n        <div class=\"row actions \">\n        <div class=\"col-12\">\n            <a href=\"#\" class=\"direktbewerben directbtn\" id=\"directbtn-2408\" data-id=\"2408\"\n               data-toggle=\"\"\n               data-target=\"\">Postuler <i\n                        class=\"fa fa-angle-right\"><\/i><\/a>\n            <a href=\"https:\/\/walnutcareers.de\/fr\/jobs\/assistant-fb-gn-hotel-de-luxe-a-munich\/\" class=\"readmore\" target=\"_blank\">en savoir plus <i\n                        class=\"fa fa-angle-right\"><\/i><\/a>\n                    <\/div>\n    <\/div>\n<\/div>\n                <\/div>\n                            [\/vc_column][\/vc_row]<\/p>\n<\/div>","protected":false},"excerpt":{"rendered":"<p>[vc_row][vc_column][vc_column_text] QU&rsquo;EST-CE QU&rsquo;UN ENTREMETTEUR ? Un entremetteur est un cuisinier qui se sp\u00e9cialise dans la pr\u00e9paration d&rsquo;accompagnements et d&rsquo;entr\u00e9es. Il travaille sous les ordres du chef de partie et est responsable de la pr\u00e9paration des accompagnements tels que les pommes de terre, le riz, les p\u00e2tes et les l\u00e9gumes. Il est \u00e9galement responsable de la &hellip; <\/p>\n<p class=\"link-more\"><a href=\"https:\/\/walnutcareers.de\/fr\/jobs\/assistant-fb-gn-hotel-de-luxe-a-munich\/\" class=\"more-link\">Continue reading<span class=\"screen-reader-text\"> \u00ab\u00a0Assistant F&amp;B (gn) H\u00f4tel de luxe \u00e0 Munich\u00a0\u00bb<\/span><\/a><\/p>\n","protected":false},"author":3,"featured_media":0,"parent":0,"menu_order":0,"comment_status":"closed","ping_status":"closed","template":"","meta":{"_acf_changed":false,"footnotes":""},"class_list":["post-2408","page","type-page","status-publish","hentry"],"acf":[],"yoast_head":"<!-- This site is optimized with the Yoast SEO plugin v27.4 - https:\/\/yoast.com\/product\/yoast-seo-wordpress\/ -->\n<title>Que fait un entremetteur ? - Walnut Careers<\/title>\n<meta name=\"description\" content=\"D\u00e9couvre les t\u00e2ches d&#039;un entremetteur sp\u00e9cialis\u00e9 dans la pr\u00e9paration d&#039;accompagnements et d&#039;entr\u00e9es.\" \/>\n<meta name=\"robots\" content=\"index, follow, max-snippet:-1, max-image-preview:large, max-video-preview:-1\" \/>\n<link rel=\"canonical\" href=\"https:\/\/walnutcareers.de\/fr\/que-fait-un-entremetteur\/\" \/>\n<meta property=\"og:locale\" content=\"fr_FR\" \/>\n<meta property=\"og:type\" content=\"article\" \/>\n<meta property=\"og:title\" content=\"Que fait un entremetteur ? - Walnut Careers\" \/>\n<meta property=\"og:description\" content=\"D\u00e9couvre les t\u00e2ches d&#039;un entremetteur sp\u00e9cialis\u00e9 dans la pr\u00e9paration d&#039;accompagnements et d&#039;entr\u00e9es.\" \/>\n<meta property=\"og:url\" content=\"https:\/\/walnutcareers.de\/fr\/que-fait-un-entremetteur\/\" \/>\n<meta property=\"og:site_name\" content=\"Walnut Careers\" \/>\n<meta property=\"article:publisher\" content=\"https:\/\/www.facebook.com\/Walnutcareers.de\/\" \/>\n<meta property=\"article:modified_time\" content=\"2023-11-20T08:39:16+00:00\" \/>\n<meta property=\"og:image\" content=\"https:\/\/walnutcareers.de\/wp-content\/uploads\/2019\/06\/DSC_0036-1200x1192.jpg\" \/>\n\t<meta property=\"og:image:width\" content=\"1200\" \/>\n\t<meta property=\"og:image:height\" content=\"1192\" \/>\n\t<meta property=\"og:image:type\" content=\"image\/jpeg\" \/>\n<meta name=\"twitter:card\" content=\"summary_large_image\" \/>\n<meta name=\"twitter:label1\" content=\"Dur\u00e9e de lecture estim\u00e9e\" \/>\n\t<meta name=\"twitter:data1\" content=\"2 minutes\" \/>\n<script type=\"application\/ld+json\" class=\"yoast-schema-graph\">{\"@context\":\"https:\\\/\\\/schema.org\",\"@graph\":[{\"@type\":\"WebPage\",\"@id\":\"https:\\\/\\\/walnutcareers.de\\\/fr\\\/que-fait-un-entremetteur\\\/\",\"url\":\"https:\\\/\\\/walnutcareers.de\\\/fr\\\/que-fait-un-entremetteur\\\/\",\"name\":\"Que fait un entremetteur ? - Walnut Careers\",\"isPartOf\":{\"@id\":\"https:\\\/\\\/walnutcareers.de\\\/fr\\\/#website\"},\"datePublished\":\"2023-11-20T08:38:59+00:00\",\"dateModified\":\"2023-11-20T08:39:16+00:00\",\"description\":\"D\u00e9couvre les t\u00e2ches d'un entremetteur sp\u00e9cialis\u00e9 dans la pr\u00e9paration d'accompagnements et d'entr\u00e9es.\",\"breadcrumb\":{\"@id\":\"https:\\\/\\\/walnutcareers.de\\\/fr\\\/que-fait-un-entremetteur\\\/#breadcrumb\"},\"inLanguage\":\"fr-FR\",\"potentialAction\":[{\"@type\":\"ReadAction\",\"target\":[\"https:\\\/\\\/walnutcareers.de\\\/fr\\\/que-fait-un-entremetteur\\\/\"]}]},{\"@type\":\"BreadcrumbList\",\"@id\":\"https:\\\/\\\/walnutcareers.de\\\/fr\\\/que-fait-un-entremetteur\\\/#breadcrumb\",\"itemListElement\":[{\"@type\":\"ListItem\",\"position\":1,\"name\":\"Startseite\",\"item\":\"https:\\\/\\\/walnutcareers.de\\\/fr\\\/bienvenue\\\/\"},{\"@type\":\"ListItem\",\"position\":2,\"name\":\"Que fait un entremetteur ?\"}]},{\"@type\":\"WebSite\",\"@id\":\"https:\\\/\\\/walnutcareers.de\\\/fr\\\/#website\",\"url\":\"https:\\\/\\\/walnutcareers.de\\\/fr\\\/\",\"name\":\"Walnut Careers\",\"description\":\"Headhunters for culinary art\",\"publisher\":{\"@id\":\"https:\\\/\\\/walnutcareers.de\\\/fr\\\/#organization\"},\"potentialAction\":[{\"@type\":\"SearchAction\",\"target\":{\"@type\":\"EntryPoint\",\"urlTemplate\":\"https:\\\/\\\/walnutcareers.de\\\/fr\\\/?s={search_term_string}\"},\"query-input\":{\"@type\":\"PropertyValueSpecification\",\"valueRequired\":true,\"valueName\":\"search_term_string\"}}],\"inLanguage\":\"fr-FR\"},{\"@type\":\"Organization\",\"@id\":\"https:\\\/\\\/walnutcareers.de\\\/fr\\\/#organization\",\"name\":\"Walnut Careers\",\"url\":\"https:\\\/\\\/walnutcareers.de\\\/fr\\\/\",\"logo\":{\"@type\":\"ImageObject\",\"inLanguage\":\"fr-FR\",\"@id\":\"https:\\\/\\\/walnutcareers.de\\\/fr\\\/#\\\/schema\\\/logo\\\/image\\\/\",\"url\":\"http:\\\/\\\/s1035819369.online.de\\\/wordpress\\\/wp-content\\\/uploads\\\/2019\\\/06\\\/WC-Careers-Logo_ohne.png\",\"contentUrl\":\"http:\\\/\\\/s1035819369.online.de\\\/wordpress\\\/wp-content\\\/uploads\\\/2019\\\/06\\\/WC-Careers-Logo_ohne.png\",\"width\":3700,\"height\":937,\"caption\":\"Walnut Careers\"},\"image\":{\"@id\":\"https:\\\/\\\/walnutcareers.de\\\/fr\\\/#\\\/schema\\\/logo\\\/image\\\/\"},\"sameAs\":[\"https:\\\/\\\/www.facebook.com\\\/Walnutcareers.de\\\/\",\"https:\\\/\\\/www.instagram.com\\\/walnutcareers\\\/\",\"https:\\\/\\\/www.linkedin.com\\\/company\\\/6389122\\\/\",\"https:\\\/\\\/www.youtube.com\\\/channel\\\/UCeAT3ngrHea58yEp5hPf4cQ?view_as=subscriber\"]}]}<\/script>\n<!-- \/ Yoast SEO plugin. -->","yoast_head_json":{"title":"Que fait un entremetteur ? - Walnut Careers","description":"D\u00e9couvre les t\u00e2ches d'un entremetteur sp\u00e9cialis\u00e9 dans la pr\u00e9paration d'accompagnements et d'entr\u00e9es.","robots":{"index":"index","follow":"follow","max-snippet":"max-snippet:-1","max-image-preview":"max-image-preview:large","max-video-preview":"max-video-preview:-1"},"canonical":"https:\/\/walnutcareers.de\/fr\/que-fait-un-entremetteur\/","og_locale":"fr_FR","og_type":"article","og_title":"Que fait un entremetteur ? - Walnut Careers","og_description":"D\u00e9couvre les t\u00e2ches d'un entremetteur sp\u00e9cialis\u00e9 dans la pr\u00e9paration d'accompagnements et d'entr\u00e9es.","og_url":"https:\/\/walnutcareers.de\/fr\/que-fait-un-entremetteur\/","og_site_name":"Walnut Careers","article_publisher":"https:\/\/www.facebook.com\/Walnutcareers.de\/","article_modified_time":"2023-11-20T08:39:16+00:00","og_image":[{"width":1200,"height":1192,"url":"https:\/\/walnutcareers.de\/wp-content\/uploads\/2019\/06\/DSC_0036-1200x1192.jpg","type":"image\/jpeg"}],"twitter_card":"summary_large_image","twitter_misc":{"Dur\u00e9e de lecture estim\u00e9e":"2 minutes"},"schema":{"@context":"https:\/\/schema.org","@graph":[{"@type":"WebPage","@id":"https:\/\/walnutcareers.de\/fr\/que-fait-un-entremetteur\/","url":"https:\/\/walnutcareers.de\/fr\/que-fait-un-entremetteur\/","name":"Que fait un entremetteur ? - Walnut Careers","isPartOf":{"@id":"https:\/\/walnutcareers.de\/fr\/#website"},"datePublished":"2023-11-20T08:38:59+00:00","dateModified":"2023-11-20T08:39:16+00:00","description":"D\u00e9couvre les t\u00e2ches d'un entremetteur sp\u00e9cialis\u00e9 dans la pr\u00e9paration d'accompagnements et d'entr\u00e9es.","breadcrumb":{"@id":"https:\/\/walnutcareers.de\/fr\/que-fait-un-entremetteur\/#breadcrumb"},"inLanguage":"fr-FR","potentialAction":[{"@type":"ReadAction","target":["https:\/\/walnutcareers.de\/fr\/que-fait-un-entremetteur\/"]}]},{"@type":"BreadcrumbList","@id":"https:\/\/walnutcareers.de\/fr\/que-fait-un-entremetteur\/#breadcrumb","itemListElement":[{"@type":"ListItem","position":1,"name":"Startseite","item":"https:\/\/walnutcareers.de\/fr\/bienvenue\/"},{"@type":"ListItem","position":2,"name":"Que fait un entremetteur ?"}]},{"@type":"WebSite","@id":"https:\/\/walnutcareers.de\/fr\/#website","url":"https:\/\/walnutcareers.de\/fr\/","name":"Walnut Careers","description":"Headhunters for culinary art","publisher":{"@id":"https:\/\/walnutcareers.de\/fr\/#organization"},"potentialAction":[{"@type":"SearchAction","target":{"@type":"EntryPoint","urlTemplate":"https:\/\/walnutcareers.de\/fr\/?s={search_term_string}"},"query-input":{"@type":"PropertyValueSpecification","valueRequired":true,"valueName":"search_term_string"}}],"inLanguage":"fr-FR"},{"@type":"Organization","@id":"https:\/\/walnutcareers.de\/fr\/#organization","name":"Walnut Careers","url":"https:\/\/walnutcareers.de\/fr\/","logo":{"@type":"ImageObject","inLanguage":"fr-FR","@id":"https:\/\/walnutcareers.de\/fr\/#\/schema\/logo\/image\/","url":"http:\/\/s1035819369.online.de\/wordpress\/wp-content\/uploads\/2019\/06\/WC-Careers-Logo_ohne.png","contentUrl":"http:\/\/s1035819369.online.de\/wordpress\/wp-content\/uploads\/2019\/06\/WC-Careers-Logo_ohne.png","width":3700,"height":937,"caption":"Walnut Careers"},"image":{"@id":"https:\/\/walnutcareers.de\/fr\/#\/schema\/logo\/image\/"},"sameAs":["https:\/\/www.facebook.com\/Walnutcareers.de\/","https:\/\/www.instagram.com\/walnutcareers\/","https:\/\/www.linkedin.com\/company\/6389122\/","https:\/\/www.youtube.com\/channel\/UCeAT3ngrHea58yEp5hPf4cQ?view_as=subscriber"]}]}},"_links":{"self":[{"href":"https:\/\/walnutcareers.de\/fr\/wp-json\/wp\/v2\/pages\/2408","targetHints":{"allow":["GET"]}}],"collection":[{"href":"https:\/\/walnutcareers.de\/fr\/wp-json\/wp\/v2\/pages"}],"about":[{"href":"https:\/\/walnutcareers.de\/fr\/wp-json\/wp\/v2\/types\/page"}],"author":[{"embeddable":true,"href":"https:\/\/walnutcareers.de\/fr\/wp-json\/wp\/v2\/users\/3"}],"replies":[{"embeddable":true,"href":"https:\/\/walnutcareers.de\/fr\/wp-json\/wp\/v2\/comments?post=2408"}],"version-history":[{"count":10,"href":"https:\/\/walnutcareers.de\/fr\/wp-json\/wp\/v2\/pages\/2408\/revisions"}],"predecessor-version":[{"id":2542,"href":"https:\/\/walnutcareers.de\/fr\/wp-json\/wp\/v2\/pages\/2408\/revisions\/2542"}],"wp:attachment":[{"href":"https:\/\/walnutcareers.de\/fr\/wp-json\/wp\/v2\/media?parent=2408"}],"curies":[{"name":"wp","href":"https:\/\/api.w.org\/{rel}","templated":true}]}}