{"id":2434,"date":"2023-11-20T09:39:03","date_gmt":"2023-11-20T08:39:03","guid":{"rendered":"https:\/\/walnutcareers.de\/que-fait-un-patissier\/"},"modified":"2023-11-20T09:39:16","modified_gmt":"2023-11-20T08:39:16","slug":"que-fait-un-patissier","status":"publish","type":"page","link":"https:\/\/walnutcareers.de\/fr\/que-fait-un-patissier\/","title":{"rendered":"Que fait un p\u00e2tissier ?"},"content":{"rendered":"<div class=\"wpb-content-wrapper\"><p>[vc_row][vc_column][vc_column_text]<\/p>\n<h2>QUE FAIT UN P\u00c2TISSIER ?<\/h2>\n<p>Un p\u00e2tissier est un cuisinier qui se sp\u00e9cialise dans la pr\u00e9paration de plats sucr\u00e9s et de desserts en cuisine. Il travaille comme chef de partie ou chef p\u00e2tissier et est responsable de la pr\u00e9paration des desserts, petits fours, chocolats, glaces et sorbets. Il est \u00e9galement responsable de la conception de la pr\u00e9sentation des desserts et de l&rsquo;utilisation des garnitures et des ar\u00f4mes.<\/p>\n<p>Un p\u00e2tissier doit conna\u00eetre diff\u00e9rentes techniques de p\u00e2tisserie sucr\u00e9e, telles que la cuisson, la p\u00e2tisserie et le travail du sucre. Il doit \u00e9galement avoir des connaissances dans le traitement des fruits, du chocolat et des produits laitiers pour pr\u00e9parer les desserts. Il doit \u00e9galement avoir des connaissances dans l&rsquo;utilisation des \u00e9pices et des ar\u00f4mes afin d&rsquo;am\u00e9liorer les saveurs des desserts.<\/p>\n<p>Un p\u00e2tissier doit \u00e9galement avoir les comp\u00e9tences et l&rsquo;exp\u00e9rience n\u00e9cessaires pour faire preuve de cr\u00e9ativit\u00e9 et trouver de nouvelles id\u00e9es de desserts afin d&rsquo;enrichir le menu du restaurant et d&rsquo;impressionner les clients. Il est \u00e9galement responsable de l&rsquo;organisation et de la supervision des travaux dans son service, ainsi que du respect des normes d&rsquo;hygi\u00e8ne et de l&rsquo;utilisation des ingr\u00e9dients de mani\u00e8re efficace.[\/vc_column_text][\/vc_column][\/vc_row][vc_row][vc_column][vc_column_text]<\/p>\n<h2>QUELS SONT LES POSTES DANS LA CUISINE ?<\/h2>\n<p>Dans une cuisine professionnelle, les cuisiniers exp\u00e9riment\u00e9s occupent diff\u00e9rents postes afin d&rsquo;organiser les op\u00e9rations quotidiennes et de s&rsquo;assurer que les clients sont impressionn\u00e9s par la qualit\u00e9 des plats et du service. Le <a href=\"http:\/\/s1035819369.online.de\/wordpress\/was-macht-ein-kuechenchef\/\">chef de cuisine<\/a> dirige la direction g\u00e9n\u00e9rale de la cuisine, le sous-chef soutient le travail du chef de cuisine, le chef de partie dirige un poste sp\u00e9cifique comme par exemple <a href=\"http:\/\/s1035819369.online.de\/wordpress\/was-macht-ein-gardemanger\/\">le gardemanger<\/a>, le poissonnier, le saucier, l&rsquo;<a href=\"http:\/\/s1035819369.online.de\/wordpress\/fr\/que-fait-un-entremetteur\/\">entremetteur<\/a> et le r\u00f4tisseur. Le chef tourneur surveille et coordonne les travaux dans diff\u00e9rentes stations. Chaque poste a ses propres responsabilit\u00e9s et t\u00e2ches qui contribuent au bon fonctionnement de la cuisine.[\/vc_column_text][\/vc_column][\/vc_row][vc_row][vc_column]                        <div class=\"row\">\n                            <div class=\"col-12 gap\">\n                    \n\n<div class=\"jobinner\">\n    <div class=\"row gap\">\n        <div class=\"col-12\">\n            <a style=\"display: block;\" href=\"https:\/\/walnutcareers.de\/fr\/jobs\/chef-patissier-gn-mer-baltique\/\" target=\"_blank\">\n                <h3>Chef P\u00e2tissier (gn) Mer Baltique<\/h3>\n                \n\n\n\n\nCet h\u00f4tel d'une cinquantaine de chambres est situ\u00e9 directement au bord de la mer Baltique. L'espace F&amp;B, qui se compose de deux restaurants, est g\u00e9r\u00e9...            <\/a>\n        <\/div>\n    <\/div>\n            <div class=\"row infos small-gap\">\n            <div class=\"col-12\">\n                                    <div class=\"jobdetail cat\">\n                        <i class=\"far fa-knife-kitchen\"><\/i> Cuisine                    <\/div>\n                                                    <div class=\"jobdetail location\">\n                        <p class=\"d-none\">object(WP_Term)#34380 (10) {\n  [\"term_id\"]=>\n  int(201)\n  [\"name\"]=>\n  string(18) \"Schleswig-Holstein\"\n  [\"slug\"]=>\n  string(21) \"schleswig-holstein-fr\"\n  [\"term_group\"]=>\n  int(0)\n  [\"term_taxonomy_id\"]=>\n  int(201)\n  [\"taxonomy\"]=>\n  string(6) \"region\"\n  [\"description\"]=>\n  string(0) \"\"\n  [\"parent\"]=>\n  int(190)\n  [\"count\"]=>\n  int(16)\n  [\"filter\"]=>\n  string(3) \"raw\"\n}\n<\/p>\n                        <i class=\"far fa-map-marker-alt\"><\/i> Allemagne, Schleswig-Holstein                    <\/div>\n                                            <\/div>\n        <\/div>\n        <div class=\"row actions \">\n        <div class=\"col-12\">\n            <a href=\"#\" class=\"direktbewerben directbtn\" id=\"directbtn-2434\" data-id=\"2434\"\n               data-toggle=\"\"\n               data-target=\"\">Postuler <i\n                        class=\"fa fa-angle-right\"><\/i><\/a>\n            <a href=\"https:\/\/walnutcareers.de\/fr\/jobs\/chef-patissier-gn-mer-baltique\/\" class=\"readmore\" target=\"_blank\">en savoir plus <i\n                        class=\"fa fa-angle-right\"><\/i><\/a>\n                    <\/div>\n    <\/div>\n<\/div>\n                <\/div>\n                            <div class=\"col-12 gap\">\n                    \n\n<div class=\"jobinner\">\n    <div class=\"row gap\">\n        <div class=\"col-12\">\n            <a style=\"display: block;\" href=\"https:\/\/walnutcareers.de\/fr\/jobs\/chef-patissier-gn-gourmet-sylt\/\" target=\"_blank\">\n                <h3>Chef p\u00e2tissier (gn) Gourmet Sylt<\/h3>\n                Un h\u00f4tel 5 \u00e9toiles exclusif avec golf et spa sur une \u00eele populaire de la mer du Nord recherche du personnel pour son restaurant \u00e9toil\u00e9...            <\/a>\n        <\/div>\n    <\/div>\n            <div class=\"row infos small-gap\">\n            <div class=\"col-12\">\n                                    <div class=\"jobdetail cat\">\n                        <i class=\"far fa-knife-kitchen\"><\/i> Cuisine                    <\/div>\n                                                    <div class=\"jobdetail location\">\n                        <p class=\"d-none\">object(WP_Term)#34285 (10) {\n  [\"term_id\"]=>\n  int(201)\n  [\"name\"]=>\n  string(18) \"Schleswig-Holstein\"\n  [\"slug\"]=>\n  string(21) \"schleswig-holstein-fr\"\n  [\"term_group\"]=>\n  int(0)\n  [\"term_taxonomy_id\"]=>\n  int(201)\n  [\"taxonomy\"]=>\n  string(6) \"region\"\n  [\"description\"]=>\n  string(0) \"\"\n  [\"parent\"]=>\n  int(190)\n  [\"count\"]=>\n  int(16)\n  [\"filter\"]=>\n  string(3) \"raw\"\n}\n<\/p>\n                        <i class=\"far fa-map-marker-alt\"><\/i> Allemagne, Schleswig-Holstein                    <\/div>\n                                            <\/div>\n        <\/div>\n        <div class=\"row actions \">\n        <div class=\"col-12\">\n            <a href=\"#\" class=\"direktbewerben directbtn\" id=\"directbtn-2434\" data-id=\"2434\"\n               data-toggle=\"\"\n               data-target=\"\">Postuler <i\n                        class=\"fa fa-angle-right\"><\/i><\/a>\n            <a href=\"https:\/\/walnutcareers.de\/fr\/jobs\/chef-patissier-gn-gourmet-sylt\/\" class=\"readmore\" target=\"_blank\">en savoir plus <i\n                        class=\"fa fa-angle-right\"><\/i><\/a>\n                    <\/div>\n    <\/div>\n<\/div>\n                <\/div>\n                            [\/vc_column][\/vc_row]<\/p>\n<\/div>","protected":false},"excerpt":{"rendered":"<p>[vc_row][vc_column][vc_column_text] QUE FAIT UN P\u00c2TISSIER ? Un p\u00e2tissier est un cuisinier qui se sp\u00e9cialise dans la pr\u00e9paration de plats sucr\u00e9s et de desserts en cuisine. Il travaille comme chef de partie ou chef p\u00e2tissier et est responsable de la pr\u00e9paration des desserts, petits fours, chocolats, glaces et sorbets. Il est \u00e9galement responsable de la conception &hellip; <\/p>\n<p class=\"link-more\"><a href=\"https:\/\/walnutcareers.de\/fr\/jobs\/chef-patissier-gn-gourmet-sylt\/\" class=\"more-link\">Continue reading<span class=\"screen-reader-text\"> \u00ab\u00a0Chef p\u00e2tissier (gn) Gourmet Sylt\u00a0\u00bb<\/span><\/a><\/p>\n","protected":false},"author":3,"featured_media":0,"parent":0,"menu_order":0,"comment_status":"closed","ping_status":"closed","template":"","meta":{"_acf_changed":false,"footnotes":""},"class_list":["post-2434","page","type-page","status-publish","hentry"],"acf":[],"yoast_head":"<!-- This site is optimized with the Yoast SEO plugin v27.3 - https:\/\/yoast.com\/product\/yoast-seo-wordpress\/ -->\n<title>Que fait un p\u00e2tissier ? - Walnut Careers<\/title>\n<meta name=\"description\" content=\"D\u00e9couvre les t\u00e2ches d&#039;un p\u00e2tissier et apprends les techniques de la p\u00e2tisserie sucr\u00e9e comme la cuisson, la p\u00e2tisserie et le travail du sucre.\" \/>\n<meta name=\"robots\" content=\"index, follow, max-snippet:-1, max-image-preview:large, max-video-preview:-1\" \/>\n<link rel=\"canonical\" href=\"https:\/\/walnutcareers.de\/fr\/que-fait-un-patissier\/\" \/>\n<meta property=\"og:locale\" content=\"fr_FR\" \/>\n<meta property=\"og:type\" content=\"article\" \/>\n<meta property=\"og:title\" content=\"Que fait un p\u00e2tissier ? - Walnut Careers\" \/>\n<meta property=\"og:description\" content=\"D\u00e9couvre les t\u00e2ches d&#039;un p\u00e2tissier et apprends les techniques de la p\u00e2tisserie sucr\u00e9e comme la cuisson, la p\u00e2tisserie et le travail du sucre.\" \/>\n<meta property=\"og:url\" content=\"https:\/\/walnutcareers.de\/fr\/que-fait-un-patissier\/\" \/>\n<meta property=\"og:site_name\" content=\"Walnut Careers\" \/>\n<meta property=\"article:publisher\" content=\"https:\/\/www.facebook.com\/Walnutcareers.de\/\" \/>\n<meta property=\"article:modified_time\" content=\"2023-11-20T08:39:16+00:00\" \/>\n<meta property=\"og:image\" content=\"https:\/\/walnutcareers.de\/wp-content\/uploads\/2019\/06\/DSC_0036-1200x1192.jpg\" \/>\n\t<meta property=\"og:image:width\" content=\"1200\" \/>\n\t<meta property=\"og:image:height\" content=\"1192\" \/>\n\t<meta property=\"og:image:type\" content=\"image\/jpeg\" \/>\n<meta name=\"twitter:card\" content=\"summary_large_image\" \/>\n<meta name=\"twitter:label1\" content=\"Dur\u00e9e de lecture estim\u00e9e\" \/>\n\t<meta name=\"twitter:data1\" content=\"2 minutes\" \/>\n<script type=\"application\/ld+json\" class=\"yoast-schema-graph\">{\"@context\":\"https:\\\/\\\/schema.org\",\"@graph\":[{\"@type\":\"WebPage\",\"@id\":\"https:\\\/\\\/walnutcareers.de\\\/fr\\\/que-fait-un-patissier\\\/\",\"url\":\"https:\\\/\\\/walnutcareers.de\\\/fr\\\/que-fait-un-patissier\\\/\",\"name\":\"Que fait un p\u00e2tissier ? - Walnut Careers\",\"isPartOf\":{\"@id\":\"https:\\\/\\\/walnutcareers.de\\\/fr\\\/#website\"},\"datePublished\":\"2023-11-20T08:39:03+00:00\",\"dateModified\":\"2023-11-20T08:39:16+00:00\",\"description\":\"D\u00e9couvre les t\u00e2ches d'un p\u00e2tissier et apprends les techniques de la p\u00e2tisserie sucr\u00e9e comme la cuisson, la p\u00e2tisserie et le travail du sucre.\",\"breadcrumb\":{\"@id\":\"https:\\\/\\\/walnutcareers.de\\\/fr\\\/que-fait-un-patissier\\\/#breadcrumb\"},\"inLanguage\":\"fr-FR\",\"potentialAction\":[{\"@type\":\"ReadAction\",\"target\":[\"https:\\\/\\\/walnutcareers.de\\\/fr\\\/que-fait-un-patissier\\\/\"]}]},{\"@type\":\"BreadcrumbList\",\"@id\":\"https:\\\/\\\/walnutcareers.de\\\/fr\\\/que-fait-un-patissier\\\/#breadcrumb\",\"itemListElement\":[{\"@type\":\"ListItem\",\"position\":1,\"name\":\"Startseite\",\"item\":\"https:\\\/\\\/walnutcareers.de\\\/fr\\\/bienvenue\\\/\"},{\"@type\":\"ListItem\",\"position\":2,\"name\":\"Que fait un p\u00e2tissier ?\"}]},{\"@type\":\"WebSite\",\"@id\":\"https:\\\/\\\/walnutcareers.de\\\/fr\\\/#website\",\"url\":\"https:\\\/\\\/walnutcareers.de\\\/fr\\\/\",\"name\":\"Walnut Careers\",\"description\":\"Headhunters for culinary art\",\"publisher\":{\"@id\":\"https:\\\/\\\/walnutcareers.de\\\/fr\\\/#organization\"},\"potentialAction\":[{\"@type\":\"SearchAction\",\"target\":{\"@type\":\"EntryPoint\",\"urlTemplate\":\"https:\\\/\\\/walnutcareers.de\\\/fr\\\/?s={search_term_string}\"},\"query-input\":{\"@type\":\"PropertyValueSpecification\",\"valueRequired\":true,\"valueName\":\"search_term_string\"}}],\"inLanguage\":\"fr-FR\"},{\"@type\":\"Organization\",\"@id\":\"https:\\\/\\\/walnutcareers.de\\\/fr\\\/#organization\",\"name\":\"Walnut Careers\",\"url\":\"https:\\\/\\\/walnutcareers.de\\\/fr\\\/\",\"logo\":{\"@type\":\"ImageObject\",\"inLanguage\":\"fr-FR\",\"@id\":\"https:\\\/\\\/walnutcareers.de\\\/fr\\\/#\\\/schema\\\/logo\\\/image\\\/\",\"url\":\"http:\\\/\\\/s1035819369.online.de\\\/wordpress\\\/wp-content\\\/uploads\\\/2019\\\/06\\\/WC-Careers-Logo_ohne.png\",\"contentUrl\":\"http:\\\/\\\/s1035819369.online.de\\\/wordpress\\\/wp-content\\\/uploads\\\/2019\\\/06\\\/WC-Careers-Logo_ohne.png\",\"width\":3700,\"height\":937,\"caption\":\"Walnut Careers\"},\"image\":{\"@id\":\"https:\\\/\\\/walnutcareers.de\\\/fr\\\/#\\\/schema\\\/logo\\\/image\\\/\"},\"sameAs\":[\"https:\\\/\\\/www.facebook.com\\\/Walnutcareers.de\\\/\",\"https:\\\/\\\/www.instagram.com\\\/walnutcareers\\\/\",\"https:\\\/\\\/www.linkedin.com\\\/company\\\/6389122\\\/\",\"https:\\\/\\\/www.youtube.com\\\/channel\\\/UCeAT3ngrHea58yEp5hPf4cQ?view_as=subscriber\"]}]}<\/script>\n<!-- \/ Yoast SEO plugin. -->","yoast_head_json":{"title":"Que fait un p\u00e2tissier ? - Walnut Careers","description":"D\u00e9couvre les t\u00e2ches d'un p\u00e2tissier et apprends les techniques de la p\u00e2tisserie sucr\u00e9e comme la cuisson, la p\u00e2tisserie et le travail du sucre.","robots":{"index":"index","follow":"follow","max-snippet":"max-snippet:-1","max-image-preview":"max-image-preview:large","max-video-preview":"max-video-preview:-1"},"canonical":"https:\/\/walnutcareers.de\/fr\/que-fait-un-patissier\/","og_locale":"fr_FR","og_type":"article","og_title":"Que fait un p\u00e2tissier ? - Walnut Careers","og_description":"D\u00e9couvre les t\u00e2ches d'un p\u00e2tissier et apprends les techniques de la p\u00e2tisserie sucr\u00e9e comme la cuisson, la p\u00e2tisserie et le travail du sucre.","og_url":"https:\/\/walnutcareers.de\/fr\/que-fait-un-patissier\/","og_site_name":"Walnut Careers","article_publisher":"https:\/\/www.facebook.com\/Walnutcareers.de\/","article_modified_time":"2023-11-20T08:39:16+00:00","og_image":[{"width":1200,"height":1192,"url":"https:\/\/walnutcareers.de\/wp-content\/uploads\/2019\/06\/DSC_0036-1200x1192.jpg","type":"image\/jpeg"}],"twitter_card":"summary_large_image","twitter_misc":{"Dur\u00e9e de lecture estim\u00e9e":"2 minutes"},"schema":{"@context":"https:\/\/schema.org","@graph":[{"@type":"WebPage","@id":"https:\/\/walnutcareers.de\/fr\/que-fait-un-patissier\/","url":"https:\/\/walnutcareers.de\/fr\/que-fait-un-patissier\/","name":"Que fait un p\u00e2tissier ? - Walnut Careers","isPartOf":{"@id":"https:\/\/walnutcareers.de\/fr\/#website"},"datePublished":"2023-11-20T08:39:03+00:00","dateModified":"2023-11-20T08:39:16+00:00","description":"D\u00e9couvre les t\u00e2ches d'un p\u00e2tissier et apprends les techniques de la p\u00e2tisserie sucr\u00e9e comme la cuisson, la p\u00e2tisserie et le travail du sucre.","breadcrumb":{"@id":"https:\/\/walnutcareers.de\/fr\/que-fait-un-patissier\/#breadcrumb"},"inLanguage":"fr-FR","potentialAction":[{"@type":"ReadAction","target":["https:\/\/walnutcareers.de\/fr\/que-fait-un-patissier\/"]}]},{"@type":"BreadcrumbList","@id":"https:\/\/walnutcareers.de\/fr\/que-fait-un-patissier\/#breadcrumb","itemListElement":[{"@type":"ListItem","position":1,"name":"Startseite","item":"https:\/\/walnutcareers.de\/fr\/bienvenue\/"},{"@type":"ListItem","position":2,"name":"Que fait un p\u00e2tissier ?"}]},{"@type":"WebSite","@id":"https:\/\/walnutcareers.de\/fr\/#website","url":"https:\/\/walnutcareers.de\/fr\/","name":"Walnut Careers","description":"Headhunters for culinary art","publisher":{"@id":"https:\/\/walnutcareers.de\/fr\/#organization"},"potentialAction":[{"@type":"SearchAction","target":{"@type":"EntryPoint","urlTemplate":"https:\/\/walnutcareers.de\/fr\/?s={search_term_string}"},"query-input":{"@type":"PropertyValueSpecification","valueRequired":true,"valueName":"search_term_string"}}],"inLanguage":"fr-FR"},{"@type":"Organization","@id":"https:\/\/walnutcareers.de\/fr\/#organization","name":"Walnut Careers","url":"https:\/\/walnutcareers.de\/fr\/","logo":{"@type":"ImageObject","inLanguage":"fr-FR","@id":"https:\/\/walnutcareers.de\/fr\/#\/schema\/logo\/image\/","url":"http:\/\/s1035819369.online.de\/wordpress\/wp-content\/uploads\/2019\/06\/WC-Careers-Logo_ohne.png","contentUrl":"http:\/\/s1035819369.online.de\/wordpress\/wp-content\/uploads\/2019\/06\/WC-Careers-Logo_ohne.png","width":3700,"height":937,"caption":"Walnut Careers"},"image":{"@id":"https:\/\/walnutcareers.de\/fr\/#\/schema\/logo\/image\/"},"sameAs":["https:\/\/www.facebook.com\/Walnutcareers.de\/","https:\/\/www.instagram.com\/walnutcareers\/","https:\/\/www.linkedin.com\/company\/6389122\/","https:\/\/www.youtube.com\/channel\/UCeAT3ngrHea58yEp5hPf4cQ?view_as=subscriber"]}]}},"_links":{"self":[{"href":"https:\/\/walnutcareers.de\/fr\/wp-json\/wp\/v2\/pages\/2434","targetHints":{"allow":["GET"]}}],"collection":[{"href":"https:\/\/walnutcareers.de\/fr\/wp-json\/wp\/v2\/pages"}],"about":[{"href":"https:\/\/walnutcareers.de\/fr\/wp-json\/wp\/v2\/types\/page"}],"author":[{"embeddable":true,"href":"https:\/\/walnutcareers.de\/fr\/wp-json\/wp\/v2\/users\/3"}],"replies":[{"embeddable":true,"href":"https:\/\/walnutcareers.de\/fr\/wp-json\/wp\/v2\/comments?post=2434"}],"version-history":[{"count":1,"href":"https:\/\/walnutcareers.de\/fr\/wp-json\/wp\/v2\/pages\/2434\/revisions"}],"predecessor-version":[{"id":2460,"href":"https:\/\/walnutcareers.de\/fr\/wp-json\/wp\/v2\/pages\/2434\/revisions\/2460"}],"wp:attachment":[{"href":"https:\/\/walnutcareers.de\/fr\/wp-json\/wp\/v2\/media?parent=2434"}],"curies":[{"name":"wp","href":"https:\/\/api.w.org\/{rel}","templated":true}]}}