{"id":2450,"date":"2023-11-20T09:39:04","date_gmt":"2023-11-20T08:39:04","guid":{"rendered":"https:\/\/walnutcareers.de\/que-fait-un-chef-de-cuisine\/"},"modified":"2023-11-20T09:39:13","modified_gmt":"2023-11-20T08:39:13","slug":"que-fait-un-chef-de-cuisine","status":"publish","type":"page","link":"https:\/\/walnutcareers.de\/fr\/que-fait-un-chef-de-cuisine\/","title":{"rendered":"Que fait un chef de cuisine ?"},"content":{"rendered":"<div class=\"wpb-content-wrapper\"><p>[vc_row][vc_column][vc_column_text]<\/p>\n<h1>QUE FAIT UN CHEF DE CUISINE ?<\/h1>\n<p>Un chef de cuisine dans un restaurant gastronomique est responsable de l&rsquo;organisation, de la planification et de la r\u00e9alisation des offres culinaires dans le restaurant. Il dirige l&rsquo;\u00e9quipe de cuisine, d\u00e9veloppe de nouveaux plats, veille au respect de la qualit\u00e9 et des r\u00e8gles d&rsquo;hygi\u00e8ne et porte la responsabilit\u00e9 de la r\u00e9ussite du restaurant. Il peut \u00e9galement prendre des d\u00e9cisions concernant le choix des ingr\u00e9dients, la pr\u00e9sentation du menu et la fixation des prix.[\/vc_column_text][\/vc_column][\/vc_row][vc_row][vc_column width=\u00a0\u00bb1\/2&Prime;][vc_column_text]<\/p>\n<h2><strong>QUELLES SONT TES T\u00c2CHES ?<\/strong><\/h2>\n<p>En tant que chef de cuisine dans un restaurant gastronomique, tu as une multitude de t\u00e2ches \u00e0 accomplir qui te permettront de g\u00e9rer le restaurant avec succ\u00e8s. Ta premi\u00e8re t\u00e2che est de diriger et d&rsquo;organiser l&rsquo;\u00e9quipe de cuisine. Tu es responsable de la gestion, de la formation et du d\u00e9veloppement de ton \u00e9quipe de cuisine afin qu&rsquo;elle puisse effectuer son travail de mani\u00e8re satisfaisante et professionnelle. Une autre t\u00e2che importante est le d\u00e9veloppement de nouveaux plats. Tu d\u00e9veloppes constamment des plats nouveaux et innovants afin de renouveler la carte et de surprendre les clients. Tu veilles \u00e0 choisir les meilleurs ingr\u00e9dients pour les plats et \u00e0 ce qu&rsquo;ils soient frais et de la meilleure qualit\u00e9. Tu d\u00e9cides des plats qui seront inscrits au menu afin de r\u00e9galer les clients avec un choix vari\u00e9.[\/vc_column_text][\/vc_column][vc_column width=\u00a0\u00bb1\/2&Prime;][vc_column_text]<\/p>\n<h2><strong>QUAND PUIS-JE DEVENIR CHEF DE CUISINE ?  <\/strong><\/h2>\n<p>Pour devenir chef de cuisine dans un restaurant gastronomique, il y a plusieurs \u00e9tapes \u00e0 suivre. Une formation formelle dans le domaine culinaire, comme un apprentissage ou des \u00e9tudes dans une \u00e9cole de cuisine ou une universit\u00e9 sp\u00e9cialis\u00e9e, est la premi\u00e8re \u00e9tape. Acqu\u00e9rir de l&rsquo;exp\u00e9rience dans diff\u00e9rentes cuisines et parmi diff\u00e9rents chefs, pr\u00e9parer un dossier de travail bien ficel\u00e9, suivre des formations dans des domaines tels que la nutrition, le contr\u00f4le des co\u00fbts, la direction et le management, et cr\u00e9er des r\u00e9seaux dans le secteur sont autant d&rsquo;\u00e9tapes importantes. La pers\u00e9v\u00e9rance et la passion permettent de se rapprocher petit \u00e0 petit de l&rsquo;objectif de devenir chef de cuisine dans un restaurant gastronomique.[\/vc_column_text][\/vc_column][\/vc_row][vc_row][vc_column width=\u00a0\u00bb1\/2&Prime;][vc_column_text]<\/p>\n<h2><strong>COMBIEN GAGNE UN CHEF DE CUISINE ?<\/strong><\/h2>\n<p>Le salaire d&rsquo;un chef de cuisine dans un restaurant gastronomique peut varier consid\u00e9rablement et d\u00e9pend de nombreux facteurs, tels que la taille et l&#8217;emplacement du restaurant, l&rsquo;exp\u00e9rience du chef et le type de restaurant. En moyenne, le salaire d&rsquo;un chef de cuisine se situe toutefois entre 60.000 et 85.000 euros par an. Toutefois, dans certaines r\u00e9gions et dans des restaurants tr\u00e8s prosp\u00e8res et renomm\u00e9s, le salaire peut \u00eatre nettement plus \u00e9lev\u00e9.[\/vc_column_text][\/vc_column][vc_column width=\u00a0\u00bb1\/2&Prime;][vc_column_text]<\/p>\n<h2><strong>O\u00d9 PUIS-JE TROUVER UN EMPLOI ?  <\/strong><\/h2>\n<p>Le chef de cuisine. Tu d\u00e9veloppes l&rsquo;offre du restaurant. Tu portes le chapeau dans la cuisine. Tu veux jouer ce r\u00f4le ? Alors parlons de tes qualifications.<\/p>\n<p>Walnut Careers t&rsquo;accompagne dans la planification de ta carri\u00e8re et te propose chaque jour de nouveaux postes dans la restauration gastronomique et l&rsquo;h\u00f4tellerie de luxe.[\/vc_column_text][\/vc_column][\/vc_row][vc_row][vc_column]                        <div class=\"row\">\n                            <div class=\"col-12 gap\">\n                    \n\n<div class=\"jobinner\">\n    <div class=\"row gap\">\n        <div class=\"col-12\">\n            <a style=\"display: block;\" href=\"https:\/\/walnutcareers.de\/fr\/jobs\/chef-executif-gn-luxury-hotel-gstaad\/\" target=\"_blank\">\n                <h3>Chef ex\u00e9cutif (gn) Luxury Hotel Gstaad<\/h3>\n                En collaboration avec notre partenaire, SDI Human Resources, nous recherchons un h\u00f4tel de luxe exclusif dans les Alpes suisses. L'h\u00f4tel combine plus de 100 ans...            <\/a>\n        <\/div>\n    <\/div>\n            <div class=\"row infos small-gap\">\n            <div class=\"col-12\">\n                                                    <div class=\"jobdetail location\">\n                        <p class=\"d-none\">object(WP_Term)#34091 (10) {\n  [\"term_id\"]=>\n  int(195)\n  [\"name\"]=>\n  string(6) \"Suisse\"\n  [\"slug\"]=>\n  string(6) \"suisse\"\n  [\"term_group\"]=>\n  int(0)\n  [\"term_taxonomy_id\"]=>\n  int(195)\n  [\"taxonomy\"]=>\n  string(6) \"region\"\n  [\"description\"]=>\n  string(0) \"\"\n  [\"parent\"]=>\n  int(0)\n  [\"count\"]=>\n  int(18)\n  [\"filter\"]=>\n  string(3) \"raw\"\n}\n<\/p>\n                        <i class=\"far fa-map-marker-alt\"><\/i> Berne, Suisse                    <\/div>\n                                                    <div class=\"jobdetail type\">\n                        <i class=\"far fa-h\u00f4tel\"><\/i> H\u00f4tel de luxe                    <\/div>\n                            <\/div>\n        <\/div>\n        <div class=\"row actions \">\n        <div class=\"col-12\">\n            <a href=\"#\" class=\"direktbewerben directbtn\" id=\"directbtn-2450\" data-id=\"2450\"\n               data-toggle=\"\"\n               data-target=\"\">Postuler <i\n                        class=\"fa fa-angle-right\"><\/i><\/a>\n            <a href=\"https:\/\/walnutcareers.de\/fr\/jobs\/chef-executif-gn-luxury-hotel-gstaad\/\" class=\"readmore\" target=\"_blank\">en savoir plus <i\n                        class=\"fa fa-angle-right\"><\/i><\/a>\n                    <\/div>\n    <\/div>\n<\/div>\n                <\/div>\n                            <div class=\"col-12 gap\">\n                    \n\n<div class=\"jobinner\">\n    <div class=\"row gap\">\n        <div class=\"col-12\">\n            <a style=\"display: block;\" href=\"https:\/\/walnutcareers.de\/fr\/jobs\/lobby-service-manager-gn-hotel-de-luxe-zurich\/\" target=\"_blank\">\n                <h3>Lobby Service Manager (gn) H\u00f4tel de luxe Zurich<\/h3>\n                En collaboration avec notre partenaire SDI Human Resources, nous recherchons un h\u00f4tel de luxe 5 \u00e9toiles dans la r\u00e9gion de Zurich, connu pour son luxe,...            <\/a>\n        <\/div>\n    <\/div>\n            <div class=\"row infos small-gap\">\n            <div class=\"col-12\">\n                                                    <div class=\"jobdetail location\">\n                        <p class=\"d-none\">object(WP_Term)#34092 (10) {\n  [\"term_id\"]=>\n  int(225)\n  [\"name\"]=>\n  string(6) \"Zurich\"\n  [\"slug\"]=>\n  string(9) \"zurich-fr\"\n  [\"term_group\"]=>\n  int(0)\n  [\"term_taxonomy_id\"]=>\n  int(225)\n  [\"taxonomy\"]=>\n  string(6) \"region\"\n  [\"description\"]=>\n  string(0) \"\"\n  [\"parent\"]=>\n  int(195)\n  [\"count\"]=>\n  int(5)\n  [\"filter\"]=>\n  string(3) \"raw\"\n}\n<\/p>\n                        <i class=\"far fa-map-marker-alt\"><\/i> Suisse, Zurich                    <\/div>\n                                                    <div class=\"jobdetail type\">\n                        <i class=\"far fa-h\u00f4tel\"><\/i> H\u00f4tel de luxe                    <\/div>\n                            <\/div>\n        <\/div>\n        <div class=\"row actions \">\n        <div class=\"col-12\">\n            <a href=\"#\" class=\"direktbewerben directbtn\" id=\"directbtn-2450\" data-id=\"2450\"\n               data-toggle=\"\"\n               data-target=\"\">Postuler <i\n                        class=\"fa fa-angle-right\"><\/i><\/a>\n            <a href=\"https:\/\/walnutcareers.de\/fr\/jobs\/lobby-service-manager-gn-hotel-de-luxe-zurich\/\" class=\"readmore\" target=\"_blank\">en savoir plus <i\n                        class=\"fa fa-angle-right\"><\/i><\/a>\n                    <\/div>\n    <\/div>\n<\/div>\n                <\/div>\n                            <div class=\"col-12 gap\">\n                    \n\n<div class=\"jobinner\">\n    <div class=\"row gap\">\n        <div class=\"col-12\">\n            <a style=\"display: block;\" href=\"https:\/\/walnutcareers.de\/fr\/jobs\/restaurant-manager-gn-gourmet-haut-palatinat\/\" target=\"_blank\">\n                <h3>Restaurant Manager (gn) Gourmet Haut-Palatinat<\/h3>\n                Un restaurant 2 \u00e9toiles exclusif situ\u00e9 dans une r\u00e9gion prestigieuse d'Allemagne, synonyme des plus hautes exigences culinaires et de la qualit\u00e9 de service la plus...            <\/a>\n        <\/div>\n    <\/div>\n            <div class=\"row infos small-gap\">\n            <div class=\"col-12\">\n                                    <div class=\"jobdetail cat\">\n                        <i class=\"far fa-utensils\"><\/i> Service                    <\/div>\n                                                    <div class=\"jobdetail location\">\n                        <p class=\"d-none\">object(WP_Term)#34004 (10) {\n  [\"term_id\"]=>\n  int(188)\n  [\"name\"]=>\n  string(8) \"Bavi\u00e8re\"\n  [\"slug\"]=>\n  string(7) \"baviere\"\n  [\"term_group\"]=>\n  int(0)\n  [\"term_taxonomy_id\"]=>\n  int(188)\n  [\"taxonomy\"]=>\n  string(6) \"region\"\n  [\"description\"]=>\n  string(0) \"\"\n  [\"parent\"]=>\n  int(190)\n  [\"count\"]=>\n  int(62)\n  [\"filter\"]=>\n  string(3) \"raw\"\n}\n<\/p>\n                        <i class=\"far fa-map-marker-alt\"><\/i> Allemagne, Bavi\u00e8re                    <\/div>\n                                                    <div class=\"jobdetail type\">\n                        <i class=\"far fa-stars\"><\/i> Restaurant 2 \u00e9toiles                    <\/div>\n                            <\/div>\n        <\/div>\n        <div class=\"row actions \">\n        <div class=\"col-12\">\n            <a href=\"#\" class=\"direktbewerben directbtn\" id=\"directbtn-2450\" data-id=\"2450\"\n               data-toggle=\"\"\n               data-target=\"\">Postuler <i\n                        class=\"fa fa-angle-right\"><\/i><\/a>\n            <a href=\"https:\/\/walnutcareers.de\/fr\/jobs\/restaurant-manager-gn-gourmet-haut-palatinat\/\" class=\"readmore\" target=\"_blank\">en savoir plus <i\n                        class=\"fa fa-angle-right\"><\/i><\/a>\n                    <\/div>\n    <\/div>\n<\/div>\n                <\/div>\n                            <div class=\"col-12 gap\">\n                    \n\n<div class=\"jobinner\">\n    <div class=\"row gap\">\n        <div class=\"col-12\">\n            <a style=\"display: block;\" href=\"https:\/\/walnutcareers.de\/fr\/jobs\/chef-patissier-gn-gourmet-sylt\/\" target=\"_blank\">\n                <h3>Chef p\u00e2tissier (gn) Gourmet Sylt<\/h3>\n                Un h\u00f4tel 5 \u00e9toiles exclusif avec golf et spa sur une \u00eele populaire de la mer du Nord recherche du personnel pour son restaurant \u00e9toil\u00e9...            <\/a>\n        <\/div>\n    <\/div>\n            <div class=\"row infos small-gap\">\n            <div class=\"col-12\">\n                                    <div class=\"jobdetail cat\">\n                        <i class=\"far fa-knife-kitchen\"><\/i> Cuisine                    <\/div>\n                                                    <div class=\"jobdetail location\">\n                        <p class=\"d-none\">object(WP_Term)#33999 (10) {\n  [\"term_id\"]=>\n  int(201)\n  [\"name\"]=>\n  string(18) \"Schleswig-Holstein\"\n  [\"slug\"]=>\n  string(21) \"schleswig-holstein-fr\"\n  [\"term_group\"]=>\n  int(0)\n  [\"term_taxonomy_id\"]=>\n  int(201)\n  [\"taxonomy\"]=>\n  string(6) \"region\"\n  [\"description\"]=>\n  string(0) \"\"\n  [\"parent\"]=>\n  int(190)\n  [\"count\"]=>\n  int(16)\n  [\"filter\"]=>\n  string(3) \"raw\"\n}\n<\/p>\n                        <i class=\"far fa-map-marker-alt\"><\/i> Allemagne, Schleswig-Holstein                    <\/div>\n                                            <\/div>\n        <\/div>\n        <div class=\"row actions \">\n        <div class=\"col-12\">\n            <a href=\"#\" class=\"direktbewerben directbtn\" id=\"directbtn-2450\" data-id=\"2450\"\n               data-toggle=\"\"\n               data-target=\"\">Postuler <i\n                        class=\"fa fa-angle-right\"><\/i><\/a>\n            <a href=\"https:\/\/walnutcareers.de\/fr\/jobs\/chef-patissier-gn-gourmet-sylt\/\" class=\"readmore\" target=\"_blank\">en savoir plus <i\n                        class=\"fa fa-angle-right\"><\/i><\/a>\n                    <\/div>\n    <\/div>\n<\/div>\n                <\/div>\n                            <div class=\"col-12 gap\">\n                    \n\n<div class=\"jobinner\">\n    <div class=\"row gap\">\n        <div class=\"col-12\">\n            <a style=\"display: block;\" href=\"https:\/\/walnutcareers.de\/fr\/jobs\/chef-de-partie-gn-hotel-de-luxe-munich\/\" target=\"_blank\">\n                <h3>Chef de partie (gn) H\u00f4tel de luxe Munich<\/h3>\n                Un h\u00f4tel cinq \u00e9toiles renomm\u00e9, proposant des concepts gastronomiques vari\u00e9s, recherche des professionnels motiv\u00e9s pour son service de cuisine \u00e9largi dans une m\u00e9tropole importante du...            <\/a>\n        <\/div>\n    <\/div>\n            <div class=\"row infos small-gap\">\n            <div class=\"col-12\">\n                                    <div class=\"jobdetail cat\">\n                        <i class=\"far fa-knife-kitchen\"><\/i> Cuisine                    <\/div>\n                                                    <div class=\"jobdetail location\">\n                        <p class=\"d-none\">object(WP_Term)#33999 (10) {\n  [\"term_id\"]=>\n  int(188)\n  [\"name\"]=>\n  string(8) \"Bavi\u00e8re\"\n  [\"slug\"]=>\n  string(7) \"baviere\"\n  [\"term_group\"]=>\n  int(0)\n  [\"term_taxonomy_id\"]=>\n  int(188)\n  [\"taxonomy\"]=>\n  string(6) \"region\"\n  [\"description\"]=>\n  string(0) \"\"\n  [\"parent\"]=>\n  int(190)\n  [\"count\"]=>\n  int(62)\n  [\"filter\"]=>\n  string(3) \"raw\"\n}\n<\/p>\n                        <i class=\"far fa-map-marker-alt\"><\/i> Allemagne, Bavi\u00e8re                    <\/div>\n                                                    <div class=\"jobdetail type\">\n                        <i class=\"far fa-h\u00f4tel\"><\/i> H\u00f4tel de luxe                    <\/div>\n                            <\/div>\n        <\/div>\n        <div class=\"row actions \">\n        <div class=\"col-12\">\n            <a href=\"#\" class=\"direktbewerben directbtn\" id=\"directbtn-2450\" data-id=\"2450\"\n               data-toggle=\"\"\n               data-target=\"\">Postuler <i\n                        class=\"fa fa-angle-right\"><\/i><\/a>\n            <a href=\"https:\/\/walnutcareers.de\/fr\/jobs\/chef-de-partie-gn-hotel-de-luxe-munich\/\" class=\"readmore\" target=\"_blank\">en savoir plus <i\n                        class=\"fa fa-angle-right\"><\/i><\/a>\n                    <\/div>\n    <\/div>\n<\/div>\n                <\/div>\n                            [\/vc_column][\/vc_row]<\/p>\n<\/div>","protected":false},"excerpt":{"rendered":"<p>[vc_row][vc_column][vc_column_text] QUE FAIT UN CHEF DE CUISINE ? Un chef de cuisine dans un restaurant gastronomique est responsable de l&rsquo;organisation, de la planification et de la r\u00e9alisation des offres culinaires dans le restaurant. Il dirige l&rsquo;\u00e9quipe de cuisine, d\u00e9veloppe de nouveaux plats, veille au respect de la qualit\u00e9 et des r\u00e8gles d&rsquo;hygi\u00e8ne et porte la &hellip; <\/p>\n<p class=\"link-more\"><a href=\"https:\/\/walnutcareers.de\/fr\/jobs\/chef-de-partie-gn-hotel-de-luxe-munich\/\" class=\"more-link\">Continue reading<span class=\"screen-reader-text\"> \u00ab\u00a0Chef de partie (gn) H\u00f4tel de luxe Munich\u00a0\u00bb<\/span><\/a><\/p>\n","protected":false},"author":3,"featured_media":0,"parent":0,"menu_order":0,"comment_status":"closed","ping_status":"closed","template":"","meta":{"_acf_changed":false,"footnotes":""},"class_list":["post-2450","page","type-page","status-publish","hentry"],"acf":[],"yoast_head":"<!-- This site is optimized with the Yoast SEO plugin v27.4 - https:\/\/yoast.com\/product\/yoast-seo-wordpress\/ -->\n<title>Que fait un chef de cuisine ? - Walnut Careers<\/title>\n<meta name=\"description\" content=\"Devenez chef de cuisine dans un restaurant gastronomique et assumez la responsabilit\u00e9 du succ\u00e8s du restaurant.\" \/>\n<meta name=\"robots\" content=\"index, follow, max-snippet:-1, max-image-preview:large, max-video-preview:-1\" \/>\n<link rel=\"canonical\" href=\"https:\/\/walnutcareers.de\/fr\/que-fait-un-chef-de-cuisine\/\" \/>\n<meta property=\"og:locale\" content=\"fr_FR\" \/>\n<meta property=\"og:type\" content=\"article\" \/>\n<meta property=\"og:title\" content=\"Que fait un chef de cuisine ? - Walnut Careers\" \/>\n<meta property=\"og:description\" content=\"Devenez chef de cuisine dans un restaurant gastronomique et assumez la responsabilit\u00e9 du succ\u00e8s du restaurant.\" \/>\n<meta property=\"og:url\" content=\"https:\/\/walnutcareers.de\/fr\/que-fait-un-chef-de-cuisine\/\" \/>\n<meta property=\"og:site_name\" content=\"Walnut Careers\" \/>\n<meta property=\"article:publisher\" content=\"https:\/\/www.facebook.com\/Walnutcareers.de\/\" \/>\n<meta property=\"article:modified_time\" content=\"2023-11-20T08:39:13+00:00\" \/>\n<meta property=\"og:image\" content=\"https:\/\/walnutcareers.de\/wp-content\/uploads\/2019\/06\/DSC_0036-1200x1192.jpg\" \/>\n\t<meta property=\"og:image:width\" content=\"1200\" \/>\n\t<meta property=\"og:image:height\" content=\"1192\" \/>\n\t<meta property=\"og:image:type\" content=\"image\/jpeg\" \/>\n<meta name=\"twitter:card\" content=\"summary_large_image\" \/>\n<meta name=\"twitter:label1\" content=\"Dur\u00e9e de lecture estim\u00e9e\" \/>\n\t<meta name=\"twitter:data1\" content=\"3 minutes\" \/>\n<script type=\"application\/ld+json\" class=\"yoast-schema-graph\">{\"@context\":\"https:\\\/\\\/schema.org\",\"@graph\":[{\"@type\":\"WebPage\",\"@id\":\"https:\\\/\\\/walnutcareers.de\\\/fr\\\/que-fait-un-chef-de-cuisine\\\/\",\"url\":\"https:\\\/\\\/walnutcareers.de\\\/fr\\\/que-fait-un-chef-de-cuisine\\\/\",\"name\":\"Que fait un chef de cuisine ? - Walnut Careers\",\"isPartOf\":{\"@id\":\"https:\\\/\\\/walnutcareers.de\\\/fr\\\/#website\"},\"datePublished\":\"2023-11-20T08:39:04+00:00\",\"dateModified\":\"2023-11-20T08:39:13+00:00\",\"description\":\"Devenez chef de cuisine dans un restaurant gastronomique et assumez la responsabilit\u00e9 du succ\u00e8s du restaurant.\",\"breadcrumb\":{\"@id\":\"https:\\\/\\\/walnutcareers.de\\\/fr\\\/que-fait-un-chef-de-cuisine\\\/#breadcrumb\"},\"inLanguage\":\"fr-FR\",\"potentialAction\":[{\"@type\":\"ReadAction\",\"target\":[\"https:\\\/\\\/walnutcareers.de\\\/fr\\\/que-fait-un-chef-de-cuisine\\\/\"]}]},{\"@type\":\"BreadcrumbList\",\"@id\":\"https:\\\/\\\/walnutcareers.de\\\/fr\\\/que-fait-un-chef-de-cuisine\\\/#breadcrumb\",\"itemListElement\":[{\"@type\":\"ListItem\",\"position\":1,\"name\":\"Startseite\",\"item\":\"https:\\\/\\\/walnutcareers.de\\\/fr\\\/bienvenue\\\/\"},{\"@type\":\"ListItem\",\"position\":2,\"name\":\"Que fait un chef de cuisine ?\"}]},{\"@type\":\"WebSite\",\"@id\":\"https:\\\/\\\/walnutcareers.de\\\/fr\\\/#website\",\"url\":\"https:\\\/\\\/walnutcareers.de\\\/fr\\\/\",\"name\":\"Walnut Careers\",\"description\":\"Headhunters for culinary art\",\"publisher\":{\"@id\":\"https:\\\/\\\/walnutcareers.de\\\/fr\\\/#organization\"},\"potentialAction\":[{\"@type\":\"SearchAction\",\"target\":{\"@type\":\"EntryPoint\",\"urlTemplate\":\"https:\\\/\\\/walnutcareers.de\\\/fr\\\/?s={search_term_string}\"},\"query-input\":{\"@type\":\"PropertyValueSpecification\",\"valueRequired\":true,\"valueName\":\"search_term_string\"}}],\"inLanguage\":\"fr-FR\"},{\"@type\":\"Organization\",\"@id\":\"https:\\\/\\\/walnutcareers.de\\\/fr\\\/#organization\",\"name\":\"Walnut Careers\",\"url\":\"https:\\\/\\\/walnutcareers.de\\\/fr\\\/\",\"logo\":{\"@type\":\"ImageObject\",\"inLanguage\":\"fr-FR\",\"@id\":\"https:\\\/\\\/walnutcareers.de\\\/fr\\\/#\\\/schema\\\/logo\\\/image\\\/\",\"url\":\"http:\\\/\\\/s1035819369.online.de\\\/wordpress\\\/wp-content\\\/uploads\\\/2019\\\/06\\\/WC-Careers-Logo_ohne.png\",\"contentUrl\":\"http:\\\/\\\/s1035819369.online.de\\\/wordpress\\\/wp-content\\\/uploads\\\/2019\\\/06\\\/WC-Careers-Logo_ohne.png\",\"width\":3700,\"height\":937,\"caption\":\"Walnut Careers\"},\"image\":{\"@id\":\"https:\\\/\\\/walnutcareers.de\\\/fr\\\/#\\\/schema\\\/logo\\\/image\\\/\"},\"sameAs\":[\"https:\\\/\\\/www.facebook.com\\\/Walnutcareers.de\\\/\",\"https:\\\/\\\/www.instagram.com\\\/walnutcareers\\\/\",\"https:\\\/\\\/www.linkedin.com\\\/company\\\/6389122\\\/\",\"https:\\\/\\\/www.youtube.com\\\/channel\\\/UCeAT3ngrHea58yEp5hPf4cQ?view_as=subscriber\"]}]}<\/script>\n<!-- \/ Yoast SEO plugin. -->","yoast_head_json":{"title":"Que fait un chef de cuisine ? - Walnut Careers","description":"Devenez chef de cuisine dans un restaurant gastronomique et assumez la responsabilit\u00e9 du succ\u00e8s du restaurant.","robots":{"index":"index","follow":"follow","max-snippet":"max-snippet:-1","max-image-preview":"max-image-preview:large","max-video-preview":"max-video-preview:-1"},"canonical":"https:\/\/walnutcareers.de\/fr\/que-fait-un-chef-de-cuisine\/","og_locale":"fr_FR","og_type":"article","og_title":"Que fait un chef de cuisine ? - Walnut Careers","og_description":"Devenez chef de cuisine dans un restaurant gastronomique et assumez la responsabilit\u00e9 du succ\u00e8s du restaurant.","og_url":"https:\/\/walnutcareers.de\/fr\/que-fait-un-chef-de-cuisine\/","og_site_name":"Walnut Careers","article_publisher":"https:\/\/www.facebook.com\/Walnutcareers.de\/","article_modified_time":"2023-11-20T08:39:13+00:00","og_image":[{"width":1200,"height":1192,"url":"https:\/\/walnutcareers.de\/wp-content\/uploads\/2019\/06\/DSC_0036-1200x1192.jpg","type":"image\/jpeg"}],"twitter_card":"summary_large_image","twitter_misc":{"Dur\u00e9e de lecture estim\u00e9e":"3 minutes"},"schema":{"@context":"https:\/\/schema.org","@graph":[{"@type":"WebPage","@id":"https:\/\/walnutcareers.de\/fr\/que-fait-un-chef-de-cuisine\/","url":"https:\/\/walnutcareers.de\/fr\/que-fait-un-chef-de-cuisine\/","name":"Que fait un chef de cuisine ? - Walnut Careers","isPartOf":{"@id":"https:\/\/walnutcareers.de\/fr\/#website"},"datePublished":"2023-11-20T08:39:04+00:00","dateModified":"2023-11-20T08:39:13+00:00","description":"Devenez chef de cuisine dans un restaurant gastronomique et assumez la responsabilit\u00e9 du succ\u00e8s du restaurant.","breadcrumb":{"@id":"https:\/\/walnutcareers.de\/fr\/que-fait-un-chef-de-cuisine\/#breadcrumb"},"inLanguage":"fr-FR","potentialAction":[{"@type":"ReadAction","target":["https:\/\/walnutcareers.de\/fr\/que-fait-un-chef-de-cuisine\/"]}]},{"@type":"BreadcrumbList","@id":"https:\/\/walnutcareers.de\/fr\/que-fait-un-chef-de-cuisine\/#breadcrumb","itemListElement":[{"@type":"ListItem","position":1,"name":"Startseite","item":"https:\/\/walnutcareers.de\/fr\/bienvenue\/"},{"@type":"ListItem","position":2,"name":"Que fait un chef de cuisine ?"}]},{"@type":"WebSite","@id":"https:\/\/walnutcareers.de\/fr\/#website","url":"https:\/\/walnutcareers.de\/fr\/","name":"Walnut Careers","description":"Headhunters for culinary art","publisher":{"@id":"https:\/\/walnutcareers.de\/fr\/#organization"},"potentialAction":[{"@type":"SearchAction","target":{"@type":"EntryPoint","urlTemplate":"https:\/\/walnutcareers.de\/fr\/?s={search_term_string}"},"query-input":{"@type":"PropertyValueSpecification","valueRequired":true,"valueName":"search_term_string"}}],"inLanguage":"fr-FR"},{"@type":"Organization","@id":"https:\/\/walnutcareers.de\/fr\/#organization","name":"Walnut Careers","url":"https:\/\/walnutcareers.de\/fr\/","logo":{"@type":"ImageObject","inLanguage":"fr-FR","@id":"https:\/\/walnutcareers.de\/fr\/#\/schema\/logo\/image\/","url":"http:\/\/s1035819369.online.de\/wordpress\/wp-content\/uploads\/2019\/06\/WC-Careers-Logo_ohne.png","contentUrl":"http:\/\/s1035819369.online.de\/wordpress\/wp-content\/uploads\/2019\/06\/WC-Careers-Logo_ohne.png","width":3700,"height":937,"caption":"Walnut Careers"},"image":{"@id":"https:\/\/walnutcareers.de\/fr\/#\/schema\/logo\/image\/"},"sameAs":["https:\/\/www.facebook.com\/Walnutcareers.de\/","https:\/\/www.instagram.com\/walnutcareers\/","https:\/\/www.linkedin.com\/company\/6389122\/","https:\/\/www.youtube.com\/channel\/UCeAT3ngrHea58yEp5hPf4cQ?view_as=subscriber"]}]}},"_links":{"self":[{"href":"https:\/\/walnutcareers.de\/fr\/wp-json\/wp\/v2\/pages\/2450","targetHints":{"allow":["GET"]}}],"collection":[{"href":"https:\/\/walnutcareers.de\/fr\/wp-json\/wp\/v2\/pages"}],"about":[{"href":"https:\/\/walnutcareers.de\/fr\/wp-json\/wp\/v2\/types\/page"}],"author":[{"embeddable":true,"href":"https:\/\/walnutcareers.de\/fr\/wp-json\/wp\/v2\/users\/3"}],"replies":[{"embeddable":true,"href":"https:\/\/walnutcareers.de\/fr\/wp-json\/wp\/v2\/comments?post=2450"}],"version-history":[{"count":6,"href":"https:\/\/walnutcareers.de\/fr\/wp-json\/wp\/v2\/pages\/2450\/revisions"}],"predecessor-version":[{"id":2526,"href":"https:\/\/walnutcareers.de\/fr\/wp-json\/wp\/v2\/pages\/2450\/revisions\/2526"}],"wp:attachment":[{"href":"https:\/\/walnutcareers.de\/fr\/wp-json\/wp\/v2\/media?parent=2450"}],"curies":[{"name":"wp","href":"https:\/\/api.w.org\/{rel}","templated":true}]}}