{"id":2475,"date":"2023-11-20T09:39:06","date_gmt":"2023-11-20T08:39:06","guid":{"rendered":"https:\/\/walnutcareers.de\/quentend-on-par-service-gourmet\/"},"modified":"2023-11-20T09:39:16","modified_gmt":"2023-11-20T08:39:16","slug":"quentend-on-par-service-gourmet","status":"publish","type":"page","link":"https:\/\/walnutcareers.de\/fr\/quentend-on-par-service-gourmet\/","title":{"rendered":"Qu&rsquo;entend-on par service gourmet ?"},"content":{"rendered":"<div class=\"wpb-content-wrapper\"><p>[vc_row][vc_column][vc_column_text]<\/p>\n<h1>QU&rsquo;ENTEND-ON PAR SERVICE GOURMET ?<\/h1>\n<h2>LE RESTAURANT<\/h2>\n<p>Si tu vas dans un restaurant gastronomique, tu as la possibilit\u00e9 de manger chez l&rsquo;un des meilleurs chefs du pays. La carte se compose g\u00e9n\u00e9ralement d&rsquo;un ou deux menus d&rsquo;environ six plats chacun. Pour comprendre le concept du chef de cuisine, tu dois suivre autant que possible l&rsquo;ordre des menus. Mais l&rsquo;\u00e9quipe tient \u00e9galement compte des intol\u00e9rances et des allergies. Le d\u00e9roulement dans un tel restaurant est g\u00e9n\u00e9ralement le suivant :<\/p>\n<h2>LA VISITE<\/h2>\n<p>Tout d&rsquo;abord, l&rsquo;\u00e9quipe de service t&rsquo;accueille et te conduit \u00e0 ta table. Ici, on te conseille d&rsquo;abord un ap\u00e9ritif, et parall\u00e8lement, on te sert d\u00e9j\u00e0 un premier salut de la cuisine. En regardant le menu, tu peux te faire une id\u00e9e de ce que le restaurant a \u00e0 offrir. Si tu as des questions sur les plats, l&rsquo;\u00e9quipe de service se tient \u00e0 ta disposition.<\/p>\n<h2>LA S\u00c9LECTION<\/h2>\n<p>Apr\u00e8s avoir fait ton choix, ta commande est transmise \u00e0 la cuisine. L&rsquo;\u00e9tape suivante consiste \u00e0 r\u00e9gler avec toi la question des boissons : la plupart des restaurants proposent un accompagnement de vin. Cela signifie que le sommelier a choisi un verre de vin adapt\u00e9 \u00e0 chaque plat du menu. Si l&rsquo;accompagnement de vin ne te convient pas, tu peux aussi choisir une bouteille de vin sur la carte des vins ou te faire conseiller sur les boissons sans alcool.<\/p>\n<h2>LE MANGEMENT<\/h2>\n<p>Avant que vous ne commenciez le menu, le service sert g\u00e9n\u00e9ralement un autre salut de la cuisine et un peu de pain. Tous les plats et les vins te seront annonc\u00e9s et expliqu\u00e9s au moment du service. Si des questions restent sans r\u00e9ponse, tu peux bien s\u00fbr les poser \u00e0 tout moment. Dans de nombreux restaurants, des petits interm\u00e9diaires sont encore ajout\u00e9s au menu, par exemple un sorbet avant le plat principal ou un pr\u00e9-dessert. Les petits fours, qui sont propos\u00e9s avec le caf\u00e9 apr\u00e8s le menu proprement dit, constituent souvent un point fort particulier. Et ne vous inqui\u00e9tez pas, il y a suffisamment de couverts et de verres, l&rsquo;\u00e9quipe de service en remettra r\u00e9guli\u00e8rement entre les plats.<\/p>\n<h2>LA CONCLUSION<\/h2>\n<p>Si tu ne souhaites pas de digestif apr\u00e8s le caf\u00e9, le menu est termin\u00e9 \u00e0 ce moment-l\u00e0, tu peux commander l&rsquo;addition aupr\u00e8s de l&rsquo;\u00e9quipe de service. Si tu es satisfait de ta visite, l&rsquo;\u00e9quipe de cuisine et de service sera heureuse de recevoir un pourboire. La valeur indicative est, selon le montant de la facture, d&rsquo;environ 5 \u00e0 10 % du montant de la facture. Pour finir, l&rsquo;\u00e9quipe de service t&rsquo;aide avec ta garde-robe et prend cong\u00e9 de toi.<span class=\"Apple-converted-space\"> <\/span><\/p>\n<p>Il est important de noter que chaque restaurant gastronomique a ses propres r\u00e8gles et proc\u00e9dures, mais qu&rsquo;en g\u00e9n\u00e9ral, le d\u00e9roulement sera similaire. Tu peux toujours t&rsquo;adresser au personnel si tu as des questions ou si tu as besoin d&rsquo;aide.[\/vc_column_text][\/vc_column][\/vc_row][vc_row][vc_column]                        <div class=\"row\">\n                            <div class=\"col-12 gap\">\n                    \n\n<div class=\"jobinner\">\n    <div class=\"row gap\">\n        <div class=\"col-12\">\n            <a style=\"display: block;\" href=\"https:\/\/walnutcareers.de\/fr\/jobs\/lobby-service-manager-gn-hotel-de-luxe-zurich\/\" target=\"_blank\">\n                <h3>Lobby Service Manager (gn) H\u00f4tel de luxe Zurich<\/h3>\n                En collaboration avec notre partenaire SDI Human Resources, nous recherchons un h\u00f4tel de luxe 5 \u00e9toiles dans la r\u00e9gion de Zurich, connu pour son luxe,...            <\/a>\n        <\/div>\n    <\/div>\n            <div class=\"row infos small-gap\">\n            <div class=\"col-12\">\n                                                    <div class=\"jobdetail location\">\n                        <p class=\"d-none\">object(WP_Term)#34075 (10) {\n  [\"term_id\"]=>\n  int(225)\n  [\"name\"]=>\n  string(6) \"Zurich\"\n  [\"slug\"]=>\n  string(9) \"zurich-fr\"\n  [\"term_group\"]=>\n  int(0)\n  [\"term_taxonomy_id\"]=>\n  int(225)\n  [\"taxonomy\"]=>\n  string(6) \"region\"\n  [\"description\"]=>\n  string(0) \"\"\n  [\"parent\"]=>\n  int(195)\n  [\"count\"]=>\n  int(5)\n  [\"filter\"]=>\n  string(3) \"raw\"\n}\n<\/p>\n                        <i class=\"far fa-map-marker-alt\"><\/i> Suisse, Zurich                    <\/div>\n                                                    <div class=\"jobdetail type\">\n                        <i class=\"far fa-h\u00f4tel\"><\/i> H\u00f4tel de luxe                    <\/div>\n                            <\/div>\n        <\/div>\n        <div class=\"row actions \">\n        <div class=\"col-12\">\n            <a href=\"#\" class=\"direktbewerben directbtn\" id=\"directbtn-2475\" data-id=\"2475\"\n               data-toggle=\"\"\n               data-target=\"\">Postuler <i\n                        class=\"fa fa-angle-right\"><\/i><\/a>\n            <a href=\"https:\/\/walnutcareers.de\/fr\/jobs\/lobby-service-manager-gn-hotel-de-luxe-zurich\/\" class=\"readmore\" target=\"_blank\">en savoir plus <i\n                        class=\"fa fa-angle-right\"><\/i><\/a>\n                    <\/div>\n    <\/div>\n<\/div>\n                <\/div>\n                            <div class=\"col-12 gap\">\n                    \n\n<div class=\"jobinner\">\n    <div class=\"row gap\">\n        <div class=\"col-12\">\n            <a style=\"display: block;\" href=\"https:\/\/walnutcareers.de\/fr\/jobs\/restaurant-manager-gn-gourmet-haut-palatinat\/\" target=\"_blank\">\n                <h3>Restaurant Manager (gn) Gourmet Haut-Palatinat<\/h3>\n                Un restaurant 2 \u00e9toiles exclusif situ\u00e9 dans une r\u00e9gion prestigieuse d'Allemagne, synonyme des plus hautes exigences culinaires et de la qualit\u00e9 de service la plus...            <\/a>\n        <\/div>\n    <\/div>\n            <div class=\"row infos small-gap\">\n            <div class=\"col-12\">\n                                    <div class=\"jobdetail cat\">\n                        <i class=\"far fa-utensils\"><\/i> Service                    <\/div>\n                                                    <div class=\"jobdetail location\">\n                        <p class=\"d-none\">object(WP_Term)#33952 (10) {\n  [\"term_id\"]=>\n  int(188)\n  [\"name\"]=>\n  string(8) \"Bavi\u00e8re\"\n  [\"slug\"]=>\n  string(7) \"baviere\"\n  [\"term_group\"]=>\n  int(0)\n  [\"term_taxonomy_id\"]=>\n  int(188)\n  [\"taxonomy\"]=>\n  string(6) \"region\"\n  [\"description\"]=>\n  string(0) \"\"\n  [\"parent\"]=>\n  int(190)\n  [\"count\"]=>\n  int(62)\n  [\"filter\"]=>\n  string(3) \"raw\"\n}\n<\/p>\n                        <i class=\"far fa-map-marker-alt\"><\/i> Allemagne, Bavi\u00e8re                    <\/div>\n                                                    <div class=\"jobdetail type\">\n                        <i class=\"far fa-stars\"><\/i> Restaurant 2 \u00e9toiles                    <\/div>\n                            <\/div>\n        <\/div>\n        <div class=\"row actions \">\n        <div class=\"col-12\">\n            <a href=\"#\" class=\"direktbewerben directbtn\" id=\"directbtn-2475\" data-id=\"2475\"\n               data-toggle=\"\"\n               data-target=\"\">Postuler <i\n                        class=\"fa fa-angle-right\"><\/i><\/a>\n            <a href=\"https:\/\/walnutcareers.de\/fr\/jobs\/restaurant-manager-gn-gourmet-haut-palatinat\/\" class=\"readmore\" target=\"_blank\">en savoir plus <i\n                        class=\"fa fa-angle-right\"><\/i><\/a>\n                    <\/div>\n    <\/div>\n<\/div>\n                <\/div>\n                            <div class=\"col-12 gap\">\n                    \n\n<div class=\"jobinner\">\n    <div class=\"row gap\">\n        <div class=\"col-12\">\n            <a style=\"display: block;\" href=\"https:\/\/walnutcareers.de\/fr\/jobs\/restaurant-manager-gn-gourmet-nuernberg\/\" target=\"_blank\">\n                <h3>Restaurant Manager (gn) Gourmet N\u00fcrnberg<\/h3>\n                Un restaurant prim\u00e9 avec un concept de bistro et de fine dining dans une ville importante du sud de l'Allemagne cherche \u00e0 renforcer son \u00e9quipe...            <\/a>\n        <\/div>\n    <\/div>\n            <div class=\"row infos small-gap\">\n            <div class=\"col-12\">\n                                    <div class=\"jobdetail cat\">\n                        <i class=\"far fa-utensils\"><\/i> Service                    <\/div>\n                                                    <div class=\"jobdetail location\">\n                        <p class=\"d-none\">object(WP_Term)#33953 (10) {\n  [\"term_id\"]=>\n  int(188)\n  [\"name\"]=>\n  string(8) \"Bavi\u00e8re\"\n  [\"slug\"]=>\n  string(7) \"baviere\"\n  [\"term_group\"]=>\n  int(0)\n  [\"term_taxonomy_id\"]=>\n  int(188)\n  [\"taxonomy\"]=>\n  string(6) \"region\"\n  [\"description\"]=>\n  string(0) \"\"\n  [\"parent\"]=>\n  int(190)\n  [\"count\"]=>\n  int(62)\n  [\"filter\"]=>\n  string(3) \"raw\"\n}\n<\/p>\n                        <i class=\"far fa-map-marker-alt\"><\/i> Allemagne, Bavi\u00e8re                    <\/div>\n                                                    <div class=\"jobdetail type\">\n                        <i class=\"far fa-star  \"><\/i> Restaurant 1 \u00e9toile                    <\/div>\n                            <\/div>\n        <\/div>\n        <div class=\"row actions \">\n        <div class=\"col-12\">\n            <a href=\"#\" class=\"direktbewerben directbtn\" id=\"directbtn-2475\" data-id=\"2475\"\n               data-toggle=\"\"\n               data-target=\"\">Postuler <i\n                        class=\"fa fa-angle-right\"><\/i><\/a>\n            <a href=\"https:\/\/walnutcareers.de\/fr\/jobs\/restaurant-manager-gn-gourmet-nuernberg\/\" class=\"readmore\" target=\"_blank\">en savoir plus <i\n                        class=\"fa fa-angle-right\"><\/i><\/a>\n                    <\/div>\n    <\/div>\n<\/div>\n                <\/div>\n                            <div class=\"col-12 gap\">\n                    \n\n<div class=\"jobinner\">\n    <div class=\"row gap\">\n        <div class=\"col-12\">\n            <a style=\"display: block;\" href=\"https:\/\/walnutcareers.de\/fr\/jobs\/chef-de-rang-gn-gourmet-munich-2\/\" target=\"_blank\">\n                <h3>Chef de rang (gn) Gourmet Munich<\/h3>\n                Un nouveau concept de restaurant visionnaire \u00e0 l'une des adresses les plus spectaculaires de Munich.\nFaire partie d'une entreprise familiale r\u00e9put\u00e9e, forte de pr\u00e8s d'un si\u00e8cle...            <\/a>\n        <\/div>\n    <\/div>\n            <div class=\"row infos small-gap\">\n            <div class=\"col-12\">\n                                    <div class=\"jobdetail cat\">\n                        <i class=\"far fa-utensils\"><\/i> Service                    <\/div>\n                                                    <div class=\"jobdetail location\">\n                        <p class=\"d-none\">object(WP_Term)#34073 (10) {\n  [\"term_id\"]=>\n  int(188)\n  [\"name\"]=>\n  string(8) \"Bavi\u00e8re\"\n  [\"slug\"]=>\n  string(7) \"baviere\"\n  [\"term_group\"]=>\n  int(0)\n  [\"term_taxonomy_id\"]=>\n  int(188)\n  [\"taxonomy\"]=>\n  string(6) \"region\"\n  [\"description\"]=>\n  string(0) \"\"\n  [\"parent\"]=>\n  int(190)\n  [\"count\"]=>\n  int(62)\n  [\"filter\"]=>\n  string(3) \"raw\"\n}\n<\/p>\n                        <i class=\"far fa-map-marker-alt\"><\/i> Allemagne, Bavi\u00e8re                    <\/div>\n                                                    <div class=\"jobdetail type\">\n                        <i class=\"far fa-stars\"><\/i> Restaurant 2 \u00e9toiles                    <\/div>\n                            <\/div>\n        <\/div>\n        <div class=\"row actions \">\n        <div class=\"col-12\">\n            <a href=\"#\" class=\"direktbewerben directbtn\" id=\"directbtn-2475\" data-id=\"2475\"\n               data-toggle=\"\"\n               data-target=\"\">Postuler <i\n                        class=\"fa fa-angle-right\"><\/i><\/a>\n            <a href=\"https:\/\/walnutcareers.de\/fr\/jobs\/chef-de-rang-gn-gourmet-munich-2\/\" class=\"readmore\" target=\"_blank\">en savoir plus <i\n                        class=\"fa fa-angle-right\"><\/i><\/a>\n                    <\/div>\n    <\/div>\n<\/div>\n                <\/div>\n                            <div class=\"col-12 gap\">\n                    \n\n<div class=\"jobinner\">\n    <div class=\"row gap\">\n        <div class=\"col-12\">\n            <a style=\"display: block;\" href=\"https:\/\/walnutcareers.de\/fr\/jobs\/directeur-de-restaurant-gn-bad-neuenahr\/\" target=\"_blank\">\n                <h3>Directeur de restaurant (gn) Bad Neuenahr<\/h3>\n                Tradition et modernit\u00e9, combin\u00e9es en un seul concept. Le projet est situ\u00e9 dans la r\u00e9gion viticole de l'Ahr et est super bien desservi. Les h\u00f4tes...            <\/a>\n        <\/div>\n    <\/div>\n            <div class=\"row infos small-gap\">\n            <div class=\"col-12\">\n                                    <div class=\"jobdetail cat\">\n                        <i class=\"far fa-utensils\"><\/i> Service                    <\/div>\n                                                    <div class=\"jobdetail location\">\n                        <p class=\"d-none\">object(WP_Term)#33954 (10) {\n  [\"term_id\"]=>\n  int(192)\n  [\"name\"]=>\n  string(19) \"Rh\u00e9nanie-Palatinat\"\n  [\"slug\"]=>\n  string(18) \"rhenanie-palatinat\"\n  [\"term_group\"]=>\n  int(0)\n  [\"term_taxonomy_id\"]=>\n  int(191)\n  [\"taxonomy\"]=>\n  string(6) \"region\"\n  [\"description\"]=>\n  string(0) \"\"\n  [\"parent\"]=>\n  int(190)\n  [\"count\"]=>\n  int(25)\n  [\"filter\"]=>\n  string(3) \"raw\"\n}\n<\/p>\n                        <i class=\"far fa-map-marker-alt\"><\/i> Allemagne, Rh\u00e9nanie-Palatinat                    <\/div>\n                                                    <div class=\"jobdetail type\">\n                        <i class=\"far fa-star  \"><\/i> Restaurant 1 \u00e9toile                    <\/div>\n                            <\/div>\n        <\/div>\n        <div class=\"row actions \">\n        <div class=\"col-12\">\n            <a href=\"#\" class=\"direktbewerben directbtn\" id=\"directbtn-2475\" data-id=\"2475\"\n               data-toggle=\"\"\n               data-target=\"\">Postuler <i\n                        class=\"fa fa-angle-right\"><\/i><\/a>\n            <a href=\"https:\/\/walnutcareers.de\/fr\/jobs\/directeur-de-restaurant-gn-bad-neuenahr\/\" class=\"readmore\" target=\"_blank\">en savoir plus <i\n                        class=\"fa fa-angle-right\"><\/i><\/a>\n                    <\/div>\n    <\/div>\n<\/div>\n                <\/div>\n                            [\/vc_column][\/vc_row]<\/p>\n<\/div>","protected":false},"excerpt":{"rendered":"<p>[vc_row][vc_column][vc_column_text] QU&rsquo;ENTEND-ON PAR SERVICE GOURMET ? LE RESTAURANT Si tu vas dans un restaurant gastronomique, tu as la possibilit\u00e9 de manger chez l&rsquo;un des meilleurs chefs du pays. La carte se compose g\u00e9n\u00e9ralement d&rsquo;un ou deux menus d&rsquo;environ six plats chacun. Pour comprendre le concept du chef de cuisine, tu dois suivre autant que possible &hellip; <\/p>\n<p class=\"link-more\"><a href=\"https:\/\/walnutcareers.de\/fr\/jobs\/directeur-de-restaurant-gn-bad-neuenahr\/\" class=\"more-link\">Continue reading<span class=\"screen-reader-text\"> \u00ab\u00a0Directeur de restaurant (gn) Bad Neuenahr\u00a0\u00bb<\/span><\/a><\/p>\n","protected":false},"author":3,"featured_media":0,"parent":0,"menu_order":0,"comment_status":"closed","ping_status":"closed","template":"","meta":{"_acf_changed":false,"footnotes":""},"class_list":["post-2475","page","type-page","status-publish","hentry"],"acf":[],"yoast_head":"<!-- This site is optimized with the Yoast SEO plugin v27.4 - https:\/\/yoast.com\/product\/yoast-seo-wordpress\/ -->\n<title>Qu&#039;entend-on par service gourmet ? - Walnut Careers<\/title>\n<meta name=\"description\" content=\"Manger au restaurant \u00e0 la carte. D\u00e9guste de d\u00e9licieux menus accompagn\u00e9s de vins et laisse-toi surprendre par les petits fours !\" \/>\n<meta name=\"robots\" content=\"index, follow, max-snippet:-1, max-image-preview:large, max-video-preview:-1\" \/>\n<link rel=\"canonical\" href=\"https:\/\/walnutcareers.de\/fr\/quentend-on-par-service-gourmet\/\" \/>\n<meta property=\"og:locale\" content=\"fr_FR\" \/>\n<meta property=\"og:type\" content=\"article\" \/>\n<meta property=\"og:title\" content=\"Qu&#039;entend-on par service gourmet ? - Walnut Careers\" \/>\n<meta property=\"og:description\" content=\"Manger au restaurant \u00e0 la carte. D\u00e9guste de d\u00e9licieux menus accompagn\u00e9s de vins et laisse-toi surprendre par les petits fours !\" \/>\n<meta property=\"og:url\" content=\"https:\/\/walnutcareers.de\/fr\/quentend-on-par-service-gourmet\/\" \/>\n<meta property=\"og:site_name\" content=\"Walnut Careers\" \/>\n<meta property=\"article:publisher\" content=\"https:\/\/www.facebook.com\/Walnutcareers.de\/\" \/>\n<meta property=\"article:modified_time\" content=\"2023-11-20T08:39:16+00:00\" \/>\n<meta property=\"og:image\" content=\"https:\/\/walnutcareers.de\/wp-content\/uploads\/2019\/06\/DSC_0036-1200x1192.jpg\" \/>\n\t<meta property=\"og:image:width\" content=\"1200\" \/>\n\t<meta property=\"og:image:height\" content=\"1192\" \/>\n\t<meta property=\"og:image:type\" content=\"image\/jpeg\" \/>\n<meta name=\"twitter:card\" content=\"summary_large_image\" \/>\n<meta name=\"twitter:label1\" content=\"Dur\u00e9e de lecture estim\u00e9e\" \/>\n\t<meta name=\"twitter:data1\" content=\"3 minutes\" \/>\n<script type=\"application\/ld+json\" class=\"yoast-schema-graph\">{\"@context\":\"https:\\\/\\\/schema.org\",\"@graph\":[{\"@type\":\"WebPage\",\"@id\":\"https:\\\/\\\/walnutcareers.de\\\/fr\\\/quentend-on-par-service-gourmet\\\/\",\"url\":\"https:\\\/\\\/walnutcareers.de\\\/fr\\\/quentend-on-par-service-gourmet\\\/\",\"name\":\"Qu'entend-on par service gourmet ? - Walnut Careers\",\"isPartOf\":{\"@id\":\"https:\\\/\\\/walnutcareers.de\\\/fr\\\/#website\"},\"datePublished\":\"2023-11-20T08:39:06+00:00\",\"dateModified\":\"2023-11-20T08:39:16+00:00\",\"description\":\"Manger au restaurant \u00e0 la carte. D\u00e9guste de d\u00e9licieux menus accompagn\u00e9s de vins et laisse-toi surprendre par les petits fours !\",\"breadcrumb\":{\"@id\":\"https:\\\/\\\/walnutcareers.de\\\/fr\\\/quentend-on-par-service-gourmet\\\/#breadcrumb\"},\"inLanguage\":\"fr-FR\",\"potentialAction\":[{\"@type\":\"ReadAction\",\"target\":[\"https:\\\/\\\/walnutcareers.de\\\/fr\\\/quentend-on-par-service-gourmet\\\/\"]}]},{\"@type\":\"BreadcrumbList\",\"@id\":\"https:\\\/\\\/walnutcareers.de\\\/fr\\\/quentend-on-par-service-gourmet\\\/#breadcrumb\",\"itemListElement\":[{\"@type\":\"ListItem\",\"position\":1,\"name\":\"Startseite\",\"item\":\"https:\\\/\\\/walnutcareers.de\\\/fr\\\/bienvenue\\\/\"},{\"@type\":\"ListItem\",\"position\":2,\"name\":\"Qu&rsquo;entend-on par service gourmet ?\"}]},{\"@type\":\"WebSite\",\"@id\":\"https:\\\/\\\/walnutcareers.de\\\/fr\\\/#website\",\"url\":\"https:\\\/\\\/walnutcareers.de\\\/fr\\\/\",\"name\":\"Walnut Careers\",\"description\":\"Headhunters for culinary art\",\"publisher\":{\"@id\":\"https:\\\/\\\/walnutcareers.de\\\/fr\\\/#organization\"},\"potentialAction\":[{\"@type\":\"SearchAction\",\"target\":{\"@type\":\"EntryPoint\",\"urlTemplate\":\"https:\\\/\\\/walnutcareers.de\\\/fr\\\/?s={search_term_string}\"},\"query-input\":{\"@type\":\"PropertyValueSpecification\",\"valueRequired\":true,\"valueName\":\"search_term_string\"}}],\"inLanguage\":\"fr-FR\"},{\"@type\":\"Organization\",\"@id\":\"https:\\\/\\\/walnutcareers.de\\\/fr\\\/#organization\",\"name\":\"Walnut Careers\",\"url\":\"https:\\\/\\\/walnutcareers.de\\\/fr\\\/\",\"logo\":{\"@type\":\"ImageObject\",\"inLanguage\":\"fr-FR\",\"@id\":\"https:\\\/\\\/walnutcareers.de\\\/fr\\\/#\\\/schema\\\/logo\\\/image\\\/\",\"url\":\"http:\\\/\\\/s1035819369.online.de\\\/wordpress\\\/wp-content\\\/uploads\\\/2019\\\/06\\\/WC-Careers-Logo_ohne.png\",\"contentUrl\":\"http:\\\/\\\/s1035819369.online.de\\\/wordpress\\\/wp-content\\\/uploads\\\/2019\\\/06\\\/WC-Careers-Logo_ohne.png\",\"width\":3700,\"height\":937,\"caption\":\"Walnut Careers\"},\"image\":{\"@id\":\"https:\\\/\\\/walnutcareers.de\\\/fr\\\/#\\\/schema\\\/logo\\\/image\\\/\"},\"sameAs\":[\"https:\\\/\\\/www.facebook.com\\\/Walnutcareers.de\\\/\",\"https:\\\/\\\/www.instagram.com\\\/walnutcareers\\\/\",\"https:\\\/\\\/www.linkedin.com\\\/company\\\/6389122\\\/\",\"https:\\\/\\\/www.youtube.com\\\/channel\\\/UCeAT3ngrHea58yEp5hPf4cQ?view_as=subscriber\"]}]}<\/script>\n<!-- \/ Yoast SEO plugin. -->","yoast_head_json":{"title":"Qu'entend-on par service gourmet ? - Walnut Careers","description":"Manger au restaurant \u00e0 la carte. D\u00e9guste de d\u00e9licieux menus accompagn\u00e9s de vins et laisse-toi surprendre par les petits fours !","robots":{"index":"index","follow":"follow","max-snippet":"max-snippet:-1","max-image-preview":"max-image-preview:large","max-video-preview":"max-video-preview:-1"},"canonical":"https:\/\/walnutcareers.de\/fr\/quentend-on-par-service-gourmet\/","og_locale":"fr_FR","og_type":"article","og_title":"Qu'entend-on par service gourmet ? - Walnut Careers","og_description":"Manger au restaurant \u00e0 la carte. D\u00e9guste de d\u00e9licieux menus accompagn\u00e9s de vins et laisse-toi surprendre par les petits fours !","og_url":"https:\/\/walnutcareers.de\/fr\/quentend-on-par-service-gourmet\/","og_site_name":"Walnut Careers","article_publisher":"https:\/\/www.facebook.com\/Walnutcareers.de\/","article_modified_time":"2023-11-20T08:39:16+00:00","og_image":[{"width":1200,"height":1192,"url":"https:\/\/walnutcareers.de\/wp-content\/uploads\/2019\/06\/DSC_0036-1200x1192.jpg","type":"image\/jpeg"}],"twitter_card":"summary_large_image","twitter_misc":{"Dur\u00e9e de lecture estim\u00e9e":"3 minutes"},"schema":{"@context":"https:\/\/schema.org","@graph":[{"@type":"WebPage","@id":"https:\/\/walnutcareers.de\/fr\/quentend-on-par-service-gourmet\/","url":"https:\/\/walnutcareers.de\/fr\/quentend-on-par-service-gourmet\/","name":"Qu'entend-on par service gourmet ? - Walnut Careers","isPartOf":{"@id":"https:\/\/walnutcareers.de\/fr\/#website"},"datePublished":"2023-11-20T08:39:06+00:00","dateModified":"2023-11-20T08:39:16+00:00","description":"Manger au restaurant \u00e0 la carte. D\u00e9guste de d\u00e9licieux menus accompagn\u00e9s de vins et laisse-toi surprendre par les petits fours !","breadcrumb":{"@id":"https:\/\/walnutcareers.de\/fr\/quentend-on-par-service-gourmet\/#breadcrumb"},"inLanguage":"fr-FR","potentialAction":[{"@type":"ReadAction","target":["https:\/\/walnutcareers.de\/fr\/quentend-on-par-service-gourmet\/"]}]},{"@type":"BreadcrumbList","@id":"https:\/\/walnutcareers.de\/fr\/quentend-on-par-service-gourmet\/#breadcrumb","itemListElement":[{"@type":"ListItem","position":1,"name":"Startseite","item":"https:\/\/walnutcareers.de\/fr\/bienvenue\/"},{"@type":"ListItem","position":2,"name":"Qu&rsquo;entend-on par service gourmet ?"}]},{"@type":"WebSite","@id":"https:\/\/walnutcareers.de\/fr\/#website","url":"https:\/\/walnutcareers.de\/fr\/","name":"Walnut Careers","description":"Headhunters for culinary art","publisher":{"@id":"https:\/\/walnutcareers.de\/fr\/#organization"},"potentialAction":[{"@type":"SearchAction","target":{"@type":"EntryPoint","urlTemplate":"https:\/\/walnutcareers.de\/fr\/?s={search_term_string}"},"query-input":{"@type":"PropertyValueSpecification","valueRequired":true,"valueName":"search_term_string"}}],"inLanguage":"fr-FR"},{"@type":"Organization","@id":"https:\/\/walnutcareers.de\/fr\/#organization","name":"Walnut Careers","url":"https:\/\/walnutcareers.de\/fr\/","logo":{"@type":"ImageObject","inLanguage":"fr-FR","@id":"https:\/\/walnutcareers.de\/fr\/#\/schema\/logo\/image\/","url":"http:\/\/s1035819369.online.de\/wordpress\/wp-content\/uploads\/2019\/06\/WC-Careers-Logo_ohne.png","contentUrl":"http:\/\/s1035819369.online.de\/wordpress\/wp-content\/uploads\/2019\/06\/WC-Careers-Logo_ohne.png","width":3700,"height":937,"caption":"Walnut Careers"},"image":{"@id":"https:\/\/walnutcareers.de\/fr\/#\/schema\/logo\/image\/"},"sameAs":["https:\/\/www.facebook.com\/Walnutcareers.de\/","https:\/\/www.instagram.com\/walnutcareers\/","https:\/\/www.linkedin.com\/company\/6389122\/","https:\/\/www.youtube.com\/channel\/UCeAT3ngrHea58yEp5hPf4cQ?view_as=subscriber"]}]}},"_links":{"self":[{"href":"https:\/\/walnutcareers.de\/fr\/wp-json\/wp\/v2\/pages\/2475","targetHints":{"allow":["GET"]}}],"collection":[{"href":"https:\/\/walnutcareers.de\/fr\/wp-json\/wp\/v2\/pages"}],"about":[{"href":"https:\/\/walnutcareers.de\/fr\/wp-json\/wp\/v2\/types\/page"}],"author":[{"embeddable":true,"href":"https:\/\/walnutcareers.de\/fr\/wp-json\/wp\/v2\/users\/3"}],"replies":[{"embeddable":true,"href":"https:\/\/walnutcareers.de\/fr\/wp-json\/wp\/v2\/comments?post=2475"}],"version-history":[{"count":1,"href":"https:\/\/walnutcareers.de\/fr\/wp-json\/wp\/v2\/pages\/2475\/revisions"}],"predecessor-version":[{"id":2498,"href":"https:\/\/walnutcareers.de\/fr\/wp-json\/wp\/v2\/pages\/2475\/revisions\/2498"}],"wp:attachment":[{"href":"https:\/\/walnutcareers.de\/fr\/wp-json\/wp\/v2\/media?parent=2475"}],"curies":[{"name":"wp","href":"https:\/\/api.w.org\/{rel}","templated":true}]}}