{"id":2487,"date":"2023-11-20T09:39:07","date_gmt":"2023-11-20T08:39:07","guid":{"rendered":"https:\/\/walnutcareers.de\/que-fait-un-sous-chef\/"},"modified":"2023-11-20T09:39:13","modified_gmt":"2023-11-20T08:39:13","slug":"que-fait-un-sous-chef","status":"publish","type":"page","link":"https:\/\/walnutcareers.de\/fr\/que-fait-un-sous-chef\/","title":{"rendered":"Que fait un sous-chef ?"},"content":{"rendered":"<div class=\"wpb-content-wrapper\"><p>[vc_row][vc_column][vc_column_text]<\/p>\n<h2>QUE FAIT UN SOUS-CHEF ?<\/h2>\n<p>En tant que sous-chef dans un restaurant gastronomique, tu assumes une grande responsabilit\u00e9 pour le bon d\u00e9roulement de la cuisine. Tu assistes le chef de cuisine dans l&rsquo;organisation, la planification et la r\u00e9alisation des offres culinaires et tu assumes la direction de l&rsquo;\u00e9quipe de cuisine en son absence.[\/vc_column_text][\/vc_column][\/vc_row][vc_row][vc_column width=\u00a0\u00bb1\/2&Prime;][vc_column_text]<\/p>\n<h3>QUELLES SONT TES T\u00c2CHES ?<\/h3>\n<p>L&rsquo;une de tes t\u00e2ches les plus importantes en tant que sous-chef est la coordination des diff\u00e9rents processus de travail dans la cuisine. Tu veilles \u00e0 ce que tous les pr\u00e9paratifs soient effectu\u00e9s \u00e0 temps et \u00e0 ce que l&rsquo;\u00e9quipe de cuisine soit toujours pr\u00eate \u00e0 intervenir. Pour cela, tu travailles en \u00e9troite collaboration avec le <a href=\"http:\/\/s1035819369.online.de\/wordpress\/fr\/que-fait-un-chef-de-cuisine\/\">chef de cuisine<\/a> et tu communiques r\u00e9guli\u00e8rement sur l&rsquo;avancement des travaux. Un autre domaine d&rsquo;activit\u00e9 important est le contr\u00f4le de la qualit\u00e9. Tu veilles \u00e0 ce que tous les plats r\u00e9pondent aux exigences \u00e9lev\u00e9es du restaurant gastronomique et que les r\u00e8gles d&rsquo;hygi\u00e8ne soient respect\u00e9es. Tu v\u00e9rifies la fra\u00eecheur et la qualit\u00e9 des ingr\u00e9dients et tu veilles \u00e0 ce que les plats soient toujours parfaitement pr\u00e9par\u00e9s. Tu travailles en \u00e9troite collaboration avec le chef de cuisine afin de cr\u00e9er des plats nouveaux et innovants et de surprendre sans cesse les clients. Le choix des ingr\u00e9dients et la fixation du prix des plats font \u00e9galement partie de tes t\u00e2ches.[\/vc_column_text][\/vc_column][vc_column width=\u00a0\u00bb1\/2&Prime;][vc_column_text]<\/p>\n<h3>QUAND PUIS-JE DEVENIR SOUS-CHEF ?<\/h3>\n<p>Pour devenir sous-chef dans un restaurant gastronomique, tu dois suivre quelques \u00e9tapes. Une formation formelle de cuisinier, comme un apprentissage, est la premi\u00e8re \u00e9tape. Tu devrais acqu\u00e9rir de l&rsquo;exp\u00e9rience dans diff\u00e9rentes cuisines et sous diff\u00e9rents chefs, et suivre des formations dans des domaines tels que la nutrition, le contr\u00f4le des co\u00fbts, la gestion et le management. Il est \u00e9galement important que tu d\u00e9veloppes des r\u00e9seaux dans le secteur afin de pouvoir t&rsquo;informer sur d&rsquo;\u00e9ventuelles offres d&#8217;emploi. \u00c0 force de pers\u00e9v\u00e9rance et de passion, tu pourras te rapprocher petit \u00e0 petit de ton objectif : devenir sous-chef dans un restaurant gastronomique. Il peut \u00e9galement \u00eatre utile d&rsquo;acqu\u00e9rir de l&rsquo;exp\u00e9rience dans diff\u00e9rents types de restaurants afin d&rsquo;avoir une compr\u00e9hension plus large du secteur.[\/vc_column_text][\/vc_column][\/vc_row][vc_row][vc_column width=\u00a0\u00bb1\/2&Prime;][vc_column_text]<\/p>\n<h3>COMBIEN GAGNE UN SOUS-CHEF ?<\/h3>\n<p>Le salaire d&rsquo;un sous-chef dans un restaurant gastronomique peut varier consid\u00e9rablement et d\u00e9pend de nombreux facteurs, tels que la taille et l&#8217;emplacement du restaurant, l&rsquo;exp\u00e9rience du sous-chef et le type de restaurant. En moyenne, le salaire d&rsquo;un chef de cuisine se situe toutefois autour de 45 000 \u00e0 55 000 euros par an. Toutefois, dans certaines r\u00e9gions et dans des restaurants tr\u00e8s prosp\u00e8res et renomm\u00e9s, le salaire peut \u00eatre nettement plus \u00e9lev\u00e9.[\/vc_column_text][\/vc_column][vc_column width=\u00a0\u00bb1\/2&Prime;][vc_column_text]<\/p>\n<h3>O\u00d9 PUIS-JE TROUVER UN EMPLOI DE SOUS-CHEF ?<\/h3>\n<p>Le sous-chef. Tu es la direction op\u00e9rationnelle de la cuisine, tu assumes la responsabilit\u00e9 du bloc de cuisson. Tu veux jouer ce r\u00f4le ? Alors parlons de tes qualifications.<\/p>\n<p>Walnut Careers t&rsquo;accompagne dans la planification de ta carri\u00e8re et te propose chaque jour de nouveaux postes dans la restauration gastronomique et l&rsquo;h\u00f4tellerie de luxe.[\/vc_column_text][\/vc_column][\/vc_row][vc_row][vc_column]                        <div class=\"row\">\n                            <div class=\"col-12 gap\">\n                    \n\n<div class=\"jobinner\">\n    <div class=\"row gap\">\n        <div class=\"col-12\">\n            <a style=\"display: block;\" href=\"https:\/\/walnutcareers.de\/fr\/jobs\/sous-chef-gn-bad-neuenahr\/\" target=\"_blank\">\n                <h3>Sous-chef (gn) Bad Neuenahr<\/h3>\n                Tradition et modernit\u00e9, combin\u00e9es en un seul concept. Le projet est situ\u00e9 dans la r\u00e9gion viticole de l'Ahr et est super bien desservi. L'\u00e9quipe y...            <\/a>\n        <\/div>\n    <\/div>\n            <div class=\"row infos small-gap\">\n            <div class=\"col-12\">\n                                    <div class=\"jobdetail cat\">\n                        <i class=\"far fa-knife-kitchen\"><\/i> Cuisine                    <\/div>\n                                                    <div class=\"jobdetail location\">\n                        <p class=\"d-none\">object(WP_Term)#34235 (10) {\n  [\"term_id\"]=>\n  int(192)\n  [\"name\"]=>\n  string(19) \"Rh\u00e9nanie-Palatinat\"\n  [\"slug\"]=>\n  string(18) \"rhenanie-palatinat\"\n  [\"term_group\"]=>\n  int(0)\n  [\"term_taxonomy_id\"]=>\n  int(191)\n  [\"taxonomy\"]=>\n  string(6) \"region\"\n  [\"description\"]=>\n  string(0) \"\"\n  [\"parent\"]=>\n  int(190)\n  [\"count\"]=>\n  int(25)\n  [\"filter\"]=>\n  string(3) \"raw\"\n}\n<\/p>\n                        <i class=\"far fa-map-marker-alt\"><\/i> Rh\u00e9nanie-Palatinat                    <\/div>\n                                                    <div class=\"jobdetail type\">\n                        <i class=\"far fa-star  \"><\/i> Restaurant 1 \u00e9toile                    <\/div>\n                            <\/div>\n        <\/div>\n        <div class=\"row actions \">\n        <div class=\"col-12\">\n            <a href=\"#\" class=\"direktbewerben directbtn\" id=\"directbtn-2487\" data-id=\"2487\"\n               data-toggle=\"\"\n               data-target=\"\">Postuler <i\n                        class=\"fa fa-angle-right\"><\/i><\/a>\n            <a href=\"https:\/\/walnutcareers.de\/fr\/jobs\/sous-chef-gn-bad-neuenahr\/\" class=\"readmore\" target=\"_blank\">en savoir plus <i\n                        class=\"fa fa-angle-right\"><\/i><\/a>\n                    <\/div>\n    <\/div>\n<\/div>\n                <\/div>\n                            <div class=\"col-12 gap\">\n                    \n\n<div class=\"jobinner\">\n    <div class=\"row gap\">\n        <div class=\"col-12\">\n            <a style=\"display: block;\" href=\"https:\/\/walnutcareers.de\/fr\/jobs\/sous-chef-gn-gourmet-paris\/\" target=\"_blank\">\n                <h3>Sous-chef (gn) Gourmet Paris<\/h3>\n                Un restaurant gastronomique renomm\u00e9 \u00e0 Paris, connu pour sa cuisine exquise et son excellent service ainsi que son concept exceptionnel, recherche un sous-chef enthousiaste pour...            <\/a>\n        <\/div>\n    <\/div>\n            <div class=\"row infos small-gap\">\n            <div class=\"col-12\">\n                                    <div class=\"jobdetail cat\">\n                        <i class=\"far fa-knife-kitchen\"><\/i> Cuisine                    <\/div>\n                                                    <div class=\"jobdetail location\">\n                        <p class=\"d-none\">object(WP_Term)#34146 (10) {\n  [\"term_id\"]=>\n  int(290)\n  [\"name\"]=>\n  string(5) \"Paris\"\n  [\"slug\"]=>\n  string(8) \"paris-fr\"\n  [\"term_group\"]=>\n  int(0)\n  [\"term_taxonomy_id\"]=>\n  int(290)\n  [\"taxonomy\"]=>\n  string(6) \"region\"\n  [\"description\"]=>\n  string(0) \"\"\n  [\"parent\"]=>\n  int(214)\n  [\"count\"]=>\n  int(1)\n  [\"filter\"]=>\n  string(3) \"raw\"\n}\n<\/p>\n                        <i class=\"far fa-map-marker-alt\"><\/i> France, Paris                    <\/div>\n                                            <\/div>\n        <\/div>\n        <div class=\"row actions \">\n        <div class=\"col-12\">\n            <a href=\"#\" class=\"direktbewerben directbtn\" id=\"directbtn-2487\" data-id=\"2487\"\n               data-toggle=\"\"\n               data-target=\"\">Postuler <i\n                        class=\"fa fa-angle-right\"><\/i><\/a>\n            <a href=\"https:\/\/walnutcareers.de\/fr\/jobs\/sous-chef-gn-gourmet-paris\/\" class=\"readmore\" target=\"_blank\">en savoir plus <i\n                        class=\"fa fa-angle-right\"><\/i><\/a>\n                    <\/div>\n    <\/div>\n<\/div>\n                <\/div>\n                            <div class=\"col-12 gap\">\n                    \n\n<div class=\"jobinner\">\n    <div class=\"row gap\">\n        <div class=\"col-12\">\n            <a style=\"display: block;\" href=\"https:\/\/walnutcareers.de\/fr\/jobs\/sous-chef-gn-gourmet-kremstal\/\" target=\"_blank\">\n                <h3>Sous-chef (gn) Gourmet Kremstal<\/h3>\n                Un restaurant haut de gamme avec son propre bar \u00e0 vin dans une petite ville historique de Basse-Autriche. L'\u00e9tablissement est situ\u00e9 au c\u0153ur d'une r\u00e9gion...            <\/a>\n        <\/div>\n    <\/div>\n            <div class=\"row infos small-gap\">\n            <div class=\"col-12\">\n                                                    <div class=\"jobdetail location\">\n                        <p class=\"d-none\">object(WP_Term)#34141 (10) {\n  [\"term_id\"]=>\n  int(308)\n  [\"name\"]=>\n  string(14) \"Basse-Autriche\"\n  [\"slug\"]=>\n  string(14) \"basse-autriche\"\n  [\"term_group\"]=>\n  int(0)\n  [\"term_taxonomy_id\"]=>\n  int(308)\n  [\"taxonomy\"]=>\n  string(6) \"region\"\n  [\"description\"]=>\n  string(0) \"\"\n  [\"parent\"]=>\n  int(211)\n  [\"count\"]=>\n  int(1)\n  [\"filter\"]=>\n  string(3) \"raw\"\n}\n<\/p>\n                        <i class=\"far fa-map-marker-alt\"><\/i> Autriche, Basse-Autriche                    <\/div>\n                                                    <div class=\"jobdetail type\">\n                        <i class=\"far fa-utensils-alt\"><\/i> Restaurant Gourmet                    <\/div>\n                            <\/div>\n        <\/div>\n        <div class=\"row actions \">\n        <div class=\"col-12\">\n            <a href=\"#\" class=\"direktbewerben directbtn\" id=\"directbtn-2487\" data-id=\"2487\"\n               data-toggle=\"\"\n               data-target=\"\">Postuler <i\n                        class=\"fa fa-angle-right\"><\/i><\/a>\n            <a href=\"https:\/\/walnutcareers.de\/fr\/jobs\/sous-chef-gn-gourmet-kremstal\/\" class=\"readmore\" target=\"_blank\">en savoir plus <i\n                        class=\"fa fa-angle-right\"><\/i><\/a>\n                    <\/div>\n    <\/div>\n<\/div>\n                <\/div>\n                            [\/vc_column][\/vc_row]<\/p>\n<\/div>","protected":false},"excerpt":{"rendered":"<p>[vc_row][vc_column][vc_column_text] QUE FAIT UN SOUS-CHEF ? En tant que sous-chef dans un restaurant gastronomique, tu assumes une grande responsabilit\u00e9 pour le bon d\u00e9roulement de la cuisine. Tu assistes le chef de cuisine dans l&rsquo;organisation, la planification et la r\u00e9alisation des offres culinaires et tu assumes la direction de l&rsquo;\u00e9quipe de cuisine en son absence.[\/vc_column_text][\/vc_column][\/vc_row][vc_row][vc_column width=\u00a0\u00bb1\/2&Prime;][vc_column_text] &hellip; <\/p>\n<p class=\"link-more\"><a href=\"https:\/\/walnutcareers.de\/fr\/jobs\/sous-chef-gn-gourmet-kremstal\/\" class=\"more-link\">Continue reading<span class=\"screen-reader-text\"> \u00ab\u00a0Sous-chef (gn) Gourmet Kremstal\u00a0\u00bb<\/span><\/a><\/p>\n","protected":false},"author":3,"featured_media":0,"parent":0,"menu_order":0,"comment_status":"closed","ping_status":"closed","template":"","meta":{"_acf_changed":false,"footnotes":""},"class_list":["post-2487","page","type-page","status-publish","hentry"],"acf":[],"yoast_head":"<!-- This site is optimized with the Yoast SEO plugin v27.5 - https:\/\/yoast.com\/product\/yoast-seo-wordpress\/ -->\n<title>Que fait un sous-chef ? - Walnut Careers<\/title>\n<meta name=\"description\" content=\"En tant que sous-chef dans un restaurant gastronomique, tu es responsable du bon d\u00e9roulement de la cuisine et tu assistes le chef de cuisine.\" \/>\n<meta name=\"robots\" content=\"index, follow, max-snippet:-1, max-image-preview:large, max-video-preview:-1\" \/>\n<link rel=\"canonical\" href=\"https:\/\/walnutcareers.de\/fr\/que-fait-un-sous-chef\/\" \/>\n<meta property=\"og:locale\" content=\"fr_FR\" \/>\n<meta property=\"og:type\" content=\"article\" \/>\n<meta property=\"og:title\" content=\"Que fait un sous-chef ? - Walnut Careers\" \/>\n<meta property=\"og:description\" content=\"En tant que sous-chef dans un restaurant gastronomique, tu es responsable du bon d\u00e9roulement de la cuisine et tu assistes le chef de cuisine.\" \/>\n<meta property=\"og:url\" content=\"https:\/\/walnutcareers.de\/fr\/que-fait-un-sous-chef\/\" \/>\n<meta property=\"og:site_name\" content=\"Walnut Careers\" \/>\n<meta property=\"article:publisher\" content=\"https:\/\/www.facebook.com\/Walnutcareers.de\/\" \/>\n<meta property=\"article:modified_time\" content=\"2023-11-20T08:39:13+00:00\" \/>\n<meta property=\"og:image\" content=\"https:\/\/walnutcareers.de\/wp-content\/uploads\/2019\/06\/DSC_0036-1200x1192.jpg\" \/>\n\t<meta property=\"og:image:width\" content=\"1200\" \/>\n\t<meta property=\"og:image:height\" content=\"1192\" \/>\n\t<meta property=\"og:image:type\" content=\"image\/jpeg\" \/>\n<meta name=\"twitter:card\" content=\"summary_large_image\" \/>\n<meta name=\"twitter:label1\" content=\"Dur\u00e9e de lecture estim\u00e9e\" \/>\n\t<meta name=\"twitter:data1\" content=\"3 minutes\" \/>\n<script type=\"application\/ld+json\" class=\"yoast-schema-graph\">{\"@context\":\"https:\\\/\\\/schema.org\",\"@graph\":[{\"@type\":\"WebPage\",\"@id\":\"https:\\\/\\\/walnutcareers.de\\\/fr\\\/que-fait-un-sous-chef\\\/\",\"url\":\"https:\\\/\\\/walnutcareers.de\\\/fr\\\/que-fait-un-sous-chef\\\/\",\"name\":\"Que fait un sous-chef ? - Walnut Careers\",\"isPartOf\":{\"@id\":\"https:\\\/\\\/walnutcareers.de\\\/fr\\\/#website\"},\"datePublished\":\"2023-11-20T08:39:07+00:00\",\"dateModified\":\"2023-11-20T08:39:13+00:00\",\"description\":\"En tant que sous-chef dans un restaurant gastronomique, tu es responsable du bon d\u00e9roulement de la cuisine et tu assistes le chef de cuisine.\",\"breadcrumb\":{\"@id\":\"https:\\\/\\\/walnutcareers.de\\\/fr\\\/que-fait-un-sous-chef\\\/#breadcrumb\"},\"inLanguage\":\"fr-FR\",\"potentialAction\":[{\"@type\":\"ReadAction\",\"target\":[\"https:\\\/\\\/walnutcareers.de\\\/fr\\\/que-fait-un-sous-chef\\\/\"]}]},{\"@type\":\"BreadcrumbList\",\"@id\":\"https:\\\/\\\/walnutcareers.de\\\/fr\\\/que-fait-un-sous-chef\\\/#breadcrumb\",\"itemListElement\":[{\"@type\":\"ListItem\",\"position\":1,\"name\":\"Startseite\",\"item\":\"https:\\\/\\\/walnutcareers.de\\\/fr\\\/bienvenue\\\/\"},{\"@type\":\"ListItem\",\"position\":2,\"name\":\"Que fait un sous-chef ?\"}]},{\"@type\":\"WebSite\",\"@id\":\"https:\\\/\\\/walnutcareers.de\\\/fr\\\/#website\",\"url\":\"https:\\\/\\\/walnutcareers.de\\\/fr\\\/\",\"name\":\"Walnut Careers\",\"description\":\"Headhunters for culinary art\",\"publisher\":{\"@id\":\"https:\\\/\\\/walnutcareers.de\\\/fr\\\/#organization\"},\"potentialAction\":[{\"@type\":\"SearchAction\",\"target\":{\"@type\":\"EntryPoint\",\"urlTemplate\":\"https:\\\/\\\/walnutcareers.de\\\/fr\\\/?s={search_term_string}\"},\"query-input\":{\"@type\":\"PropertyValueSpecification\",\"valueRequired\":true,\"valueName\":\"search_term_string\"}}],\"inLanguage\":\"fr-FR\"},{\"@type\":\"Organization\",\"@id\":\"https:\\\/\\\/walnutcareers.de\\\/fr\\\/#organization\",\"name\":\"Walnut Careers\",\"url\":\"https:\\\/\\\/walnutcareers.de\\\/fr\\\/\",\"logo\":{\"@type\":\"ImageObject\",\"inLanguage\":\"fr-FR\",\"@id\":\"https:\\\/\\\/walnutcareers.de\\\/fr\\\/#\\\/schema\\\/logo\\\/image\\\/\",\"url\":\"http:\\\/\\\/s1035819369.online.de\\\/wordpress\\\/wp-content\\\/uploads\\\/2019\\\/06\\\/WC-Careers-Logo_ohne.png\",\"contentUrl\":\"http:\\\/\\\/s1035819369.online.de\\\/wordpress\\\/wp-content\\\/uploads\\\/2019\\\/06\\\/WC-Careers-Logo_ohne.png\",\"width\":3700,\"height\":937,\"caption\":\"Walnut Careers\"},\"image\":{\"@id\":\"https:\\\/\\\/walnutcareers.de\\\/fr\\\/#\\\/schema\\\/logo\\\/image\\\/\"},\"sameAs\":[\"https:\\\/\\\/www.facebook.com\\\/Walnutcareers.de\\\/\",\"https:\\\/\\\/www.instagram.com\\\/walnutcareers\\\/\",\"https:\\\/\\\/www.linkedin.com\\\/company\\\/6389122\\\/\",\"https:\\\/\\\/www.youtube.com\\\/channel\\\/UCeAT3ngrHea58yEp5hPf4cQ?view_as=subscriber\"]}]}<\/script>\n<!-- \/ Yoast SEO plugin. -->","yoast_head_json":{"title":"Que fait un sous-chef ? - Walnut Careers","description":"En tant que sous-chef dans un restaurant gastronomique, tu es responsable du bon d\u00e9roulement de la cuisine et tu assistes le chef de cuisine.","robots":{"index":"index","follow":"follow","max-snippet":"max-snippet:-1","max-image-preview":"max-image-preview:large","max-video-preview":"max-video-preview:-1"},"canonical":"https:\/\/walnutcareers.de\/fr\/que-fait-un-sous-chef\/","og_locale":"fr_FR","og_type":"article","og_title":"Que fait un sous-chef ? - Walnut Careers","og_description":"En tant que sous-chef dans un restaurant gastronomique, tu es responsable du bon d\u00e9roulement de la cuisine et tu assistes le chef de cuisine.","og_url":"https:\/\/walnutcareers.de\/fr\/que-fait-un-sous-chef\/","og_site_name":"Walnut Careers","article_publisher":"https:\/\/www.facebook.com\/Walnutcareers.de\/","article_modified_time":"2023-11-20T08:39:13+00:00","og_image":[{"width":1200,"height":1192,"url":"https:\/\/walnutcareers.de\/wp-content\/uploads\/2019\/06\/DSC_0036-1200x1192.jpg","type":"image\/jpeg"}],"twitter_card":"summary_large_image","twitter_misc":{"Dur\u00e9e de lecture estim\u00e9e":"3 minutes"},"schema":{"@context":"https:\/\/schema.org","@graph":[{"@type":"WebPage","@id":"https:\/\/walnutcareers.de\/fr\/que-fait-un-sous-chef\/","url":"https:\/\/walnutcareers.de\/fr\/que-fait-un-sous-chef\/","name":"Que fait un sous-chef ? - Walnut Careers","isPartOf":{"@id":"https:\/\/walnutcareers.de\/fr\/#website"},"datePublished":"2023-11-20T08:39:07+00:00","dateModified":"2023-11-20T08:39:13+00:00","description":"En tant que sous-chef dans un restaurant gastronomique, tu es responsable du bon d\u00e9roulement de la cuisine et tu assistes le chef de cuisine.","breadcrumb":{"@id":"https:\/\/walnutcareers.de\/fr\/que-fait-un-sous-chef\/#breadcrumb"},"inLanguage":"fr-FR","potentialAction":[{"@type":"ReadAction","target":["https:\/\/walnutcareers.de\/fr\/que-fait-un-sous-chef\/"]}]},{"@type":"BreadcrumbList","@id":"https:\/\/walnutcareers.de\/fr\/que-fait-un-sous-chef\/#breadcrumb","itemListElement":[{"@type":"ListItem","position":1,"name":"Startseite","item":"https:\/\/walnutcareers.de\/fr\/bienvenue\/"},{"@type":"ListItem","position":2,"name":"Que fait un sous-chef ?"}]},{"@type":"WebSite","@id":"https:\/\/walnutcareers.de\/fr\/#website","url":"https:\/\/walnutcareers.de\/fr\/","name":"Walnut Careers","description":"Headhunters for culinary art","publisher":{"@id":"https:\/\/walnutcareers.de\/fr\/#organization"},"potentialAction":[{"@type":"SearchAction","target":{"@type":"EntryPoint","urlTemplate":"https:\/\/walnutcareers.de\/fr\/?s={search_term_string}"},"query-input":{"@type":"PropertyValueSpecification","valueRequired":true,"valueName":"search_term_string"}}],"inLanguage":"fr-FR"},{"@type":"Organization","@id":"https:\/\/walnutcareers.de\/fr\/#organization","name":"Walnut Careers","url":"https:\/\/walnutcareers.de\/fr\/","logo":{"@type":"ImageObject","inLanguage":"fr-FR","@id":"https:\/\/walnutcareers.de\/fr\/#\/schema\/logo\/image\/","url":"http:\/\/s1035819369.online.de\/wordpress\/wp-content\/uploads\/2019\/06\/WC-Careers-Logo_ohne.png","contentUrl":"http:\/\/s1035819369.online.de\/wordpress\/wp-content\/uploads\/2019\/06\/WC-Careers-Logo_ohne.png","width":3700,"height":937,"caption":"Walnut Careers"},"image":{"@id":"https:\/\/walnutcareers.de\/fr\/#\/schema\/logo\/image\/"},"sameAs":["https:\/\/www.facebook.com\/Walnutcareers.de\/","https:\/\/www.instagram.com\/walnutcareers\/","https:\/\/www.linkedin.com\/company\/6389122\/","https:\/\/www.youtube.com\/channel\/UCeAT3ngrHea58yEp5hPf4cQ?view_as=subscriber"]}]}},"_links":{"self":[{"href":"https:\/\/walnutcareers.de\/fr\/wp-json\/wp\/v2\/pages\/2487","targetHints":{"allow":["GET"]}}],"collection":[{"href":"https:\/\/walnutcareers.de\/fr\/wp-json\/wp\/v2\/pages"}],"about":[{"href":"https:\/\/walnutcareers.de\/fr\/wp-json\/wp\/v2\/types\/page"}],"author":[{"embeddable":true,"href":"https:\/\/walnutcareers.de\/fr\/wp-json\/wp\/v2\/users\/3"}],"replies":[{"embeddable":true,"href":"https:\/\/walnutcareers.de\/fr\/wp-json\/wp\/v2\/comments?post=2487"}],"version-history":[{"count":1,"href":"https:\/\/walnutcareers.de\/fr\/wp-json\/wp\/v2\/pages\/2487\/revisions"}],"predecessor-version":[{"id":2506,"href":"https:\/\/walnutcareers.de\/fr\/wp-json\/wp\/v2\/pages\/2487\/revisions\/2506"}],"wp:attachment":[{"href":"https:\/\/walnutcareers.de\/fr\/wp-json\/wp\/v2\/media?parent=2487"}],"curies":[{"name":"wp","href":"https:\/\/api.w.org\/{rel}","templated":true}]}}