{"id":2513,"date":"2023-11-20T09:39:11","date_gmt":"2023-11-20T08:39:11","guid":{"rendered":"https:\/\/walnutcareers.de\/que-fait-un-gardemanger\/"},"modified":"2023-11-20T09:39:13","modified_gmt":"2023-11-20T08:39:13","slug":"que-fait-un-gardemanger","status":"publish","type":"page","link":"https:\/\/walnutcareers.de\/fr\/que-fait-un-gardemanger\/","title":{"rendered":"Que fait un gardemanger ?"},"content":{"rendered":"<div class=\"wpb-content-wrapper\"><p>[vc_row][vc_column][vc_column_text]<\/p>\n<h2>QUE FAIT UN GARDEMANGER ?<\/h2>\n<p>Un gardemanger est un cuisinier exp\u00e9riment\u00e9. Il travaille sous les ordres du chef de partie et est responsable de la pr\u00e9paration des entr\u00e9es, telles que les terrines, les p\u00e2t\u00e9s, les rillettes et les amuse-gueule. Un gardemanger doit conna\u00eetre les diff\u00e9rentes techniques de conservation et de stockage des aliments afin de s&rsquo;assurer que les plats sont frais et s\u00fbrs \u00e0 manger. Il doit \u00e9galement \u00eatre capable de manipuler diff\u00e9rents types de viande, de poisson et de volaille pour pr\u00e9parer les entr\u00e9es.<\/p>\n<p>Un Gardemanger doit \u00e9galement avoir des connaissances dans le traitement des fruits et l\u00e9gumes pour pr\u00e9parer des garnitures froides et des salades. En outre, des connaissances dans l&rsquo;utilisation des \u00e9pices et des ar\u00f4mes sont n\u00e9cessaires pour am\u00e9liorer les saveurs des plats. Un Gardemanger doit \u00e9galement avoir les comp\u00e9tences et l&rsquo;exp\u00e9rience n\u00e9cessaires pour faire preuve de cr\u00e9ativit\u00e9 et trouver de nouvelles id\u00e9es pour les entr\u00e9es et les plats froids. Il doit enrichir le menu du restaurant et impressionner les clients.<\/p>\n<p>Un Gardemanger a \u00e9galement la responsabilit\u00e9 d&rsquo;organiser et de superviser le travail dans son service, ainsi que de respecter les normes d&rsquo;hygi\u00e8ne et d&rsquo;utiliser les ingr\u00e9dients de mani\u00e8re efficace. Il doit s&rsquo;assurer que la station froide est toujours propre et ordonn\u00e9e et que tous les ingr\u00e9dients et outils sont en parfait \u00e9tat.<\/p>\n<p>Un Gardemanger doit \u00e9galement s&rsquo;assurer que les plats qu&rsquo;il pr\u00e9pare sont toujours frais et app\u00e9tissants. Il doit veiller \u00e0 ce que les plats soient servis \u00e0 la bonne temp\u00e9rature et que les garnitures et la pr\u00e9sentation des plats soient toujours parfaites. Il travaille en \u00e9troite collaboration avec le chef de cuisine.[\/vc_column_text][\/vc_column][\/vc_row][vc_row][vc_column][vc_column_text]<\/p>\n<h2>QUELS SONT LES POSTES DANS LA CUISINE ?<\/h2>\n<p>Dans une cuisine professionnelle, les cuisiniers exp\u00e9riment\u00e9s occupent diff\u00e9rents postes afin d&rsquo;organiser les op\u00e9rations quotidiennes et de s&rsquo;assurer que les clients sont impressionn\u00e9s par la qualit\u00e9 des plats et du service. Le <a href=\"http:\/\/s1035819369.online.de\/wordpress\/fr\/que-fait-un-chef-de-cuisine\/\">chef de cuisine<\/a> dirige la direction g\u00e9n\u00e9rale de la cuisine, le sous-chef soutient le travail du chef de cuisine, le chef de partie dirige un poste sp\u00e9cifique comme par exemple le gardemanger, le poissonnier, le saucier, le p\u00e2tissier et le r\u00f4tisseur. Le chef tourneur surveille et coordonne les travaux dans diff\u00e9rentes stations. Chaque poste a ses propres responsabilit\u00e9s et t\u00e2ches qui contribuent au bon fonctionnement de la cuisine.[\/vc_column_text][\/vc_column][\/vc_row][vc_row][vc_column]                        <div class=\"row\">\n                            <div class=\"col-12 gap\">\n                    \n\n<div class=\"jobinner\">\n    <div class=\"row gap\">\n        <div class=\"col-12\">\n            <a style=\"display: block;\" href=\"https:\/\/walnutcareers.de\/fr\/jobs\/restaurant-manager-gn-gourmet-antwerpen\/\" target=\"_blank\">\n                <h3>Restaurant Manager (gn) Gourmet Antwerpen<\/h3>\n                Un restaurant gastronomique exclusif b\u00e9n\u00e9ficiant d'un emplacement spectaculaire au c\u0153ur d'Anvers, situ\u00e9 dans les \u00e9tages sup\u00e9rieurs d'un b\u00e2timent culturel prestigieux et offrant une vue incomparable...            <\/a>\n        <\/div>\n    <\/div>\n            <div class=\"row infos small-gap\">\n            <div class=\"col-12\">\n                                    <div class=\"jobdetail cat\">\n                        <i class=\"far fa-utensils\"><\/i> Service                    <\/div>\n                                                    <div class=\"jobdetail location\">\n                        <p class=\"d-none\">object(WP_Term)#35239 (10) {\n  [\"term_id\"]=>\n  int(203)\n  [\"name\"]=>\n  string(8) \"Belgique\"\n  [\"slug\"]=>\n  string(8) \"belgique\"\n  [\"term_group\"]=>\n  int(0)\n  [\"term_taxonomy_id\"]=>\n  int(203)\n  [\"taxonomy\"]=>\n  string(6) \"region\"\n  [\"description\"]=>\n  string(0) \"\"\n  [\"parent\"]=>\n  int(0)\n  [\"count\"]=>\n  int(7)\n  [\"filter\"]=>\n  string(3) \"raw\"\n}\n<\/p>\n                        <i class=\"far fa-map-marker-alt\"><\/i> Anvers, Belgique                    <\/div>\n                                                    <div class=\"jobdetail type\">\n                        <i class=\"far fa-stars\"><\/i> Restaurant 3 \u00e9toiles                    <\/div>\n                            <\/div>\n        <\/div>\n        <div class=\"row actions \">\n        <div class=\"col-12\">\n            <a href=\"#\" class=\"direktbewerben directbtn\" id=\"directbtn-2513\" data-id=\"2513\"\n               data-toggle=\"\"\n               data-target=\"\">Postuler <i\n                        class=\"fa fa-angle-right\"><\/i><\/a>\n            <a href=\"https:\/\/walnutcareers.de\/fr\/jobs\/restaurant-manager-gn-gourmet-antwerpen\/\" class=\"readmore\" target=\"_blank\">en savoir plus <i\n                        class=\"fa fa-angle-right\"><\/i><\/a>\n                    <\/div>\n    <\/div>\n<\/div>\n                <\/div>\n                            <div class=\"col-12 gap\">\n                    \n\n<div class=\"jobinner\">\n    <div class=\"row gap\">\n        <div class=\"col-12\">\n            <a style=\"display: block;\" href=\"https:\/\/walnutcareers.de\/fr\/jobs\/suppleant-directeur-de-restaurant-gn-haute-baviere\/\" target=\"_blank\">\n                <h3>Suppl\u00e9ant Directeur de restaurant (gn) Haute-Bavi\u00e8re<\/h3>\n                Le complexe h\u00f4telier de luxe avec golf, bien-\u00eatre et gastronomie au sud de Munich se r\u00e9organise. Pour cela, on ne l\u00e9sine pas sur les co\u00fbts...            <\/a>\n        <\/div>\n    <\/div>\n            <div class=\"row infos small-gap\">\n            <div class=\"col-12\">\n                                    <div class=\"jobdetail cat\">\n                        <i class=\"far fa-utensils\"><\/i> Service                    <\/div>\n                                                    <div class=\"jobdetail location\">\n                        <p class=\"d-none\">object(WP_Term)#34279 (10) {\n  [\"term_id\"]=>\n  int(188)\n  [\"name\"]=>\n  string(8) \"Bavi\u00e8re\"\n  [\"slug\"]=>\n  string(7) \"baviere\"\n  [\"term_group\"]=>\n  int(0)\n  [\"term_taxonomy_id\"]=>\n  int(188)\n  [\"taxonomy\"]=>\n  string(6) \"region\"\n  [\"description\"]=>\n  string(0) \"\"\n  [\"parent\"]=>\n  int(190)\n  [\"count\"]=>\n  int(61)\n  [\"filter\"]=>\n  string(3) \"raw\"\n}\n<\/p>\n                        <i class=\"far fa-map-marker-alt\"><\/i> Allemagne, Bavi\u00e8re                    <\/div>\n                                            <\/div>\n        <\/div>\n        <div class=\"row actions \">\n        <div class=\"col-12\">\n            <a href=\"#\" class=\"direktbewerben directbtn\" id=\"directbtn-2513\" data-id=\"2513\"\n               data-toggle=\"\"\n               data-target=\"\">Postuler <i\n                        class=\"fa fa-angle-right\"><\/i><\/a>\n            <a href=\"https:\/\/walnutcareers.de\/fr\/jobs\/suppleant-directeur-de-restaurant-gn-haute-baviere\/\" class=\"readmore\" target=\"_blank\">en savoir plus <i\n                        class=\"fa fa-angle-right\"><\/i><\/a>\n                    <\/div>\n    <\/div>\n<\/div>\n                <\/div>\n                            <div class=\"col-12 gap\">\n                    \n\n<div class=\"jobinner\">\n    <div class=\"row gap\">\n        <div class=\"col-12\">\n            <a style=\"display: block;\" href=\"https:\/\/walnutcareers.de\/fr\/jobs\/chef-de-cuisine-gn-baltique\/\" target=\"_blank\">\n                <h3>Chef de Cuisine (gn) Baltique<\/h3>\n                \n\n\n\n\nCet h\u00f4tel d'une cinquantaine de chambres est situ\u00e9 directement au bord de la mer Baltique. Le secteur F&amp;B, qui comprend deux restaurants, est dirig\u00e9 par...            <\/a>\n        <\/div>\n    <\/div>\n            <div class=\"row infos small-gap\">\n            <div class=\"col-12\">\n                                    <div class=\"jobdetail cat\">\n                        <i class=\"far fa-knife-kitchen\"><\/i> Cuisine                    <\/div>\n                                                    <div class=\"jobdetail location\">\n                        <p class=\"d-none\">object(WP_Term)#34279 (10) {\n  [\"term_id\"]=>\n  int(201)\n  [\"name\"]=>\n  string(18) \"Schleswig-Holstein\"\n  [\"slug\"]=>\n  string(21) \"schleswig-holstein-fr\"\n  [\"term_group\"]=>\n  int(0)\n  [\"term_taxonomy_id\"]=>\n  int(201)\n  [\"taxonomy\"]=>\n  string(6) \"region\"\n  [\"description\"]=>\n  string(0) \"\"\n  [\"parent\"]=>\n  int(190)\n  [\"count\"]=>\n  int(16)\n  [\"filter\"]=>\n  string(3) \"raw\"\n}\n<\/p>\n                        <i class=\"far fa-map-marker-alt\"><\/i> Allemagne, Schleswig-Holstein                    <\/div>\n                                                    <div class=\"jobdetail type\">\n                        <i class=\"far fa-h\u00f4tel\"><\/i> H\u00f4tel de luxe                    <\/div>\n                            <\/div>\n        <\/div>\n        <div class=\"row actions \">\n        <div class=\"col-12\">\n            <a href=\"#\" class=\"direktbewerben directbtn\" id=\"directbtn-2513\" data-id=\"2513\"\n               data-toggle=\"\"\n               data-target=\"\">Postuler <i\n                        class=\"fa fa-angle-right\"><\/i><\/a>\n            <a href=\"https:\/\/walnutcareers.de\/fr\/jobs\/chef-de-cuisine-gn-baltique\/\" class=\"readmore\" target=\"_blank\">en savoir plus <i\n                        class=\"fa fa-angle-right\"><\/i><\/a>\n                    <\/div>\n    <\/div>\n<\/div>\n                <\/div>\n                            <div class=\"col-12 gap\">\n                    \n\n<div class=\"jobinner\">\n    <div class=\"row gap\">\n        <div class=\"col-12\">\n            <a style=\"display: block;\" href=\"https:\/\/walnutcareers.de\/fr\/jobs\/chef-de-cuisine-gn-karlsruhe\/\" target=\"_blank\">\n                <h3>Chef de cuisine (gn) Karlsruhe<\/h3>\n                Un bistrot moderne \u00e0 Karlsruhe qui met l'accent sur une cuisine r\u00e9gionale de haut niveau, pr\u00e9par\u00e9e de mani\u00e8re artisanale.\nFaire partie d'un petit groupe gastronomique avec...            <\/a>\n        <\/div>\n    <\/div>\n            <div class=\"row infos small-gap\">\n            <div class=\"col-12\">\n                                                    <div class=\"jobdetail location\">\n                        <p class=\"d-none\">object(WP_Term)#34377 (10) {\n  [\"term_id\"]=>\n  int(191)\n  [\"name\"]=>\n  string(15) \"Bade-Wurtemberg\"\n  [\"slug\"]=>\n  string(15) \"bade-wurtemberg\"\n  [\"term_group\"]=>\n  int(0)\n  [\"term_taxonomy_id\"]=>\n  int(192)\n  [\"taxonomy\"]=>\n  string(6) \"region\"\n  [\"description\"]=>\n  string(0) \"\"\n  [\"parent\"]=>\n  int(190)\n  [\"count\"]=>\n  int(21)\n  [\"filter\"]=>\n  string(3) \"raw\"\n}\n<\/p>\n                        <i class=\"far fa-map-marker-alt\"><\/i> Bade-Wurtemberg                    <\/div>\n                                                    <div class=\"jobdetail type\">\n                        <i class=\"far fa-utensils-alt\"><\/i> Restaurant Gourmet                    <\/div>\n                            <\/div>\n        <\/div>\n        <div class=\"row actions \">\n        <div class=\"col-12\">\n            <a href=\"#\" class=\"direktbewerben directbtn\" id=\"directbtn-2513\" data-id=\"2513\"\n               data-toggle=\"\"\n               data-target=\"\">Postuler <i\n                        class=\"fa fa-angle-right\"><\/i><\/a>\n            <a href=\"https:\/\/walnutcareers.de\/fr\/jobs\/chef-de-cuisine-gn-karlsruhe\/\" class=\"readmore\" target=\"_blank\">en savoir plus <i\n                        class=\"fa fa-angle-right\"><\/i><\/a>\n                    <\/div>\n    <\/div>\n<\/div>\n                <\/div>\n                            <div class=\"col-12 gap\">\n                    \n\n<div class=\"jobinner\">\n    <div class=\"row gap\">\n        <div class=\"col-12\">\n            <a style=\"display: block;\" href=\"https:\/\/walnutcareers.de\/fr\/jobs\/assistant-restaurant-manager-gn-mosel\/\" target=\"_blank\">\n                <h3>Assistant Restaurant Manager (gn) Mosel<\/h3>\n                \n\n\n\n\nNotre client est un restaurant gastronomique situ\u00e9 sur la Moselle. Le restaurant propose une cuisine fran\u00e7aise classique, bas\u00e9e sur d'excellents produits, mais interpr\u00e9t\u00e9e de mani\u00e8re...            <\/a>\n        <\/div>\n    <\/div>\n            <div class=\"row infos small-gap\">\n            <div class=\"col-12\">\n                                    <div class=\"jobdetail cat\">\n                        <i class=\"far fa-utensils\"><\/i> Service                    <\/div>\n                                                    <div class=\"jobdetail location\">\n                        <p class=\"d-none\">object(WP_Term)#34288 (10) {\n  [\"term_id\"]=>\n  int(192)\n  [\"name\"]=>\n  string(19) \"Rh\u00e9nanie-Palatinat\"\n  [\"slug\"]=>\n  string(18) \"rhenanie-palatinat\"\n  [\"term_group\"]=>\n  int(0)\n  [\"term_taxonomy_id\"]=>\n  int(191)\n  [\"taxonomy\"]=>\n  string(6) \"region\"\n  [\"description\"]=>\n  string(0) \"\"\n  [\"parent\"]=>\n  int(190)\n  [\"count\"]=>\n  int(25)\n  [\"filter\"]=>\n  string(3) \"raw\"\n}\n<\/p>\n                        <i class=\"far fa-map-marker-alt\"><\/i> Allemagne, Rh\u00e9nanie-Palatinat                    <\/div>\n                                                    <div class=\"jobdetail type\">\n                        <i class=\"far fa-stars\"><\/i> Restaurant 3 \u00e9toiles                    <\/div>\n                            <\/div>\n        <\/div>\n        <div class=\"row actions \">\n        <div class=\"col-12\">\n            <a href=\"#\" class=\"direktbewerben directbtn\" id=\"directbtn-2513\" data-id=\"2513\"\n               data-toggle=\"\"\n               data-target=\"\">Postuler <i\n                        class=\"fa fa-angle-right\"><\/i><\/a>\n            <a href=\"https:\/\/walnutcareers.de\/fr\/jobs\/assistant-restaurant-manager-gn-mosel\/\" class=\"readmore\" target=\"_blank\">en savoir plus <i\n                        class=\"fa fa-angle-right\"><\/i><\/a>\n                    <\/div>\n    <\/div>\n<\/div>\n                <\/div>\n                            [\/vc_column][\/vc_row]<\/p>\n<\/div>","protected":false},"excerpt":{"rendered":"<p>[vc_row][vc_column][vc_column_text] QUE FAIT UN GARDEMANGER ? Un gardemanger est un cuisinier exp\u00e9riment\u00e9. Il travaille sous les ordres du chef de partie et est responsable de la pr\u00e9paration des entr\u00e9es, telles que les terrines, les p\u00e2t\u00e9s, les rillettes et les amuse-gueule. Un gardemanger doit conna\u00eetre les diff\u00e9rentes techniques de conservation et de stockage des aliments afin &hellip; <\/p>\n<p class=\"link-more\"><a href=\"https:\/\/walnutcareers.de\/fr\/jobs\/assistant-restaurant-manager-gn-mosel\/\" class=\"more-link\">Continue reading<span class=\"screen-reader-text\"> \u00ab\u00a0Assistant Restaurant Manager (gn) Mosel\u00a0\u00bb<\/span><\/a><\/p>\n","protected":false},"author":3,"featured_media":0,"parent":0,"menu_order":0,"comment_status":"closed","ping_status":"closed","template":"","meta":{"_acf_changed":false,"footnotes":""},"class_list":["post-2513","page","type-page","status-publish","hentry"],"acf":[],"yoast_head":"<!-- This site is optimized with the Yoast SEO plugin v27.3 - https:\/\/yoast.com\/product\/yoast-seo-wordpress\/ -->\n<title>Que fait un gardemanger ? - Walnut Careers<\/title>\n<meta name=\"description\" content=\"D\u00e9couvre le Gardemanger, un cuisinier sp\u00e9cialis\u00e9 dans la pr\u00e9paration d&#039;entr\u00e9es, de terrines et de plats froids.\" \/>\n<meta name=\"robots\" content=\"index, follow, max-snippet:-1, max-image-preview:large, max-video-preview:-1\" \/>\n<link rel=\"canonical\" href=\"https:\/\/walnutcareers.de\/fr\/que-fait-un-gardemanger\/\" \/>\n<meta property=\"og:locale\" content=\"fr_FR\" \/>\n<meta property=\"og:type\" content=\"article\" \/>\n<meta property=\"og:title\" content=\"Que fait un gardemanger ? - Walnut Careers\" \/>\n<meta property=\"og:description\" content=\"D\u00e9couvre le Gardemanger, un cuisinier sp\u00e9cialis\u00e9 dans la pr\u00e9paration d&#039;entr\u00e9es, de terrines et de plats froids.\" \/>\n<meta property=\"og:url\" content=\"https:\/\/walnutcareers.de\/fr\/que-fait-un-gardemanger\/\" \/>\n<meta property=\"og:site_name\" content=\"Walnut Careers\" \/>\n<meta property=\"article:publisher\" content=\"https:\/\/www.facebook.com\/Walnutcareers.de\/\" \/>\n<meta property=\"article:modified_time\" content=\"2023-11-20T08:39:13+00:00\" \/>\n<meta property=\"og:image\" content=\"https:\/\/walnutcareers.de\/wp-content\/uploads\/2019\/06\/DSC_0036-1200x1192.jpg\" \/>\n\t<meta property=\"og:image:width\" content=\"1200\" \/>\n\t<meta property=\"og:image:height\" content=\"1192\" \/>\n\t<meta property=\"og:image:type\" content=\"image\/jpeg\" \/>\n<meta name=\"twitter:card\" content=\"summary_large_image\" \/>\n<meta name=\"twitter:label1\" content=\"Dur\u00e9e de lecture estim\u00e9e\" \/>\n\t<meta name=\"twitter:data1\" content=\"2 minutes\" \/>\n<script type=\"application\/ld+json\" class=\"yoast-schema-graph\">{\"@context\":\"https:\\\/\\\/schema.org\",\"@graph\":[{\"@type\":\"WebPage\",\"@id\":\"https:\\\/\\\/walnutcareers.de\\\/fr\\\/que-fait-un-gardemanger\\\/\",\"url\":\"https:\\\/\\\/walnutcareers.de\\\/fr\\\/que-fait-un-gardemanger\\\/\",\"name\":\"Que fait un gardemanger ? - Walnut Careers\",\"isPartOf\":{\"@id\":\"https:\\\/\\\/walnutcareers.de\\\/fr\\\/#website\"},\"datePublished\":\"2023-11-20T08:39:11+00:00\",\"dateModified\":\"2023-11-20T08:39:13+00:00\",\"description\":\"D\u00e9couvre le Gardemanger, un cuisinier sp\u00e9cialis\u00e9 dans la pr\u00e9paration d'entr\u00e9es, de terrines et de plats froids.\",\"breadcrumb\":{\"@id\":\"https:\\\/\\\/walnutcareers.de\\\/fr\\\/que-fait-un-gardemanger\\\/#breadcrumb\"},\"inLanguage\":\"fr-FR\",\"potentialAction\":[{\"@type\":\"ReadAction\",\"target\":[\"https:\\\/\\\/walnutcareers.de\\\/fr\\\/que-fait-un-gardemanger\\\/\"]}]},{\"@type\":\"BreadcrumbList\",\"@id\":\"https:\\\/\\\/walnutcareers.de\\\/fr\\\/que-fait-un-gardemanger\\\/#breadcrumb\",\"itemListElement\":[{\"@type\":\"ListItem\",\"position\":1,\"name\":\"Startseite\",\"item\":\"https:\\\/\\\/walnutcareers.de\\\/fr\\\/bienvenue\\\/\"},{\"@type\":\"ListItem\",\"position\":2,\"name\":\"Que fait un gardemanger ?\"}]},{\"@type\":\"WebSite\",\"@id\":\"https:\\\/\\\/walnutcareers.de\\\/fr\\\/#website\",\"url\":\"https:\\\/\\\/walnutcareers.de\\\/fr\\\/\",\"name\":\"Walnut Careers\",\"description\":\"Headhunters for culinary art\",\"publisher\":{\"@id\":\"https:\\\/\\\/walnutcareers.de\\\/fr\\\/#organization\"},\"potentialAction\":[{\"@type\":\"SearchAction\",\"target\":{\"@type\":\"EntryPoint\",\"urlTemplate\":\"https:\\\/\\\/walnutcareers.de\\\/fr\\\/?s={search_term_string}\"},\"query-input\":{\"@type\":\"PropertyValueSpecification\",\"valueRequired\":true,\"valueName\":\"search_term_string\"}}],\"inLanguage\":\"fr-FR\"},{\"@type\":\"Organization\",\"@id\":\"https:\\\/\\\/walnutcareers.de\\\/fr\\\/#organization\",\"name\":\"Walnut Careers\",\"url\":\"https:\\\/\\\/walnutcareers.de\\\/fr\\\/\",\"logo\":{\"@type\":\"ImageObject\",\"inLanguage\":\"fr-FR\",\"@id\":\"https:\\\/\\\/walnutcareers.de\\\/fr\\\/#\\\/schema\\\/logo\\\/image\\\/\",\"url\":\"http:\\\/\\\/s1035819369.online.de\\\/wordpress\\\/wp-content\\\/uploads\\\/2019\\\/06\\\/WC-Careers-Logo_ohne.png\",\"contentUrl\":\"http:\\\/\\\/s1035819369.online.de\\\/wordpress\\\/wp-content\\\/uploads\\\/2019\\\/06\\\/WC-Careers-Logo_ohne.png\",\"width\":3700,\"height\":937,\"caption\":\"Walnut Careers\"},\"image\":{\"@id\":\"https:\\\/\\\/walnutcareers.de\\\/fr\\\/#\\\/schema\\\/logo\\\/image\\\/\"},\"sameAs\":[\"https:\\\/\\\/www.facebook.com\\\/Walnutcareers.de\\\/\",\"https:\\\/\\\/www.instagram.com\\\/walnutcareers\\\/\",\"https:\\\/\\\/www.linkedin.com\\\/company\\\/6389122\\\/\",\"https:\\\/\\\/www.youtube.com\\\/channel\\\/UCeAT3ngrHea58yEp5hPf4cQ?view_as=subscriber\"]}]}<\/script>\n<!-- \/ Yoast SEO plugin. -->","yoast_head_json":{"title":"Que fait un gardemanger ? - Walnut Careers","description":"D\u00e9couvre le Gardemanger, un cuisinier sp\u00e9cialis\u00e9 dans la pr\u00e9paration d'entr\u00e9es, de terrines et de plats froids.","robots":{"index":"index","follow":"follow","max-snippet":"max-snippet:-1","max-image-preview":"max-image-preview:large","max-video-preview":"max-video-preview:-1"},"canonical":"https:\/\/walnutcareers.de\/fr\/que-fait-un-gardemanger\/","og_locale":"fr_FR","og_type":"article","og_title":"Que fait un gardemanger ? - Walnut Careers","og_description":"D\u00e9couvre le Gardemanger, un cuisinier sp\u00e9cialis\u00e9 dans la pr\u00e9paration d'entr\u00e9es, de terrines et de plats froids.","og_url":"https:\/\/walnutcareers.de\/fr\/que-fait-un-gardemanger\/","og_site_name":"Walnut Careers","article_publisher":"https:\/\/www.facebook.com\/Walnutcareers.de\/","article_modified_time":"2023-11-20T08:39:13+00:00","og_image":[{"width":1200,"height":1192,"url":"https:\/\/walnutcareers.de\/wp-content\/uploads\/2019\/06\/DSC_0036-1200x1192.jpg","type":"image\/jpeg"}],"twitter_card":"summary_large_image","twitter_misc":{"Dur\u00e9e de lecture estim\u00e9e":"2 minutes"},"schema":{"@context":"https:\/\/schema.org","@graph":[{"@type":"WebPage","@id":"https:\/\/walnutcareers.de\/fr\/que-fait-un-gardemanger\/","url":"https:\/\/walnutcareers.de\/fr\/que-fait-un-gardemanger\/","name":"Que fait un gardemanger ? - Walnut Careers","isPartOf":{"@id":"https:\/\/walnutcareers.de\/fr\/#website"},"datePublished":"2023-11-20T08:39:11+00:00","dateModified":"2023-11-20T08:39:13+00:00","description":"D\u00e9couvre le Gardemanger, un cuisinier sp\u00e9cialis\u00e9 dans la pr\u00e9paration d'entr\u00e9es, de terrines et de plats froids.","breadcrumb":{"@id":"https:\/\/walnutcareers.de\/fr\/que-fait-un-gardemanger\/#breadcrumb"},"inLanguage":"fr-FR","potentialAction":[{"@type":"ReadAction","target":["https:\/\/walnutcareers.de\/fr\/que-fait-un-gardemanger\/"]}]},{"@type":"BreadcrumbList","@id":"https:\/\/walnutcareers.de\/fr\/que-fait-un-gardemanger\/#breadcrumb","itemListElement":[{"@type":"ListItem","position":1,"name":"Startseite","item":"https:\/\/walnutcareers.de\/fr\/bienvenue\/"},{"@type":"ListItem","position":2,"name":"Que fait un gardemanger ?"}]},{"@type":"WebSite","@id":"https:\/\/walnutcareers.de\/fr\/#website","url":"https:\/\/walnutcareers.de\/fr\/","name":"Walnut Careers","description":"Headhunters for culinary art","publisher":{"@id":"https:\/\/walnutcareers.de\/fr\/#organization"},"potentialAction":[{"@type":"SearchAction","target":{"@type":"EntryPoint","urlTemplate":"https:\/\/walnutcareers.de\/fr\/?s={search_term_string}"},"query-input":{"@type":"PropertyValueSpecification","valueRequired":true,"valueName":"search_term_string"}}],"inLanguage":"fr-FR"},{"@type":"Organization","@id":"https:\/\/walnutcareers.de\/fr\/#organization","name":"Walnut Careers","url":"https:\/\/walnutcareers.de\/fr\/","logo":{"@type":"ImageObject","inLanguage":"fr-FR","@id":"https:\/\/walnutcareers.de\/fr\/#\/schema\/logo\/image\/","url":"http:\/\/s1035819369.online.de\/wordpress\/wp-content\/uploads\/2019\/06\/WC-Careers-Logo_ohne.png","contentUrl":"http:\/\/s1035819369.online.de\/wordpress\/wp-content\/uploads\/2019\/06\/WC-Careers-Logo_ohne.png","width":3700,"height":937,"caption":"Walnut Careers"},"image":{"@id":"https:\/\/walnutcareers.de\/fr\/#\/schema\/logo\/image\/"},"sameAs":["https:\/\/www.facebook.com\/Walnutcareers.de\/","https:\/\/www.instagram.com\/walnutcareers\/","https:\/\/www.linkedin.com\/company\/6389122\/","https:\/\/www.youtube.com\/channel\/UCeAT3ngrHea58yEp5hPf4cQ?view_as=subscriber"]}]}},"_links":{"self":[{"href":"https:\/\/walnutcareers.de\/fr\/wp-json\/wp\/v2\/pages\/2513","targetHints":{"allow":["GET"]}}],"collection":[{"href":"https:\/\/walnutcareers.de\/fr\/wp-json\/wp\/v2\/pages"}],"about":[{"href":"https:\/\/walnutcareers.de\/fr\/wp-json\/wp\/v2\/types\/page"}],"author":[{"embeddable":true,"href":"https:\/\/walnutcareers.de\/fr\/wp-json\/wp\/v2\/users\/3"}],"replies":[{"embeddable":true,"href":"https:\/\/walnutcareers.de\/fr\/wp-json\/wp\/v2\/comments?post=2513"}],"version-history":[{"count":1,"href":"https:\/\/walnutcareers.de\/fr\/wp-json\/wp\/v2\/pages\/2513\/revisions"}],"predecessor-version":[{"id":2532,"href":"https:\/\/walnutcareers.de\/fr\/wp-json\/wp\/v2\/pages\/2513\/revisions\/2532"}],"wp:attachment":[{"href":"https:\/\/walnutcareers.de\/fr\/wp-json\/wp\/v2\/media?parent=2513"}],"curies":[{"name":"wp","href":"https:\/\/api.w.org\/{rel}","templated":true}]}}