{"id":2534,"date":"2023-11-20T09:39:14","date_gmt":"2023-11-20T08:39:14","guid":{"rendered":"https:\/\/walnutcareers.de\/que-fait-un-rotisseur\/"},"modified":"2023-11-20T09:39:17","modified_gmt":"2023-11-20T08:39:17","slug":"que-fait-un-rotisseur","status":"publish","type":"page","link":"https:\/\/walnutcareers.de\/fr\/que-fait-un-rotisseur\/","title":{"rendered":"Que fait un rotisseur ?"},"content":{"rendered":"<div class=\"wpb-content-wrapper\"><p>[vc_row][vc_column][vc_column_text]<\/p>\n<h2>QUE FAIT UN ROTISSEUR ?<\/h2>\n<p>Un r\u00f4tisseur est un cuisinier qui se sp\u00e9cialise dans la pr\u00e9paration de plats r\u00f4tis et grill\u00e9s en cuisine. Il travaille sous les ordres du chef de partie et est responsable de la pr\u00e9paration des plats r\u00f4tis et grill\u00e9s comme les steaks, le poulet, l&rsquo;agneau et la volaille. Il est \u00e9galement responsable de la bonne pr\u00e9paration des morceaux de viande, du choix des huiles et des \u00e9pices appropri\u00e9es et de la surveillance du processus de grillage ou de cuisson.<\/p>\n<p>Un r\u00f4tisseur doit conna\u00eetre diff\u00e9rentes techniques de pr\u00e9paration des aliments r\u00f4tis et grill\u00e9s, comme le r\u00f4tissage, le grillage, le fumage et le braisage. Il doit \u00e9galement avoir des connaissances dans le traitement de la viande, de la volaille et de l&rsquo;agneau afin de les pr\u00e9parer dans une qualit\u00e9 parfaite. Il doit \u00e9galement avoir des connaissances dans l&rsquo;utilisation des \u00e9pices et des ar\u00f4mes afin d&rsquo;am\u00e9liorer les saveurs des plats.<\/p>\n<p>Un r\u00f4tisseur doit \u00e9galement avoir les comp\u00e9tences et l&rsquo;exp\u00e9rience n\u00e9cessaires pour faire preuve de cr\u00e9ativit\u00e9 et trouver de nouvelles id\u00e9es de plats r\u00f4tis et grill\u00e9s afin d&rsquo;enrichir le menu du restaurant et d&rsquo;impressionner les clients. Il est \u00e9galement responsable de l&rsquo;organisation et de la supervision des travaux dans son service, ainsi que du respect des normes d&rsquo;hygi\u00e8ne et de l&rsquo;utilisation des ingr\u00e9dients de mani\u00e8re efficace.[\/vc_column_text][\/vc_column][\/vc_row][vc_row][vc_column][vc_column_text]<\/p>\n<h2>QUELS SONT LES POSTES DANS LA CUISINE ?<\/h2>\n<p>Dans une cuisine professionnelle, les cuisiniers exp\u00e9riment\u00e9s occupent diff\u00e9rents postes afin d&rsquo;organiser les op\u00e9rations quotidiennes et de s&rsquo;assurer que les clients sont impressionn\u00e9s par la qualit\u00e9 des plats et du service. Le <a href=\"http:\/\/s1035819369.online.de\/wordpress\/fr\/que-fait-un-chef-de-cuisine\/\">chef de cuisine<\/a> dirige la direction g\u00e9n\u00e9rale de la cuisine, le sous-chef soutient le travail du chef de cuisine, le chef de partie dirige un poste sp\u00e9cifique comme par exemple <a href=\"http:\/\/s1035819369.online.de\/wordpress\/fr\/que-fait-un-gardemanger\/\">le gardemanger<\/a>, le poissonnier, le saucier, le p\u00e2tissier et <a href=\"http:\/\/s1035819369.online.de\/wordpress\/fr\/que-fait-un-entremetteur\/\">l&rsquo;entremetteur<\/a>. Le chef tourneur surveille et coordonne les travaux dans diff\u00e9rentes stations. Chaque poste a ses propres responsabilit\u00e9s et t\u00e2ches qui contribuent au bon fonctionnement de la cuisine.[\/vc_column_text][\/vc_column][\/vc_row][vc_row][vc_column]                        <div class=\"row\">\n                            <div class=\"col-12 gap\">\n                    \n\n<div class=\"jobinner\">\n    <div class=\"row gap\">\n        <div class=\"col-12\">\n            <a style=\"display: block;\" href=\"https:\/\/walnutcareers.de\/fr\/jobs\/chef-de-partie-gn-hotel-de-luxe-munich\/\" target=\"_blank\">\n                <h3>Chef de partie (gn) H\u00f4tel de luxe Munich<\/h3>\n                Un h\u00f4tel cinq \u00e9toiles renomm\u00e9, proposant des concepts gastronomiques vari\u00e9s, recherche des professionnels motiv\u00e9s pour son service de cuisine \u00e9largi dans une m\u00e9tropole importante du...            <\/a>\n        <\/div>\n    <\/div>\n            <div class=\"row infos small-gap\">\n            <div class=\"col-12\">\n                                    <div class=\"jobdetail cat\">\n                        <i class=\"far fa-knife-kitchen\"><\/i> Cuisine                    <\/div>\n                                                    <div class=\"jobdetail location\">\n                        <p class=\"d-none\">object(WP_Term)#34380 (10) {\n  [\"term_id\"]=>\n  int(188)\n  [\"name\"]=>\n  string(8) \"Bavi\u00e8re\"\n  [\"slug\"]=>\n  string(7) \"baviere\"\n  [\"term_group\"]=>\n  int(0)\n  [\"term_taxonomy_id\"]=>\n  int(188)\n  [\"taxonomy\"]=>\n  string(6) \"region\"\n  [\"description\"]=>\n  string(0) \"\"\n  [\"parent\"]=>\n  int(190)\n  [\"count\"]=>\n  int(61)\n  [\"filter\"]=>\n  string(3) \"raw\"\n}\n<\/p>\n                        <i class=\"far fa-map-marker-alt\"><\/i> Allemagne, Bavi\u00e8re                    <\/div>\n                                                    <div class=\"jobdetail type\">\n                        <i class=\"far fa-h\u00f4tel\"><\/i> H\u00f4tel de luxe                    <\/div>\n                            <\/div>\n        <\/div>\n        <div class=\"row actions \">\n        <div class=\"col-12\">\n            <a href=\"#\" class=\"direktbewerben directbtn\" id=\"directbtn-2534\" data-id=\"2534\"\n               data-toggle=\"\"\n               data-target=\"\">Postuler <i\n                        class=\"fa fa-angle-right\"><\/i><\/a>\n            <a href=\"https:\/\/walnutcareers.de\/fr\/jobs\/chef-de-partie-gn-hotel-de-luxe-munich\/\" class=\"readmore\" target=\"_blank\">en savoir plus <i\n                        class=\"fa fa-angle-right\"><\/i><\/a>\n                    <\/div>\n    <\/div>\n<\/div>\n                <\/div>\n                            <div class=\"col-12 gap\">\n                    \n\n<div class=\"jobinner\">\n    <div class=\"row gap\">\n        <div class=\"col-12\">\n            <a style=\"display: block;\" href=\"https:\/\/walnutcareers.de\/fr\/jobs\/chef-de-partie-gn-gourmet-basel\/\" target=\"_blank\">\n                <h3>Chef de Partie (gn) Gourmet Basel<\/h3>\n                Pour un poste stimulant avec un grand potentiel d'apprentissage, nous recherchons un chef de partie ambitieux pour notre restaurant 3 \u00e9toiles Michelin\/19 points Gault Millau....            <\/a>\n        <\/div>\n    <\/div>\n            <div class=\"row infos small-gap\">\n            <div class=\"col-12\">\n                                    <div class=\"jobdetail cat\">\n                        <i class=\"far fa-knife-kitchen\"><\/i> Cuisine                    <\/div>\n                                                    <div class=\"jobdetail location\">\n                        <p class=\"d-none\">object(WP_Term)#34282 (10) {\n  [\"term_id\"]=>\n  int(195)\n  [\"name\"]=>\n  string(6) \"Suisse\"\n  [\"slug\"]=>\n  string(6) \"suisse\"\n  [\"term_group\"]=>\n  int(0)\n  [\"term_taxonomy_id\"]=>\n  int(195)\n  [\"taxonomy\"]=>\n  string(6) \"region\"\n  [\"description\"]=>\n  string(0) \"\"\n  [\"parent\"]=>\n  int(0)\n  [\"count\"]=>\n  int(16)\n  [\"filter\"]=>\n  string(3) \"raw\"\n}\n<\/p>\n                        <i class=\"far fa-map-marker-alt\"><\/i> B\u00e2le-Ville, Suisse                    <\/div>\n                                                    <div class=\"jobdetail type\">\n                        <i class=\"far fa-stars\"><\/i> Restaurant 3 \u00e9toiles                    <\/div>\n                            <\/div>\n        <\/div>\n        <div class=\"row actions \">\n        <div class=\"col-12\">\n            <a href=\"#\" class=\"direktbewerben directbtn\" id=\"directbtn-2534\" data-id=\"2534\"\n               data-toggle=\"\"\n               data-target=\"\">Postuler <i\n                        class=\"fa fa-angle-right\"><\/i><\/a>\n            <a href=\"https:\/\/walnutcareers.de\/fr\/jobs\/chef-de-partie-gn-gourmet-basel\/\" class=\"readmore\" target=\"_blank\">en savoir plus <i\n                        class=\"fa fa-angle-right\"><\/i><\/a>\n                    <\/div>\n    <\/div>\n<\/div>\n                <\/div>\n                            [\/vc_column][\/vc_row]<\/p>\n<\/div>","protected":false},"excerpt":{"rendered":"<p>[vc_row][vc_column][vc_column_text] QUE FAIT UN ROTISSEUR ? Un r\u00f4tisseur est un cuisinier qui se sp\u00e9cialise dans la pr\u00e9paration de plats r\u00f4tis et grill\u00e9s en cuisine. Il travaille sous les ordres du chef de partie et est responsable de la pr\u00e9paration des plats r\u00f4tis et grill\u00e9s comme les steaks, le poulet, l&rsquo;agneau et la volaille. Il est &hellip; <\/p>\n<p class=\"link-more\"><a href=\"https:\/\/walnutcareers.de\/fr\/jobs\/chef-de-partie-gn-gourmet-basel\/\" class=\"more-link\">Continue reading<span class=\"screen-reader-text\"> \u00ab\u00a0Chef de Partie (gn) Gourmet Basel\u00a0\u00bb<\/span><\/a><\/p>\n","protected":false},"author":3,"featured_media":0,"parent":0,"menu_order":0,"comment_status":"closed","ping_status":"closed","template":"","meta":{"_acf_changed":false,"footnotes":""},"class_list":["post-2534","page","type-page","status-publish","hentry"],"acf":[],"yoast_head":"<!-- This site is optimized with the Yoast SEO plugin v27.3 - https:\/\/yoast.com\/product\/yoast-seo-wordpress\/ -->\n<title>Que fait un rotisseur ? - Walnut Careers<\/title>\n<meta name=\"description\" content=\"En savoir plus sur le r\u00f4le d&#039;un r\u00f4tisseur en tant que sp\u00e9cialiste de la pr\u00e9paration de plats r\u00f4tis et grill\u00e9s.\" \/>\n<meta name=\"robots\" content=\"index, follow, max-snippet:-1, max-image-preview:large, max-video-preview:-1\" \/>\n<link rel=\"canonical\" href=\"https:\/\/walnutcareers.de\/fr\/que-fait-un-rotisseur\/\" \/>\n<meta property=\"og:locale\" content=\"fr_FR\" \/>\n<meta property=\"og:type\" content=\"article\" \/>\n<meta property=\"og:title\" content=\"Que fait un rotisseur ? - Walnut Careers\" \/>\n<meta property=\"og:description\" content=\"En savoir plus sur le r\u00f4le d&#039;un r\u00f4tisseur en tant que sp\u00e9cialiste de la pr\u00e9paration de plats r\u00f4tis et grill\u00e9s.\" \/>\n<meta property=\"og:url\" content=\"https:\/\/walnutcareers.de\/fr\/que-fait-un-rotisseur\/\" \/>\n<meta property=\"og:site_name\" content=\"Walnut Careers\" \/>\n<meta property=\"article:publisher\" content=\"https:\/\/www.facebook.com\/Walnutcareers.de\/\" \/>\n<meta property=\"article:modified_time\" content=\"2023-11-20T08:39:17+00:00\" \/>\n<meta property=\"og:image\" content=\"https:\/\/walnutcareers.de\/wp-content\/uploads\/2019\/06\/DSC_0036-1200x1192.jpg\" \/>\n\t<meta property=\"og:image:width\" content=\"1200\" \/>\n\t<meta property=\"og:image:height\" content=\"1192\" \/>\n\t<meta property=\"og:image:type\" content=\"image\/jpeg\" \/>\n<meta name=\"twitter:card\" content=\"summary_large_image\" \/>\n<meta name=\"twitter:label1\" content=\"Dur\u00e9e de lecture estim\u00e9e\" \/>\n\t<meta name=\"twitter:data1\" content=\"2 minutes\" \/>\n<script type=\"application\/ld+json\" class=\"yoast-schema-graph\">{\"@context\":\"https:\\\/\\\/schema.org\",\"@graph\":[{\"@type\":\"WebPage\",\"@id\":\"https:\\\/\\\/walnutcareers.de\\\/fr\\\/que-fait-un-rotisseur\\\/\",\"url\":\"https:\\\/\\\/walnutcareers.de\\\/fr\\\/que-fait-un-rotisseur\\\/\",\"name\":\"Que fait un rotisseur ? - Walnut Careers\",\"isPartOf\":{\"@id\":\"https:\\\/\\\/walnutcareers.de\\\/fr\\\/#website\"},\"datePublished\":\"2023-11-20T08:39:14+00:00\",\"dateModified\":\"2023-11-20T08:39:17+00:00\",\"description\":\"En savoir plus sur le r\u00f4le d'un r\u00f4tisseur en tant que sp\u00e9cialiste de la pr\u00e9paration de plats r\u00f4tis et grill\u00e9s.\",\"breadcrumb\":{\"@id\":\"https:\\\/\\\/walnutcareers.de\\\/fr\\\/que-fait-un-rotisseur\\\/#breadcrumb\"},\"inLanguage\":\"fr-FR\",\"potentialAction\":[{\"@type\":\"ReadAction\",\"target\":[\"https:\\\/\\\/walnutcareers.de\\\/fr\\\/que-fait-un-rotisseur\\\/\"]}]},{\"@type\":\"BreadcrumbList\",\"@id\":\"https:\\\/\\\/walnutcareers.de\\\/fr\\\/que-fait-un-rotisseur\\\/#breadcrumb\",\"itemListElement\":[{\"@type\":\"ListItem\",\"position\":1,\"name\":\"Startseite\",\"item\":\"https:\\\/\\\/walnutcareers.de\\\/fr\\\/bienvenue\\\/\"},{\"@type\":\"ListItem\",\"position\":2,\"name\":\"Que fait un rotisseur ?\"}]},{\"@type\":\"WebSite\",\"@id\":\"https:\\\/\\\/walnutcareers.de\\\/fr\\\/#website\",\"url\":\"https:\\\/\\\/walnutcareers.de\\\/fr\\\/\",\"name\":\"Walnut Careers\",\"description\":\"Headhunters for culinary art\",\"publisher\":{\"@id\":\"https:\\\/\\\/walnutcareers.de\\\/fr\\\/#organization\"},\"potentialAction\":[{\"@type\":\"SearchAction\",\"target\":{\"@type\":\"EntryPoint\",\"urlTemplate\":\"https:\\\/\\\/walnutcareers.de\\\/fr\\\/?s={search_term_string}\"},\"query-input\":{\"@type\":\"PropertyValueSpecification\",\"valueRequired\":true,\"valueName\":\"search_term_string\"}}],\"inLanguage\":\"fr-FR\"},{\"@type\":\"Organization\",\"@id\":\"https:\\\/\\\/walnutcareers.de\\\/fr\\\/#organization\",\"name\":\"Walnut Careers\",\"url\":\"https:\\\/\\\/walnutcareers.de\\\/fr\\\/\",\"logo\":{\"@type\":\"ImageObject\",\"inLanguage\":\"fr-FR\",\"@id\":\"https:\\\/\\\/walnutcareers.de\\\/fr\\\/#\\\/schema\\\/logo\\\/image\\\/\",\"url\":\"http:\\\/\\\/s1035819369.online.de\\\/wordpress\\\/wp-content\\\/uploads\\\/2019\\\/06\\\/WC-Careers-Logo_ohne.png\",\"contentUrl\":\"http:\\\/\\\/s1035819369.online.de\\\/wordpress\\\/wp-content\\\/uploads\\\/2019\\\/06\\\/WC-Careers-Logo_ohne.png\",\"width\":3700,\"height\":937,\"caption\":\"Walnut Careers\"},\"image\":{\"@id\":\"https:\\\/\\\/walnutcareers.de\\\/fr\\\/#\\\/schema\\\/logo\\\/image\\\/\"},\"sameAs\":[\"https:\\\/\\\/www.facebook.com\\\/Walnutcareers.de\\\/\",\"https:\\\/\\\/www.instagram.com\\\/walnutcareers\\\/\",\"https:\\\/\\\/www.linkedin.com\\\/company\\\/6389122\\\/\",\"https:\\\/\\\/www.youtube.com\\\/channel\\\/UCeAT3ngrHea58yEp5hPf4cQ?view_as=subscriber\"]}]}<\/script>\n<!-- \/ Yoast SEO plugin. -->","yoast_head_json":{"title":"Que fait un rotisseur ? - Walnut Careers","description":"En savoir plus sur le r\u00f4le d'un r\u00f4tisseur en tant que sp\u00e9cialiste de la pr\u00e9paration de plats r\u00f4tis et grill\u00e9s.","robots":{"index":"index","follow":"follow","max-snippet":"max-snippet:-1","max-image-preview":"max-image-preview:large","max-video-preview":"max-video-preview:-1"},"canonical":"https:\/\/walnutcareers.de\/fr\/que-fait-un-rotisseur\/","og_locale":"fr_FR","og_type":"article","og_title":"Que fait un rotisseur ? - Walnut Careers","og_description":"En savoir plus sur le r\u00f4le d'un r\u00f4tisseur en tant que sp\u00e9cialiste de la pr\u00e9paration de plats r\u00f4tis et grill\u00e9s.","og_url":"https:\/\/walnutcareers.de\/fr\/que-fait-un-rotisseur\/","og_site_name":"Walnut Careers","article_publisher":"https:\/\/www.facebook.com\/Walnutcareers.de\/","article_modified_time":"2023-11-20T08:39:17+00:00","og_image":[{"width":1200,"height":1192,"url":"https:\/\/walnutcareers.de\/wp-content\/uploads\/2019\/06\/DSC_0036-1200x1192.jpg","type":"image\/jpeg"}],"twitter_card":"summary_large_image","twitter_misc":{"Dur\u00e9e de lecture estim\u00e9e":"2 minutes"},"schema":{"@context":"https:\/\/schema.org","@graph":[{"@type":"WebPage","@id":"https:\/\/walnutcareers.de\/fr\/que-fait-un-rotisseur\/","url":"https:\/\/walnutcareers.de\/fr\/que-fait-un-rotisseur\/","name":"Que fait un rotisseur ? - Walnut Careers","isPartOf":{"@id":"https:\/\/walnutcareers.de\/fr\/#website"},"datePublished":"2023-11-20T08:39:14+00:00","dateModified":"2023-11-20T08:39:17+00:00","description":"En savoir plus sur le r\u00f4le d'un r\u00f4tisseur en tant que sp\u00e9cialiste de la pr\u00e9paration de plats r\u00f4tis et grill\u00e9s.","breadcrumb":{"@id":"https:\/\/walnutcareers.de\/fr\/que-fait-un-rotisseur\/#breadcrumb"},"inLanguage":"fr-FR","potentialAction":[{"@type":"ReadAction","target":["https:\/\/walnutcareers.de\/fr\/que-fait-un-rotisseur\/"]}]},{"@type":"BreadcrumbList","@id":"https:\/\/walnutcareers.de\/fr\/que-fait-un-rotisseur\/#breadcrumb","itemListElement":[{"@type":"ListItem","position":1,"name":"Startseite","item":"https:\/\/walnutcareers.de\/fr\/bienvenue\/"},{"@type":"ListItem","position":2,"name":"Que fait un rotisseur ?"}]},{"@type":"WebSite","@id":"https:\/\/walnutcareers.de\/fr\/#website","url":"https:\/\/walnutcareers.de\/fr\/","name":"Walnut Careers","description":"Headhunters for culinary art","publisher":{"@id":"https:\/\/walnutcareers.de\/fr\/#organization"},"potentialAction":[{"@type":"SearchAction","target":{"@type":"EntryPoint","urlTemplate":"https:\/\/walnutcareers.de\/fr\/?s={search_term_string}"},"query-input":{"@type":"PropertyValueSpecification","valueRequired":true,"valueName":"search_term_string"}}],"inLanguage":"fr-FR"},{"@type":"Organization","@id":"https:\/\/walnutcareers.de\/fr\/#organization","name":"Walnut Careers","url":"https:\/\/walnutcareers.de\/fr\/","logo":{"@type":"ImageObject","inLanguage":"fr-FR","@id":"https:\/\/walnutcareers.de\/fr\/#\/schema\/logo\/image\/","url":"http:\/\/s1035819369.online.de\/wordpress\/wp-content\/uploads\/2019\/06\/WC-Careers-Logo_ohne.png","contentUrl":"http:\/\/s1035819369.online.de\/wordpress\/wp-content\/uploads\/2019\/06\/WC-Careers-Logo_ohne.png","width":3700,"height":937,"caption":"Walnut Careers"},"image":{"@id":"https:\/\/walnutcareers.de\/fr\/#\/schema\/logo\/image\/"},"sameAs":["https:\/\/www.facebook.com\/Walnutcareers.de\/","https:\/\/www.instagram.com\/walnutcareers\/","https:\/\/www.linkedin.com\/company\/6389122\/","https:\/\/www.youtube.com\/channel\/UCeAT3ngrHea58yEp5hPf4cQ?view_as=subscriber"]}]}},"_links":{"self":[{"href":"https:\/\/walnutcareers.de\/fr\/wp-json\/wp\/v2\/pages\/2534","targetHints":{"allow":["GET"]}}],"collection":[{"href":"https:\/\/walnutcareers.de\/fr\/wp-json\/wp\/v2\/pages"}],"about":[{"href":"https:\/\/walnutcareers.de\/fr\/wp-json\/wp\/v2\/types\/page"}],"author":[{"embeddable":true,"href":"https:\/\/walnutcareers.de\/fr\/wp-json\/wp\/v2\/users\/3"}],"replies":[{"embeddable":true,"href":"https:\/\/walnutcareers.de\/fr\/wp-json\/wp\/v2\/comments?post=2534"}],"version-history":[{"count":1,"href":"https:\/\/walnutcareers.de\/fr\/wp-json\/wp\/v2\/pages\/2534\/revisions"}],"predecessor-version":[{"id":2544,"href":"https:\/\/walnutcareers.de\/fr\/wp-json\/wp\/v2\/pages\/2534\/revisions\/2544"}],"wp:attachment":[{"href":"https:\/\/walnutcareers.de\/fr\/wp-json\/wp\/v2\/media?parent=2534"}],"curies":[{"name":"wp","href":"https:\/\/api.w.org\/{rel}","templated":true}]}}