{"id":3019,"date":"2024-06-04T15:50:08","date_gmt":"2024-06-04T13:50:08","guid":{"rendered":"https:\/\/walnutcareers.de\/jeunes-talents-de-laccueil\/"},"modified":"2024-06-04T15:50:08","modified_gmt":"2024-06-04T13:50:08","slug":"jeunes-talents-de-laccueil","status":"publish","type":"page","link":"https:\/\/walnutcareers.de\/fr\/jeunes-talents-de-laccueil\/","title":{"rendered":"Jeunes talents de l&rsquo;accueil"},"content":{"rendered":"<h2><b>Jeunes talents de l&rsquo;accueil<\/b><\/h2>\n<p>Chez Walnut Careers, nous accompagnons depuis 2014 les jeunes talents du secteur de l&rsquo;accueil dans leur ascension. Que vous nous rejoigniez directement apr\u00e8s votre formation ou apr\u00e8s avoir obtenu votre dipl\u00f4me d&rsquo;une \u00e9cole culinaire, nous vous aiderons \u00e0 faire passer votre carri\u00e8re dans la haute gastronomie ou l&rsquo;h\u00f4tellerie de luxe au niveau sup\u00e9rieur.<\/p>\n<p>Que vous travailliez en cuisine, au service, \u00e0 la vente ou au room service, nous vous ouvrons la voie. Gr\u00e2ce \u00e0 nos audits et \u00e0 notre vaste r\u00e9seau, nous connaissons les entreprises de l&rsquo;int\u00e9rieur et savons exactement quelles sont les \u00e9tapes strat\u00e9giques \u00e0 suivre. Notre exp\u00e9rience dans le d\u00e9veloppement de nombreuses carri\u00e8res nous permet de vous indiquer les meilleures opportunit\u00e9s et les meilleurs salaires.<\/p>\n<p>Notre \u00e9troite collaboration avec les meilleurs restaurants et h\u00f4tels de luxe d&rsquo;Europe et notre connaissance approfondie du secteur font de nous votre partenaire id\u00e9al. Nous savons quelles sont les comp\u00e9tences et les qualifications requises et nous vous aidons \u00e0 les d\u00e9velopper et \u00e0 les utiliser de mani\u00e8re cibl\u00e9e.<\/p>\n<p>Ne vous inqui\u00e9tez pas des co\u00fbts : notre soutien est gratuit pour les talents, m\u00eame si nous ne gagnons pas d&rsquo;argent avec le placement. Nous consid\u00e9rons votre progression comme un investissement en vous et en votre avenir. Parce que nous croyons au potentiel de nos talents et que nous savons que le monde est petit &#8211; peut-\u00eatre qu&rsquo;un jour vous deviendrez notre employeur. Ensuite, nous travaillerons \u00e0 nouveau ensemble pour aider encore plus de talents \u00e0 gravir les \u00e9chelons.<\/p>\n<p>Avec Walnut Careers \u00e0 vos c\u00f4t\u00e9s, vous avez un partenaire qui conna\u00eet vos objectifs et vous accompagne \u00e0 chaque \u00e9tape du chemin. Nous sommes fiers de faire partie de votre r\u00e9ussite et nous sommes impatients de vous aider \u00e0 progresser dans votre carri\u00e8re. Commencez votre voyage avec nous et d\u00e9couvrez comment nous r\u00e9alisons ensemble vos r\u00eaves dans le secteur de l&rsquo;accueil.<\/p>\n","protected":false},"excerpt":{"rendered":"<p>Jeunes talents de l&rsquo;accueil Chez Walnut Careers, nous accompagnons depuis 2014 les jeunes talents du secteur de l&rsquo;accueil dans leur ascension. Que vous nous rejoigniez directement apr\u00e8s votre formation ou apr\u00e8s avoir obtenu votre dipl\u00f4me d&rsquo;une \u00e9cole culinaire, nous vous aiderons \u00e0 faire passer votre carri\u00e8re dans la haute gastronomie ou l&rsquo;h\u00f4tellerie de luxe au &hellip; <\/p>\n<p class=\"link-more\"><a href=\"https:\/\/walnutcareers.de\/fr\/jeunes-talents-de-laccueil\/\" class=\"more-link\">Continue reading<span class=\"screen-reader-text\"> \u00ab\u00a0Jeunes talents de l&rsquo;accueil\u00a0\u00bb<\/span><\/a><\/p>\n","protected":false},"author":3,"featured_media":0,"parent":0,"menu_order":0,"comment_status":"closed","ping_status":"closed","template":"","meta":{"_acf_changed":false,"footnotes":""},"class_list":["post-3019","page","type-page","status-publish","hentry"],"acf":[],"yoast_head":"<!-- This site is optimized with the Yoast SEO plugin v27.4 - https:\/\/yoast.com\/product\/yoast-seo-wordpress\/ -->\n<title>Jeunes talents de l&#039;accueil - Walnut Careers<\/title>\n<meta name=\"description\" content=\"Vous venez de terminer votre formation ou votre \u00e9cole culinaire ? Obtenez l&#039;expertise de Walnut Careers et des conseils sur votre carri\u00e8re\" \/>\n<meta name=\"robots\" content=\"index, follow, max-snippet:-1, max-image-preview:large, max-video-preview:-1\" \/>\n<link rel=\"canonical\" href=\"https:\/\/walnutcareers.de\/fr\/jeunes-talents-de-laccueil\/\" \/>\n<meta property=\"og:locale\" content=\"fr_FR\" \/>\n<meta property=\"og:type\" content=\"article\" \/>\n<meta property=\"og:title\" content=\"Jeunes talents de l&#039;accueil - Walnut Careers\" \/>\n<meta property=\"og:description\" content=\"Vous venez de terminer votre formation ou votre \u00e9cole culinaire ? Obtenez l&#039;expertise de Walnut Careers et des conseils sur votre carri\u00e8re\" \/>\n<meta property=\"og:url\" content=\"https:\/\/walnutcareers.de\/fr\/jeunes-talents-de-laccueil\/\" \/>\n<meta property=\"og:site_name\" content=\"Walnut Careers\" \/>\n<meta property=\"article:publisher\" content=\"https:\/\/www.facebook.com\/Walnutcareers.de\/\" \/>\n<meta property=\"og:image\" content=\"https:\/\/walnutcareers.de\/wp-content\/uploads\/2019\/06\/DSC_0036-1200x1192.jpg\" \/>\n\t<meta property=\"og:image:width\" content=\"1200\" \/>\n\t<meta property=\"og:image:height\" content=\"1192\" \/>\n\t<meta property=\"og:image:type\" content=\"image\/jpeg\" \/>\n<meta name=\"twitter:card\" content=\"summary_large_image\" \/>\n<meta name=\"twitter:label1\" content=\"Dur\u00e9e de lecture estim\u00e9e\" \/>\n\t<meta name=\"twitter:data1\" content=\"2 minutes\" \/>\n<script type=\"application\/ld+json\" class=\"yoast-schema-graph\">{\"@context\":\"https:\\\/\\\/schema.org\",\"@graph\":[{\"@type\":\"WebPage\",\"@id\":\"https:\\\/\\\/walnutcareers.de\\\/fr\\\/jeunes-talents-de-laccueil\\\/\",\"url\":\"https:\\\/\\\/walnutcareers.de\\\/fr\\\/jeunes-talents-de-laccueil\\\/\",\"name\":\"Jeunes talents de l'accueil - Walnut Careers\",\"isPartOf\":{\"@id\":\"https:\\\/\\\/walnutcareers.de\\\/fr\\\/#website\"},\"datePublished\":\"2024-06-04T13:50:08+00:00\",\"description\":\"Vous venez de terminer votre formation ou votre \u00e9cole culinaire ? Obtenez l'expertise de Walnut Careers et des conseils sur votre carri\u00e8re\",\"breadcrumb\":{\"@id\":\"https:\\\/\\\/walnutcareers.de\\\/fr\\\/jeunes-talents-de-laccueil\\\/#breadcrumb\"},\"inLanguage\":\"fr-FR\",\"potentialAction\":[{\"@type\":\"ReadAction\",\"target\":[\"https:\\\/\\\/walnutcareers.de\\\/fr\\\/jeunes-talents-de-laccueil\\\/\"]}]},{\"@type\":\"BreadcrumbList\",\"@id\":\"https:\\\/\\\/walnutcareers.de\\\/fr\\\/jeunes-talents-de-laccueil\\\/#breadcrumb\",\"itemListElement\":[{\"@type\":\"ListItem\",\"position\":1,\"name\":\"Startseite\",\"item\":\"https:\\\/\\\/walnutcareers.de\\\/fr\\\/bienvenue\\\/\"},{\"@type\":\"ListItem\",\"position\":2,\"name\":\"Jeunes talents de l&rsquo;accueil\"}]},{\"@type\":\"WebSite\",\"@id\":\"https:\\\/\\\/walnutcareers.de\\\/fr\\\/#website\",\"url\":\"https:\\\/\\\/walnutcareers.de\\\/fr\\\/\",\"name\":\"Walnut Careers\",\"description\":\"Headhunters for culinary art\",\"publisher\":{\"@id\":\"https:\\\/\\\/walnutcareers.de\\\/fr\\\/#organization\"},\"potentialAction\":[{\"@type\":\"SearchAction\",\"target\":{\"@type\":\"EntryPoint\",\"urlTemplate\":\"https:\\\/\\\/walnutcareers.de\\\/fr\\\/?s={search_term_string}\"},\"query-input\":{\"@type\":\"PropertyValueSpecification\",\"valueRequired\":true,\"valueName\":\"search_term_string\"}}],\"inLanguage\":\"fr-FR\"},{\"@type\":\"Organization\",\"@id\":\"https:\\\/\\\/walnutcareers.de\\\/fr\\\/#organization\",\"name\":\"Walnut Careers\",\"url\":\"https:\\\/\\\/walnutcareers.de\\\/fr\\\/\",\"logo\":{\"@type\":\"ImageObject\",\"inLanguage\":\"fr-FR\",\"@id\":\"https:\\\/\\\/walnutcareers.de\\\/fr\\\/#\\\/schema\\\/logo\\\/image\\\/\",\"url\":\"http:\\\/\\\/s1035819369.online.de\\\/wordpress\\\/wp-content\\\/uploads\\\/2019\\\/06\\\/WC-Careers-Logo_ohne.png\",\"contentUrl\":\"http:\\\/\\\/s1035819369.online.de\\\/wordpress\\\/wp-content\\\/uploads\\\/2019\\\/06\\\/WC-Careers-Logo_ohne.png\",\"width\":3700,\"height\":937,\"caption\":\"Walnut Careers\"},\"image\":{\"@id\":\"https:\\\/\\\/walnutcareers.de\\\/fr\\\/#\\\/schema\\\/logo\\\/image\\\/\"},\"sameAs\":[\"https:\\\/\\\/www.facebook.com\\\/Walnutcareers.de\\\/\",\"https:\\\/\\\/www.instagram.com\\\/walnutcareers\\\/\",\"https:\\\/\\\/www.linkedin.com\\\/company\\\/6389122\\\/\",\"https:\\\/\\\/www.youtube.com\\\/channel\\\/UCeAT3ngrHea58yEp5hPf4cQ?view_as=subscriber\"]}]}<\/script>\n<!-- \/ Yoast SEO plugin. -->","yoast_head_json":{"title":"Jeunes talents de l'accueil - Walnut Careers","description":"Vous venez de terminer votre formation ou votre \u00e9cole culinaire ? Obtenez l'expertise de Walnut Careers et des conseils sur votre carri\u00e8re","robots":{"index":"index","follow":"follow","max-snippet":"max-snippet:-1","max-image-preview":"max-image-preview:large","max-video-preview":"max-video-preview:-1"},"canonical":"https:\/\/walnutcareers.de\/fr\/jeunes-talents-de-laccueil\/","og_locale":"fr_FR","og_type":"article","og_title":"Jeunes talents de l'accueil - Walnut Careers","og_description":"Vous venez de terminer votre formation ou votre \u00e9cole culinaire ? Obtenez l'expertise de Walnut Careers et des conseils sur votre carri\u00e8re","og_url":"https:\/\/walnutcareers.de\/fr\/jeunes-talents-de-laccueil\/","og_site_name":"Walnut Careers","article_publisher":"https:\/\/www.facebook.com\/Walnutcareers.de\/","og_image":[{"width":1200,"height":1192,"url":"https:\/\/walnutcareers.de\/wp-content\/uploads\/2019\/06\/DSC_0036-1200x1192.jpg","type":"image\/jpeg"}],"twitter_card":"summary_large_image","twitter_misc":{"Dur\u00e9e de lecture estim\u00e9e":"2 minutes"},"schema":{"@context":"https:\/\/schema.org","@graph":[{"@type":"WebPage","@id":"https:\/\/walnutcareers.de\/fr\/jeunes-talents-de-laccueil\/","url":"https:\/\/walnutcareers.de\/fr\/jeunes-talents-de-laccueil\/","name":"Jeunes talents de l'accueil - Walnut Careers","isPartOf":{"@id":"https:\/\/walnutcareers.de\/fr\/#website"},"datePublished":"2024-06-04T13:50:08+00:00","description":"Vous venez de terminer votre formation ou votre \u00e9cole culinaire ? Obtenez l'expertise de Walnut Careers et des conseils sur votre carri\u00e8re","breadcrumb":{"@id":"https:\/\/walnutcareers.de\/fr\/jeunes-talents-de-laccueil\/#breadcrumb"},"inLanguage":"fr-FR","potentialAction":[{"@type":"ReadAction","target":["https:\/\/walnutcareers.de\/fr\/jeunes-talents-de-laccueil\/"]}]},{"@type":"BreadcrumbList","@id":"https:\/\/walnutcareers.de\/fr\/jeunes-talents-de-laccueil\/#breadcrumb","itemListElement":[{"@type":"ListItem","position":1,"name":"Startseite","item":"https:\/\/walnutcareers.de\/fr\/bienvenue\/"},{"@type":"ListItem","position":2,"name":"Jeunes talents de l&rsquo;accueil"}]},{"@type":"WebSite","@id":"https:\/\/walnutcareers.de\/fr\/#website","url":"https:\/\/walnutcareers.de\/fr\/","name":"Walnut Careers","description":"Headhunters for culinary art","publisher":{"@id":"https:\/\/walnutcareers.de\/fr\/#organization"},"potentialAction":[{"@type":"SearchAction","target":{"@type":"EntryPoint","urlTemplate":"https:\/\/walnutcareers.de\/fr\/?s={search_term_string}"},"query-input":{"@type":"PropertyValueSpecification","valueRequired":true,"valueName":"search_term_string"}}],"inLanguage":"fr-FR"},{"@type":"Organization","@id":"https:\/\/walnutcareers.de\/fr\/#organization","name":"Walnut Careers","url":"https:\/\/walnutcareers.de\/fr\/","logo":{"@type":"ImageObject","inLanguage":"fr-FR","@id":"https:\/\/walnutcareers.de\/fr\/#\/schema\/logo\/image\/","url":"http:\/\/s1035819369.online.de\/wordpress\/wp-content\/uploads\/2019\/06\/WC-Careers-Logo_ohne.png","contentUrl":"http:\/\/s1035819369.online.de\/wordpress\/wp-content\/uploads\/2019\/06\/WC-Careers-Logo_ohne.png","width":3700,"height":937,"caption":"Walnut Careers"},"image":{"@id":"https:\/\/walnutcareers.de\/fr\/#\/schema\/logo\/image\/"},"sameAs":["https:\/\/www.facebook.com\/Walnutcareers.de\/","https:\/\/www.instagram.com\/walnutcareers\/","https:\/\/www.linkedin.com\/company\/6389122\/","https:\/\/www.youtube.com\/channel\/UCeAT3ngrHea58yEp5hPf4cQ?view_as=subscriber"]}]}},"_links":{"self":[{"href":"https:\/\/walnutcareers.de\/fr\/wp-json\/wp\/v2\/pages\/3019","targetHints":{"allow":["GET"]}}],"collection":[{"href":"https:\/\/walnutcareers.de\/fr\/wp-json\/wp\/v2\/pages"}],"about":[{"href":"https:\/\/walnutcareers.de\/fr\/wp-json\/wp\/v2\/types\/page"}],"author":[{"embeddable":true,"href":"https:\/\/walnutcareers.de\/fr\/wp-json\/wp\/v2\/users\/3"}],"replies":[{"embeddable":true,"href":"https:\/\/walnutcareers.de\/fr\/wp-json\/wp\/v2\/comments?post=3019"}],"version-history":[{"count":0,"href":"https:\/\/walnutcareers.de\/fr\/wp-json\/wp\/v2\/pages\/3019\/revisions"}],"wp:attachment":[{"href":"https:\/\/walnutcareers.de\/fr\/wp-json\/wp\/v2\/media?parent=3019"}],"curies":[{"name":"wp","href":"https:\/\/api.w.org\/{rel}","templated":true}]}}